{"id":988,"date":"2020-04-22T14:47:09","date_gmt":"2020-04-22T14:47:09","guid":{"rendered":"http:\/\/lasentaboutiquehotelhoian.ms.decms.asia\/?page_id=988"},"modified":"2022-08-05T03:38:12","modified_gmt":"2022-08-05T03:38:12","slug":"lien-lounge","status":"publish","type":"page","link":"https:\/\/lasentahotel.com\/vi\/services-faclities\/restaurant\/lien-lounge\/","title":{"rendered":"Li\u00ean Lounge"},"content":{"rendered":"<p align=\"justify\">to\u0323a la\u0323c ta\u0323i t\u00e2\u0300ng 4 b\u00ean ca\u0323nh h\u00f4\u0300 b\u01a1i v\u01a1\u0301i t\u00e2\u0300m nhi\u0300n h\u01b0\u01a1\u0301ng ra ca\u0301nh \u0111\u00f4\u0300ng. N\u01a1i \u0111\u00e2y chi\u0301nh la\u0300 \u0111i\u0323a \u0111i\u00ea\u0309m li\u0301 t\u01b0\u01a1\u0309ng \u0111\u00ea\u0309 mo\u0323i ng\u01b0\u01a1\u0300i cu\u0300ng nhau th\u01b0\u1edfng th\u1ee9c \u0111\u1ed3 u\u1ed1ng hay th\u00e2\u0323m chi\u0301 la\u0300 ba\u0300n tha\u0309o c\u00f4ng vi\u00ea\u0323c trong khi gia \u0111i\u0300nh \u0111ang th\u01b0 gia\u0309n \u01a1\u0309 khu v\u01b0\u0323c h\u1ed3 b\u01a1i. N\u01a1i \u0111\u00e2y \u0111e\u0323p nh\u00e2\u0301t lu\u0301c chi\u00ea\u0300u ta\u0300 v\u01a1\u0301i hoa\u0300ng h\u00f4n nha\u0323t ma\u0300u.<\/p>\n<p align=\"justify\">Li\u00ean Lounge ph\u1ee5c v\u1ee5 t\u1eeb 10:00 \u0111\u1ebfn 20:00 h\u00e0ng ng\u00e0y.<\/p>\n","protected":false},"excerpt":{"rendered":"<p>to\u0323a la\u0323c ta\u0323i t\u00e2\u0300ng 4 b\u00ean ca\u0323nh h\u00f4\u0300 b\u01a1i v\u01a1\u0301i t\u00e2\u0300m nhi\u0300n h\u01b0\u01a1\u0301ng ra ca\u0301nh \u0111\u00f4\u0300ng. N\u01a1i \u0111\u00e2y chi\u0301nh la\u0300 \u0111i\u0323a \u0111i\u00ea\u0309m li\u0301 t\u01b0\u01a1\u0309ng \u0111\u00ea\u0309 mo\u0323i ng\u01b0\u01a1\u0300i cu\u0300ng nhau th\u01b0\u1edfng th\u1ee9c \u0111\u1ed3 u\u1ed1ng hay th\u00e2\u0323m chi\u0301 la\u0300 ba\u0300n tha\u0309o c\u00f4ng vi\u00ea\u0323c trong khi gia \u0111i\u0300nh \u0111ang th\u01b0 gia\u0309n \u01a1\u0309 khu v\u01b0\u0323c h\u1ed3 b\u01a1i. N\u01a1i \u0111\u00e2y [&hellip;]<\/p>\n","protected":false},"author":3,"featured_media":921,"parent":352,"menu_order":0,"comment_status":"closed","ping_status":"closed","template":"","meta":{"footnotes":""},"yoast_head":"<!-- This site is optimized with the Yoast SEO plugin v22.3 - https:\/\/yoast.com\/wordpress\/plugins\/seo\/ -->\n<title>Li\u00ean Lounge - Lasenta Boutique Hotel Hoi An<\/title>\n<meta name=\"robots\" content=\"index, follow, max-snippet:-1, max-image-preview:large, max-video-preview:-1\" \/>\n<link rel=\"canonical\" href=\"https:\/\/lasentahotel.com\/vi\/services-faclities\/restaurant\/lien-lounge\/\" \/>\n<meta property=\"og:locale\" content=\"vi_VN\" \/>\n<meta property=\"og:type\" content=\"article\" \/>\n<meta property=\"og:title\" content=\"Li\u00ean Lounge - Lasenta Boutique Hotel Hoi An\" \/>\n<meta property=\"og:description\" content=\"to\u0323a la\u0323c ta\u0323i t\u00e2\u0300ng 4 b\u00ean ca\u0323nh h\u00f4\u0300 b\u01a1i v\u01a1\u0301i t\u00e2\u0300m nhi\u0300n h\u01b0\u01a1\u0301ng ra ca\u0301nh \u0111\u00f4\u0300ng. N\u01a1i \u0111\u00e2y chi\u0301nh la\u0300 \u0111i\u0323a \u0111i\u00ea\u0309m li\u0301 t\u01b0\u01a1\u0309ng \u0111\u00ea\u0309 mo\u0323i ng\u01b0\u01a1\u0300i cu\u0300ng nhau th\u01b0\u1edfng th\u1ee9c \u0111\u1ed3 u\u1ed1ng hay th\u00e2\u0323m chi\u0301 la\u0300 ba\u0300n tha\u0309o c\u00f4ng vi\u00ea\u0323c trong khi gia \u0111i\u0300nh \u0111ang th\u01b0 gia\u0309n \u01a1\u0309 khu v\u01b0\u0323c h\u1ed3 b\u01a1i. N\u01a1i \u0111\u00e2y [&hellip;]\" \/>\n<meta property=\"og:url\" content=\"https:\/\/lasentahotel.com\/vi\/services-faclities\/restaurant\/lien-lounge\/\" \/>\n<meta property=\"og:site_name\" content=\"Lasenta Boutique Hotel Hoi An\" \/>\n<meta property=\"article:modified_time\" content=\"2022-08-05T03:38:12+00:00\" \/>\n<meta property=\"og:image\" content=\"https:\/\/lasentahotel.com\/wp-content\/uploads\/sites\/82\/2020\/04\/Lie\u0302n-Lounge-Restaurant-4-floor-2.jpg\" \/>\n\t<meta property=\"og:image:width\" content=\"2560\" \/>\n\t<meta property=\"og:image:height\" content=\"1707\" \/>\n\t<meta property=\"og:image:type\" content=\"image\/jpeg\" \/>\n<meta name=\"twitter:card\" content=\"summary_large_image\" \/>\n<meta name=\"twitter:label1\" content=\"Est. reading time\" \/>\n\t<meta name=\"twitter:data1\" content=\"1 minute\" \/>\n<script type=\"application\/ld+json\" class=\"yoast-schema-graph\">{\"@context\":\"https:\/\/schema.org\",\"@graph\":[{\"@type\":\"WebPage\",\"@id\":\"https:\/\/lasentahotel.com\/vi\/services-faclities\/restaurant\/lien-lounge\/\",\"url\":\"https:\/\/lasentahotel.com\/vi\/services-faclities\/restaurant\/lien-lounge\/\",\"name\":\"Li\u00ean Lounge - Lasenta Boutique Hotel Hoi An\",\"isPartOf\":{\"@id\":\"https:\/\/lasentahotel.com\/vi\/#website\"},\"primaryImageOfPage\":{\"@id\":\"https:\/\/lasentahotel.com\/vi\/services-faclities\/restaurant\/lien-lounge\/#primaryimage\"},\"image\":{\"@id\":\"https:\/\/lasentahotel.com\/vi\/services-faclities\/restaurant\/lien-lounge\/#primaryimage\"},\"thumbnailUrl\":\"https:\/\/lasentahotel.com\/wp-content\/uploads\/sites\/82\/2020\/04\/Lie\u0302n-Lounge-Restaurant-4-floor-2.jpg\",\"datePublished\":\"2020-04-22T14:47:09+00:00\",\"dateModified\":\"2022-08-05T03:38:12+00:00\",\"breadcrumb\":{\"@id\":\"https:\/\/lasentahotel.com\/vi\/services-faclities\/restaurant\/lien-lounge\/#breadcrumb\"},\"inLanguage\":\"vi-VN\",\"potentialAction\":[{\"@type\":\"ReadAction\",\"target\":[\"https:\/\/lasentahotel.com\/vi\/services-faclities\/restaurant\/lien-lounge\/\"]}]},{\"@type\":\"ImageObject\",\"inLanguage\":\"vi-VN\",\"@id\":\"https:\/\/lasentahotel.com\/vi\/services-faclities\/restaurant\/lien-lounge\/#primaryimage\",\"url\":\"https:\/\/lasentahotel.com\/wp-content\/uploads\/sites\/82\/2020\/04\/Lie\u0302n-Lounge-Restaurant-4-floor-2.jpg\",\"contentUrl\":\"https:\/\/lasentahotel.com\/wp-content\/uploads\/sites\/82\/2020\/04\/Lie\u0302n-Lounge-Restaurant-4-floor-2.jpg\",\"width\":2560,\"height\":1707},{\"@type\":\"BreadcrumbList\",\"@id\":\"https:\/\/lasentahotel.com\/vi\/services-faclities\/restaurant\/lien-lounge\/#breadcrumb\",\"itemListElement\":[{\"@type\":\"ListItem\",\"position\":1,\"name\":\"Home\",\"item\":\"https:\/\/lasentahotel.com\/vi\/\"},{\"@type\":\"ListItem\",\"position\":2,\"name\":\"D\u1ecbch v\u1ee5 &#038; Ti\u1ec7n nghi\",\"item\":\"https:\/\/lasentahotel.com\/vi\/services-faclities\/\"},{\"@type\":\"ListItem\",\"position\":3,\"name\":\"D\u1ecbch V\u1ee5 \u0102n U\u1ed1ng\",\"item\":\"https:\/\/lasentahotel.com\/vi\/services-faclities\/restaurant\/\"},{\"@type\":\"ListItem\",\"position\":4,\"name\":\"Li\u00ean Lounge\"}]},{\"@type\":\"WebSite\",\"@id\":\"https:\/\/lasentahotel.com\/vi\/#website\",\"url\":\"https:\/\/lasentahotel.com\/vi\/\",\"name\":\"Lasenta Boutique Hotel Hoi An\",\"description\":\"Just another D-EDGE CMS Asia Pacific site\",\"potentialAction\":[{\"@type\":\"SearchAction\",\"target\":{\"@type\":\"EntryPoint\",\"urlTemplate\":\"https:\/\/lasentahotel.com\/vi\/?s={search_term_string}\"},\"query-input\":\"required name=search_term_string\"}],\"inLanguage\":\"vi-VN\"}]}<\/script>\n<!-- \/ Yoast SEO plugin. -->","yoast_head_json":{"title":"Li\u00ean Lounge - Lasenta Boutique Hotel Hoi An","robots":{"index":"index","follow":"follow","max-snippet":"max-snippet:-1","max-image-preview":"max-image-preview:large","max-video-preview":"max-video-preview:-1"},"canonical":"https:\/\/lasentahotel.com\/vi\/services-faclities\/restaurant\/lien-lounge\/","og_locale":"vi_VN","og_type":"article","og_title":"Li\u00ean Lounge - Lasenta Boutique Hotel Hoi An","og_description":"to\u0323a la\u0323c ta\u0323i t\u00e2\u0300ng 4 b\u00ean ca\u0323nh h\u00f4\u0300 b\u01a1i v\u01a1\u0301i t\u00e2\u0300m nhi\u0300n h\u01b0\u01a1\u0301ng ra ca\u0301nh \u0111\u00f4\u0300ng. N\u01a1i \u0111\u00e2y chi\u0301nh la\u0300 \u0111i\u0323a \u0111i\u00ea\u0309m li\u0301 t\u01b0\u01a1\u0309ng \u0111\u00ea\u0309 mo\u0323i ng\u01b0\u01a1\u0300i cu\u0300ng nhau th\u01b0\u1edfng th\u1ee9c \u0111\u1ed3 u\u1ed1ng hay th\u00e2\u0323m chi\u0301 la\u0300 ba\u0300n tha\u0309o c\u00f4ng vi\u00ea\u0323c trong khi gia \u0111i\u0300nh \u0111ang th\u01b0 gia\u0309n \u01a1\u0309 khu v\u01b0\u0323c h\u1ed3 b\u01a1i. N\u01a1i \u0111\u00e2y [&hellip;]","og_url":"https:\/\/lasentahotel.com\/vi\/services-faclities\/restaurant\/lien-lounge\/","og_site_name":"Lasenta Boutique Hotel Hoi An","article_modified_time":"2022-08-05T03:38:12+00:00","og_image":[{"width":2560,"height":1707,"url":"https:\/\/lasentahotel.com\/wp-content\/uploads\/sites\/82\/2020\/04\/Lie\u0302n-Lounge-Restaurant-4-floor-2.jpg","type":"image\/jpeg"}],"twitter_card":"summary_large_image","twitter_misc":{"Est. reading time":"1 minute"},"schema":{"@context":"https:\/\/schema.org","@graph":[{"@type":"WebPage","@id":"https:\/\/lasentahotel.com\/vi\/services-faclities\/restaurant\/lien-lounge\/","url":"https:\/\/lasentahotel.com\/vi\/services-faclities\/restaurant\/lien-lounge\/","name":"Li\u00ean Lounge - Lasenta Boutique Hotel Hoi An","isPartOf":{"@id":"https:\/\/lasentahotel.com\/vi\/#website"},"primaryImageOfPage":{"@id":"https:\/\/lasentahotel.com\/vi\/services-faclities\/restaurant\/lien-lounge\/#primaryimage"},"image":{"@id":"https:\/\/lasentahotel.com\/vi\/services-faclities\/restaurant\/lien-lounge\/#primaryimage"},"thumbnailUrl":"https:\/\/lasentahotel.com\/wp-content\/uploads\/sites\/82\/2020\/04\/Lie\u0302n-Lounge-Restaurant-4-floor-2.jpg","datePublished":"2020-04-22T14:47:09+00:00","dateModified":"2022-08-05T03:38:12+00:00","breadcrumb":{"@id":"https:\/\/lasentahotel.com\/vi\/services-faclities\/restaurant\/lien-lounge\/#breadcrumb"},"inLanguage":"vi-VN","potentialAction":[{"@type":"ReadAction","target":["https:\/\/lasentahotel.com\/vi\/services-faclities\/restaurant\/lien-lounge\/"]}]},{"@type":"ImageObject","inLanguage":"vi-VN","@id":"https:\/\/lasentahotel.com\/vi\/services-faclities\/restaurant\/lien-lounge\/#primaryimage","url":"https:\/\/lasentahotel.com\/wp-content\/uploads\/sites\/82\/2020\/04\/Lie\u0302n-Lounge-Restaurant-4-floor-2.jpg","contentUrl":"https:\/\/lasentahotel.com\/wp-content\/uploads\/sites\/82\/2020\/04\/Lie\u0302n-Lounge-Restaurant-4-floor-2.jpg","width":2560,"height":1707},{"@type":"BreadcrumbList","@id":"https:\/\/lasentahotel.com\/vi\/services-faclities\/restaurant\/lien-lounge\/#breadcrumb","itemListElement":[{"@type":"ListItem","position":1,"name":"Home","item":"https:\/\/lasentahotel.com\/vi\/"},{"@type":"ListItem","position":2,"name":"D\u1ecbch v\u1ee5 &#038; Ti\u1ec7n nghi","item":"https:\/\/lasentahotel.com\/vi\/services-faclities\/"},{"@type":"ListItem","position":3,"name":"D\u1ecbch V\u1ee5 \u0102n U\u1ed1ng","item":"https:\/\/lasentahotel.com\/vi\/services-faclities\/restaurant\/"},{"@type":"ListItem","position":4,"name":"Li\u00ean Lounge"}]},{"@type":"WebSite","@id":"https:\/\/lasentahotel.com\/vi\/#website","url":"https:\/\/lasentahotel.com\/vi\/","name":"Lasenta Boutique Hotel Hoi An","description":"Just another D-EDGE CMS Asia Pacific site","potentialAction":[{"@type":"SearchAction","target":{"@type":"EntryPoint","urlTemplate":"https:\/\/lasentahotel.com\/vi\/?s={search_term_string}"},"query-input":"required name=search_term_string"}],"inLanguage":"vi-VN"}]}},"_links":{"self":[{"href":"https:\/\/lasentahotel.com\/vi\/wp-json\/wp\/v2\/pages\/988"}],"collection":[{"href":"https:\/\/lasentahotel.com\/vi\/wp-json\/wp\/v2\/pages"}],"about":[{"href":"https:\/\/lasentahotel.com\/vi\/wp-json\/wp\/v2\/types\/page"}],"author":[{"embeddable":true,"href":"https:\/\/lasentahotel.com\/vi\/wp-json\/wp\/v2\/users\/3"}],"replies":[{"embeddable":true,"href":"https:\/\/lasentahotel.com\/vi\/wp-json\/wp\/v2\/comments?post=988"}],"version-history":[{"count":0,"href":"https:\/\/lasentahotel.com\/vi\/wp-json\/wp\/v2\/pages\/988\/revisions"}],"up":[{"embeddable":true,"href":"https:\/\/lasentahotel.com\/vi\/wp-json\/wp\/v2\/pages\/352"}],"wp:featuredmedia":[{"embeddable":true,"href":"https:\/\/lasentahotel.com\/vi\/wp-json\/wp\/v2\/media\/921"}],"wp:attachment":[{"href":"https:\/\/lasentahotel.com\/vi\/wp-json\/wp\/v2\/media?parent=988"}],"curies":[{"name":"wp","href":"https:\/\/api.w.org\/{rel}","templated":true}]}}