{"id":986,"date":"2020-04-22T14:46:00","date_gmt":"2020-04-22T14:46:00","guid":{"rendered":"http:\/\/lasentaboutiquehotelhoian.ms.decms.asia\/?page_id=986"},"modified":"2024-09-09T03:57:15","modified_gmt":"2024-09-09T03:57:15","slug":"lua-lounge-restaurant","status":"publish","type":"page","link":"https:\/\/lasentahotel.com\/vi\/services-faclities\/restaurant\/lua-lounge-restaurant\/","title":{"rendered":"L\u00faa Lounge &amp; Restaurant"},"content":{"rendered":"<p align=\"justify\">t\u1ecda l\u1ea1c t\u1ea1i t\u1ea7ng 1 c\u1ee7a Kh\u00e1ch S\u1ea1n, \u0111\u01b0\u1ee3c thi\u1ebft kh\u00f4ng gian m\u01a1\u0309 v\u1edbi h\u01b0\u1edbng t\u00e2\u0300m nh\u00ecn ra ca\u0301nh \u0111\u00f4\u0300ng.<\/p>\n<p align=\"justify\">L\u00faa Lounge &amp; Restaurant ph\u1ee5c v\u1ee5 b\u1eefa \u0103n s\u00e1ng t\u1ef1 ch\u1ecdn ho\u1eb7c theo th\u1ef1c \u0111\u01a1n (ph\u1ee5 thu\u1ed9c v\u00e0o s\u1ed1 kh\u00e1ch \u0103n s\u00e1ng) t\u1eeb 06:30 \u0111\u1ebfn 10:00 h\u00e0ng ng\u00e0y, v\u1edbi nhi\u1ec1u l\u1ef1a ch\u1ecdn c\u00e1c m\u00f3n \u0103n \u00c2u v\u00e0 Vi\u1ec7t.<\/p>\n<p align=\"justify\">L\u00faa Lounge &amp; Restaurant c\u0169ng ph\u1ee5c v\u1ee5 b\u1eefa \u0103n tr\u01b0a v\u00e0 b\u1eefa \u0103n t\u1ed1i (11:00 \u0111\u1ebfn 22:00) h\u00e0ng ng\u00e0y.<\/p>\n","protected":false},"excerpt":{"rendered":"<p>t\u1ecda l\u1ea1c t\u1ea1i t\u1ea7ng 1 c\u1ee7a Kh\u00e1ch S\u1ea1n, \u0111\u01b0\u1ee3c thi\u1ebft kh\u00f4ng gian m\u01a1\u0309 v\u1edbi h\u01b0\u1edbng t\u00e2\u0300m nh\u00ecn ra ca\u0301nh \u0111\u00f4\u0300ng. L\u00faa Lounge &amp; Restaurant ph\u1ee5c v\u1ee5 b\u1eefa \u0103n s\u00e1ng t\u1ef1 ch\u1ecdn ho\u1eb7c theo th\u1ef1c \u0111\u01a1n (ph\u1ee5 thu\u1ed9c v\u00e0o s\u1ed1 kh\u00e1ch \u0103n s\u00e1ng) t\u1eeb 06:30 \u0111\u1ebfn 10:00 h\u00e0ng ng\u00e0y, v\u1edbi nhi\u1ec1u l\u1ef1a ch\u1ecdn c\u00e1c m\u00f3n \u0103n [&hellip;]<\/p>\n","protected":false},"author":3,"featured_media":909,"parent":352,"menu_order":1,"comment_status":"closed","ping_status":"closed","template":"","meta":{"footnotes":""},"yoast_head":"<!-- This site is optimized with the Yoast SEO plugin v22.3 - https:\/\/yoast.com\/wordpress\/plugins\/seo\/ -->\n<title>L\u00faa Lounge &amp; Restaurant - Lasenta Boutique Hotel Hoi An<\/title>\n<meta name=\"robots\" content=\"index, follow, max-snippet:-1, max-image-preview:large, max-video-preview:-1\" \/>\n<link rel=\"canonical\" href=\"https:\/\/lasentahotel.com\/vi\/services-faclities\/restaurant\/lua-lounge-restaurant\/\" \/>\n<meta property=\"og:locale\" content=\"vi_VN\" \/>\n<meta property=\"og:type\" content=\"article\" \/>\n<meta property=\"og:title\" content=\"L\u00faa Lounge &amp; Restaurant - Lasenta Boutique Hotel Hoi An\" \/>\n<meta property=\"og:description\" content=\"t\u1ecda l\u1ea1c t\u1ea1i t\u1ea7ng 1 c\u1ee7a Kh\u00e1ch S\u1ea1n, \u0111\u01b0\u1ee3c thi\u1ebft kh\u00f4ng gian m\u01a1\u0309 v\u1edbi h\u01b0\u1edbng t\u00e2\u0300m nh\u00ecn ra ca\u0301nh \u0111\u00f4\u0300ng. L\u00faa Lounge &amp; Restaurant ph\u1ee5c v\u1ee5 b\u1eefa \u0103n s\u00e1ng t\u1ef1 ch\u1ecdn ho\u1eb7c theo th\u1ef1c \u0111\u01a1n (ph\u1ee5 thu\u1ed9c v\u00e0o s\u1ed1 kh\u00e1ch \u0103n s\u00e1ng) t\u1eeb 06:30 \u0111\u1ebfn 10:00 h\u00e0ng ng\u00e0y, v\u1edbi nhi\u1ec1u l\u1ef1a ch\u1ecdn c\u00e1c m\u00f3n \u0103n [&hellip;]\" \/>\n<meta property=\"og:url\" content=\"https:\/\/lasentahotel.com\/vi\/services-faclities\/restaurant\/lua-lounge-restaurant\/\" \/>\n<meta property=\"og:site_name\" content=\"Lasenta Boutique Hotel Hoi An\" \/>\n<meta property=\"article:modified_time\" content=\"2024-09-09T03:57:15+00:00\" \/>\n<meta property=\"og:image\" content=\"https:\/\/lasentahotel.com\/wp-content\/uploads\/sites\/82\/2020\/04\/Lu\u0301a-Lounge-Restaurant-1-floor-1-1024x683.jpg\" \/>\n\t<meta property=\"og:image:width\" content=\"1024\" \/>\n\t<meta property=\"og:image:height\" content=\"683\" \/>\n\t<meta property=\"og:image:type\" content=\"image\/jpeg\" \/>\n<meta name=\"twitter:card\" content=\"summary_large_image\" \/>\n<meta name=\"twitter:label1\" content=\"Est. reading time\" \/>\n\t<meta name=\"twitter:data1\" content=\"1 minute\" \/>\n<script type=\"application\/ld+json\" class=\"yoast-schema-graph\">{\"@context\":\"https:\/\/schema.org\",\"@graph\":[{\"@type\":\"WebPage\",\"@id\":\"https:\/\/lasentahotel.com\/vi\/services-faclities\/restaurant\/lua-lounge-restaurant\/\",\"url\":\"https:\/\/lasentahotel.com\/vi\/services-faclities\/restaurant\/lua-lounge-restaurant\/\",\"name\":\"L\u00faa Lounge &amp; Restaurant - Lasenta Boutique Hotel Hoi An\",\"isPartOf\":{\"@id\":\"https:\/\/lasentahotel.com\/vi\/#website\"},\"primaryImageOfPage\":{\"@id\":\"https:\/\/lasentahotel.com\/vi\/services-faclities\/restaurant\/lua-lounge-restaurant\/#primaryimage\"},\"image\":{\"@id\":\"https:\/\/lasentahotel.com\/vi\/services-faclities\/restaurant\/lua-lounge-restaurant\/#primaryimage\"},\"thumbnailUrl\":\"https:\/\/lasentahotel.com\/wp-content\/uploads\/sites\/82\/2020\/04\/Lu\u0301a-Lounge-Restaurant-1-floor-1.jpg\",\"datePublished\":\"2020-04-22T14:46:00+00:00\",\"dateModified\":\"2024-09-09T03:57:15+00:00\",\"breadcrumb\":{\"@id\":\"https:\/\/lasentahotel.com\/vi\/services-faclities\/restaurant\/lua-lounge-restaurant\/#breadcrumb\"},\"inLanguage\":\"vi-VN\",\"potentialAction\":[{\"@type\":\"ReadAction\",\"target\":[\"https:\/\/lasentahotel.com\/vi\/services-faclities\/restaurant\/lua-lounge-restaurant\/\"]}]},{\"@type\":\"ImageObject\",\"inLanguage\":\"vi-VN\",\"@id\":\"https:\/\/lasentahotel.com\/vi\/services-faclities\/restaurant\/lua-lounge-restaurant\/#primaryimage\",\"url\":\"https:\/\/lasentahotel.com\/wp-content\/uploads\/sites\/82\/2020\/04\/Lu\u0301a-Lounge-Restaurant-1-floor-1.jpg\",\"contentUrl\":\"https:\/\/lasentahotel.com\/wp-content\/uploads\/sites\/82\/2020\/04\/Lu\u0301a-Lounge-Restaurant-1-floor-1.jpg\",\"width\":2560,\"height\":1707},{\"@type\":\"BreadcrumbList\",\"@id\":\"https:\/\/lasentahotel.com\/vi\/services-faclities\/restaurant\/lua-lounge-restaurant\/#breadcrumb\",\"itemListElement\":[{\"@type\":\"ListItem\",\"position\":1,\"name\":\"Home\",\"item\":\"https:\/\/lasentahotel.com\/vi\/\"},{\"@type\":\"ListItem\",\"position\":2,\"name\":\"D\u1ecbch v\u1ee5 &#038; Ti\u1ec7n nghi\",\"item\":\"https:\/\/lasentahotel.com\/vi\/services-faclities\/\"},{\"@type\":\"ListItem\",\"position\":3,\"name\":\"D\u1ecbch V\u1ee5 \u0102n U\u1ed1ng\",\"item\":\"https:\/\/lasentahotel.com\/vi\/services-faclities\/restaurant\/\"},{\"@type\":\"ListItem\",\"position\":4,\"name\":\"L\u00faa Lounge &amp; Restaurant\"}]},{\"@type\":\"WebSite\",\"@id\":\"https:\/\/lasentahotel.com\/vi\/#website\",\"url\":\"https:\/\/lasentahotel.com\/vi\/\",\"name\":\"Lasenta Boutique Hotel Hoi An\",\"description\":\"Just another D-EDGE CMS Asia Pacific site\",\"potentialAction\":[{\"@type\":\"SearchAction\",\"target\":{\"@type\":\"EntryPoint\",\"urlTemplate\":\"https:\/\/lasentahotel.com\/vi\/?s={search_term_string}\"},\"query-input\":\"required name=search_term_string\"}],\"inLanguage\":\"vi-VN\"}]}<\/script>\n<!-- \/ Yoast SEO plugin. -->","yoast_head_json":{"title":"L\u00faa Lounge &amp; Restaurant - Lasenta Boutique Hotel Hoi An","robots":{"index":"index","follow":"follow","max-snippet":"max-snippet:-1","max-image-preview":"max-image-preview:large","max-video-preview":"max-video-preview:-1"},"canonical":"https:\/\/lasentahotel.com\/vi\/services-faclities\/restaurant\/lua-lounge-restaurant\/","og_locale":"vi_VN","og_type":"article","og_title":"L\u00faa Lounge &amp; Restaurant - Lasenta Boutique Hotel Hoi An","og_description":"t\u1ecda l\u1ea1c t\u1ea1i t\u1ea7ng 1 c\u1ee7a Kh\u00e1ch S\u1ea1n, \u0111\u01b0\u1ee3c thi\u1ebft kh\u00f4ng gian m\u01a1\u0309 v\u1edbi h\u01b0\u1edbng t\u00e2\u0300m nh\u00ecn ra ca\u0301nh \u0111\u00f4\u0300ng. L\u00faa Lounge &amp; Restaurant ph\u1ee5c v\u1ee5 b\u1eefa \u0103n s\u00e1ng t\u1ef1 ch\u1ecdn ho\u1eb7c theo th\u1ef1c \u0111\u01a1n (ph\u1ee5 thu\u1ed9c v\u00e0o s\u1ed1 kh\u00e1ch \u0103n s\u00e1ng) t\u1eeb 06:30 \u0111\u1ebfn 10:00 h\u00e0ng ng\u00e0y, v\u1edbi nhi\u1ec1u l\u1ef1a ch\u1ecdn c\u00e1c m\u00f3n \u0103n [&hellip;]","og_url":"https:\/\/lasentahotel.com\/vi\/services-faclities\/restaurant\/lua-lounge-restaurant\/","og_site_name":"Lasenta Boutique Hotel Hoi An","article_modified_time":"2024-09-09T03:57:15+00:00","og_image":[{"width":1024,"height":683,"url":"https:\/\/lasentahotel.com\/wp-content\/uploads\/sites\/82\/2020\/04\/Lu\u0301a-Lounge-Restaurant-1-floor-1-1024x683.jpg","type":"image\/jpeg"}],"twitter_card":"summary_large_image","twitter_misc":{"Est. reading time":"1 minute"},"schema":{"@context":"https:\/\/schema.org","@graph":[{"@type":"WebPage","@id":"https:\/\/lasentahotel.com\/vi\/services-faclities\/restaurant\/lua-lounge-restaurant\/","url":"https:\/\/lasentahotel.com\/vi\/services-faclities\/restaurant\/lua-lounge-restaurant\/","name":"L\u00faa Lounge &amp; Restaurant - Lasenta Boutique Hotel Hoi An","isPartOf":{"@id":"https:\/\/lasentahotel.com\/vi\/#website"},"primaryImageOfPage":{"@id":"https:\/\/lasentahotel.com\/vi\/services-faclities\/restaurant\/lua-lounge-restaurant\/#primaryimage"},"image":{"@id":"https:\/\/lasentahotel.com\/vi\/services-faclities\/restaurant\/lua-lounge-restaurant\/#primaryimage"},"thumbnailUrl":"https:\/\/lasentahotel.com\/wp-content\/uploads\/sites\/82\/2020\/04\/Lu\u0301a-Lounge-Restaurant-1-floor-1.jpg","datePublished":"2020-04-22T14:46:00+00:00","dateModified":"2024-09-09T03:57:15+00:00","breadcrumb":{"@id":"https:\/\/lasentahotel.com\/vi\/services-faclities\/restaurant\/lua-lounge-restaurant\/#breadcrumb"},"inLanguage":"vi-VN","potentialAction":[{"@type":"ReadAction","target":["https:\/\/lasentahotel.com\/vi\/services-faclities\/restaurant\/lua-lounge-restaurant\/"]}]},{"@type":"ImageObject","inLanguage":"vi-VN","@id":"https:\/\/lasentahotel.com\/vi\/services-faclities\/restaurant\/lua-lounge-restaurant\/#primaryimage","url":"https:\/\/lasentahotel.com\/wp-content\/uploads\/sites\/82\/2020\/04\/Lu\u0301a-Lounge-Restaurant-1-floor-1.jpg","contentUrl":"https:\/\/lasentahotel.com\/wp-content\/uploads\/sites\/82\/2020\/04\/Lu\u0301a-Lounge-Restaurant-1-floor-1.jpg","width":2560,"height":1707},{"@type":"BreadcrumbList","@id":"https:\/\/lasentahotel.com\/vi\/services-faclities\/restaurant\/lua-lounge-restaurant\/#breadcrumb","itemListElement":[{"@type":"ListItem","position":1,"name":"Home","item":"https:\/\/lasentahotel.com\/vi\/"},{"@type":"ListItem","position":2,"name":"D\u1ecbch v\u1ee5 &#038; Ti\u1ec7n nghi","item":"https:\/\/lasentahotel.com\/vi\/services-faclities\/"},{"@type":"ListItem","position":3,"name":"D\u1ecbch V\u1ee5 \u0102n U\u1ed1ng","item":"https:\/\/lasentahotel.com\/vi\/services-faclities\/restaurant\/"},{"@type":"ListItem","position":4,"name":"L\u00faa Lounge &amp; Restaurant"}]},{"@type":"WebSite","@id":"https:\/\/lasentahotel.com\/vi\/#website","url":"https:\/\/lasentahotel.com\/vi\/","name":"Lasenta Boutique Hotel Hoi An","description":"Just another D-EDGE CMS Asia Pacific site","potentialAction":[{"@type":"SearchAction","target":{"@type":"EntryPoint","urlTemplate":"https:\/\/lasentahotel.com\/vi\/?s={search_term_string}"},"query-input":"required name=search_term_string"}],"inLanguage":"vi-VN"}]}},"_links":{"self":[{"href":"https:\/\/lasentahotel.com\/vi\/wp-json\/wp\/v2\/pages\/986"}],"collection":[{"href":"https:\/\/lasentahotel.com\/vi\/wp-json\/wp\/v2\/pages"}],"about":[{"href":"https:\/\/lasentahotel.com\/vi\/wp-json\/wp\/v2\/types\/page"}],"author":[{"embeddable":true,"href":"https:\/\/lasentahotel.com\/vi\/wp-json\/wp\/v2\/users\/3"}],"replies":[{"embeddable":true,"href":"https:\/\/lasentahotel.com\/vi\/wp-json\/wp\/v2\/comments?post=986"}],"version-history":[{"count":0,"href":"https:\/\/lasentahotel.com\/vi\/wp-json\/wp\/v2\/pages\/986\/revisions"}],"up":[{"embeddable":true,"href":"https:\/\/lasentahotel.com\/vi\/wp-json\/wp\/v2\/pages\/352"}],"wp:featuredmedia":[{"embeddable":true,"href":"https:\/\/lasentahotel.com\/vi\/wp-json\/wp\/v2\/media\/909"}],"wp:attachment":[{"href":"https:\/\/lasentahotel.com\/vi\/wp-json\/wp\/v2\/media?parent=986"}],"curies":[{"name":"wp","href":"https:\/\/api.w.org\/{rel}","templated":true}]}}