{"id":985,"date":"2020-04-22T14:43:53","date_gmt":"2020-04-22T14:43:53","guid":{"rendered":"http:\/\/lasentaboutiquehotelhoian.ms.decms.asia\/?page_id=985"},"modified":"2020-05-21T01:31:07","modified_gmt":"2020-05-21T01:31:07","slug":"swimming-pool","status":"publish","type":"page","link":"https:\/\/lasentahotel.com\/vi\/services-faclities\/rejuvenating-working-out\/swimming-pool\/","title":{"rendered":"H\u1ed3 B\u01a1i"},"content":{"rendered":"<p>H\u1ed3 b\u01a1i c\u1ee7a Lasenta s\u1ebd  t\u1ea1o cho b\u1ea1n c\u00e1i nh\u00ecn v\u00f4 t\u1eadn v\u1ec1 nh\u1eefng c\u00e1nh \u0111\u1ed3ng l\u00faa b\u00e1t ng\u00e1t m\u00e0 kh\u00f4ng n\u01a1i n\u00e0o kh\u00e1c c\u00f3 \u0111\u01b0\u1ee3c ngo\u00e0i  H\u1ed9i An.  Qu\u00fd kh\u00e1ch khi  s\u1eed d\u1ee5ng b\u1ec3 b\u01a1i s\u1ebd tu\u00e2n th\u1ee7 nghi\u00eam ng\u1eb7t c\u00e1c quy \u0111\u1ecbnh \u0111\u1ec3 \u0111\u1ea3m b\u1ea3o an to\u00e0n khi s\u1eed d\u1ee5ng h\u1ed3 b\u01a1i.<\/p>\n<p>Gi\u1edd m\u1edf c\u1eeda t\u1eeb 08h00 \u0111\u1ebfn 20h00 h\u00e0ng ng\u00e0y.       <\/p>\n","protected":false},"excerpt":{"rendered":"<p>H\u1ed3 b\u01a1i c\u1ee7a Lasenta s\u1ebd t\u1ea1o cho b\u1ea1n c\u00e1i nh\u00ecn v\u00f4 t\u1eadn v\u1ec1 nh\u1eefng c\u00e1nh \u0111\u1ed3ng l\u00faa b\u00e1t ng\u00e1t m\u00e0 kh\u00f4ng n\u01a1i n\u00e0o kh\u00e1c c\u00f3 \u0111\u01b0\u1ee3c ngo\u00e0i H\u1ed9i An. Qu\u00fd kh\u00e1ch khi s\u1eed d\u1ee5ng b\u1ec3 b\u01a1i s\u1ebd tu\u00e2n th\u1ee7 nghi\u00eam ng\u1eb7t c\u00e1c quy \u0111\u1ecbnh \u0111\u1ec3 \u0111\u1ea3m b\u1ea3o an to\u00e0n khi s\u1eed d\u1ee5ng h\u1ed3 b\u01a1i. Gi\u1edd [&hellip;]<\/p>\n","protected":false},"author":3,"featured_media":1019,"parent":361,"menu_order":0,"comment_status":"closed","ping_status":"closed","template":"","meta":{"footnotes":""},"yoast_head":"<!-- This site is optimized with the Yoast SEO plugin v22.3 - https:\/\/yoast.com\/wordpress\/plugins\/seo\/ -->\n<title>H\u1ed3 B\u01a1i - Lasenta Boutique Hotel Hoi An<\/title>\n<meta name=\"robots\" content=\"index, follow, max-snippet:-1, max-image-preview:large, max-video-preview:-1\" \/>\n<link rel=\"canonical\" href=\"https:\/\/lasentahotel.com\/vi\/services-faclities\/rejuvenating-working-out\/swimming-pool\/\" \/>\n<meta property=\"og:locale\" content=\"vi_VN\" \/>\n<meta property=\"og:type\" content=\"article\" \/>\n<meta property=\"og:title\" content=\"H\u1ed3 B\u01a1i - Lasenta Boutique Hotel Hoi An\" \/>\n<meta property=\"og:description\" content=\"H\u1ed3 b\u01a1i c\u1ee7a Lasenta s\u1ebd t\u1ea1o cho b\u1ea1n c\u00e1i nh\u00ecn v\u00f4 t\u1eadn v\u1ec1 nh\u1eefng c\u00e1nh \u0111\u1ed3ng l\u00faa b\u00e1t ng\u00e1t m\u00e0 kh\u00f4ng n\u01a1i n\u00e0o kh\u00e1c c\u00f3 \u0111\u01b0\u1ee3c ngo\u00e0i H\u1ed9i An. Qu\u00fd kh\u00e1ch khi s\u1eed d\u1ee5ng b\u1ec3 b\u01a1i s\u1ebd tu\u00e2n th\u1ee7 nghi\u00eam ng\u1eb7t c\u00e1c quy \u0111\u1ecbnh \u0111\u1ec3 \u0111\u1ea3m b\u1ea3o an to\u00e0n khi s\u1eed d\u1ee5ng h\u1ed3 b\u01a1i. Gi\u1edd [&hellip;]\" \/>\n<meta property=\"og:url\" content=\"https:\/\/lasentahotel.com\/vi\/services-faclities\/rejuvenating-working-out\/swimming-pool\/\" \/>\n<meta property=\"og:site_name\" content=\"Lasenta Boutique Hotel Hoi An\" \/>\n<meta property=\"article:modified_time\" content=\"2020-05-21T01:31:07+00:00\" \/>\n<meta property=\"og:image\" content=\"https:\/\/lasentahotel.com\/wp-content\/uploads\/sites\/82\/2020\/06\/Pool-1-1024x683.jpg\" \/>\n\t<meta property=\"og:image:width\" content=\"1024\" \/>\n\t<meta property=\"og:image:height\" content=\"683\" \/>\n\t<meta property=\"og:image:type\" content=\"image\/jpeg\" \/>\n<meta name=\"twitter:card\" content=\"summary_large_image\" \/>\n<script type=\"application\/ld+json\" class=\"yoast-schema-graph\">{\"@context\":\"https:\/\/schema.org\",\"@graph\":[{\"@type\":\"WebPage\",\"@id\":\"https:\/\/lasentahotel.com\/vi\/services-faclities\/rejuvenating-working-out\/swimming-pool\/\",\"url\":\"https:\/\/lasentahotel.com\/vi\/services-faclities\/rejuvenating-working-out\/swimming-pool\/\",\"name\":\"H\u1ed3 B\u01a1i - Lasenta Boutique Hotel Hoi An\",\"isPartOf\":{\"@id\":\"https:\/\/lasentahotel.com\/vi\/#website\"},\"primaryImageOfPage\":{\"@id\":\"https:\/\/lasentahotel.com\/vi\/services-faclities\/rejuvenating-working-out\/swimming-pool\/#primaryimage\"},\"image\":{\"@id\":\"https:\/\/lasentahotel.com\/vi\/services-faclities\/rejuvenating-working-out\/swimming-pool\/#primaryimage\"},\"thumbnailUrl\":\"https:\/\/lasentahotel.com\/wp-content\/uploads\/sites\/82\/2020\/06\/Pool-1.jpg\",\"datePublished\":\"2020-04-22T14:43:53+00:00\",\"dateModified\":\"2020-05-21T01:31:07+00:00\",\"breadcrumb\":{\"@id\":\"https:\/\/lasentahotel.com\/vi\/services-faclities\/rejuvenating-working-out\/swimming-pool\/#breadcrumb\"},\"inLanguage\":\"vi-VN\",\"potentialAction\":[{\"@type\":\"ReadAction\",\"target\":[\"https:\/\/lasentahotel.com\/vi\/services-faclities\/rejuvenating-working-out\/swimming-pool\/\"]}]},{\"@type\":\"ImageObject\",\"inLanguage\":\"vi-VN\",\"@id\":\"https:\/\/lasentahotel.com\/vi\/services-faclities\/rejuvenating-working-out\/swimming-pool\/#primaryimage\",\"url\":\"https:\/\/lasentahotel.com\/wp-content\/uploads\/sites\/82\/2020\/06\/Pool-1.jpg\",\"contentUrl\":\"https:\/\/lasentahotel.com\/wp-content\/uploads\/sites\/82\/2020\/06\/Pool-1.jpg\",\"width\":2560,\"height\":1707},{\"@type\":\"BreadcrumbList\",\"@id\":\"https:\/\/lasentahotel.com\/vi\/services-faclities\/rejuvenating-working-out\/swimming-pool\/#breadcrumb\",\"itemListElement\":[{\"@type\":\"ListItem\",\"position\":1,\"name\":\"Home\",\"item\":\"https:\/\/lasentahotel.com\/vi\/\"},{\"@type\":\"ListItem\",\"position\":2,\"name\":\"D\u1ecbch v\u1ee5 &#038; Ti\u1ec7n nghi\",\"item\":\"https:\/\/lasentahotel.com\/vi\/services-faclities\/\"},{\"@type\":\"ListItem\",\"position\":3,\"name\":\"Ho\u1ea1t \u0111\u1ed9ng &#8211; Th\u01b0 gi\u00e3n\",\"item\":\"https:\/\/lasentahotel.com\/vi\/services-faclities\/rejuvenating-working-out\/\"},{\"@type\":\"ListItem\",\"position\":4,\"name\":\"H\u1ed3 B\u01a1i\"}]},{\"@type\":\"WebSite\",\"@id\":\"https:\/\/lasentahotel.com\/vi\/#website\",\"url\":\"https:\/\/lasentahotel.com\/vi\/\",\"name\":\"Lasenta Boutique Hotel Hoi An\",\"description\":\"Just another D-EDGE CMS Asia Pacific site\",\"potentialAction\":[{\"@type\":\"SearchAction\",\"target\":{\"@type\":\"EntryPoint\",\"urlTemplate\":\"https:\/\/lasentahotel.com\/vi\/?s={search_term_string}\"},\"query-input\":\"required name=search_term_string\"}],\"inLanguage\":\"vi-VN\"}]}<\/script>\n<!-- \/ Yoast SEO plugin. -->","yoast_head_json":{"title":"H\u1ed3 B\u01a1i - Lasenta Boutique Hotel Hoi An","robots":{"index":"index","follow":"follow","max-snippet":"max-snippet:-1","max-image-preview":"max-image-preview:large","max-video-preview":"max-video-preview:-1"},"canonical":"https:\/\/lasentahotel.com\/vi\/services-faclities\/rejuvenating-working-out\/swimming-pool\/","og_locale":"vi_VN","og_type":"article","og_title":"H\u1ed3 B\u01a1i - Lasenta Boutique Hotel Hoi An","og_description":"H\u1ed3 b\u01a1i c\u1ee7a Lasenta s\u1ebd t\u1ea1o cho b\u1ea1n c\u00e1i nh\u00ecn v\u00f4 t\u1eadn v\u1ec1 nh\u1eefng c\u00e1nh \u0111\u1ed3ng l\u00faa b\u00e1t ng\u00e1t m\u00e0 kh\u00f4ng n\u01a1i n\u00e0o kh\u00e1c c\u00f3 \u0111\u01b0\u1ee3c ngo\u00e0i H\u1ed9i An. Qu\u00fd kh\u00e1ch khi s\u1eed d\u1ee5ng b\u1ec3 b\u01a1i s\u1ebd tu\u00e2n th\u1ee7 nghi\u00eam ng\u1eb7t c\u00e1c quy \u0111\u1ecbnh \u0111\u1ec3 \u0111\u1ea3m b\u1ea3o an to\u00e0n khi s\u1eed d\u1ee5ng h\u1ed3 b\u01a1i. Gi\u1edd [&hellip;]","og_url":"https:\/\/lasentahotel.com\/vi\/services-faclities\/rejuvenating-working-out\/swimming-pool\/","og_site_name":"Lasenta Boutique Hotel Hoi An","article_modified_time":"2020-05-21T01:31:07+00:00","og_image":[{"width":1024,"height":683,"url":"https:\/\/lasentahotel.com\/wp-content\/uploads\/sites\/82\/2020\/06\/Pool-1-1024x683.jpg","type":"image\/jpeg"}],"twitter_card":"summary_large_image","schema":{"@context":"https:\/\/schema.org","@graph":[{"@type":"WebPage","@id":"https:\/\/lasentahotel.com\/vi\/services-faclities\/rejuvenating-working-out\/swimming-pool\/","url":"https:\/\/lasentahotel.com\/vi\/services-faclities\/rejuvenating-working-out\/swimming-pool\/","name":"H\u1ed3 B\u01a1i - Lasenta Boutique Hotel Hoi An","isPartOf":{"@id":"https:\/\/lasentahotel.com\/vi\/#website"},"primaryImageOfPage":{"@id":"https:\/\/lasentahotel.com\/vi\/services-faclities\/rejuvenating-working-out\/swimming-pool\/#primaryimage"},"image":{"@id":"https:\/\/lasentahotel.com\/vi\/services-faclities\/rejuvenating-working-out\/swimming-pool\/#primaryimage"},"thumbnailUrl":"https:\/\/lasentahotel.com\/wp-content\/uploads\/sites\/82\/2020\/06\/Pool-1.jpg","datePublished":"2020-04-22T14:43:53+00:00","dateModified":"2020-05-21T01:31:07+00:00","breadcrumb":{"@id":"https:\/\/lasentahotel.com\/vi\/services-faclities\/rejuvenating-working-out\/swimming-pool\/#breadcrumb"},"inLanguage":"vi-VN","potentialAction":[{"@type":"ReadAction","target":["https:\/\/lasentahotel.com\/vi\/services-faclities\/rejuvenating-working-out\/swimming-pool\/"]}]},{"@type":"ImageObject","inLanguage":"vi-VN","@id":"https:\/\/lasentahotel.com\/vi\/services-faclities\/rejuvenating-working-out\/swimming-pool\/#primaryimage","url":"https:\/\/lasentahotel.com\/wp-content\/uploads\/sites\/82\/2020\/06\/Pool-1.jpg","contentUrl":"https:\/\/lasentahotel.com\/wp-content\/uploads\/sites\/82\/2020\/06\/Pool-1.jpg","width":2560,"height":1707},{"@type":"BreadcrumbList","@id":"https:\/\/lasentahotel.com\/vi\/services-faclities\/rejuvenating-working-out\/swimming-pool\/#breadcrumb","itemListElement":[{"@type":"ListItem","position":1,"name":"Home","item":"https:\/\/lasentahotel.com\/vi\/"},{"@type":"ListItem","position":2,"name":"D\u1ecbch v\u1ee5 &#038; Ti\u1ec7n nghi","item":"https:\/\/lasentahotel.com\/vi\/services-faclities\/"},{"@type":"ListItem","position":3,"name":"Ho\u1ea1t \u0111\u1ed9ng &#8211; Th\u01b0 gi\u00e3n","item":"https:\/\/lasentahotel.com\/vi\/services-faclities\/rejuvenating-working-out\/"},{"@type":"ListItem","position":4,"name":"H\u1ed3 B\u01a1i"}]},{"@type":"WebSite","@id":"https:\/\/lasentahotel.com\/vi\/#website","url":"https:\/\/lasentahotel.com\/vi\/","name":"Lasenta Boutique Hotel Hoi An","description":"Just another D-EDGE CMS Asia Pacific site","potentialAction":[{"@type":"SearchAction","target":{"@type":"EntryPoint","urlTemplate":"https:\/\/lasentahotel.com\/vi\/?s={search_term_string}"},"query-input":"required name=search_term_string"}],"inLanguage":"vi-VN"}]}},"_links":{"self":[{"href":"https:\/\/lasentahotel.com\/vi\/wp-json\/wp\/v2\/pages\/985"}],"collection":[{"href":"https:\/\/lasentahotel.com\/vi\/wp-json\/wp\/v2\/pages"}],"about":[{"href":"https:\/\/lasentahotel.com\/vi\/wp-json\/wp\/v2\/types\/page"}],"author":[{"embeddable":true,"href":"https:\/\/lasentahotel.com\/vi\/wp-json\/wp\/v2\/users\/3"}],"replies":[{"embeddable":true,"href":"https:\/\/lasentahotel.com\/vi\/wp-json\/wp\/v2\/comments?post=985"}],"version-history":[{"count":0,"href":"https:\/\/lasentahotel.com\/vi\/wp-json\/wp\/v2\/pages\/985\/revisions"}],"up":[{"embeddable":true,"href":"https:\/\/lasentahotel.com\/vi\/wp-json\/wp\/v2\/pages\/361"}],"wp:featuredmedia":[{"embeddable":true,"href":"https:\/\/lasentahotel.com\/vi\/wp-json\/wp\/v2\/media\/1019"}],"wp:attachment":[{"href":"https:\/\/lasentahotel.com\/vi\/wp-json\/wp\/v2\/media?parent=985"}],"curies":[{"name":"wp","href":"https:\/\/api.w.org\/{rel}","templated":true}]}}