{"id":984,"date":"2020-04-22T14:43:28","date_gmt":"2020-04-22T14:43:28","guid":{"rendered":"http:\/\/lasentaboutiquehotelhoian.ms.decms.asia\/?page_id=984"},"modified":"2024-11-06T13:05:41","modified_gmt":"2024-11-06T13:05:41","slug":"lasenta-spa","status":"publish","type":"page","link":"https:\/\/lasentahotel.com\/vi\/services-faclities\/rejuvenating-working-out\/lasenta-spa\/","title":{"rendered":"Lasenta Spa"},"content":{"rendered":"<p>n\u1eb1m \u1edf t\u1ea7ng d\u01b0\u1edbi g\u1ea7n khu v\u1ef1c Ti\u1ec1n s\u1ea3nh, v\u1edbi kh\u00f4ng gian ngh\u1ec9 ng\u01a1i y\u00ean t\u0129nh \u0111\u1ec3 b\u1ea1n c\u00f3 th\u1ec3 t\u1eadn h\u01b0\u1edfng v\u00e0 t\u1ef1 ch\u0103m s\u00f3c m\u00ecnh b\u1eb1ng m\u1ed9t lo\u1ea1t c\u00e1c li\u1ec7u ph\u00e1p Spa, th\u1ef1c hi\u1ec7n b\u1edfi c\u00e1c k\u1ef9 thu\u1eadt vi\u00ean \u0111\u01b0\u1ee3c \u0111\u00e0o t\u1ea1o chuy\u00ean nghi\u1ec7p .<\/p>\n<p>Lasenta Spa m\u1edf c\u1eeda t\u1eeb 09h00 \u0111\u1ebfn 20h00 h\u00e0ng ng\u00e0y.<\/p>\n","protected":false},"excerpt":{"rendered":"<p>n\u1eb1m \u1edf t\u1ea7ng d\u01b0\u1edbi g\u1ea7n khu v\u1ef1c Ti\u1ec1n s\u1ea3nh, v\u1edbi kh\u00f4ng gian ngh\u1ec9 ng\u01a1i y\u00ean t\u0129nh \u0111\u1ec3 b\u1ea1n c\u00f3 th\u1ec3 t\u1eadn h\u01b0\u1edfng v\u00e0 t\u1ef1 ch\u0103m s\u00f3c m\u00ecnh b\u1eb1ng m\u1ed9t lo\u1ea1t c\u00e1c li\u1ec7u ph\u00e1p Spa, th\u1ef1c hi\u1ec7n b\u1edfi c\u00e1c k\u1ef9 thu\u1eadt vi\u00ean \u0111\u01b0\u1ee3c \u0111\u00e0o t\u1ea1o chuy\u00ean nghi\u1ec7p . Lasenta Spa m\u1edf c\u1eeda t\u1eeb 09h00 \u0111\u1ebfn 20h00 [&hellip;]<\/p>\n","protected":false},"author":3,"featured_media":1213,"parent":361,"menu_order":0,"comment_status":"closed","ping_status":"closed","template":"","meta":{"footnotes":""},"yoast_head":"<!-- This site is optimized with the Yoast SEO plugin v22.3 - https:\/\/yoast.com\/wordpress\/plugins\/seo\/ -->\n<title>Lasenta Spa - Lasenta Boutique Hotel Hoi An<\/title>\n<meta name=\"robots\" content=\"index, follow, max-snippet:-1, max-image-preview:large, max-video-preview:-1\" \/>\n<link rel=\"canonical\" href=\"https:\/\/lasentahotel.com\/vi\/services-faclities\/rejuvenating-working-out\/lasenta-spa\/\" \/>\n<meta property=\"og:locale\" content=\"vi_VN\" \/>\n<meta property=\"og:type\" content=\"article\" \/>\n<meta property=\"og:title\" content=\"Lasenta Spa - Lasenta Boutique Hotel Hoi An\" \/>\n<meta property=\"og:description\" content=\"n\u1eb1m \u1edf t\u1ea7ng d\u01b0\u1edbi g\u1ea7n khu v\u1ef1c Ti\u1ec1n s\u1ea3nh, v\u1edbi kh\u00f4ng gian ngh\u1ec9 ng\u01a1i y\u00ean t\u0129nh \u0111\u1ec3 b\u1ea1n c\u00f3 th\u1ec3 t\u1eadn h\u01b0\u1edfng v\u00e0 t\u1ef1 ch\u0103m s\u00f3c m\u00ecnh b\u1eb1ng m\u1ed9t lo\u1ea1t c\u00e1c li\u1ec7u ph\u00e1p Spa, th\u1ef1c hi\u1ec7n b\u1edfi c\u00e1c k\u1ef9 thu\u1eadt vi\u00ean \u0111\u01b0\u1ee3c \u0111\u00e0o t\u1ea1o chuy\u00ean nghi\u1ec7p . Lasenta Spa m\u1edf c\u1eeda t\u1eeb 09h00 \u0111\u1ebfn 20h00 [&hellip;]\" \/>\n<meta property=\"og:url\" content=\"https:\/\/lasentahotel.com\/vi\/services-faclities\/rejuvenating-working-out\/lasenta-spa\/\" \/>\n<meta property=\"og:site_name\" content=\"Lasenta Boutique Hotel Hoi An\" \/>\n<meta property=\"article:modified_time\" content=\"2024-11-06T13:05:41+00:00\" \/>\n<meta property=\"og:image\" content=\"https:\/\/lasentahotel.com\/wp-content\/uploads\/sites\/82\/2024\/04\/A7R4941.jpg\" \/>\n\t<meta property=\"og:image:width\" content=\"1800\" \/>\n\t<meta property=\"og:image:height\" content=\"1200\" \/>\n\t<meta property=\"og:image:type\" content=\"image\/jpeg\" \/>\n<meta name=\"twitter:card\" content=\"summary_large_image\" \/>\n<meta name=\"twitter:label1\" content=\"Est. reading time\" \/>\n\t<meta name=\"twitter:data1\" content=\"1 minute\" \/>\n<script type=\"application\/ld+json\" class=\"yoast-schema-graph\">{\"@context\":\"https:\/\/schema.org\",\"@graph\":[{\"@type\":\"WebPage\",\"@id\":\"https:\/\/lasentahotel.com\/vi\/services-faclities\/rejuvenating-working-out\/lasenta-spa\/\",\"url\":\"https:\/\/lasentahotel.com\/vi\/services-faclities\/rejuvenating-working-out\/lasenta-spa\/\",\"name\":\"Lasenta Spa - Lasenta Boutique Hotel Hoi An\",\"isPartOf\":{\"@id\":\"https:\/\/lasentahotel.com\/vi\/#website\"},\"primaryImageOfPage\":{\"@id\":\"https:\/\/lasentahotel.com\/vi\/services-faclities\/rejuvenating-working-out\/lasenta-spa\/#primaryimage\"},\"image\":{\"@id\":\"https:\/\/lasentahotel.com\/vi\/services-faclities\/rejuvenating-working-out\/lasenta-spa\/#primaryimage\"},\"thumbnailUrl\":\"https:\/\/lasentahotel.com\/wp-content\/uploads\/sites\/82\/2024\/04\/A7R4941.jpg\",\"datePublished\":\"2020-04-22T14:43:28+00:00\",\"dateModified\":\"2024-11-06T13:05:41+00:00\",\"breadcrumb\":{\"@id\":\"https:\/\/lasentahotel.com\/vi\/services-faclities\/rejuvenating-working-out\/lasenta-spa\/#breadcrumb\"},\"inLanguage\":\"vi-VN\",\"potentialAction\":[{\"@type\":\"ReadAction\",\"target\":[\"https:\/\/lasentahotel.com\/vi\/services-faclities\/rejuvenating-working-out\/lasenta-spa\/\"]}]},{\"@type\":\"ImageObject\",\"inLanguage\":\"vi-VN\",\"@id\":\"https:\/\/lasentahotel.com\/vi\/services-faclities\/rejuvenating-working-out\/lasenta-spa\/#primaryimage\",\"url\":\"https:\/\/lasentahotel.com\/wp-content\/uploads\/sites\/82\/2024\/04\/A7R4941.jpg\",\"contentUrl\":\"https:\/\/lasentahotel.com\/wp-content\/uploads\/sites\/82\/2024\/04\/A7R4941.jpg\",\"width\":1800,\"height\":1200},{\"@type\":\"BreadcrumbList\",\"@id\":\"https:\/\/lasentahotel.com\/vi\/services-faclities\/rejuvenating-working-out\/lasenta-spa\/#breadcrumb\",\"itemListElement\":[{\"@type\":\"ListItem\",\"position\":1,\"name\":\"Home\",\"item\":\"https:\/\/lasentahotel.com\/vi\/\"},{\"@type\":\"ListItem\",\"position\":2,\"name\":\"D\u1ecbch v\u1ee5 &#038; Ti\u1ec7n nghi\",\"item\":\"https:\/\/lasentahotel.com\/vi\/services-faclities\/\"},{\"@type\":\"ListItem\",\"position\":3,\"name\":\"Ho\u1ea1t \u0111\u1ed9ng &#8211; Th\u01b0 gi\u00e3n\",\"item\":\"https:\/\/lasentahotel.com\/vi\/services-faclities\/rejuvenating-working-out\/\"},{\"@type\":\"ListItem\",\"position\":4,\"name\":\"Lasenta Spa\"}]},{\"@type\":\"WebSite\",\"@id\":\"https:\/\/lasentahotel.com\/vi\/#website\",\"url\":\"https:\/\/lasentahotel.com\/vi\/\",\"name\":\"Lasenta Boutique Hotel Hoi An\",\"description\":\"Just another D-EDGE CMS Asia Pacific site\",\"potentialAction\":[{\"@type\":\"SearchAction\",\"target\":{\"@type\":\"EntryPoint\",\"urlTemplate\":\"https:\/\/lasentahotel.com\/vi\/?s={search_term_string}\"},\"query-input\":\"required name=search_term_string\"}],\"inLanguage\":\"vi-VN\"}]}<\/script>\n<!-- \/ Yoast SEO plugin. -->","yoast_head_json":{"title":"Lasenta Spa - Lasenta Boutique Hotel Hoi An","robots":{"index":"index","follow":"follow","max-snippet":"max-snippet:-1","max-image-preview":"max-image-preview:large","max-video-preview":"max-video-preview:-1"},"canonical":"https:\/\/lasentahotel.com\/vi\/services-faclities\/rejuvenating-working-out\/lasenta-spa\/","og_locale":"vi_VN","og_type":"article","og_title":"Lasenta Spa - Lasenta Boutique Hotel Hoi An","og_description":"n\u1eb1m \u1edf t\u1ea7ng d\u01b0\u1edbi g\u1ea7n khu v\u1ef1c Ti\u1ec1n s\u1ea3nh, v\u1edbi kh\u00f4ng gian ngh\u1ec9 ng\u01a1i y\u00ean t\u0129nh \u0111\u1ec3 b\u1ea1n c\u00f3 th\u1ec3 t\u1eadn h\u01b0\u1edfng v\u00e0 t\u1ef1 ch\u0103m s\u00f3c m\u00ecnh b\u1eb1ng m\u1ed9t lo\u1ea1t c\u00e1c li\u1ec7u ph\u00e1p Spa, th\u1ef1c hi\u1ec7n b\u1edfi c\u00e1c k\u1ef9 thu\u1eadt vi\u00ean \u0111\u01b0\u1ee3c \u0111\u00e0o t\u1ea1o chuy\u00ean nghi\u1ec7p . Lasenta Spa m\u1edf c\u1eeda t\u1eeb 09h00 \u0111\u1ebfn 20h00 [&hellip;]","og_url":"https:\/\/lasentahotel.com\/vi\/services-faclities\/rejuvenating-working-out\/lasenta-spa\/","og_site_name":"Lasenta Boutique Hotel Hoi An","article_modified_time":"2024-11-06T13:05:41+00:00","og_image":[{"width":1800,"height":1200,"url":"https:\/\/lasentahotel.com\/wp-content\/uploads\/sites\/82\/2024\/04\/A7R4941.jpg","type":"image\/jpeg"}],"twitter_card":"summary_large_image","twitter_misc":{"Est. reading time":"1 minute"},"schema":{"@context":"https:\/\/schema.org","@graph":[{"@type":"WebPage","@id":"https:\/\/lasentahotel.com\/vi\/services-faclities\/rejuvenating-working-out\/lasenta-spa\/","url":"https:\/\/lasentahotel.com\/vi\/services-faclities\/rejuvenating-working-out\/lasenta-spa\/","name":"Lasenta Spa - Lasenta Boutique Hotel Hoi An","isPartOf":{"@id":"https:\/\/lasentahotel.com\/vi\/#website"},"primaryImageOfPage":{"@id":"https:\/\/lasentahotel.com\/vi\/services-faclities\/rejuvenating-working-out\/lasenta-spa\/#primaryimage"},"image":{"@id":"https:\/\/lasentahotel.com\/vi\/services-faclities\/rejuvenating-working-out\/lasenta-spa\/#primaryimage"},"thumbnailUrl":"https:\/\/lasentahotel.com\/wp-content\/uploads\/sites\/82\/2024\/04\/A7R4941.jpg","datePublished":"2020-04-22T14:43:28+00:00","dateModified":"2024-11-06T13:05:41+00:00","breadcrumb":{"@id":"https:\/\/lasentahotel.com\/vi\/services-faclities\/rejuvenating-working-out\/lasenta-spa\/#breadcrumb"},"inLanguage":"vi-VN","potentialAction":[{"@type":"ReadAction","target":["https:\/\/lasentahotel.com\/vi\/services-faclities\/rejuvenating-working-out\/lasenta-spa\/"]}]},{"@type":"ImageObject","inLanguage":"vi-VN","@id":"https:\/\/lasentahotel.com\/vi\/services-faclities\/rejuvenating-working-out\/lasenta-spa\/#primaryimage","url":"https:\/\/lasentahotel.com\/wp-content\/uploads\/sites\/82\/2024\/04\/A7R4941.jpg","contentUrl":"https:\/\/lasentahotel.com\/wp-content\/uploads\/sites\/82\/2024\/04\/A7R4941.jpg","width":1800,"height":1200},{"@type":"BreadcrumbList","@id":"https:\/\/lasentahotel.com\/vi\/services-faclities\/rejuvenating-working-out\/lasenta-spa\/#breadcrumb","itemListElement":[{"@type":"ListItem","position":1,"name":"Home","item":"https:\/\/lasentahotel.com\/vi\/"},{"@type":"ListItem","position":2,"name":"D\u1ecbch v\u1ee5 &#038; Ti\u1ec7n nghi","item":"https:\/\/lasentahotel.com\/vi\/services-faclities\/"},{"@type":"ListItem","position":3,"name":"Ho\u1ea1t \u0111\u1ed9ng &#8211; Th\u01b0 gi\u00e3n","item":"https:\/\/lasentahotel.com\/vi\/services-faclities\/rejuvenating-working-out\/"},{"@type":"ListItem","position":4,"name":"Lasenta Spa"}]},{"@type":"WebSite","@id":"https:\/\/lasentahotel.com\/vi\/#website","url":"https:\/\/lasentahotel.com\/vi\/","name":"Lasenta Boutique Hotel Hoi An","description":"Just another D-EDGE CMS Asia Pacific site","potentialAction":[{"@type":"SearchAction","target":{"@type":"EntryPoint","urlTemplate":"https:\/\/lasentahotel.com\/vi\/?s={search_term_string}"},"query-input":"required name=search_term_string"}],"inLanguage":"vi-VN"}]}},"_links":{"self":[{"href":"https:\/\/lasentahotel.com\/vi\/wp-json\/wp\/v2\/pages\/984"}],"collection":[{"href":"https:\/\/lasentahotel.com\/vi\/wp-json\/wp\/v2\/pages"}],"about":[{"href":"https:\/\/lasentahotel.com\/vi\/wp-json\/wp\/v2\/types\/page"}],"author":[{"embeddable":true,"href":"https:\/\/lasentahotel.com\/vi\/wp-json\/wp\/v2\/users\/3"}],"replies":[{"embeddable":true,"href":"https:\/\/lasentahotel.com\/vi\/wp-json\/wp\/v2\/comments?post=984"}],"version-history":[{"count":0,"href":"https:\/\/lasentahotel.com\/vi\/wp-json\/wp\/v2\/pages\/984\/revisions"}],"up":[{"embeddable":true,"href":"https:\/\/lasentahotel.com\/vi\/wp-json\/wp\/v2\/pages\/361"}],"wp:featuredmedia":[{"embeddable":true,"href":"https:\/\/lasentahotel.com\/vi\/wp-json\/wp\/v2\/media\/1213"}],"wp:attachment":[{"href":"https:\/\/lasentahotel.com\/vi\/wp-json\/wp\/v2\/media?parent=984"}],"curies":[{"name":"wp","href":"https:\/\/api.w.org\/{rel}","templated":true}]}}