{"id":983,"date":"2020-04-22T14:41:47","date_gmt":"2020-04-22T14:41:47","guid":{"rendered":"http:\/\/lasentaboutiquehotelhoian.ms.decms.asia\/?page_id=983"},"modified":"2020-04-22T14:42:59","modified_gmt":"2020-04-22T14:42:59","slug":"fitness-centre","status":"publish","type":"page","link":"https:\/\/lasentahotel.com\/vi\/services-faclities\/rejuvenating-working-out\/fitness-centre\/","title":{"rendered":"Ph\u00f2ng t\u1eadp Th\u1ec3 h\u00ecnh"},"content":{"rendered":"<p>T\u1ea5t c\u1ea3 kh\u00e1ch l\u01b0u tr\u00fa t\u1ea1i Lasenta \u0111\u1ec1u \u0111\u01b0\u1ee3c s\u1eed d\u1ee5ng mi\u1ec5n ph\u00ed Ph\u00f2ng t\u1eadp Th\u1ec3 h\u00ecnh c\u1ee7a ch\u00fang t\u00f4i (theo quy \u0111\u1ecbnh c\u1ee7a Ph\u00f2ng t\u1eadp) v\u00e0 ph\u00f2ng t\u1eadp \u0111\u00e3 \u0111\u01b0\u1ee3c cung c\u1ea5p c\u00e1c thi\u1ebft b\u1ecb nh\u01b0  m\u00e1y ch\u1ea1y b\u1ed9, xe \u0111\u1ea1p th\u1ec3 d\u1ee5c th\u1ea9m m\u1ef9.  B\u00ean c\u1ea1nh \u0111\u00f3 ph\u00f2ng t\u1eadp c\u0169ng d\u00e0nh ra m\u1ed9t khu v\u1ef1c nh\u1ecf ri\u00eang bi\u1ec7t \u0111\u1ec3 h\u1ed5 tr\u1ee3 kh\u00f4ng gian t\u1eadp Yoga cho kh\u00e1ch.<\/p>\n","protected":false},"excerpt":{"rendered":"<p>T\u1ea5t c\u1ea3 kh\u00e1ch l\u01b0u tr\u00fa t\u1ea1i Lasenta \u0111\u1ec1u \u0111\u01b0\u1ee3c s\u1eed d\u1ee5ng mi\u1ec5n ph\u00ed Ph\u00f2ng t\u1eadp Th\u1ec3 h\u00ecnh c\u1ee7a ch\u00fang t\u00f4i (theo quy \u0111\u1ecbnh c\u1ee7a Ph\u00f2ng t\u1eadp) v\u00e0 ph\u00f2ng t\u1eadp \u0111\u00e3 \u0111\u01b0\u1ee3c cung c\u1ea5p c\u00e1c thi\u1ebft b\u1ecb nh\u01b0 m\u00e1y ch\u1ea1y b\u1ed9, xe \u0111\u1ea1p th\u1ec3 d\u1ee5c th\u1ea9m m\u1ef9. B\u00ean c\u1ea1nh \u0111\u00f3 ph\u00f2ng t\u1eadp c\u0169ng d\u00e0nh ra m\u1ed9t [&hellip;]<\/p>\n","protected":false},"author":3,"featured_media":967,"parent":361,"menu_order":0,"comment_status":"closed","ping_status":"closed","template":"","meta":{"footnotes":""},"yoast_head":"<!-- This site is optimized with the Yoast SEO plugin v22.3 - https:\/\/yoast.com\/wordpress\/plugins\/seo\/ -->\n<title>Ph\u00f2ng t\u1eadp Th\u1ec3 h\u00ecnh - Lasenta Boutique Hotel Hoi An<\/title>\n<meta name=\"robots\" content=\"index, follow, max-snippet:-1, max-image-preview:large, max-video-preview:-1\" \/>\n<link rel=\"canonical\" href=\"https:\/\/lasentahotel.com\/vi\/services-faclities\/rejuvenating-working-out\/fitness-centre\/\" \/>\n<meta property=\"og:locale\" content=\"vi_VN\" \/>\n<meta property=\"og:type\" content=\"article\" \/>\n<meta property=\"og:title\" content=\"Ph\u00f2ng t\u1eadp Th\u1ec3 h\u00ecnh - Lasenta Boutique Hotel Hoi An\" \/>\n<meta property=\"og:description\" content=\"T\u1ea5t c\u1ea3 kh\u00e1ch l\u01b0u tr\u00fa t\u1ea1i Lasenta \u0111\u1ec1u \u0111\u01b0\u1ee3c s\u1eed d\u1ee5ng mi\u1ec5n ph\u00ed Ph\u00f2ng t\u1eadp Th\u1ec3 h\u00ecnh c\u1ee7a ch\u00fang t\u00f4i (theo quy \u0111\u1ecbnh c\u1ee7a Ph\u00f2ng t\u1eadp) v\u00e0 ph\u00f2ng t\u1eadp \u0111\u00e3 \u0111\u01b0\u1ee3c cung c\u1ea5p c\u00e1c thi\u1ebft b\u1ecb nh\u01b0 m\u00e1y ch\u1ea1y b\u1ed9, xe \u0111\u1ea1p th\u1ec3 d\u1ee5c th\u1ea9m m\u1ef9. B\u00ean c\u1ea1nh \u0111\u00f3 ph\u00f2ng t\u1eadp c\u0169ng d\u00e0nh ra m\u1ed9t [&hellip;]\" \/>\n<meta property=\"og:url\" content=\"https:\/\/lasentahotel.com\/vi\/services-faclities\/rejuvenating-working-out\/fitness-centre\/\" \/>\n<meta property=\"og:site_name\" content=\"Lasenta Boutique Hotel Hoi An\" \/>\n<meta property=\"article:modified_time\" content=\"2020-04-22T14:42:59+00:00\" \/>\n<meta property=\"og:image\" content=\"https:\/\/lasentahotel.com\/wp-content\/uploads\/sites\/82\/2020\/04\/Gym-1.jpg\" \/>\n\t<meta property=\"og:image:width\" content=\"1651\" \/>\n\t<meta property=\"og:image:height\" content=\"1200\" \/>\n\t<meta property=\"og:image:type\" content=\"image\/jpeg\" \/>\n<meta name=\"twitter:card\" content=\"summary_large_image\" \/>\n<meta name=\"twitter:label1\" content=\"Est. reading time\" \/>\n\t<meta name=\"twitter:data1\" content=\"1 minute\" \/>\n<script type=\"application\/ld+json\" class=\"yoast-schema-graph\">{\"@context\":\"https:\/\/schema.org\",\"@graph\":[{\"@type\":\"WebPage\",\"@id\":\"https:\/\/lasentahotel.com\/vi\/services-faclities\/rejuvenating-working-out\/fitness-centre\/\",\"url\":\"https:\/\/lasentahotel.com\/vi\/services-faclities\/rejuvenating-working-out\/fitness-centre\/\",\"name\":\"Ph\u00f2ng t\u1eadp Th\u1ec3 h\u00ecnh - Lasenta Boutique Hotel Hoi An\",\"isPartOf\":{\"@id\":\"https:\/\/lasentahotel.com\/vi\/#website\"},\"primaryImageOfPage\":{\"@id\":\"https:\/\/lasentahotel.com\/vi\/services-faclities\/rejuvenating-working-out\/fitness-centre\/#primaryimage\"},\"image\":{\"@id\":\"https:\/\/lasentahotel.com\/vi\/services-faclities\/rejuvenating-working-out\/fitness-centre\/#primaryimage\"},\"thumbnailUrl\":\"https:\/\/lasentahotel.com\/wp-content\/uploads\/sites\/82\/2020\/04\/Gym-1.jpg\",\"datePublished\":\"2020-04-22T14:41:47+00:00\",\"dateModified\":\"2020-04-22T14:42:59+00:00\",\"breadcrumb\":{\"@id\":\"https:\/\/lasentahotel.com\/vi\/services-faclities\/rejuvenating-working-out\/fitness-centre\/#breadcrumb\"},\"inLanguage\":\"vi-VN\",\"potentialAction\":[{\"@type\":\"ReadAction\",\"target\":[\"https:\/\/lasentahotel.com\/vi\/services-faclities\/rejuvenating-working-out\/fitness-centre\/\"]}]},{\"@type\":\"ImageObject\",\"inLanguage\":\"vi-VN\",\"@id\":\"https:\/\/lasentahotel.com\/vi\/services-faclities\/rejuvenating-working-out\/fitness-centre\/#primaryimage\",\"url\":\"https:\/\/lasentahotel.com\/wp-content\/uploads\/sites\/82\/2020\/04\/Gym-1.jpg\",\"contentUrl\":\"https:\/\/lasentahotel.com\/wp-content\/uploads\/sites\/82\/2020\/04\/Gym-1.jpg\",\"width\":1651,\"height\":1200},{\"@type\":\"BreadcrumbList\",\"@id\":\"https:\/\/lasentahotel.com\/vi\/services-faclities\/rejuvenating-working-out\/fitness-centre\/#breadcrumb\",\"itemListElement\":[{\"@type\":\"ListItem\",\"position\":1,\"name\":\"Home\",\"item\":\"https:\/\/lasentahotel.com\/vi\/\"},{\"@type\":\"ListItem\",\"position\":2,\"name\":\"D\u1ecbch v\u1ee5 &#038; Ti\u1ec7n nghi\",\"item\":\"https:\/\/lasentahotel.com\/vi\/services-faclities\/\"},{\"@type\":\"ListItem\",\"position\":3,\"name\":\"Ho\u1ea1t \u0111\u1ed9ng &#8211; Th\u01b0 gi\u00e3n\",\"item\":\"https:\/\/lasentahotel.com\/vi\/services-faclities\/rejuvenating-working-out\/\"},{\"@type\":\"ListItem\",\"position\":4,\"name\":\"Ph\u00f2ng t\u1eadp Th\u1ec3 h\u00ecnh\"}]},{\"@type\":\"WebSite\",\"@id\":\"https:\/\/lasentahotel.com\/vi\/#website\",\"url\":\"https:\/\/lasentahotel.com\/vi\/\",\"name\":\"Lasenta Boutique Hotel Hoi An\",\"description\":\"Just another D-EDGE CMS Asia Pacific site\",\"potentialAction\":[{\"@type\":\"SearchAction\",\"target\":{\"@type\":\"EntryPoint\",\"urlTemplate\":\"https:\/\/lasentahotel.com\/vi\/?s={search_term_string}\"},\"query-input\":\"required name=search_term_string\"}],\"inLanguage\":\"vi-VN\"}]}<\/script>\n<!-- \/ Yoast SEO plugin. -->","yoast_head_json":{"title":"Ph\u00f2ng t\u1eadp Th\u1ec3 h\u00ecnh - Lasenta Boutique Hotel Hoi An","robots":{"index":"index","follow":"follow","max-snippet":"max-snippet:-1","max-image-preview":"max-image-preview:large","max-video-preview":"max-video-preview:-1"},"canonical":"https:\/\/lasentahotel.com\/vi\/services-faclities\/rejuvenating-working-out\/fitness-centre\/","og_locale":"vi_VN","og_type":"article","og_title":"Ph\u00f2ng t\u1eadp Th\u1ec3 h\u00ecnh - Lasenta Boutique Hotel Hoi An","og_description":"T\u1ea5t c\u1ea3 kh\u00e1ch l\u01b0u tr\u00fa t\u1ea1i Lasenta \u0111\u1ec1u \u0111\u01b0\u1ee3c s\u1eed d\u1ee5ng mi\u1ec5n ph\u00ed Ph\u00f2ng t\u1eadp Th\u1ec3 h\u00ecnh c\u1ee7a ch\u00fang t\u00f4i (theo quy \u0111\u1ecbnh c\u1ee7a Ph\u00f2ng t\u1eadp) v\u00e0 ph\u00f2ng t\u1eadp \u0111\u00e3 \u0111\u01b0\u1ee3c cung c\u1ea5p c\u00e1c thi\u1ebft b\u1ecb nh\u01b0 m\u00e1y ch\u1ea1y b\u1ed9, xe \u0111\u1ea1p th\u1ec3 d\u1ee5c th\u1ea9m m\u1ef9. B\u00ean c\u1ea1nh \u0111\u00f3 ph\u00f2ng t\u1eadp c\u0169ng d\u00e0nh ra m\u1ed9t [&hellip;]","og_url":"https:\/\/lasentahotel.com\/vi\/services-faclities\/rejuvenating-working-out\/fitness-centre\/","og_site_name":"Lasenta Boutique Hotel Hoi An","article_modified_time":"2020-04-22T14:42:59+00:00","og_image":[{"width":1651,"height":1200,"url":"https:\/\/lasentahotel.com\/wp-content\/uploads\/sites\/82\/2020\/04\/Gym-1.jpg","type":"image\/jpeg"}],"twitter_card":"summary_large_image","twitter_misc":{"Est. reading time":"1 minute"},"schema":{"@context":"https:\/\/schema.org","@graph":[{"@type":"WebPage","@id":"https:\/\/lasentahotel.com\/vi\/services-faclities\/rejuvenating-working-out\/fitness-centre\/","url":"https:\/\/lasentahotel.com\/vi\/services-faclities\/rejuvenating-working-out\/fitness-centre\/","name":"Ph\u00f2ng t\u1eadp Th\u1ec3 h\u00ecnh - Lasenta Boutique Hotel Hoi An","isPartOf":{"@id":"https:\/\/lasentahotel.com\/vi\/#website"},"primaryImageOfPage":{"@id":"https:\/\/lasentahotel.com\/vi\/services-faclities\/rejuvenating-working-out\/fitness-centre\/#primaryimage"},"image":{"@id":"https:\/\/lasentahotel.com\/vi\/services-faclities\/rejuvenating-working-out\/fitness-centre\/#primaryimage"},"thumbnailUrl":"https:\/\/lasentahotel.com\/wp-content\/uploads\/sites\/82\/2020\/04\/Gym-1.jpg","datePublished":"2020-04-22T14:41:47+00:00","dateModified":"2020-04-22T14:42:59+00:00","breadcrumb":{"@id":"https:\/\/lasentahotel.com\/vi\/services-faclities\/rejuvenating-working-out\/fitness-centre\/#breadcrumb"},"inLanguage":"vi-VN","potentialAction":[{"@type":"ReadAction","target":["https:\/\/lasentahotel.com\/vi\/services-faclities\/rejuvenating-working-out\/fitness-centre\/"]}]},{"@type":"ImageObject","inLanguage":"vi-VN","@id":"https:\/\/lasentahotel.com\/vi\/services-faclities\/rejuvenating-working-out\/fitness-centre\/#primaryimage","url":"https:\/\/lasentahotel.com\/wp-content\/uploads\/sites\/82\/2020\/04\/Gym-1.jpg","contentUrl":"https:\/\/lasentahotel.com\/wp-content\/uploads\/sites\/82\/2020\/04\/Gym-1.jpg","width":1651,"height":1200},{"@type":"BreadcrumbList","@id":"https:\/\/lasentahotel.com\/vi\/services-faclities\/rejuvenating-working-out\/fitness-centre\/#breadcrumb","itemListElement":[{"@type":"ListItem","position":1,"name":"Home","item":"https:\/\/lasentahotel.com\/vi\/"},{"@type":"ListItem","position":2,"name":"D\u1ecbch v\u1ee5 &#038; Ti\u1ec7n nghi","item":"https:\/\/lasentahotel.com\/vi\/services-faclities\/"},{"@type":"ListItem","position":3,"name":"Ho\u1ea1t \u0111\u1ed9ng &#8211; Th\u01b0 gi\u00e3n","item":"https:\/\/lasentahotel.com\/vi\/services-faclities\/rejuvenating-working-out\/"},{"@type":"ListItem","position":4,"name":"Ph\u00f2ng t\u1eadp Th\u1ec3 h\u00ecnh"}]},{"@type":"WebSite","@id":"https:\/\/lasentahotel.com\/vi\/#website","url":"https:\/\/lasentahotel.com\/vi\/","name":"Lasenta Boutique Hotel Hoi An","description":"Just another D-EDGE CMS Asia Pacific site","potentialAction":[{"@type":"SearchAction","target":{"@type":"EntryPoint","urlTemplate":"https:\/\/lasentahotel.com\/vi\/?s={search_term_string}"},"query-input":"required name=search_term_string"}],"inLanguage":"vi-VN"}]}},"_links":{"self":[{"href":"https:\/\/lasentahotel.com\/vi\/wp-json\/wp\/v2\/pages\/983"}],"collection":[{"href":"https:\/\/lasentahotel.com\/vi\/wp-json\/wp\/v2\/pages"}],"about":[{"href":"https:\/\/lasentahotel.com\/vi\/wp-json\/wp\/v2\/types\/page"}],"author":[{"embeddable":true,"href":"https:\/\/lasentahotel.com\/vi\/wp-json\/wp\/v2\/users\/3"}],"replies":[{"embeddable":true,"href":"https:\/\/lasentahotel.com\/vi\/wp-json\/wp\/v2\/comments?post=983"}],"version-history":[{"count":0,"href":"https:\/\/lasentahotel.com\/vi\/wp-json\/wp\/v2\/pages\/983\/revisions"}],"up":[{"embeddable":true,"href":"https:\/\/lasentahotel.com\/vi\/wp-json\/wp\/v2\/pages\/361"}],"wp:featuredmedia":[{"embeddable":true,"href":"https:\/\/lasentahotel.com\/vi\/wp-json\/wp\/v2\/media\/967"}],"wp:attachment":[{"href":"https:\/\/lasentahotel.com\/vi\/wp-json\/wp\/v2\/media?parent=983"}],"curies":[{"name":"wp","href":"https:\/\/api.w.org\/{rel}","templated":true}]}}