{"id":981,"date":"2020-04-22T14:40:48","date_gmt":"2020-04-22T14:40:48","guid":{"rendered":"http:\/\/lasentaboutiquehotelhoian.ms.decms.asia\/?page_id=981"},"modified":"2020-06-25T02:18:37","modified_gmt":"2020-06-25T02:18:37","slug":"meeting-room","status":"publish","type":"page","link":"https:\/\/lasentahotel.com\/vi\/services-faclities\/meeting\/meeting-room\/","title":{"rendered":"Meeting Room"},"content":{"rendered":"<p align=\"justify\">Meeting Room t\u1ecda l\u1ea1c t\u1ea1i khu v\u1ef1c t\u1ea7ng h\u1ea7m c\u1ee7a Kh\u00e1ch S\u1ea1n.<\/p>\n<p align=\"justify\">Khu v\u1ef1c Meeting Room c\u00f3 s\u1ee9c ch\u1ee9a \u0111\u1ebfn 60 kh\u00e1ch. Kh\u00e1ch S\u1ea1n c\u00f3 th\u1ec3 b\u1ed1 tr\u00ed c\u00e1c trang thi\u1ebft b\u1ecb ph\u00f2ng h\u1ecdp theo y\u00eau c\u1ea7u. Qu\u00fd Kh\u00e1ch vui l\u00f2ng li\u00ean l\u1ea1c L\u1ec5 T\u00e2n \u0111\u1ec3 bi\u1ebft th\u00eam th\u00f4ng tin chi ti\u1ebft.<\/p>\n<p align=\"justify\">Meeting Room m\u1edf c\u1eeda t\u1eeb 10:00 \u0111\u1ebfn 21:00 h\u00e0ng ng\u00e0y.<\/p>\n","protected":false},"excerpt":{"rendered":"<p>Meeting Room t\u1ecda l\u1ea1c t\u1ea1i khu v\u1ef1c t\u1ea7ng h\u1ea7m c\u1ee7a Kh\u00e1ch S\u1ea1n. Khu v\u1ef1c Meeting Room c\u00f3 s\u1ee9c ch\u1ee9a \u0111\u1ebfn 60 kh\u00e1ch. Kh\u00e1ch S\u1ea1n c\u00f3 th\u1ec3 b\u1ed1 tr\u00ed c\u00e1c trang thi\u1ebft b\u1ecb ph\u00f2ng h\u1ecdp theo y\u00eau c\u1ea7u. Qu\u00fd Kh\u00e1ch vui l\u00f2ng li\u00ean l\u1ea1c L\u1ec5 T\u00e2n \u0111\u1ec3 bi\u1ebft th\u00eam th\u00f4ng tin chi ti\u1ebft. Meeting Room m\u1edf [&hellip;]<\/p>\n","protected":false},"author":3,"featured_media":1125,"parent":440,"menu_order":0,"comment_status":"closed","ping_status":"closed","template":"","meta":{"footnotes":""},"yoast_head":"<!-- This site is optimized with the Yoast SEO plugin v22.3 - https:\/\/yoast.com\/wordpress\/plugins\/seo\/ -->\n<title>Meeting Room - Lasenta Boutique Hotel Hoi An<\/title>\n<meta name=\"robots\" content=\"index, follow, max-snippet:-1, max-image-preview:large, max-video-preview:-1\" \/>\n<link rel=\"canonical\" href=\"https:\/\/lasentahotel.com\/vi\/services-faclities\/meeting\/meeting-room\/\" \/>\n<meta property=\"og:locale\" content=\"vi_VN\" \/>\n<meta property=\"og:type\" content=\"article\" \/>\n<meta property=\"og:title\" content=\"Meeting Room - Lasenta Boutique Hotel Hoi An\" \/>\n<meta property=\"og:description\" content=\"Meeting Room t\u1ecda l\u1ea1c t\u1ea1i khu v\u1ef1c t\u1ea7ng h\u1ea7m c\u1ee7a Kh\u00e1ch S\u1ea1n. Khu v\u1ef1c Meeting Room c\u00f3 s\u1ee9c ch\u1ee9a \u0111\u1ebfn 60 kh\u00e1ch. Kh\u00e1ch S\u1ea1n c\u00f3 th\u1ec3 b\u1ed1 tr\u00ed c\u00e1c trang thi\u1ebft b\u1ecb ph\u00f2ng h\u1ecdp theo y\u00eau c\u1ea7u. Qu\u00fd Kh\u00e1ch vui l\u00f2ng li\u00ean l\u1ea1c L\u1ec5 T\u00e2n \u0111\u1ec3 bi\u1ebft th\u00eam th\u00f4ng tin chi ti\u1ebft. Meeting Room m\u1edf [&hellip;]\" \/>\n<meta property=\"og:url\" content=\"https:\/\/lasentahotel.com\/vi\/services-faclities\/meeting\/meeting-room\/\" \/>\n<meta property=\"og:site_name\" content=\"Lasenta Boutique Hotel Hoi An\" \/>\n<meta property=\"article:modified_time\" content=\"2020-06-25T02:18:37+00:00\" \/>\n<meta property=\"og:image\" content=\"https:\/\/lasentahotel.com\/wp-content\/uploads\/sites\/82\/2021\/04\/MEETING-ROOM-SHOP-2.jpg\" \/>\n\t<meta property=\"og:image:width\" content=\"2133\" \/>\n\t<meta property=\"og:image:height\" content=\"1200\" \/>\n\t<meta property=\"og:image:type\" content=\"image\/jpeg\" \/>\n<meta name=\"twitter:card\" content=\"summary_large_image\" \/>\n<script type=\"application\/ld+json\" class=\"yoast-schema-graph\">{\"@context\":\"https:\/\/schema.org\",\"@graph\":[{\"@type\":\"WebPage\",\"@id\":\"https:\/\/lasentahotel.com\/vi\/services-faclities\/meeting\/meeting-room\/\",\"url\":\"https:\/\/lasentahotel.com\/vi\/services-faclities\/meeting\/meeting-room\/\",\"name\":\"Meeting Room - Lasenta Boutique Hotel Hoi An\",\"isPartOf\":{\"@id\":\"https:\/\/lasentahotel.com\/vi\/#website\"},\"primaryImageOfPage\":{\"@id\":\"https:\/\/lasentahotel.com\/vi\/services-faclities\/meeting\/meeting-room\/#primaryimage\"},\"image\":{\"@id\":\"https:\/\/lasentahotel.com\/vi\/services-faclities\/meeting\/meeting-room\/#primaryimage\"},\"thumbnailUrl\":\"https:\/\/lasentahotel.com\/wp-content\/uploads\/sites\/82\/2021\/04\/MEETING-ROOM-SHOP-2.jpg\",\"datePublished\":\"2020-04-22T14:40:48+00:00\",\"dateModified\":\"2020-06-25T02:18:37+00:00\",\"breadcrumb\":{\"@id\":\"https:\/\/lasentahotel.com\/vi\/services-faclities\/meeting\/meeting-room\/#breadcrumb\"},\"inLanguage\":\"vi-VN\",\"potentialAction\":[{\"@type\":\"ReadAction\",\"target\":[\"https:\/\/lasentahotel.com\/vi\/services-faclities\/meeting\/meeting-room\/\"]}]},{\"@type\":\"ImageObject\",\"inLanguage\":\"vi-VN\",\"@id\":\"https:\/\/lasentahotel.com\/vi\/services-faclities\/meeting\/meeting-room\/#primaryimage\",\"url\":\"https:\/\/lasentahotel.com\/wp-content\/uploads\/sites\/82\/2021\/04\/MEETING-ROOM-SHOP-2.jpg\",\"contentUrl\":\"https:\/\/lasentahotel.com\/wp-content\/uploads\/sites\/82\/2021\/04\/MEETING-ROOM-SHOP-2.jpg\",\"width\":2133,\"height\":1200,\"caption\":\"Meetings\"},{\"@type\":\"BreadcrumbList\",\"@id\":\"https:\/\/lasentahotel.com\/vi\/services-faclities\/meeting\/meeting-room\/#breadcrumb\",\"itemListElement\":[{\"@type\":\"ListItem\",\"position\":1,\"name\":\"Home\",\"item\":\"https:\/\/lasentahotel.com\/vi\/\"},{\"@type\":\"ListItem\",\"position\":2,\"name\":\"D\u1ecbch v\u1ee5 &#038; Ti\u1ec7n nghi\",\"item\":\"https:\/\/lasentahotel.com\/vi\/services-faclities\/\"},{\"@type\":\"ListItem\",\"position\":3,\"name\":\"H\u1ed9i H\u1ecdp\",\"item\":\"https:\/\/lasentahotel.com\/vi\/services-faclities\/meeting\/\"},{\"@type\":\"ListItem\",\"position\":4,\"name\":\"Meeting Room\"}]},{\"@type\":\"WebSite\",\"@id\":\"https:\/\/lasentahotel.com\/vi\/#website\",\"url\":\"https:\/\/lasentahotel.com\/vi\/\",\"name\":\"Lasenta Boutique Hotel Hoi An\",\"description\":\"Just another D-EDGE CMS Asia Pacific site\",\"potentialAction\":[{\"@type\":\"SearchAction\",\"target\":{\"@type\":\"EntryPoint\",\"urlTemplate\":\"https:\/\/lasentahotel.com\/vi\/?s={search_term_string}\"},\"query-input\":\"required name=search_term_string\"}],\"inLanguage\":\"vi-VN\"}]}<\/script>\n<!-- \/ Yoast SEO plugin. -->","yoast_head_json":{"title":"Meeting Room - Lasenta Boutique Hotel Hoi An","robots":{"index":"index","follow":"follow","max-snippet":"max-snippet:-1","max-image-preview":"max-image-preview:large","max-video-preview":"max-video-preview:-1"},"canonical":"https:\/\/lasentahotel.com\/vi\/services-faclities\/meeting\/meeting-room\/","og_locale":"vi_VN","og_type":"article","og_title":"Meeting Room - Lasenta Boutique Hotel Hoi An","og_description":"Meeting Room t\u1ecda l\u1ea1c t\u1ea1i khu v\u1ef1c t\u1ea7ng h\u1ea7m c\u1ee7a Kh\u00e1ch S\u1ea1n. Khu v\u1ef1c Meeting Room c\u00f3 s\u1ee9c ch\u1ee9a \u0111\u1ebfn 60 kh\u00e1ch. Kh\u00e1ch S\u1ea1n c\u00f3 th\u1ec3 b\u1ed1 tr\u00ed c\u00e1c trang thi\u1ebft b\u1ecb ph\u00f2ng h\u1ecdp theo y\u00eau c\u1ea7u. Qu\u00fd Kh\u00e1ch vui l\u00f2ng li\u00ean l\u1ea1c L\u1ec5 T\u00e2n \u0111\u1ec3 bi\u1ebft th\u00eam th\u00f4ng tin chi ti\u1ebft. Meeting Room m\u1edf [&hellip;]","og_url":"https:\/\/lasentahotel.com\/vi\/services-faclities\/meeting\/meeting-room\/","og_site_name":"Lasenta Boutique Hotel Hoi An","article_modified_time":"2020-06-25T02:18:37+00:00","og_image":[{"width":2133,"height":1200,"url":"https:\/\/lasentahotel.com\/wp-content\/uploads\/sites\/82\/2021\/04\/MEETING-ROOM-SHOP-2.jpg","type":"image\/jpeg"}],"twitter_card":"summary_large_image","schema":{"@context":"https:\/\/schema.org","@graph":[{"@type":"WebPage","@id":"https:\/\/lasentahotel.com\/vi\/services-faclities\/meeting\/meeting-room\/","url":"https:\/\/lasentahotel.com\/vi\/services-faclities\/meeting\/meeting-room\/","name":"Meeting Room - Lasenta Boutique Hotel Hoi An","isPartOf":{"@id":"https:\/\/lasentahotel.com\/vi\/#website"},"primaryImageOfPage":{"@id":"https:\/\/lasentahotel.com\/vi\/services-faclities\/meeting\/meeting-room\/#primaryimage"},"image":{"@id":"https:\/\/lasentahotel.com\/vi\/services-faclities\/meeting\/meeting-room\/#primaryimage"},"thumbnailUrl":"https:\/\/lasentahotel.com\/wp-content\/uploads\/sites\/82\/2021\/04\/MEETING-ROOM-SHOP-2.jpg","datePublished":"2020-04-22T14:40:48+00:00","dateModified":"2020-06-25T02:18:37+00:00","breadcrumb":{"@id":"https:\/\/lasentahotel.com\/vi\/services-faclities\/meeting\/meeting-room\/#breadcrumb"},"inLanguage":"vi-VN","potentialAction":[{"@type":"ReadAction","target":["https:\/\/lasentahotel.com\/vi\/services-faclities\/meeting\/meeting-room\/"]}]},{"@type":"ImageObject","inLanguage":"vi-VN","@id":"https:\/\/lasentahotel.com\/vi\/services-faclities\/meeting\/meeting-room\/#primaryimage","url":"https:\/\/lasentahotel.com\/wp-content\/uploads\/sites\/82\/2021\/04\/MEETING-ROOM-SHOP-2.jpg","contentUrl":"https:\/\/lasentahotel.com\/wp-content\/uploads\/sites\/82\/2021\/04\/MEETING-ROOM-SHOP-2.jpg","width":2133,"height":1200,"caption":"Meetings"},{"@type":"BreadcrumbList","@id":"https:\/\/lasentahotel.com\/vi\/services-faclities\/meeting\/meeting-room\/#breadcrumb","itemListElement":[{"@type":"ListItem","position":1,"name":"Home","item":"https:\/\/lasentahotel.com\/vi\/"},{"@type":"ListItem","position":2,"name":"D\u1ecbch v\u1ee5 &#038; Ti\u1ec7n nghi","item":"https:\/\/lasentahotel.com\/vi\/services-faclities\/"},{"@type":"ListItem","position":3,"name":"H\u1ed9i H\u1ecdp","item":"https:\/\/lasentahotel.com\/vi\/services-faclities\/meeting\/"},{"@type":"ListItem","position":4,"name":"Meeting Room"}]},{"@type":"WebSite","@id":"https:\/\/lasentahotel.com\/vi\/#website","url":"https:\/\/lasentahotel.com\/vi\/","name":"Lasenta Boutique Hotel Hoi An","description":"Just another D-EDGE CMS Asia Pacific site","potentialAction":[{"@type":"SearchAction","target":{"@type":"EntryPoint","urlTemplate":"https:\/\/lasentahotel.com\/vi\/?s={search_term_string}"},"query-input":"required name=search_term_string"}],"inLanguage":"vi-VN"}]}},"_links":{"self":[{"href":"https:\/\/lasentahotel.com\/vi\/wp-json\/wp\/v2\/pages\/981"}],"collection":[{"href":"https:\/\/lasentahotel.com\/vi\/wp-json\/wp\/v2\/pages"}],"about":[{"href":"https:\/\/lasentahotel.com\/vi\/wp-json\/wp\/v2\/types\/page"}],"author":[{"embeddable":true,"href":"https:\/\/lasentahotel.com\/vi\/wp-json\/wp\/v2\/users\/3"}],"replies":[{"embeddable":true,"href":"https:\/\/lasentahotel.com\/vi\/wp-json\/wp\/v2\/comments?post=981"}],"version-history":[{"count":0,"href":"https:\/\/lasentahotel.com\/vi\/wp-json\/wp\/v2\/pages\/981\/revisions"}],"up":[{"embeddable":true,"href":"https:\/\/lasentahotel.com\/vi\/wp-json\/wp\/v2\/pages\/440"}],"wp:featuredmedia":[{"embeddable":true,"href":"https:\/\/lasentahotel.com\/vi\/wp-json\/wp\/v2\/media\/1125"}],"wp:attachment":[{"href":"https:\/\/lasentahotel.com\/vi\/wp-json\/wp\/v2\/media?parent=981"}],"curies":[{"name":"wp","href":"https:\/\/api.w.org\/{rel}","templated":true}]}}