{"id":980,"date":"2020-04-22T14:39:27","date_gmt":"2020-04-22T14:39:27","guid":{"rendered":"http:\/\/lasentaboutiquehotelhoian.ms.decms.asia\/?page_id=980"},"modified":"2020-04-22T14:40:37","modified_gmt":"2020-04-22T14:40:37","slug":"business-center","status":"publish","type":"page","link":"https:\/\/lasentahotel.com\/vi\/services-faclities\/meeting\/business-center\/","title":{"rendered":"Business Center"},"content":{"rendered":"<p>Business Center t\u1ecda l\u1ea1c t\u1ea1i ph\u00eda sau khu v\u1ef1c L\u1ec5 T\u00e2n. Khu v\u1ef1c Business Center c\u00f3 trang b\u1ecb m\u00e1y t\u00ednh cho Qu\u00fd Kh\u00e1ch s\u1eef d\u1ee5ng mi\u1ec5n ph\u00ed.<\/p>\n<p>Business Center m\u1edf c\u1eeda t\u1eeb 10:00 \u0111\u1ebfn 22:00 h\u00e0ng ng\u00e0y.\t<\/p>\n","protected":false},"excerpt":{"rendered":"<p>Business Center t\u1ecda l\u1ea1c t\u1ea1i ph\u00eda sau khu v\u1ef1c L\u1ec5 T\u00e2n. Khu v\u1ef1c Business Center c\u00f3 trang b\u1ecb m\u00e1y t\u00ednh cho Qu\u00fd Kh\u00e1ch s\u1eef d\u1ee5ng mi\u1ec5n ph\u00ed. Business Center m\u1edf c\u1eeda t\u1eeb 10:00 \u0111\u1ebfn 22:00 h\u00e0ng ng\u00e0y.<\/p>\n","protected":false},"author":3,"featured_media":942,"parent":440,"menu_order":0,"comment_status":"closed","ping_status":"closed","template":"","meta":{"footnotes":""},"yoast_head":"<!-- This site is optimized with the Yoast SEO plugin v22.3 - https:\/\/yoast.com\/wordpress\/plugins\/seo\/ -->\n<title>Business Center - Lasenta Boutique Hotel Hoi An<\/title>\n<meta name=\"robots\" content=\"index, follow, max-snippet:-1, max-image-preview:large, max-video-preview:-1\" \/>\n<link rel=\"canonical\" href=\"https:\/\/lasentahotel.com\/vi\/services-faclities\/meeting\/business-center\/\" \/>\n<meta property=\"og:locale\" content=\"vi_VN\" \/>\n<meta property=\"og:type\" content=\"article\" \/>\n<meta property=\"og:title\" content=\"Business Center - Lasenta Boutique Hotel Hoi An\" \/>\n<meta property=\"og:description\" content=\"Business Center t\u1ecda l\u1ea1c t\u1ea1i ph\u00eda sau khu v\u1ef1c L\u1ec5 T\u00e2n. Khu v\u1ef1c Business Center c\u00f3 trang b\u1ecb m\u00e1y t\u00ednh cho Qu\u00fd Kh\u00e1ch s\u1eef d\u1ee5ng mi\u1ec5n ph\u00ed. Business Center m\u1edf c\u1eeda t\u1eeb 10:00 \u0111\u1ebfn 22:00 h\u00e0ng ng\u00e0y.\" \/>\n<meta property=\"og:url\" content=\"https:\/\/lasentahotel.com\/vi\/services-faclities\/meeting\/business-center\/\" \/>\n<meta property=\"og:site_name\" content=\"Lasenta Boutique Hotel Hoi An\" \/>\n<meta property=\"article:modified_time\" content=\"2020-04-22T14:40:37+00:00\" \/>\n<meta property=\"og:image\" content=\"https:\/\/lasentahotel.com\/wp-content\/uploads\/sites\/82\/2020\/04\/Business-Center.jpg\" \/>\n\t<meta property=\"og:image:width\" content=\"1600\" \/>\n\t<meta property=\"og:image:height\" content=\"1200\" \/>\n\t<meta property=\"og:image:type\" content=\"image\/jpeg\" \/>\n<meta name=\"twitter:card\" content=\"summary_large_image\" \/>\n<script type=\"application\/ld+json\" class=\"yoast-schema-graph\">{\"@context\":\"https:\/\/schema.org\",\"@graph\":[{\"@type\":\"WebPage\",\"@id\":\"https:\/\/lasentahotel.com\/vi\/services-faclities\/meeting\/business-center\/\",\"url\":\"https:\/\/lasentahotel.com\/vi\/services-faclities\/meeting\/business-center\/\",\"name\":\"Business Center - Lasenta Boutique Hotel Hoi An\",\"isPartOf\":{\"@id\":\"https:\/\/lasentahotel.com\/vi\/#website\"},\"primaryImageOfPage\":{\"@id\":\"https:\/\/lasentahotel.com\/vi\/services-faclities\/meeting\/business-center\/#primaryimage\"},\"image\":{\"@id\":\"https:\/\/lasentahotel.com\/vi\/services-faclities\/meeting\/business-center\/#primaryimage\"},\"thumbnailUrl\":\"https:\/\/lasentahotel.com\/wp-content\/uploads\/sites\/82\/2020\/04\/Business-Center.jpg\",\"datePublished\":\"2020-04-22T14:39:27+00:00\",\"dateModified\":\"2020-04-22T14:40:37+00:00\",\"breadcrumb\":{\"@id\":\"https:\/\/lasentahotel.com\/vi\/services-faclities\/meeting\/business-center\/#breadcrumb\"},\"inLanguage\":\"vi-VN\",\"potentialAction\":[{\"@type\":\"ReadAction\",\"target\":[\"https:\/\/lasentahotel.com\/vi\/services-faclities\/meeting\/business-center\/\"]}]},{\"@type\":\"ImageObject\",\"inLanguage\":\"vi-VN\",\"@id\":\"https:\/\/lasentahotel.com\/vi\/services-faclities\/meeting\/business-center\/#primaryimage\",\"url\":\"https:\/\/lasentahotel.com\/wp-content\/uploads\/sites\/82\/2020\/04\/Business-Center.jpg\",\"contentUrl\":\"https:\/\/lasentahotel.com\/wp-content\/uploads\/sites\/82\/2020\/04\/Business-Center.jpg\",\"width\":1600,\"height\":1200},{\"@type\":\"BreadcrumbList\",\"@id\":\"https:\/\/lasentahotel.com\/vi\/services-faclities\/meeting\/business-center\/#breadcrumb\",\"itemListElement\":[{\"@type\":\"ListItem\",\"position\":1,\"name\":\"Home\",\"item\":\"https:\/\/lasentahotel.com\/vi\/\"},{\"@type\":\"ListItem\",\"position\":2,\"name\":\"D\u1ecbch v\u1ee5 &#038; Ti\u1ec7n nghi\",\"item\":\"https:\/\/lasentahotel.com\/vi\/services-faclities\/\"},{\"@type\":\"ListItem\",\"position\":3,\"name\":\"H\u1ed9i H\u1ecdp\",\"item\":\"https:\/\/lasentahotel.com\/vi\/services-faclities\/meeting\/\"},{\"@type\":\"ListItem\",\"position\":4,\"name\":\"Business Center\"}]},{\"@type\":\"WebSite\",\"@id\":\"https:\/\/lasentahotel.com\/vi\/#website\",\"url\":\"https:\/\/lasentahotel.com\/vi\/\",\"name\":\"Lasenta Boutique Hotel Hoi An\",\"description\":\"Just another D-EDGE CMS Asia Pacific site\",\"potentialAction\":[{\"@type\":\"SearchAction\",\"target\":{\"@type\":\"EntryPoint\",\"urlTemplate\":\"https:\/\/lasentahotel.com\/vi\/?s={search_term_string}\"},\"query-input\":\"required name=search_term_string\"}],\"inLanguage\":\"vi-VN\"}]}<\/script>\n<!-- \/ Yoast SEO plugin. -->","yoast_head_json":{"title":"Business Center - Lasenta Boutique Hotel Hoi An","robots":{"index":"index","follow":"follow","max-snippet":"max-snippet:-1","max-image-preview":"max-image-preview:large","max-video-preview":"max-video-preview:-1"},"canonical":"https:\/\/lasentahotel.com\/vi\/services-faclities\/meeting\/business-center\/","og_locale":"vi_VN","og_type":"article","og_title":"Business Center - Lasenta Boutique Hotel Hoi An","og_description":"Business Center t\u1ecda l\u1ea1c t\u1ea1i ph\u00eda sau khu v\u1ef1c L\u1ec5 T\u00e2n. Khu v\u1ef1c Business Center c\u00f3 trang b\u1ecb m\u00e1y t\u00ednh cho Qu\u00fd Kh\u00e1ch s\u1eef d\u1ee5ng mi\u1ec5n ph\u00ed. Business Center m\u1edf c\u1eeda t\u1eeb 10:00 \u0111\u1ebfn 22:00 h\u00e0ng ng\u00e0y.","og_url":"https:\/\/lasentahotel.com\/vi\/services-faclities\/meeting\/business-center\/","og_site_name":"Lasenta Boutique Hotel Hoi An","article_modified_time":"2020-04-22T14:40:37+00:00","og_image":[{"width":1600,"height":1200,"url":"https:\/\/lasentahotel.com\/wp-content\/uploads\/sites\/82\/2020\/04\/Business-Center.jpg","type":"image\/jpeg"}],"twitter_card":"summary_large_image","schema":{"@context":"https:\/\/schema.org","@graph":[{"@type":"WebPage","@id":"https:\/\/lasentahotel.com\/vi\/services-faclities\/meeting\/business-center\/","url":"https:\/\/lasentahotel.com\/vi\/services-faclities\/meeting\/business-center\/","name":"Business Center - Lasenta Boutique Hotel Hoi An","isPartOf":{"@id":"https:\/\/lasentahotel.com\/vi\/#website"},"primaryImageOfPage":{"@id":"https:\/\/lasentahotel.com\/vi\/services-faclities\/meeting\/business-center\/#primaryimage"},"image":{"@id":"https:\/\/lasentahotel.com\/vi\/services-faclities\/meeting\/business-center\/#primaryimage"},"thumbnailUrl":"https:\/\/lasentahotel.com\/wp-content\/uploads\/sites\/82\/2020\/04\/Business-Center.jpg","datePublished":"2020-04-22T14:39:27+00:00","dateModified":"2020-04-22T14:40:37+00:00","breadcrumb":{"@id":"https:\/\/lasentahotel.com\/vi\/services-faclities\/meeting\/business-center\/#breadcrumb"},"inLanguage":"vi-VN","potentialAction":[{"@type":"ReadAction","target":["https:\/\/lasentahotel.com\/vi\/services-faclities\/meeting\/business-center\/"]}]},{"@type":"ImageObject","inLanguage":"vi-VN","@id":"https:\/\/lasentahotel.com\/vi\/services-faclities\/meeting\/business-center\/#primaryimage","url":"https:\/\/lasentahotel.com\/wp-content\/uploads\/sites\/82\/2020\/04\/Business-Center.jpg","contentUrl":"https:\/\/lasentahotel.com\/wp-content\/uploads\/sites\/82\/2020\/04\/Business-Center.jpg","width":1600,"height":1200},{"@type":"BreadcrumbList","@id":"https:\/\/lasentahotel.com\/vi\/services-faclities\/meeting\/business-center\/#breadcrumb","itemListElement":[{"@type":"ListItem","position":1,"name":"Home","item":"https:\/\/lasentahotel.com\/vi\/"},{"@type":"ListItem","position":2,"name":"D\u1ecbch v\u1ee5 &#038; Ti\u1ec7n nghi","item":"https:\/\/lasentahotel.com\/vi\/services-faclities\/"},{"@type":"ListItem","position":3,"name":"H\u1ed9i H\u1ecdp","item":"https:\/\/lasentahotel.com\/vi\/services-faclities\/meeting\/"},{"@type":"ListItem","position":4,"name":"Business Center"}]},{"@type":"WebSite","@id":"https:\/\/lasentahotel.com\/vi\/#website","url":"https:\/\/lasentahotel.com\/vi\/","name":"Lasenta Boutique Hotel Hoi An","description":"Just another D-EDGE CMS Asia Pacific site","potentialAction":[{"@type":"SearchAction","target":{"@type":"EntryPoint","urlTemplate":"https:\/\/lasentahotel.com\/vi\/?s={search_term_string}"},"query-input":"required name=search_term_string"}],"inLanguage":"vi-VN"}]}},"_links":{"self":[{"href":"https:\/\/lasentahotel.com\/vi\/wp-json\/wp\/v2\/pages\/980"}],"collection":[{"href":"https:\/\/lasentahotel.com\/vi\/wp-json\/wp\/v2\/pages"}],"about":[{"href":"https:\/\/lasentahotel.com\/vi\/wp-json\/wp\/v2\/types\/page"}],"author":[{"embeddable":true,"href":"https:\/\/lasentahotel.com\/vi\/wp-json\/wp\/v2\/users\/3"}],"replies":[{"embeddable":true,"href":"https:\/\/lasentahotel.com\/vi\/wp-json\/wp\/v2\/comments?post=980"}],"version-history":[{"count":0,"href":"https:\/\/lasentahotel.com\/vi\/wp-json\/wp\/v2\/pages\/980\/revisions"}],"up":[{"embeddable":true,"href":"https:\/\/lasentahotel.com\/vi\/wp-json\/wp\/v2\/pages\/440"}],"wp:featuredmedia":[{"embeddable":true,"href":"https:\/\/lasentahotel.com\/vi\/wp-json\/wp\/v2\/media\/942"}],"wp:attachment":[{"href":"https:\/\/lasentahotel.com\/vi\/wp-json\/wp\/v2\/media?parent=980"}],"curies":[{"name":"wp","href":"https:\/\/api.w.org\/{rel}","templated":true}]}}