{"id":979,"date":"2020-04-22T14:37:12","date_gmt":"2020-04-22T14:37:12","guid":{"rendered":"http:\/\/lasentaboutiquehotelhoian.ms.decms.asia\/?page_id=979"},"modified":"2020-06-25T02:20:20","modified_gmt":"2020-06-25T02:20:20","slug":"travel-desk","status":"publish","type":"page","link":"https:\/\/lasentahotel.com\/vi\/services-faclities\/ancillary-services\/travel-desk\/","title":{"rendered":"Du l\u1ecbch Tham Quan"},"content":{"rendered":"<p align=\"justify\">Qu\u00fd kh\u00e1ch vui l\u00f2ng li\u00ean l\u1ea1c L\u1ec5 T\u00e2n ho\u1eb7c tham kh\u1ea3o Room Directory \u0111\u1ec3 tham gia c\u00e1c ch\u01b0\u01a1ng tr\u00ecnh du l\u1ecbch t\u1ea1i khu v\u1ef1c H\u1ed9i An v\u00e0 c\u00e1c v\u00f9ng l\u00e2n c\u1eadn.<\/p>\n<p align=\"justify\">\u0110\u1ec3 thu\u1eadn ti\u1ec7n, qu\u00fd kh\u00e1ch c\u00f3 th\u1ec3 li\u00ean h\u1ec7 y\u00eau c\u1ea7u c\u00e1c d\u1ecbch v\u1ee5 n\u00e0y tr\u01b0\u1edbc b\u1eb1ng c\u00e1ch g\u1eedi email \u0111\u1ebfn \u0111\u1ecba ch\u1ec9 info@lasentahotel.com. \u0110\u1ed9i ng\u0169 c\u1ee7a ch\u00fang t\u00f4i s\u1ebd h\u1ed7 tr\u1ee3 b\u1ea1n s\u1edbm nh\u1ea5t.<\/p>\n","protected":false},"excerpt":{"rendered":"<p>Qu\u00fd kh\u00e1ch vui l\u00f2ng li\u00ean l\u1ea1c L\u1ec5 T\u00e2n ho\u1eb7c tham kh\u1ea3o Room Directory \u0111\u1ec3 tham gia c\u00e1c ch\u01b0\u01a1ng tr\u00ecnh du l\u1ecbch t\u1ea1i khu v\u1ef1c H\u1ed9i An v\u00e0 c\u00e1c v\u00f9ng l\u00e2n c\u1eadn. \u0110\u1ec3 thu\u1eadn ti\u1ec7n, qu\u00fd kh\u00e1ch c\u00f3 th\u1ec3 li\u00ean h\u1ec7 y\u00eau c\u1ea7u c\u00e1c d\u1ecbch v\u1ee5 n\u00e0y tr\u01b0\u1edbc b\u1eb1ng c\u00e1ch g\u1eedi email \u0111\u1ebfn \u0111\u1ecba ch\u1ec9 info@lasentahotel.com. [&hellip;]<\/p>\n","protected":false},"author":3,"featured_media":947,"parent":445,"menu_order":1,"comment_status":"closed","ping_status":"closed","template":"","meta":{"footnotes":""},"yoast_head":"<!-- This site is optimized with the Yoast SEO plugin v22.3 - https:\/\/yoast.com\/wordpress\/plugins\/seo\/ -->\n<title>Du l\u1ecbch Tham Quan - Lasenta Boutique Hotel Hoi An<\/title>\n<meta name=\"robots\" content=\"index, follow, max-snippet:-1, max-image-preview:large, max-video-preview:-1\" \/>\n<link rel=\"canonical\" href=\"https:\/\/lasentahotel.com\/vi\/services-faclities\/ancillary-services\/travel-desk\/\" \/>\n<meta property=\"og:locale\" content=\"vi_VN\" \/>\n<meta property=\"og:type\" content=\"article\" \/>\n<meta property=\"og:title\" content=\"Du l\u1ecbch Tham Quan - Lasenta Boutique Hotel Hoi An\" \/>\n<meta property=\"og:description\" content=\"Qu\u00fd kh\u00e1ch vui l\u00f2ng li\u00ean l\u1ea1c L\u1ec5 T\u00e2n ho\u1eb7c tham kh\u1ea3o Room Directory \u0111\u1ec3 tham gia c\u00e1c ch\u01b0\u01a1ng tr\u00ecnh du l\u1ecbch t\u1ea1i khu v\u1ef1c H\u1ed9i An v\u00e0 c\u00e1c v\u00f9ng l\u00e2n c\u1eadn. \u0110\u1ec3 thu\u1eadn ti\u1ec7n, qu\u00fd kh\u00e1ch c\u00f3 th\u1ec3 li\u00ean h\u1ec7 y\u00eau c\u1ea7u c\u00e1c d\u1ecbch v\u1ee5 n\u00e0y tr\u01b0\u1edbc b\u1eb1ng c\u00e1ch g\u1eedi email \u0111\u1ebfn \u0111\u1ecba ch\u1ec9 info@lasentahotel.com. [&hellip;]\" \/>\n<meta property=\"og:url\" content=\"https:\/\/lasentahotel.com\/vi\/services-faclities\/ancillary-services\/travel-desk\/\" \/>\n<meta property=\"og:site_name\" content=\"Lasenta Boutique Hotel Hoi An\" \/>\n<meta property=\"article:modified_time\" content=\"2020-06-25T02:20:20+00:00\" \/>\n<meta property=\"og:image\" content=\"https:\/\/lasentahotel.com\/wp-content\/uploads\/sites\/82\/2020\/04\/Travel-Desk-1024x820.png\" \/>\n\t<meta property=\"og:image:width\" content=\"1024\" \/>\n\t<meta property=\"og:image:height\" content=\"820\" \/>\n\t<meta property=\"og:image:type\" content=\"image\/png\" \/>\n<meta name=\"twitter:card\" content=\"summary_large_image\" \/>\n<meta name=\"twitter:label1\" content=\"Est. reading time\" \/>\n\t<meta name=\"twitter:data1\" content=\"1 minute\" \/>\n<script type=\"application\/ld+json\" class=\"yoast-schema-graph\">{\"@context\":\"https:\/\/schema.org\",\"@graph\":[{\"@type\":\"WebPage\",\"@id\":\"https:\/\/lasentahotel.com\/vi\/services-faclities\/ancillary-services\/travel-desk\/\",\"url\":\"https:\/\/lasentahotel.com\/vi\/services-faclities\/ancillary-services\/travel-desk\/\",\"name\":\"Du l\u1ecbch Tham Quan - Lasenta Boutique Hotel Hoi An\",\"isPartOf\":{\"@id\":\"https:\/\/lasentahotel.com\/vi\/#website\"},\"primaryImageOfPage\":{\"@id\":\"https:\/\/lasentahotel.com\/vi\/services-faclities\/ancillary-services\/travel-desk\/#primaryimage\"},\"image\":{\"@id\":\"https:\/\/lasentahotel.com\/vi\/services-faclities\/ancillary-services\/travel-desk\/#primaryimage\"},\"thumbnailUrl\":\"https:\/\/lasentahotel.com\/wp-content\/uploads\/sites\/82\/2020\/04\/Travel-Desk.png\",\"datePublished\":\"2020-04-22T14:37:12+00:00\",\"dateModified\":\"2020-06-25T02:20:20+00:00\",\"breadcrumb\":{\"@id\":\"https:\/\/lasentahotel.com\/vi\/services-faclities\/ancillary-services\/travel-desk\/#breadcrumb\"},\"inLanguage\":\"vi-VN\",\"potentialAction\":[{\"@type\":\"ReadAction\",\"target\":[\"https:\/\/lasentahotel.com\/vi\/services-faclities\/ancillary-services\/travel-desk\/\"]}]},{\"@type\":\"ImageObject\",\"inLanguage\":\"vi-VN\",\"@id\":\"https:\/\/lasentahotel.com\/vi\/services-faclities\/ancillary-services\/travel-desk\/#primaryimage\",\"url\":\"https:\/\/lasentahotel.com\/wp-content\/uploads\/sites\/82\/2020\/04\/Travel-Desk.png\",\"contentUrl\":\"https:\/\/lasentahotel.com\/wp-content\/uploads\/sites\/82\/2020\/04\/Travel-Desk.png\",\"width\":1498,\"height\":1200},{\"@type\":\"BreadcrumbList\",\"@id\":\"https:\/\/lasentahotel.com\/vi\/services-faclities\/ancillary-services\/travel-desk\/#breadcrumb\",\"itemListElement\":[{\"@type\":\"ListItem\",\"position\":1,\"name\":\"Home\",\"item\":\"https:\/\/lasentahotel.com\/vi\/\"},{\"@type\":\"ListItem\",\"position\":2,\"name\":\"D\u1ecbch v\u1ee5 &#038; Ti\u1ec7n nghi\",\"item\":\"https:\/\/lasentahotel.com\/vi\/services-faclities\/\"},{\"@type\":\"ListItem\",\"position\":3,\"name\":\"D\u1ecbch V\u1ee5 B\u1ed5 Sung\",\"item\":\"https:\/\/lasentahotel.com\/vi\/services-faclities\/ancillary-services\/\"},{\"@type\":\"ListItem\",\"position\":4,\"name\":\"Du l\u1ecbch Tham Quan\"}]},{\"@type\":\"WebSite\",\"@id\":\"https:\/\/lasentahotel.com\/vi\/#website\",\"url\":\"https:\/\/lasentahotel.com\/vi\/\",\"name\":\"Lasenta Boutique Hotel Hoi An\",\"description\":\"Just another D-EDGE CMS Asia Pacific site\",\"potentialAction\":[{\"@type\":\"SearchAction\",\"target\":{\"@type\":\"EntryPoint\",\"urlTemplate\":\"https:\/\/lasentahotel.com\/vi\/?s={search_term_string}\"},\"query-input\":\"required name=search_term_string\"}],\"inLanguage\":\"vi-VN\"}]}<\/script>\n<!-- \/ Yoast SEO plugin. -->","yoast_head_json":{"title":"Du l\u1ecbch Tham Quan - Lasenta Boutique Hotel Hoi An","robots":{"index":"index","follow":"follow","max-snippet":"max-snippet:-1","max-image-preview":"max-image-preview:large","max-video-preview":"max-video-preview:-1"},"canonical":"https:\/\/lasentahotel.com\/vi\/services-faclities\/ancillary-services\/travel-desk\/","og_locale":"vi_VN","og_type":"article","og_title":"Du l\u1ecbch Tham Quan - Lasenta Boutique Hotel Hoi An","og_description":"Qu\u00fd kh\u00e1ch vui l\u00f2ng li\u00ean l\u1ea1c L\u1ec5 T\u00e2n ho\u1eb7c tham kh\u1ea3o Room Directory \u0111\u1ec3 tham gia c\u00e1c ch\u01b0\u01a1ng tr\u00ecnh du l\u1ecbch t\u1ea1i khu v\u1ef1c H\u1ed9i An v\u00e0 c\u00e1c v\u00f9ng l\u00e2n c\u1eadn. \u0110\u1ec3 thu\u1eadn ti\u1ec7n, qu\u00fd kh\u00e1ch c\u00f3 th\u1ec3 li\u00ean h\u1ec7 y\u00eau c\u1ea7u c\u00e1c d\u1ecbch v\u1ee5 n\u00e0y tr\u01b0\u1edbc b\u1eb1ng c\u00e1ch g\u1eedi email \u0111\u1ebfn \u0111\u1ecba ch\u1ec9 info@lasentahotel.com. [&hellip;]","og_url":"https:\/\/lasentahotel.com\/vi\/services-faclities\/ancillary-services\/travel-desk\/","og_site_name":"Lasenta Boutique Hotel Hoi An","article_modified_time":"2020-06-25T02:20:20+00:00","og_image":[{"width":1024,"height":820,"url":"https:\/\/lasentahotel.com\/wp-content\/uploads\/sites\/82\/2020\/04\/Travel-Desk-1024x820.png","type":"image\/png"}],"twitter_card":"summary_large_image","twitter_misc":{"Est. reading time":"1 minute"},"schema":{"@context":"https:\/\/schema.org","@graph":[{"@type":"WebPage","@id":"https:\/\/lasentahotel.com\/vi\/services-faclities\/ancillary-services\/travel-desk\/","url":"https:\/\/lasentahotel.com\/vi\/services-faclities\/ancillary-services\/travel-desk\/","name":"Du l\u1ecbch Tham Quan - Lasenta Boutique Hotel Hoi An","isPartOf":{"@id":"https:\/\/lasentahotel.com\/vi\/#website"},"primaryImageOfPage":{"@id":"https:\/\/lasentahotel.com\/vi\/services-faclities\/ancillary-services\/travel-desk\/#primaryimage"},"image":{"@id":"https:\/\/lasentahotel.com\/vi\/services-faclities\/ancillary-services\/travel-desk\/#primaryimage"},"thumbnailUrl":"https:\/\/lasentahotel.com\/wp-content\/uploads\/sites\/82\/2020\/04\/Travel-Desk.png","datePublished":"2020-04-22T14:37:12+00:00","dateModified":"2020-06-25T02:20:20+00:00","breadcrumb":{"@id":"https:\/\/lasentahotel.com\/vi\/services-faclities\/ancillary-services\/travel-desk\/#breadcrumb"},"inLanguage":"vi-VN","potentialAction":[{"@type":"ReadAction","target":["https:\/\/lasentahotel.com\/vi\/services-faclities\/ancillary-services\/travel-desk\/"]}]},{"@type":"ImageObject","inLanguage":"vi-VN","@id":"https:\/\/lasentahotel.com\/vi\/services-faclities\/ancillary-services\/travel-desk\/#primaryimage","url":"https:\/\/lasentahotel.com\/wp-content\/uploads\/sites\/82\/2020\/04\/Travel-Desk.png","contentUrl":"https:\/\/lasentahotel.com\/wp-content\/uploads\/sites\/82\/2020\/04\/Travel-Desk.png","width":1498,"height":1200},{"@type":"BreadcrumbList","@id":"https:\/\/lasentahotel.com\/vi\/services-faclities\/ancillary-services\/travel-desk\/#breadcrumb","itemListElement":[{"@type":"ListItem","position":1,"name":"Home","item":"https:\/\/lasentahotel.com\/vi\/"},{"@type":"ListItem","position":2,"name":"D\u1ecbch v\u1ee5 &#038; Ti\u1ec7n nghi","item":"https:\/\/lasentahotel.com\/vi\/services-faclities\/"},{"@type":"ListItem","position":3,"name":"D\u1ecbch V\u1ee5 B\u1ed5 Sung","item":"https:\/\/lasentahotel.com\/vi\/services-faclities\/ancillary-services\/"},{"@type":"ListItem","position":4,"name":"Du l\u1ecbch Tham Quan"}]},{"@type":"WebSite","@id":"https:\/\/lasentahotel.com\/vi\/#website","url":"https:\/\/lasentahotel.com\/vi\/","name":"Lasenta Boutique Hotel Hoi An","description":"Just another D-EDGE CMS Asia Pacific site","potentialAction":[{"@type":"SearchAction","target":{"@type":"EntryPoint","urlTemplate":"https:\/\/lasentahotel.com\/vi\/?s={search_term_string}"},"query-input":"required name=search_term_string"}],"inLanguage":"vi-VN"}]}},"_links":{"self":[{"href":"https:\/\/lasentahotel.com\/vi\/wp-json\/wp\/v2\/pages\/979"}],"collection":[{"href":"https:\/\/lasentahotel.com\/vi\/wp-json\/wp\/v2\/pages"}],"about":[{"href":"https:\/\/lasentahotel.com\/vi\/wp-json\/wp\/v2\/types\/page"}],"author":[{"embeddable":true,"href":"https:\/\/lasentahotel.com\/vi\/wp-json\/wp\/v2\/users\/3"}],"replies":[{"embeddable":true,"href":"https:\/\/lasentahotel.com\/vi\/wp-json\/wp\/v2\/comments?post=979"}],"version-history":[{"count":0,"href":"https:\/\/lasentahotel.com\/vi\/wp-json\/wp\/v2\/pages\/979\/revisions"}],"up":[{"embeddable":true,"href":"https:\/\/lasentahotel.com\/vi\/wp-json\/wp\/v2\/pages\/445"}],"wp:featuredmedia":[{"embeddable":true,"href":"https:\/\/lasentahotel.com\/vi\/wp-json\/wp\/v2\/media\/947"}],"wp:attachment":[{"href":"https:\/\/lasentahotel.com\/vi\/wp-json\/wp\/v2\/media?parent=979"}],"curies":[{"name":"wp","href":"https:\/\/api.w.org\/{rel}","templated":true}]}}