{"id":978,"date":"2020-04-22T14:36:25","date_gmt":"2020-04-22T14:36:25","guid":{"rendered":"http:\/\/lasentaboutiquehotelhoian.ms.decms.asia\/?page_id=978"},"modified":"2020-04-22T14:38:14","modified_gmt":"2020-04-22T14:38:14","slug":"laundry-service","status":"publish","type":"page","link":"https:\/\/lasentahotel.com\/vi\/services-faclities\/ancillary-services\/laundry-service\/","title":{"rendered":"D\u1ecbch V\u1ee5 Gi\u1eb7t \u1ee6i"},"content":{"rendered":"<p>Kh\u00e1ch S\u1ea1n cung c\u1ea5p d\u1ecbch v\u1ee5 gi\u1eb7t \u1ee7i cho Qu\u00fd Kh\u00e1ch t\u1ea1i Kh\u00e1ch S\u1ea1n. Qu\u00fd Kh\u00e1ch c\u00f3 th\u1ec3 tham kh\u1ea3o chi ti\u1ebft v\u1ec1 gi\u00e1 c\u1ea3 c\u1ee7a d\u1ecbch v\u1ee5 t\u01b0\u01a1ng \u1ee9ng t\u1ea1i Room Directory.<\/p>\n","protected":false},"excerpt":{"rendered":"<p>Kh\u00e1ch S\u1ea1n cung c\u1ea5p d\u1ecbch v\u1ee5 gi\u1eb7t \u1ee7i cho Qu\u00fd Kh\u00e1ch t\u1ea1i Kh\u00e1ch S\u1ea1n. Qu\u00fd Kh\u00e1ch c\u00f3 th\u1ec3 tham kh\u1ea3o chi ti\u1ebft v\u1ec1 gi\u00e1 c\u1ea3 c\u1ee7a d\u1ecbch v\u1ee5 t\u01b0\u01a1ng \u1ee9ng t\u1ea1i Room Directory.<\/p>\n","protected":false},"author":3,"featured_media":0,"parent":445,"menu_order":3,"comment_status":"closed","ping_status":"closed","template":"","meta":{"footnotes":""},"yoast_head":"<!-- This site is optimized with the Yoast SEO plugin v22.3 - https:\/\/yoast.com\/wordpress\/plugins\/seo\/ -->\n<title>D\u1ecbch V\u1ee5 Gi\u1eb7t \u1ee6i - Lasenta Boutique Hotel Hoi An<\/title>\n<meta name=\"robots\" content=\"index, follow, max-snippet:-1, max-image-preview:large, max-video-preview:-1\" \/>\n<link rel=\"canonical\" href=\"https:\/\/lasentahotel.com\/vi\/services-faclities\/ancillary-services\/laundry-service\/\" \/>\n<meta property=\"og:locale\" content=\"vi_VN\" \/>\n<meta property=\"og:type\" content=\"article\" \/>\n<meta property=\"og:title\" content=\"D\u1ecbch V\u1ee5 Gi\u1eb7t \u1ee6i - Lasenta Boutique Hotel Hoi An\" \/>\n<meta property=\"og:description\" content=\"Kh\u00e1ch S\u1ea1n cung c\u1ea5p d\u1ecbch v\u1ee5 gi\u1eb7t \u1ee7i cho Qu\u00fd Kh\u00e1ch t\u1ea1i Kh\u00e1ch S\u1ea1n. Qu\u00fd Kh\u00e1ch c\u00f3 th\u1ec3 tham kh\u1ea3o chi ti\u1ebft v\u1ec1 gi\u00e1 c\u1ea3 c\u1ee7a d\u1ecbch v\u1ee5 t\u01b0\u01a1ng \u1ee9ng t\u1ea1i Room Directory.\" \/>\n<meta property=\"og:url\" content=\"https:\/\/lasentahotel.com\/vi\/services-faclities\/ancillary-services\/laundry-service\/\" \/>\n<meta property=\"og:site_name\" content=\"Lasenta Boutique Hotel Hoi An\" \/>\n<meta property=\"article:modified_time\" content=\"2020-04-22T14:38:14+00:00\" \/>\n<meta name=\"twitter:card\" content=\"summary_large_image\" \/>\n<script type=\"application\/ld+json\" class=\"yoast-schema-graph\">{\"@context\":\"https:\/\/schema.org\",\"@graph\":[{\"@type\":\"WebPage\",\"@id\":\"https:\/\/lasentahotel.com\/vi\/services-faclities\/ancillary-services\/laundry-service\/\",\"url\":\"https:\/\/lasentahotel.com\/vi\/services-faclities\/ancillary-services\/laundry-service\/\",\"name\":\"D\u1ecbch V\u1ee5 Gi\u1eb7t \u1ee6i - Lasenta Boutique Hotel Hoi An\",\"isPartOf\":{\"@id\":\"https:\/\/lasentahotel.com\/vi\/#website\"},\"datePublished\":\"2020-04-22T14:36:25+00:00\",\"dateModified\":\"2020-04-22T14:38:14+00:00\",\"breadcrumb\":{\"@id\":\"https:\/\/lasentahotel.com\/vi\/services-faclities\/ancillary-services\/laundry-service\/#breadcrumb\"},\"inLanguage\":\"vi-VN\",\"potentialAction\":[{\"@type\":\"ReadAction\",\"target\":[\"https:\/\/lasentahotel.com\/vi\/services-faclities\/ancillary-services\/laundry-service\/\"]}]},{\"@type\":\"BreadcrumbList\",\"@id\":\"https:\/\/lasentahotel.com\/vi\/services-faclities\/ancillary-services\/laundry-service\/#breadcrumb\",\"itemListElement\":[{\"@type\":\"ListItem\",\"position\":1,\"name\":\"Home\",\"item\":\"https:\/\/lasentahotel.com\/vi\/\"},{\"@type\":\"ListItem\",\"position\":2,\"name\":\"D\u1ecbch v\u1ee5 &#038; Ti\u1ec7n nghi\",\"item\":\"https:\/\/lasentahotel.com\/vi\/services-faclities\/\"},{\"@type\":\"ListItem\",\"position\":3,\"name\":\"D\u1ecbch V\u1ee5 B\u1ed5 Sung\",\"item\":\"https:\/\/lasentahotel.com\/vi\/services-faclities\/ancillary-services\/\"},{\"@type\":\"ListItem\",\"position\":4,\"name\":\"D\u1ecbch V\u1ee5 Gi\u1eb7t \u1ee6i\"}]},{\"@type\":\"WebSite\",\"@id\":\"https:\/\/lasentahotel.com\/vi\/#website\",\"url\":\"https:\/\/lasentahotel.com\/vi\/\",\"name\":\"Lasenta Boutique Hotel Hoi An\",\"description\":\"Just another D-EDGE CMS Asia Pacific site\",\"potentialAction\":[{\"@type\":\"SearchAction\",\"target\":{\"@type\":\"EntryPoint\",\"urlTemplate\":\"https:\/\/lasentahotel.com\/vi\/?s={search_term_string}\"},\"query-input\":\"required name=search_term_string\"}],\"inLanguage\":\"vi-VN\"}]}<\/script>\n<!-- \/ Yoast SEO plugin. -->","yoast_head_json":{"title":"D\u1ecbch V\u1ee5 Gi\u1eb7t \u1ee6i - Lasenta Boutique Hotel Hoi An","robots":{"index":"index","follow":"follow","max-snippet":"max-snippet:-1","max-image-preview":"max-image-preview:large","max-video-preview":"max-video-preview:-1"},"canonical":"https:\/\/lasentahotel.com\/vi\/services-faclities\/ancillary-services\/laundry-service\/","og_locale":"vi_VN","og_type":"article","og_title":"D\u1ecbch V\u1ee5 Gi\u1eb7t \u1ee6i - Lasenta Boutique Hotel Hoi An","og_description":"Kh\u00e1ch S\u1ea1n cung c\u1ea5p d\u1ecbch v\u1ee5 gi\u1eb7t \u1ee7i cho Qu\u00fd Kh\u00e1ch t\u1ea1i Kh\u00e1ch S\u1ea1n. Qu\u00fd Kh\u00e1ch c\u00f3 th\u1ec3 tham kh\u1ea3o chi ti\u1ebft v\u1ec1 gi\u00e1 c\u1ea3 c\u1ee7a d\u1ecbch v\u1ee5 t\u01b0\u01a1ng \u1ee9ng t\u1ea1i Room Directory.","og_url":"https:\/\/lasentahotel.com\/vi\/services-faclities\/ancillary-services\/laundry-service\/","og_site_name":"Lasenta Boutique Hotel Hoi An","article_modified_time":"2020-04-22T14:38:14+00:00","twitter_card":"summary_large_image","schema":{"@context":"https:\/\/schema.org","@graph":[{"@type":"WebPage","@id":"https:\/\/lasentahotel.com\/vi\/services-faclities\/ancillary-services\/laundry-service\/","url":"https:\/\/lasentahotel.com\/vi\/services-faclities\/ancillary-services\/laundry-service\/","name":"D\u1ecbch V\u1ee5 Gi\u1eb7t \u1ee6i - Lasenta Boutique Hotel Hoi An","isPartOf":{"@id":"https:\/\/lasentahotel.com\/vi\/#website"},"datePublished":"2020-04-22T14:36:25+00:00","dateModified":"2020-04-22T14:38:14+00:00","breadcrumb":{"@id":"https:\/\/lasentahotel.com\/vi\/services-faclities\/ancillary-services\/laundry-service\/#breadcrumb"},"inLanguage":"vi-VN","potentialAction":[{"@type":"ReadAction","target":["https:\/\/lasentahotel.com\/vi\/services-faclities\/ancillary-services\/laundry-service\/"]}]},{"@type":"BreadcrumbList","@id":"https:\/\/lasentahotel.com\/vi\/services-faclities\/ancillary-services\/laundry-service\/#breadcrumb","itemListElement":[{"@type":"ListItem","position":1,"name":"Home","item":"https:\/\/lasentahotel.com\/vi\/"},{"@type":"ListItem","position":2,"name":"D\u1ecbch v\u1ee5 &#038; Ti\u1ec7n nghi","item":"https:\/\/lasentahotel.com\/vi\/services-faclities\/"},{"@type":"ListItem","position":3,"name":"D\u1ecbch V\u1ee5 B\u1ed5 Sung","item":"https:\/\/lasentahotel.com\/vi\/services-faclities\/ancillary-services\/"},{"@type":"ListItem","position":4,"name":"D\u1ecbch V\u1ee5 Gi\u1eb7t \u1ee6i"}]},{"@type":"WebSite","@id":"https:\/\/lasentahotel.com\/vi\/#website","url":"https:\/\/lasentahotel.com\/vi\/","name":"Lasenta Boutique Hotel Hoi An","description":"Just another D-EDGE CMS Asia Pacific site","potentialAction":[{"@type":"SearchAction","target":{"@type":"EntryPoint","urlTemplate":"https:\/\/lasentahotel.com\/vi\/?s={search_term_string}"},"query-input":"required name=search_term_string"}],"inLanguage":"vi-VN"}]}},"_links":{"self":[{"href":"https:\/\/lasentahotel.com\/vi\/wp-json\/wp\/v2\/pages\/978"}],"collection":[{"href":"https:\/\/lasentahotel.com\/vi\/wp-json\/wp\/v2\/pages"}],"about":[{"href":"https:\/\/lasentahotel.com\/vi\/wp-json\/wp\/v2\/types\/page"}],"author":[{"embeddable":true,"href":"https:\/\/lasentahotel.com\/vi\/wp-json\/wp\/v2\/users\/3"}],"replies":[{"embeddable":true,"href":"https:\/\/lasentahotel.com\/vi\/wp-json\/wp\/v2\/comments?post=978"}],"version-history":[{"count":0,"href":"https:\/\/lasentahotel.com\/vi\/wp-json\/wp\/v2\/pages\/978\/revisions"}],"up":[{"embeddable":true,"href":"https:\/\/lasentahotel.com\/vi\/wp-json\/wp\/v2\/pages\/445"}],"wp:attachment":[{"href":"https:\/\/lasentahotel.com\/vi\/wp-json\/wp\/v2\/media?parent=978"}],"curies":[{"name":"wp","href":"https:\/\/api.w.org\/{rel}","templated":true}]}}