{"id":977,"date":"2020-04-22T14:34:59","date_gmt":"2020-04-22T14:34:59","guid":{"rendered":"http:\/\/lasentaboutiquehotelhoian.ms.decms.asia\/?page_id=977"},"modified":"2022-08-10T03:43:15","modified_gmt":"2022-08-10T03:43:15","slug":"bicycle-hire-shuttle-bus","status":"publish","type":"page","link":"https:\/\/lasentahotel.com\/vi\/services-faclities\/ancillary-services\/bicycle-hire-shuttle-bus\/","title":{"rendered":"Xe \u0110\u1ea1p Mi\u1ec5n Ph\u00ed"},"content":{"rendered":"<p>Kh\u00e1ch S\u1ea1n cung c\u1ea5p xe \u0111\u1ea1p mi\u1ec5n ph\u00ed (t\u00f9y v\u00e0o t\u00ecnh tr\u1ea1ng c\u00f3 s\u1eb5n) t\u1ea1i Kh\u00e1ch S\u1ea1n. Qu\u00fd Kh\u00e1ch c\u00f3 th\u1ec3 di chuy\u1ec5n b\u1eb1ng xe \u0111\u1ea1p \u0111\u1ec3 kh\u00e1m ph\u00e1 v\u00f9ng n\u00f4ng th\u00f4n h\u1ea5p d\u1eabn xung quanh H\u1ed9i An. Vui l\u00f2ng \u0111\u1eb7t xe t\u1ea1i qu\u1ea7y L\u1ec5 t\u00e2n.<\/p>\n","protected":false},"excerpt":{"rendered":"<p>Kh\u00e1ch S\u1ea1n cung c\u1ea5p xe \u0111\u1ea1p mi\u1ec5n ph\u00ed (t\u00f9y v\u00e0o t\u00ecnh tr\u1ea1ng c\u00f3 s\u1eb5n) t\u1ea1i Kh\u00e1ch S\u1ea1n. Qu\u00fd Kh\u00e1ch c\u00f3 th\u1ec3 di chuy\u1ec5n b\u1eb1ng xe \u0111\u1ea1p \u0111\u1ec3 kh\u00e1m ph\u00e1 v\u00f9ng n\u00f4ng th\u00f4n h\u1ea5p d\u1eabn xung quanh H\u1ed9i An. Vui l\u00f2ng \u0111\u1eb7t xe t\u1ea1i qu\u1ea7y L\u1ec5 t\u00e2n.<\/p>\n","protected":false},"author":3,"featured_media":950,"parent":445,"menu_order":2,"comment_status":"closed","ping_status":"closed","template":"","meta":{"footnotes":""},"yoast_head":"<!-- This site is optimized with the Yoast SEO plugin v22.3 - https:\/\/yoast.com\/wordpress\/plugins\/seo\/ -->\n<title>Xe \u0110\u1ea1p Mi\u1ec5n Ph\u00ed - Lasenta Boutique Hotel Hoi An<\/title>\n<meta name=\"robots\" content=\"index, follow, max-snippet:-1, max-image-preview:large, max-video-preview:-1\" \/>\n<link rel=\"canonical\" href=\"https:\/\/lasentahotel.com\/vi\/services-faclities\/ancillary-services\/bicycle-hire-shuttle-bus\/\" \/>\n<meta property=\"og:locale\" content=\"vi_VN\" \/>\n<meta property=\"og:type\" content=\"article\" \/>\n<meta property=\"og:title\" content=\"Xe \u0110\u1ea1p Mi\u1ec5n Ph\u00ed - Lasenta Boutique Hotel Hoi An\" \/>\n<meta property=\"og:description\" content=\"Kh\u00e1ch S\u1ea1n cung c\u1ea5p xe \u0111\u1ea1p mi\u1ec5n ph\u00ed (t\u00f9y v\u00e0o t\u00ecnh tr\u1ea1ng c\u00f3 s\u1eb5n) t\u1ea1i Kh\u00e1ch S\u1ea1n. Qu\u00fd Kh\u00e1ch c\u00f3 th\u1ec3 di chuy\u1ec5n b\u1eb1ng xe \u0111\u1ea1p \u0111\u1ec3 kh\u00e1m ph\u00e1 v\u00f9ng n\u00f4ng th\u00f4n h\u1ea5p d\u1eabn xung quanh H\u1ed9i An. Vui l\u00f2ng \u0111\u1eb7t xe t\u1ea1i qu\u1ea7y L\u1ec5 t\u00e2n.\" \/>\n<meta property=\"og:url\" content=\"https:\/\/lasentahotel.com\/vi\/services-faclities\/ancillary-services\/bicycle-hire-shuttle-bus\/\" \/>\n<meta property=\"og:site_name\" content=\"Lasenta Boutique Hotel Hoi An\" \/>\n<meta property=\"article:modified_time\" content=\"2022-08-10T03:43:15+00:00\" \/>\n<meta property=\"og:image\" content=\"https:\/\/lasentahotel.com\/wp-content\/uploads\/sites\/82\/2020\/04\/Bicycle.jpg\" \/>\n\t<meta property=\"og:image:width\" content=\"1988\" \/>\n\t<meta property=\"og:image:height\" content=\"1200\" \/>\n\t<meta property=\"og:image:type\" content=\"image\/jpeg\" \/>\n<meta name=\"twitter:card\" content=\"summary_large_image\" \/>\n<meta name=\"twitter:label1\" content=\"Est. reading time\" \/>\n\t<meta name=\"twitter:data1\" content=\"1 minute\" \/>\n<script type=\"application\/ld+json\" class=\"yoast-schema-graph\">{\"@context\":\"https:\/\/schema.org\",\"@graph\":[{\"@type\":\"WebPage\",\"@id\":\"https:\/\/lasentahotel.com\/vi\/services-faclities\/ancillary-services\/bicycle-hire-shuttle-bus\/\",\"url\":\"https:\/\/lasentahotel.com\/vi\/services-faclities\/ancillary-services\/bicycle-hire-shuttle-bus\/\",\"name\":\"Xe \u0110\u1ea1p Mi\u1ec5n Ph\u00ed - Lasenta Boutique Hotel Hoi An\",\"isPartOf\":{\"@id\":\"https:\/\/lasentahotel.com\/vi\/#website\"},\"primaryImageOfPage\":{\"@id\":\"https:\/\/lasentahotel.com\/vi\/services-faclities\/ancillary-services\/bicycle-hire-shuttle-bus\/#primaryimage\"},\"image\":{\"@id\":\"https:\/\/lasentahotel.com\/vi\/services-faclities\/ancillary-services\/bicycle-hire-shuttle-bus\/#primaryimage\"},\"thumbnailUrl\":\"https:\/\/lasentahotel.com\/wp-content\/uploads\/sites\/82\/2020\/04\/Bicycle.jpg\",\"datePublished\":\"2020-04-22T14:34:59+00:00\",\"dateModified\":\"2022-08-10T03:43:15+00:00\",\"breadcrumb\":{\"@id\":\"https:\/\/lasentahotel.com\/vi\/services-faclities\/ancillary-services\/bicycle-hire-shuttle-bus\/#breadcrumb\"},\"inLanguage\":\"vi-VN\",\"potentialAction\":[{\"@type\":\"ReadAction\",\"target\":[\"https:\/\/lasentahotel.com\/vi\/services-faclities\/ancillary-services\/bicycle-hire-shuttle-bus\/\"]}]},{\"@type\":\"ImageObject\",\"inLanguage\":\"vi-VN\",\"@id\":\"https:\/\/lasentahotel.com\/vi\/services-faclities\/ancillary-services\/bicycle-hire-shuttle-bus\/#primaryimage\",\"url\":\"https:\/\/lasentahotel.com\/wp-content\/uploads\/sites\/82\/2020\/04\/Bicycle.jpg\",\"contentUrl\":\"https:\/\/lasentahotel.com\/wp-content\/uploads\/sites\/82\/2020\/04\/Bicycle.jpg\",\"width\":1988,\"height\":1200},{\"@type\":\"BreadcrumbList\",\"@id\":\"https:\/\/lasentahotel.com\/vi\/services-faclities\/ancillary-services\/bicycle-hire-shuttle-bus\/#breadcrumb\",\"itemListElement\":[{\"@type\":\"ListItem\",\"position\":1,\"name\":\"Home\",\"item\":\"https:\/\/lasentahotel.com\/vi\/\"},{\"@type\":\"ListItem\",\"position\":2,\"name\":\"D\u1ecbch v\u1ee5 &#038; Ti\u1ec7n nghi\",\"item\":\"https:\/\/lasentahotel.com\/vi\/services-faclities\/\"},{\"@type\":\"ListItem\",\"position\":3,\"name\":\"D\u1ecbch V\u1ee5 B\u1ed5 Sung\",\"item\":\"https:\/\/lasentahotel.com\/vi\/services-faclities\/ancillary-services\/\"},{\"@type\":\"ListItem\",\"position\":4,\"name\":\"Xe \u0110\u1ea1p Mi\u1ec5n Ph\u00ed\"}]},{\"@type\":\"WebSite\",\"@id\":\"https:\/\/lasentahotel.com\/vi\/#website\",\"url\":\"https:\/\/lasentahotel.com\/vi\/\",\"name\":\"Lasenta Boutique Hotel Hoi An\",\"description\":\"Just another D-EDGE CMS Asia Pacific site\",\"potentialAction\":[{\"@type\":\"SearchAction\",\"target\":{\"@type\":\"EntryPoint\",\"urlTemplate\":\"https:\/\/lasentahotel.com\/vi\/?s={search_term_string}\"},\"query-input\":\"required name=search_term_string\"}],\"inLanguage\":\"vi-VN\"}]}<\/script>\n<!-- \/ Yoast SEO plugin. -->","yoast_head_json":{"title":"Xe \u0110\u1ea1p Mi\u1ec5n Ph\u00ed - Lasenta Boutique Hotel Hoi An","robots":{"index":"index","follow":"follow","max-snippet":"max-snippet:-1","max-image-preview":"max-image-preview:large","max-video-preview":"max-video-preview:-1"},"canonical":"https:\/\/lasentahotel.com\/vi\/services-faclities\/ancillary-services\/bicycle-hire-shuttle-bus\/","og_locale":"vi_VN","og_type":"article","og_title":"Xe \u0110\u1ea1p Mi\u1ec5n Ph\u00ed - Lasenta Boutique Hotel Hoi An","og_description":"Kh\u00e1ch S\u1ea1n cung c\u1ea5p xe \u0111\u1ea1p mi\u1ec5n ph\u00ed (t\u00f9y v\u00e0o t\u00ecnh tr\u1ea1ng c\u00f3 s\u1eb5n) t\u1ea1i Kh\u00e1ch S\u1ea1n. Qu\u00fd Kh\u00e1ch c\u00f3 th\u1ec3 di chuy\u1ec5n b\u1eb1ng xe \u0111\u1ea1p \u0111\u1ec3 kh\u00e1m ph\u00e1 v\u00f9ng n\u00f4ng th\u00f4n h\u1ea5p d\u1eabn xung quanh H\u1ed9i An. Vui l\u00f2ng \u0111\u1eb7t xe t\u1ea1i qu\u1ea7y L\u1ec5 t\u00e2n.","og_url":"https:\/\/lasentahotel.com\/vi\/services-faclities\/ancillary-services\/bicycle-hire-shuttle-bus\/","og_site_name":"Lasenta Boutique Hotel Hoi An","article_modified_time":"2022-08-10T03:43:15+00:00","og_image":[{"width":1988,"height":1200,"url":"https:\/\/lasentahotel.com\/wp-content\/uploads\/sites\/82\/2020\/04\/Bicycle.jpg","type":"image\/jpeg"}],"twitter_card":"summary_large_image","twitter_misc":{"Est. reading time":"1 minute"},"schema":{"@context":"https:\/\/schema.org","@graph":[{"@type":"WebPage","@id":"https:\/\/lasentahotel.com\/vi\/services-faclities\/ancillary-services\/bicycle-hire-shuttle-bus\/","url":"https:\/\/lasentahotel.com\/vi\/services-faclities\/ancillary-services\/bicycle-hire-shuttle-bus\/","name":"Xe \u0110\u1ea1p Mi\u1ec5n Ph\u00ed - Lasenta Boutique Hotel Hoi An","isPartOf":{"@id":"https:\/\/lasentahotel.com\/vi\/#website"},"primaryImageOfPage":{"@id":"https:\/\/lasentahotel.com\/vi\/services-faclities\/ancillary-services\/bicycle-hire-shuttle-bus\/#primaryimage"},"image":{"@id":"https:\/\/lasentahotel.com\/vi\/services-faclities\/ancillary-services\/bicycle-hire-shuttle-bus\/#primaryimage"},"thumbnailUrl":"https:\/\/lasentahotel.com\/wp-content\/uploads\/sites\/82\/2020\/04\/Bicycle.jpg","datePublished":"2020-04-22T14:34:59+00:00","dateModified":"2022-08-10T03:43:15+00:00","breadcrumb":{"@id":"https:\/\/lasentahotel.com\/vi\/services-faclities\/ancillary-services\/bicycle-hire-shuttle-bus\/#breadcrumb"},"inLanguage":"vi-VN","potentialAction":[{"@type":"ReadAction","target":["https:\/\/lasentahotel.com\/vi\/services-faclities\/ancillary-services\/bicycle-hire-shuttle-bus\/"]}]},{"@type":"ImageObject","inLanguage":"vi-VN","@id":"https:\/\/lasentahotel.com\/vi\/services-faclities\/ancillary-services\/bicycle-hire-shuttle-bus\/#primaryimage","url":"https:\/\/lasentahotel.com\/wp-content\/uploads\/sites\/82\/2020\/04\/Bicycle.jpg","contentUrl":"https:\/\/lasentahotel.com\/wp-content\/uploads\/sites\/82\/2020\/04\/Bicycle.jpg","width":1988,"height":1200},{"@type":"BreadcrumbList","@id":"https:\/\/lasentahotel.com\/vi\/services-faclities\/ancillary-services\/bicycle-hire-shuttle-bus\/#breadcrumb","itemListElement":[{"@type":"ListItem","position":1,"name":"Home","item":"https:\/\/lasentahotel.com\/vi\/"},{"@type":"ListItem","position":2,"name":"D\u1ecbch v\u1ee5 &#038; Ti\u1ec7n nghi","item":"https:\/\/lasentahotel.com\/vi\/services-faclities\/"},{"@type":"ListItem","position":3,"name":"D\u1ecbch V\u1ee5 B\u1ed5 Sung","item":"https:\/\/lasentahotel.com\/vi\/services-faclities\/ancillary-services\/"},{"@type":"ListItem","position":4,"name":"Xe \u0110\u1ea1p Mi\u1ec5n Ph\u00ed"}]},{"@type":"WebSite","@id":"https:\/\/lasentahotel.com\/vi\/#website","url":"https:\/\/lasentahotel.com\/vi\/","name":"Lasenta Boutique Hotel Hoi An","description":"Just another D-EDGE CMS Asia Pacific site","potentialAction":[{"@type":"SearchAction","target":{"@type":"EntryPoint","urlTemplate":"https:\/\/lasentahotel.com\/vi\/?s={search_term_string}"},"query-input":"required name=search_term_string"}],"inLanguage":"vi-VN"}]}},"_links":{"self":[{"href":"https:\/\/lasentahotel.com\/vi\/wp-json\/wp\/v2\/pages\/977"}],"collection":[{"href":"https:\/\/lasentahotel.com\/vi\/wp-json\/wp\/v2\/pages"}],"about":[{"href":"https:\/\/lasentahotel.com\/vi\/wp-json\/wp\/v2\/types\/page"}],"author":[{"embeddable":true,"href":"https:\/\/lasentahotel.com\/vi\/wp-json\/wp\/v2\/users\/3"}],"replies":[{"embeddable":true,"href":"https:\/\/lasentahotel.com\/vi\/wp-json\/wp\/v2\/comments?post=977"}],"version-history":[{"count":0,"href":"https:\/\/lasentahotel.com\/vi\/wp-json\/wp\/v2\/pages\/977\/revisions"}],"up":[{"embeddable":true,"href":"https:\/\/lasentahotel.com\/vi\/wp-json\/wp\/v2\/pages\/445"}],"wp:featuredmedia":[{"embeddable":true,"href":"https:\/\/lasentahotel.com\/vi\/wp-json\/wp\/v2\/media\/950"}],"wp:attachment":[{"href":"https:\/\/lasentahotel.com\/vi\/wp-json\/wp\/v2\/media?parent=977"}],"curies":[{"name":"wp","href":"https:\/\/api.w.org\/{rel}","templated":true}]}}