{"id":433,"date":"2020-02-25T01:13:03","date_gmt":"2020-02-25T01:13:03","guid":{"rendered":"http:\/\/lasentaboutiquehotelhoian.ms.decms.asia\/?page_id=433"},"modified":"2020-06-25T02:00:53","modified_gmt":"2020-06-25T02:00:53","slug":"family-connecting-room","status":"publish","type":"page","link":"https:\/\/lasentahotel.com\/vi\/phong-o\/family-connecting-room\/","title":{"rendered":"FAMILY CONNECTING ROOM"},"content":{"rendered":"<p align=\"justify\">Ph\u00f2ng n\u00e0y g\u1ed3m hai ph\u00f2ng n\u1ed1i li\u1ec1n nhau v\u1edbi di\u1ec7n t\u00edch 72 m2. Ph\u00f2ng n\u00e0y c\u00f3 t\u1ea7m nh\u00ecn ra th\u00e0nh ph\u1ed1. Ph\u00f2ng n\u00e0y \u0111\u01b0\u1ee3c trang b\u1ecb m\u00e1y l\u1ea1nh, truy\u1ec1n h\u00ecnh v\u1ec7 tinh m\u00e0n h\u00ecnh ph\u1eb3ng, gh\u1ebf sofa v\u00e0 minibar.<\/p>\n<p align=\"justify\">Lo\u1ea1i ph\u00f2ng n\u00e0y bao g\u1ed3m 1 ph\u00f2ng v\u1edbi 1 gi\u01b0\u1eddng l\u1edbn (180 x 200 cm) v\u00e0 1 ph\u00f2ng v\u1edbi 2 gi\u01b0\u1eddng \u0111\u01a1n (120 x 200 cm). Lo\u1ea1i ph\u00f2ng v\u1edbi 2 gi\u01b0\u1eddng \u0111\u01a1n c\u00f3 th\u1ec3 th\u00eam 1 gi\u01b0\u1eddng ph\u1ee5 k\u00e8m ph\u00ed ph\u1ee5 thu.<\/p>\n<p align=\"justify\">M\u1ed7i ph\u00f2ng \u0111\u1ec1u c\u00f3 ph\u00f2ng t\u1eafm ri\u00eang bao g\u1ed3m b\u1ed3n t\u1eafm ho\u1eb7c v\u00f2i sen v\u00e0 \u0111\u1ed3 v\u1ec7 sinh c\u00e1 nh\u00e2n mi\u1ec5n ph\u00ed.<\/p>\n","protected":false},"excerpt":{"rendered":"<p>Ph\u00f2ng n\u00e0y g\u1ed3m hai ph\u00f2ng n\u1ed1i li\u1ec1n nhau v\u1edbi di\u1ec7n t\u00edch 72 m2. Ph\u00f2ng n\u00e0y c\u00f3 t\u1ea7m nh\u00ecn ra th\u00e0nh ph\u1ed1. Ph\u00f2ng n\u00e0y \u0111\u01b0\u1ee3c trang b\u1ecb m\u00e1y l\u1ea1nh, truy\u1ec1n h\u00ecnh v\u1ec7 tinh m\u00e0n h\u00ecnh ph\u1eb3ng, gh\u1ebf sofa v\u00e0 minibar. Lo\u1ea1i ph\u00f2ng n\u00e0y bao g\u1ed3m 1 ph\u00f2ng v\u1edbi 1 gi\u01b0\u1eddng l\u1edbn (180 x 200 cm) v\u00e0 [&hellip;]<\/p>\n","protected":false},"author":124,"featured_media":434,"parent":349,"menu_order":0,"comment_status":"closed","ping_status":"closed","template":"template-single-room.php","meta":{"footnotes":""},"yoast_head":"<!-- This site is optimized with the Yoast SEO plugin v22.3 - https:\/\/yoast.com\/wordpress\/plugins\/seo\/ -->\n<title>FAMILY CONNECTING ROOM - Lasenta Boutique Hotel Hoi An<\/title>\n<meta name=\"robots\" content=\"index, follow, max-snippet:-1, max-image-preview:large, max-video-preview:-1\" \/>\n<link rel=\"canonical\" href=\"https:\/\/lasentahotel.com\/vi\/phong-o\/family-connecting-room\/\" \/>\n<meta property=\"og:locale\" content=\"vi_VN\" \/>\n<meta property=\"og:type\" content=\"article\" \/>\n<meta property=\"og:title\" content=\"FAMILY CONNECTING ROOM - Lasenta Boutique Hotel Hoi An\" \/>\n<meta property=\"og:description\" content=\"Ph\u00f2ng n\u00e0y g\u1ed3m hai ph\u00f2ng n\u1ed1i li\u1ec1n nhau v\u1edbi di\u1ec7n t\u00edch 72 m2. Ph\u00f2ng n\u00e0y c\u00f3 t\u1ea7m nh\u00ecn ra th\u00e0nh ph\u1ed1. Ph\u00f2ng n\u00e0y \u0111\u01b0\u1ee3c trang b\u1ecb m\u00e1y l\u1ea1nh, truy\u1ec1n h\u00ecnh v\u1ec7 tinh m\u00e0n h\u00ecnh ph\u1eb3ng, gh\u1ebf sofa v\u00e0 minibar. Lo\u1ea1i ph\u00f2ng n\u00e0y bao g\u1ed3m 1 ph\u00f2ng v\u1edbi 1 gi\u01b0\u1eddng l\u1edbn (180 x 200 cm) v\u00e0 [&hellip;]\" \/>\n<meta property=\"og:url\" content=\"https:\/\/lasentahotel.com\/vi\/phong-o\/family-connecting-room\/\" \/>\n<meta property=\"og:site_name\" content=\"Lasenta Boutique Hotel Hoi An\" \/>\n<meta property=\"article:modified_time\" content=\"2020-06-25T02:00:53+00:00\" \/>\n<meta property=\"og:image\" content=\"https:\/\/lasentahotel.com\/wp-content\/uploads\/sites\/82\/2020\/02\/FAMILY-CONNECTING-ROOM.jpg\" \/>\n\t<meta property=\"og:image:width\" content=\"1200\" \/>\n\t<meta property=\"og:image:height\" content=\"800\" \/>\n\t<meta property=\"og:image:type\" content=\"image\/jpeg\" \/>\n<meta name=\"twitter:card\" content=\"summary_large_image\" \/>\n<meta name=\"twitter:label1\" content=\"Est. reading time\" \/>\n\t<meta name=\"twitter:data1\" content=\"1 minute\" \/>\n<script type=\"application\/ld+json\" class=\"yoast-schema-graph\">{\"@context\":\"https:\/\/schema.org\",\"@graph\":[{\"@type\":\"WebPage\",\"@id\":\"https:\/\/lasentahotel.com\/vi\/phong-o\/family-connecting-room\/\",\"url\":\"https:\/\/lasentahotel.com\/vi\/phong-o\/family-connecting-room\/\",\"name\":\"FAMILY CONNECTING ROOM - Lasenta Boutique Hotel Hoi An\",\"isPartOf\":{\"@id\":\"https:\/\/lasentahotel.com\/vi\/#website\"},\"primaryImageOfPage\":{\"@id\":\"https:\/\/lasentahotel.com\/vi\/phong-o\/family-connecting-room\/#primaryimage\"},\"image\":{\"@id\":\"https:\/\/lasentahotel.com\/vi\/phong-o\/family-connecting-room\/#primaryimage\"},\"thumbnailUrl\":\"https:\/\/lasentahotel.com\/wp-content\/uploads\/sites\/82\/2020\/02\/FAMILY-CONNECTING-ROOM.jpg\",\"datePublished\":\"2020-02-25T01:13:03+00:00\",\"dateModified\":\"2020-06-25T02:00:53+00:00\",\"breadcrumb\":{\"@id\":\"https:\/\/lasentahotel.com\/vi\/phong-o\/family-connecting-room\/#breadcrumb\"},\"inLanguage\":\"vi-VN\",\"potentialAction\":[{\"@type\":\"ReadAction\",\"target\":[\"https:\/\/lasentahotel.com\/vi\/phong-o\/family-connecting-room\/\"]}]},{\"@type\":\"ImageObject\",\"inLanguage\":\"vi-VN\",\"@id\":\"https:\/\/lasentahotel.com\/vi\/phong-o\/family-connecting-room\/#primaryimage\",\"url\":\"https:\/\/lasentahotel.com\/wp-content\/uploads\/sites\/82\/2020\/02\/FAMILY-CONNECTING-ROOM.jpg\",\"contentUrl\":\"https:\/\/lasentahotel.com\/wp-content\/uploads\/sites\/82\/2020\/02\/FAMILY-CONNECTING-ROOM.jpg\",\"width\":1200,\"height\":800},{\"@type\":\"BreadcrumbList\",\"@id\":\"https:\/\/lasentahotel.com\/vi\/phong-o\/family-connecting-room\/#breadcrumb\",\"itemListElement\":[{\"@type\":\"ListItem\",\"position\":1,\"name\":\"Home\",\"item\":\"https:\/\/lasentahotel.com\/vi\/\"},{\"@type\":\"ListItem\",\"position\":2,\"name\":\"Ph\u00f2ng \u1edf\",\"item\":\"https:\/\/lasentahotel.com\/vi\/phong-o\/\"},{\"@type\":\"ListItem\",\"position\":3,\"name\":\"FAMILY CONNECTING ROOM\"}]},{\"@type\":\"WebSite\",\"@id\":\"https:\/\/lasentahotel.com\/vi\/#website\",\"url\":\"https:\/\/lasentahotel.com\/vi\/\",\"name\":\"Lasenta Boutique Hotel Hoi An\",\"description\":\"Just another D-EDGE CMS Asia Pacific site\",\"potentialAction\":[{\"@type\":\"SearchAction\",\"target\":{\"@type\":\"EntryPoint\",\"urlTemplate\":\"https:\/\/lasentahotel.com\/vi\/?s={search_term_string}\"},\"query-input\":\"required name=search_term_string\"}],\"inLanguage\":\"vi-VN\"}]}<\/script>\n<!-- \/ Yoast SEO plugin. -->","yoast_head_json":{"title":"FAMILY CONNECTING ROOM - Lasenta Boutique Hotel Hoi An","robots":{"index":"index","follow":"follow","max-snippet":"max-snippet:-1","max-image-preview":"max-image-preview:large","max-video-preview":"max-video-preview:-1"},"canonical":"https:\/\/lasentahotel.com\/vi\/phong-o\/family-connecting-room\/","og_locale":"vi_VN","og_type":"article","og_title":"FAMILY CONNECTING ROOM - Lasenta Boutique Hotel Hoi An","og_description":"Ph\u00f2ng n\u00e0y g\u1ed3m hai ph\u00f2ng n\u1ed1i li\u1ec1n nhau v\u1edbi di\u1ec7n t\u00edch 72 m2. Ph\u00f2ng n\u00e0y c\u00f3 t\u1ea7m nh\u00ecn ra th\u00e0nh ph\u1ed1. Ph\u00f2ng n\u00e0y \u0111\u01b0\u1ee3c trang b\u1ecb m\u00e1y l\u1ea1nh, truy\u1ec1n h\u00ecnh v\u1ec7 tinh m\u00e0n h\u00ecnh ph\u1eb3ng, gh\u1ebf sofa v\u00e0 minibar. Lo\u1ea1i ph\u00f2ng n\u00e0y bao g\u1ed3m 1 ph\u00f2ng v\u1edbi 1 gi\u01b0\u1eddng l\u1edbn (180 x 200 cm) v\u00e0 [&hellip;]","og_url":"https:\/\/lasentahotel.com\/vi\/phong-o\/family-connecting-room\/","og_site_name":"Lasenta Boutique Hotel Hoi An","article_modified_time":"2020-06-25T02:00:53+00:00","og_image":[{"width":1200,"height":800,"url":"https:\/\/lasentahotel.com\/wp-content\/uploads\/sites\/82\/2020\/02\/FAMILY-CONNECTING-ROOM.jpg","type":"image\/jpeg"}],"twitter_card":"summary_large_image","twitter_misc":{"Est. reading time":"1 minute"},"schema":{"@context":"https:\/\/schema.org","@graph":[{"@type":"WebPage","@id":"https:\/\/lasentahotel.com\/vi\/phong-o\/family-connecting-room\/","url":"https:\/\/lasentahotel.com\/vi\/phong-o\/family-connecting-room\/","name":"FAMILY CONNECTING ROOM - Lasenta Boutique Hotel Hoi An","isPartOf":{"@id":"https:\/\/lasentahotel.com\/vi\/#website"},"primaryImageOfPage":{"@id":"https:\/\/lasentahotel.com\/vi\/phong-o\/family-connecting-room\/#primaryimage"},"image":{"@id":"https:\/\/lasentahotel.com\/vi\/phong-o\/family-connecting-room\/#primaryimage"},"thumbnailUrl":"https:\/\/lasentahotel.com\/wp-content\/uploads\/sites\/82\/2020\/02\/FAMILY-CONNECTING-ROOM.jpg","datePublished":"2020-02-25T01:13:03+00:00","dateModified":"2020-06-25T02:00:53+00:00","breadcrumb":{"@id":"https:\/\/lasentahotel.com\/vi\/phong-o\/family-connecting-room\/#breadcrumb"},"inLanguage":"vi-VN","potentialAction":[{"@type":"ReadAction","target":["https:\/\/lasentahotel.com\/vi\/phong-o\/family-connecting-room\/"]}]},{"@type":"ImageObject","inLanguage":"vi-VN","@id":"https:\/\/lasentahotel.com\/vi\/phong-o\/family-connecting-room\/#primaryimage","url":"https:\/\/lasentahotel.com\/wp-content\/uploads\/sites\/82\/2020\/02\/FAMILY-CONNECTING-ROOM.jpg","contentUrl":"https:\/\/lasentahotel.com\/wp-content\/uploads\/sites\/82\/2020\/02\/FAMILY-CONNECTING-ROOM.jpg","width":1200,"height":800},{"@type":"BreadcrumbList","@id":"https:\/\/lasentahotel.com\/vi\/phong-o\/family-connecting-room\/#breadcrumb","itemListElement":[{"@type":"ListItem","position":1,"name":"Home","item":"https:\/\/lasentahotel.com\/vi\/"},{"@type":"ListItem","position":2,"name":"Ph\u00f2ng \u1edf","item":"https:\/\/lasentahotel.com\/vi\/phong-o\/"},{"@type":"ListItem","position":3,"name":"FAMILY CONNECTING ROOM"}]},{"@type":"WebSite","@id":"https:\/\/lasentahotel.com\/vi\/#website","url":"https:\/\/lasentahotel.com\/vi\/","name":"Lasenta Boutique Hotel Hoi An","description":"Just another D-EDGE CMS Asia Pacific site","potentialAction":[{"@type":"SearchAction","target":{"@type":"EntryPoint","urlTemplate":"https:\/\/lasentahotel.com\/vi\/?s={search_term_string}"},"query-input":"required name=search_term_string"}],"inLanguage":"vi-VN"}]}},"_links":{"self":[{"href":"https:\/\/lasentahotel.com\/vi\/wp-json\/wp\/v2\/pages\/433"}],"collection":[{"href":"https:\/\/lasentahotel.com\/vi\/wp-json\/wp\/v2\/pages"}],"about":[{"href":"https:\/\/lasentahotel.com\/vi\/wp-json\/wp\/v2\/types\/page"}],"author":[{"embeddable":true,"href":"https:\/\/lasentahotel.com\/vi\/wp-json\/wp\/v2\/users\/124"}],"replies":[{"embeddable":true,"href":"https:\/\/lasentahotel.com\/vi\/wp-json\/wp\/v2\/comments?post=433"}],"version-history":[{"count":0,"href":"https:\/\/lasentahotel.com\/vi\/wp-json\/wp\/v2\/pages\/433\/revisions"}],"up":[{"embeddable":true,"href":"https:\/\/lasentahotel.com\/vi\/wp-json\/wp\/v2\/pages\/349"}],"wp:featuredmedia":[{"embeddable":true,"href":"https:\/\/lasentahotel.com\/vi\/wp-json\/wp\/v2\/media\/434"}],"wp:attachment":[{"href":"https:\/\/lasentahotel.com\/vi\/wp-json\/wp\/v2\/media?parent=433"}],"curies":[{"name":"wp","href":"https:\/\/api.w.org\/{rel}","templated":true}]}}