{"id":396,"date":"2020-02-25T01:10:40","date_gmt":"2020-02-25T01:10:40","guid":{"rendered":"http:\/\/lasentaboutiquehotelhoian.ms.decms.asia\/?page_id=396"},"modified":"2020-06-25T02:09:23","modified_gmt":"2020-06-25T02:09:23","slug":"superior-triple","status":"publish","type":"page","link":"https:\/\/lasentahotel.com\/vi\/phong-o\/superior-triple\/","title":{"rendered":"SUPERIOR TRIPLE"},"content":{"rendered":"<p align=\"justify\">Ph\u00f2ng r\u1ed9ng r\u00e3i v\u1edbi di\u1ec7n t\u00edch 46 m2, c\u00f3 c\u1eeda s\u1ed5 l\u1edbn. Kh\u00f4ng gian ng\u1ed3i tho\u1ea3i m\u00e1i, b\u00e0n l\u00e0m vi\u1ec7c, c\u00f3 ph\u00f2ng t\u1eafm ri\u00eang tho\u1ea3i m\u00e1i c\u00f9ng v\u00f2i hoa sen v\u00e0 b\u1ed3n t\u1eafm.<\/p>\n<p align=\"justify\">Lo\u1ea1i ph\u00f2ng n\u00e0y g\u1ed3m 1 gi\u01b0\u1eddng l\u1edbn (180 x 200 cm) v\u00e0 1 gi\u01b0\u1eddng \u0111\u01a1n ( 120 x 200 cm). Lo\u1ea1i ph\u00f2ng n\u00e0y ph\u00f9 h\u1ee3p v\u1edbi nh\u1eefng kh\u00e1ch du l\u1ecbch gia \u0111\u00ecnh \u0111i c\u00f9ng tr\u1ebb em. Lo\u1ea1i ph\u00f2ng n\u00e0y c\u00f3 th\u1ec3 th\u00eam 1 gi\u01b0\u1eddng ph\u1ee5 k\u00e8m ph\u00ed ph\u1ee5 thu, v\u00e0 t\u1ed1i \u0111a 4 ng\u01b0\u1eddi l\u1edbn tr\u00ean m\u1ed9t ph\u00f2ng.<\/p>\n<p align=\"justify\">T\u1ea5t c\u1ea3 c\u00e1c ph\u00f2ng \u0111\u1ec1u \u0111\u01b0\u1ee3c trang b\u1ecb \u0111i\u1ec1u h\u00f2a, wifi, ti vi m\u00e0n h\u00ecnh ph\u1eb3ng 32-inch, \u0111i\u1ec7n tho\u1ea1i c\u1ed1 \u0111\u1ecbnh,  k\u00e9t s\u1eaft, m\u00e1y s\u1ea5y t\u00f3c, qu\u1ea7y bar nh\u1ecf, \u1ea5m \u0111un n\u01b0\u1edbc v\u1edbi tr\u00e0 v\u00e0 c\u00e0 ph\u00ea mi\u1ec5n ph\u00ed.<\/p>\n","protected":false},"excerpt":{"rendered":"<p>Ph\u00f2ng r\u1ed9ng r\u00e3i v\u1edbi di\u1ec7n t\u00edch 46 m2, c\u00f3 c\u1eeda s\u1ed5 l\u1edbn. Kh\u00f4ng gian ng\u1ed3i tho\u1ea3i m\u00e1i, b\u00e0n l\u00e0m vi\u1ec7c, c\u00f3 ph\u00f2ng t\u1eafm ri\u00eang tho\u1ea3i m\u00e1i c\u00f9ng v\u00f2i hoa sen v\u00e0 b\u1ed3n t\u1eafm. Lo\u1ea1i ph\u00f2ng n\u00e0y g\u1ed3m 1 gi\u01b0\u1eddng l\u1edbn (180 x 200 cm) v\u00e0 1 gi\u01b0\u1eddng \u0111\u01a1n ( 120 x 200 cm). Lo\u1ea1i ph\u00f2ng [&hellip;]<\/p>\n","protected":false},"author":124,"featured_media":397,"parent":349,"menu_order":0,"comment_status":"closed","ping_status":"closed","template":"template-single-room.php","meta":{"footnotes":""},"yoast_head":"<!-- This site is optimized with the Yoast SEO plugin v22.3 - https:\/\/yoast.com\/wordpress\/plugins\/seo\/ -->\n<title>SUPERIOR TRIPLE - Lasenta Boutique Hotel Hoi An<\/title>\n<meta name=\"robots\" content=\"index, follow, max-snippet:-1, max-image-preview:large, max-video-preview:-1\" \/>\n<link rel=\"canonical\" href=\"https:\/\/lasentahotel.com\/vi\/phong-o\/superior-triple\/\" \/>\n<meta property=\"og:locale\" content=\"vi_VN\" \/>\n<meta property=\"og:type\" content=\"article\" \/>\n<meta property=\"og:title\" content=\"SUPERIOR TRIPLE - Lasenta Boutique Hotel Hoi An\" \/>\n<meta property=\"og:description\" content=\"Ph\u00f2ng r\u1ed9ng r\u00e3i v\u1edbi di\u1ec7n t\u00edch 46 m2, c\u00f3 c\u1eeda s\u1ed5 l\u1edbn. Kh\u00f4ng gian ng\u1ed3i tho\u1ea3i m\u00e1i, b\u00e0n l\u00e0m vi\u1ec7c, c\u00f3 ph\u00f2ng t\u1eafm ri\u00eang tho\u1ea3i m\u00e1i c\u00f9ng v\u00f2i hoa sen v\u00e0 b\u1ed3n t\u1eafm. Lo\u1ea1i ph\u00f2ng n\u00e0y g\u1ed3m 1 gi\u01b0\u1eddng l\u1edbn (180 x 200 cm) v\u00e0 1 gi\u01b0\u1eddng \u0111\u01a1n ( 120 x 200 cm). Lo\u1ea1i ph\u00f2ng [&hellip;]\" \/>\n<meta property=\"og:url\" content=\"https:\/\/lasentahotel.com\/vi\/phong-o\/superior-triple\/\" \/>\n<meta property=\"og:site_name\" content=\"Lasenta Boutique Hotel Hoi An\" \/>\n<meta property=\"article:modified_time\" content=\"2020-06-25T02:09:23+00:00\" \/>\n<meta property=\"og:image\" content=\"https:\/\/lasentahotel.com\/wp-content\/uploads\/sites\/82\/2020\/02\/SUPERIOR-TRIPLE.jpg\" \/>\n\t<meta property=\"og:image:width\" content=\"1200\" \/>\n\t<meta property=\"og:image:height\" content=\"800\" \/>\n\t<meta property=\"og:image:type\" content=\"image\/jpeg\" \/>\n<meta name=\"twitter:card\" content=\"summary_large_image\" \/>\n<meta name=\"twitter:label1\" content=\"Est. reading time\" \/>\n\t<meta name=\"twitter:data1\" content=\"1 minute\" \/>\n<script type=\"application\/ld+json\" class=\"yoast-schema-graph\">{\"@context\":\"https:\/\/schema.org\",\"@graph\":[{\"@type\":\"WebPage\",\"@id\":\"https:\/\/lasentahotel.com\/vi\/phong-o\/superior-triple\/\",\"url\":\"https:\/\/lasentahotel.com\/vi\/phong-o\/superior-triple\/\",\"name\":\"SUPERIOR TRIPLE - Lasenta Boutique Hotel Hoi An\",\"isPartOf\":{\"@id\":\"https:\/\/lasentahotel.com\/vi\/#website\"},\"primaryImageOfPage\":{\"@id\":\"https:\/\/lasentahotel.com\/vi\/phong-o\/superior-triple\/#primaryimage\"},\"image\":{\"@id\":\"https:\/\/lasentahotel.com\/vi\/phong-o\/superior-triple\/#primaryimage\"},\"thumbnailUrl\":\"https:\/\/lasentahotel.com\/wp-content\/uploads\/sites\/82\/2020\/02\/SUPERIOR-TRIPLE.jpg\",\"datePublished\":\"2020-02-25T01:10:40+00:00\",\"dateModified\":\"2020-06-25T02:09:23+00:00\",\"breadcrumb\":{\"@id\":\"https:\/\/lasentahotel.com\/vi\/phong-o\/superior-triple\/#breadcrumb\"},\"inLanguage\":\"vi-VN\",\"potentialAction\":[{\"@type\":\"ReadAction\",\"target\":[\"https:\/\/lasentahotel.com\/vi\/phong-o\/superior-triple\/\"]}]},{\"@type\":\"ImageObject\",\"inLanguage\":\"vi-VN\",\"@id\":\"https:\/\/lasentahotel.com\/vi\/phong-o\/superior-triple\/#primaryimage\",\"url\":\"https:\/\/lasentahotel.com\/wp-content\/uploads\/sites\/82\/2020\/02\/SUPERIOR-TRIPLE.jpg\",\"contentUrl\":\"https:\/\/lasentahotel.com\/wp-content\/uploads\/sites\/82\/2020\/02\/SUPERIOR-TRIPLE.jpg\",\"width\":1200,\"height\":800},{\"@type\":\"BreadcrumbList\",\"@id\":\"https:\/\/lasentahotel.com\/vi\/phong-o\/superior-triple\/#breadcrumb\",\"itemListElement\":[{\"@type\":\"ListItem\",\"position\":1,\"name\":\"Home\",\"item\":\"https:\/\/lasentahotel.com\/vi\/\"},{\"@type\":\"ListItem\",\"position\":2,\"name\":\"Ph\u00f2ng \u1edf\",\"item\":\"https:\/\/lasentahotel.com\/vi\/phong-o\/\"},{\"@type\":\"ListItem\",\"position\":3,\"name\":\"SUPERIOR TRIPLE\"}]},{\"@type\":\"WebSite\",\"@id\":\"https:\/\/lasentahotel.com\/vi\/#website\",\"url\":\"https:\/\/lasentahotel.com\/vi\/\",\"name\":\"Lasenta Boutique Hotel Hoi An\",\"description\":\"Just another D-EDGE CMS Asia Pacific site\",\"potentialAction\":[{\"@type\":\"SearchAction\",\"target\":{\"@type\":\"EntryPoint\",\"urlTemplate\":\"https:\/\/lasentahotel.com\/vi\/?s={search_term_string}\"},\"query-input\":\"required name=search_term_string\"}],\"inLanguage\":\"vi-VN\"}]}<\/script>\n<!-- \/ Yoast SEO plugin. -->","yoast_head_json":{"title":"SUPERIOR TRIPLE - Lasenta Boutique Hotel Hoi An","robots":{"index":"index","follow":"follow","max-snippet":"max-snippet:-1","max-image-preview":"max-image-preview:large","max-video-preview":"max-video-preview:-1"},"canonical":"https:\/\/lasentahotel.com\/vi\/phong-o\/superior-triple\/","og_locale":"vi_VN","og_type":"article","og_title":"SUPERIOR TRIPLE - Lasenta Boutique Hotel Hoi An","og_description":"Ph\u00f2ng r\u1ed9ng r\u00e3i v\u1edbi di\u1ec7n t\u00edch 46 m2, c\u00f3 c\u1eeda s\u1ed5 l\u1edbn. Kh\u00f4ng gian ng\u1ed3i tho\u1ea3i m\u00e1i, b\u00e0n l\u00e0m vi\u1ec7c, c\u00f3 ph\u00f2ng t\u1eafm ri\u00eang tho\u1ea3i m\u00e1i c\u00f9ng v\u00f2i hoa sen v\u00e0 b\u1ed3n t\u1eafm. Lo\u1ea1i ph\u00f2ng n\u00e0y g\u1ed3m 1 gi\u01b0\u1eddng l\u1edbn (180 x 200 cm) v\u00e0 1 gi\u01b0\u1eddng \u0111\u01a1n ( 120 x 200 cm). Lo\u1ea1i ph\u00f2ng [&hellip;]","og_url":"https:\/\/lasentahotel.com\/vi\/phong-o\/superior-triple\/","og_site_name":"Lasenta Boutique Hotel Hoi An","article_modified_time":"2020-06-25T02:09:23+00:00","og_image":[{"width":1200,"height":800,"url":"https:\/\/lasentahotel.com\/wp-content\/uploads\/sites\/82\/2020\/02\/SUPERIOR-TRIPLE.jpg","type":"image\/jpeg"}],"twitter_card":"summary_large_image","twitter_misc":{"Est. reading time":"1 minute"},"schema":{"@context":"https:\/\/schema.org","@graph":[{"@type":"WebPage","@id":"https:\/\/lasentahotel.com\/vi\/phong-o\/superior-triple\/","url":"https:\/\/lasentahotel.com\/vi\/phong-o\/superior-triple\/","name":"SUPERIOR TRIPLE - Lasenta Boutique Hotel Hoi An","isPartOf":{"@id":"https:\/\/lasentahotel.com\/vi\/#website"},"primaryImageOfPage":{"@id":"https:\/\/lasentahotel.com\/vi\/phong-o\/superior-triple\/#primaryimage"},"image":{"@id":"https:\/\/lasentahotel.com\/vi\/phong-o\/superior-triple\/#primaryimage"},"thumbnailUrl":"https:\/\/lasentahotel.com\/wp-content\/uploads\/sites\/82\/2020\/02\/SUPERIOR-TRIPLE.jpg","datePublished":"2020-02-25T01:10:40+00:00","dateModified":"2020-06-25T02:09:23+00:00","breadcrumb":{"@id":"https:\/\/lasentahotel.com\/vi\/phong-o\/superior-triple\/#breadcrumb"},"inLanguage":"vi-VN","potentialAction":[{"@type":"ReadAction","target":["https:\/\/lasentahotel.com\/vi\/phong-o\/superior-triple\/"]}]},{"@type":"ImageObject","inLanguage":"vi-VN","@id":"https:\/\/lasentahotel.com\/vi\/phong-o\/superior-triple\/#primaryimage","url":"https:\/\/lasentahotel.com\/wp-content\/uploads\/sites\/82\/2020\/02\/SUPERIOR-TRIPLE.jpg","contentUrl":"https:\/\/lasentahotel.com\/wp-content\/uploads\/sites\/82\/2020\/02\/SUPERIOR-TRIPLE.jpg","width":1200,"height":800},{"@type":"BreadcrumbList","@id":"https:\/\/lasentahotel.com\/vi\/phong-o\/superior-triple\/#breadcrumb","itemListElement":[{"@type":"ListItem","position":1,"name":"Home","item":"https:\/\/lasentahotel.com\/vi\/"},{"@type":"ListItem","position":2,"name":"Ph\u00f2ng \u1edf","item":"https:\/\/lasentahotel.com\/vi\/phong-o\/"},{"@type":"ListItem","position":3,"name":"SUPERIOR TRIPLE"}]},{"@type":"WebSite","@id":"https:\/\/lasentahotel.com\/vi\/#website","url":"https:\/\/lasentahotel.com\/vi\/","name":"Lasenta Boutique Hotel Hoi An","description":"Just another D-EDGE CMS Asia Pacific site","potentialAction":[{"@type":"SearchAction","target":{"@type":"EntryPoint","urlTemplate":"https:\/\/lasentahotel.com\/vi\/?s={search_term_string}"},"query-input":"required name=search_term_string"}],"inLanguage":"vi-VN"}]}},"_links":{"self":[{"href":"https:\/\/lasentahotel.com\/vi\/wp-json\/wp\/v2\/pages\/396"}],"collection":[{"href":"https:\/\/lasentahotel.com\/vi\/wp-json\/wp\/v2\/pages"}],"about":[{"href":"https:\/\/lasentahotel.com\/vi\/wp-json\/wp\/v2\/types\/page"}],"author":[{"embeddable":true,"href":"https:\/\/lasentahotel.com\/vi\/wp-json\/wp\/v2\/users\/124"}],"replies":[{"embeddable":true,"href":"https:\/\/lasentahotel.com\/vi\/wp-json\/wp\/v2\/comments?post=396"}],"version-history":[{"count":0,"href":"https:\/\/lasentahotel.com\/vi\/wp-json\/wp\/v2\/pages\/396\/revisions"}],"up":[{"embeddable":true,"href":"https:\/\/lasentahotel.com\/vi\/wp-json\/wp\/v2\/pages\/349"}],"wp:featuredmedia":[{"embeddable":true,"href":"https:\/\/lasentahotel.com\/vi\/wp-json\/wp\/v2\/media\/397"}],"wp:attachment":[{"href":"https:\/\/lasentahotel.com\/vi\/wp-json\/wp\/v2\/media?parent=396"}],"curies":[{"name":"wp","href":"https:\/\/api.w.org\/{rel}","templated":true}]}}