{"id":389,"date":"2020-02-25T01:10:14","date_gmt":"2020-02-25T01:10:14","guid":{"rendered":"http:\/\/lasentaboutiquehotelhoian.ms.decms.asia\/?page_id=389"},"modified":"2020-06-25T01:58:09","modified_gmt":"2020-06-25T01:58:09","slug":"deluxe-grand-view","status":"publish","type":"page","link":"https:\/\/lasentahotel.com\/vi\/phong-o\/deluxe-grand-view\/","title":{"rendered":"DELUXE GRAND VIEW"},"content":{"rendered":"<p align=\"justify\">Ph\u00f2ng r\u1ed9ng r\u00e3i v\u1edbi di\u1ec7n t\u00edch 40 m2, v\u1edbi 2 c\u1eeda s\u1ed5 l\u1edbn. Khu v\u1ef1c ph\u00f2ng kh\u00e1ch \u1ea5m c\u00fang v\u1edbi t\u1ea7m nh\u00ecn h\u01b0\u1edbng ra c\u00e1nh \u0111\u1ed3ng c\u1ef1c \u0111\u1eb9p, b\u00e0n l\u00e0m vi\u1ec7c v\u00e0 ph\u00f2ng t\u1eafm ri\u00eang r\u1ed9ng r\u00e3i v\u1edbi b\u1ed3n t\u1eafm v\u00e0 v\u00f2i hoa sen.<\/p>\n<p align=\"justify\">Lo\u1ea1i phong n\u00e0y g\u1ed3m 1 gi\u01b0\u1eddng l\u1edbn (180 x 200 cm). Lo\u1ea1i ph\u00f2ng n\u00e0y c\u00f3 th\u1ec3 th\u00eam 1 gi\u01b0\u1eddng ph\u1ee5 k\u00e8m ph\u00ed ph\u1ee5 thu.<\/p>\n<p align=\"justify\">T\u1ea5t c\u1ea3 c\u00e1c ph\u00f2ng \u0111\u1ec1u \u0111\u01b0\u1ee3c trang b\u1ecb \u0111i\u1ec1u h\u00f2a, wifi, ti vi m\u00e0n h\u00ecnh ph\u1eb3ng 32-inch, \u0111i\u1ec7n tho\u1ea1i c\u1ed1 \u0111\u1ecbnh, k\u00e9t s\u1eaft, m\u00e1y s\u1ea5y t\u00f3c, qu\u1ea7y bar nh\u1ecf, \u1ea5m \u0111un n\u01b0\u1edbc v\u1edbi tr\u00e0 v\u00e0 c\u00e0 ph\u00ea mi\u1ec5n ph\u00ed.<\/p>\n","protected":false},"excerpt":{"rendered":"<p>Ph\u00f2ng r\u1ed9ng r\u00e3i v\u1edbi di\u1ec7n t\u00edch 40 m2, v\u1edbi 2 c\u1eeda s\u1ed5 l\u1edbn. Khu v\u1ef1c ph\u00f2ng kh\u00e1ch \u1ea5m c\u00fang v\u1edbi t\u1ea7m nh\u00ecn h\u01b0\u1edbng ra c\u00e1nh \u0111\u1ed3ng c\u1ef1c \u0111\u1eb9p, b\u00e0n l\u00e0m vi\u1ec7c v\u00e0 ph\u00f2ng t\u1eafm ri\u00eang r\u1ed9ng r\u00e3i v\u1edbi b\u1ed3n t\u1eafm v\u00e0 v\u00f2i hoa sen. Lo\u1ea1i phong n\u00e0y g\u1ed3m 1 gi\u01b0\u1eddng l\u1edbn (180 x 200 cm). [&hellip;]<\/p>\n","protected":false},"author":124,"featured_media":390,"parent":349,"menu_order":0,"comment_status":"closed","ping_status":"closed","template":"template-single-room.php","meta":{"footnotes":""},"yoast_head":"<!-- This site is optimized with the Yoast SEO plugin v22.3 - https:\/\/yoast.com\/wordpress\/plugins\/seo\/ -->\n<title>DELUXE GRAND VIEW - Lasenta Boutique Hotel Hoi An<\/title>\n<meta name=\"robots\" content=\"index, follow, max-snippet:-1, max-image-preview:large, max-video-preview:-1\" \/>\n<link rel=\"canonical\" href=\"https:\/\/lasentahotel.com\/vi\/phong-o\/deluxe-grand-view\/\" \/>\n<meta property=\"og:locale\" content=\"vi_VN\" \/>\n<meta property=\"og:type\" content=\"article\" \/>\n<meta property=\"og:title\" content=\"DELUXE GRAND VIEW - Lasenta Boutique Hotel Hoi An\" \/>\n<meta property=\"og:description\" content=\"Ph\u00f2ng r\u1ed9ng r\u00e3i v\u1edbi di\u1ec7n t\u00edch 40 m2, v\u1edbi 2 c\u1eeda s\u1ed5 l\u1edbn. Khu v\u1ef1c ph\u00f2ng kh\u00e1ch \u1ea5m c\u00fang v\u1edbi t\u1ea7m nh\u00ecn h\u01b0\u1edbng ra c\u00e1nh \u0111\u1ed3ng c\u1ef1c \u0111\u1eb9p, b\u00e0n l\u00e0m vi\u1ec7c v\u00e0 ph\u00f2ng t\u1eafm ri\u00eang r\u1ed9ng r\u00e3i v\u1edbi b\u1ed3n t\u1eafm v\u00e0 v\u00f2i hoa sen. Lo\u1ea1i phong n\u00e0y g\u1ed3m 1 gi\u01b0\u1eddng l\u1edbn (180 x 200 cm). [&hellip;]\" \/>\n<meta property=\"og:url\" content=\"https:\/\/lasentahotel.com\/vi\/phong-o\/deluxe-grand-view\/\" \/>\n<meta property=\"og:site_name\" content=\"Lasenta Boutique Hotel Hoi An\" \/>\n<meta property=\"article:modified_time\" content=\"2020-06-25T01:58:09+00:00\" \/>\n<meta property=\"og:image\" content=\"https:\/\/lasentahotel.com\/wp-content\/uploads\/sites\/82\/2020\/02\/Deluxe-Grand-View.jpg\" \/>\n\t<meta property=\"og:image:width\" content=\"1200\" \/>\n\t<meta property=\"og:image:height\" content=\"800\" \/>\n\t<meta property=\"og:image:type\" content=\"image\/jpeg\" \/>\n<meta name=\"twitter:card\" content=\"summary_large_image\" \/>\n<meta name=\"twitter:label1\" content=\"Est. reading time\" \/>\n\t<meta name=\"twitter:data1\" content=\"1 minute\" \/>\n<script type=\"application\/ld+json\" class=\"yoast-schema-graph\">{\"@context\":\"https:\/\/schema.org\",\"@graph\":[{\"@type\":\"WebPage\",\"@id\":\"https:\/\/lasentahotel.com\/vi\/phong-o\/deluxe-grand-view\/\",\"url\":\"https:\/\/lasentahotel.com\/vi\/phong-o\/deluxe-grand-view\/\",\"name\":\"DELUXE GRAND VIEW - Lasenta Boutique Hotel Hoi An\",\"isPartOf\":{\"@id\":\"https:\/\/lasentahotel.com\/vi\/#website\"},\"primaryImageOfPage\":{\"@id\":\"https:\/\/lasentahotel.com\/vi\/phong-o\/deluxe-grand-view\/#primaryimage\"},\"image\":{\"@id\":\"https:\/\/lasentahotel.com\/vi\/phong-o\/deluxe-grand-view\/#primaryimage\"},\"thumbnailUrl\":\"https:\/\/lasentahotel.com\/wp-content\/uploads\/sites\/82\/2020\/02\/Deluxe-Grand-View.jpg\",\"datePublished\":\"2020-02-25T01:10:14+00:00\",\"dateModified\":\"2020-06-25T01:58:09+00:00\",\"breadcrumb\":{\"@id\":\"https:\/\/lasentahotel.com\/vi\/phong-o\/deluxe-grand-view\/#breadcrumb\"},\"inLanguage\":\"vi-VN\",\"potentialAction\":[{\"@type\":\"ReadAction\",\"target\":[\"https:\/\/lasentahotel.com\/vi\/phong-o\/deluxe-grand-view\/\"]}]},{\"@type\":\"ImageObject\",\"inLanguage\":\"vi-VN\",\"@id\":\"https:\/\/lasentahotel.com\/vi\/phong-o\/deluxe-grand-view\/#primaryimage\",\"url\":\"https:\/\/lasentahotel.com\/wp-content\/uploads\/sites\/82\/2020\/02\/Deluxe-Grand-View.jpg\",\"contentUrl\":\"https:\/\/lasentahotel.com\/wp-content\/uploads\/sites\/82\/2020\/02\/Deluxe-Grand-View.jpg\",\"width\":1200,\"height\":800},{\"@type\":\"BreadcrumbList\",\"@id\":\"https:\/\/lasentahotel.com\/vi\/phong-o\/deluxe-grand-view\/#breadcrumb\",\"itemListElement\":[{\"@type\":\"ListItem\",\"position\":1,\"name\":\"Home\",\"item\":\"https:\/\/lasentahotel.com\/vi\/\"},{\"@type\":\"ListItem\",\"position\":2,\"name\":\"Ph\u00f2ng \u1edf\",\"item\":\"https:\/\/lasentahotel.com\/vi\/phong-o\/\"},{\"@type\":\"ListItem\",\"position\":3,\"name\":\"DELUXE GRAND VIEW\"}]},{\"@type\":\"WebSite\",\"@id\":\"https:\/\/lasentahotel.com\/vi\/#website\",\"url\":\"https:\/\/lasentahotel.com\/vi\/\",\"name\":\"Lasenta Boutique Hotel Hoi An\",\"description\":\"Just another D-EDGE CMS Asia Pacific site\",\"potentialAction\":[{\"@type\":\"SearchAction\",\"target\":{\"@type\":\"EntryPoint\",\"urlTemplate\":\"https:\/\/lasentahotel.com\/vi\/?s={search_term_string}\"},\"query-input\":\"required name=search_term_string\"}],\"inLanguage\":\"vi-VN\"}]}<\/script>\n<!-- \/ Yoast SEO plugin. -->","yoast_head_json":{"title":"DELUXE GRAND VIEW - Lasenta Boutique Hotel Hoi An","robots":{"index":"index","follow":"follow","max-snippet":"max-snippet:-1","max-image-preview":"max-image-preview:large","max-video-preview":"max-video-preview:-1"},"canonical":"https:\/\/lasentahotel.com\/vi\/phong-o\/deluxe-grand-view\/","og_locale":"vi_VN","og_type":"article","og_title":"DELUXE GRAND VIEW - Lasenta Boutique Hotel Hoi An","og_description":"Ph\u00f2ng r\u1ed9ng r\u00e3i v\u1edbi di\u1ec7n t\u00edch 40 m2, v\u1edbi 2 c\u1eeda s\u1ed5 l\u1edbn. Khu v\u1ef1c ph\u00f2ng kh\u00e1ch \u1ea5m c\u00fang v\u1edbi t\u1ea7m nh\u00ecn h\u01b0\u1edbng ra c\u00e1nh \u0111\u1ed3ng c\u1ef1c \u0111\u1eb9p, b\u00e0n l\u00e0m vi\u1ec7c v\u00e0 ph\u00f2ng t\u1eafm ri\u00eang r\u1ed9ng r\u00e3i v\u1edbi b\u1ed3n t\u1eafm v\u00e0 v\u00f2i hoa sen. Lo\u1ea1i phong n\u00e0y g\u1ed3m 1 gi\u01b0\u1eddng l\u1edbn (180 x 200 cm). [&hellip;]","og_url":"https:\/\/lasentahotel.com\/vi\/phong-o\/deluxe-grand-view\/","og_site_name":"Lasenta Boutique Hotel Hoi An","article_modified_time":"2020-06-25T01:58:09+00:00","og_image":[{"width":1200,"height":800,"url":"https:\/\/lasentahotel.com\/wp-content\/uploads\/sites\/82\/2020\/02\/Deluxe-Grand-View.jpg","type":"image\/jpeg"}],"twitter_card":"summary_large_image","twitter_misc":{"Est. reading time":"1 minute"},"schema":{"@context":"https:\/\/schema.org","@graph":[{"@type":"WebPage","@id":"https:\/\/lasentahotel.com\/vi\/phong-o\/deluxe-grand-view\/","url":"https:\/\/lasentahotel.com\/vi\/phong-o\/deluxe-grand-view\/","name":"DELUXE GRAND VIEW - Lasenta Boutique Hotel Hoi An","isPartOf":{"@id":"https:\/\/lasentahotel.com\/vi\/#website"},"primaryImageOfPage":{"@id":"https:\/\/lasentahotel.com\/vi\/phong-o\/deluxe-grand-view\/#primaryimage"},"image":{"@id":"https:\/\/lasentahotel.com\/vi\/phong-o\/deluxe-grand-view\/#primaryimage"},"thumbnailUrl":"https:\/\/lasentahotel.com\/wp-content\/uploads\/sites\/82\/2020\/02\/Deluxe-Grand-View.jpg","datePublished":"2020-02-25T01:10:14+00:00","dateModified":"2020-06-25T01:58:09+00:00","breadcrumb":{"@id":"https:\/\/lasentahotel.com\/vi\/phong-o\/deluxe-grand-view\/#breadcrumb"},"inLanguage":"vi-VN","potentialAction":[{"@type":"ReadAction","target":["https:\/\/lasentahotel.com\/vi\/phong-o\/deluxe-grand-view\/"]}]},{"@type":"ImageObject","inLanguage":"vi-VN","@id":"https:\/\/lasentahotel.com\/vi\/phong-o\/deluxe-grand-view\/#primaryimage","url":"https:\/\/lasentahotel.com\/wp-content\/uploads\/sites\/82\/2020\/02\/Deluxe-Grand-View.jpg","contentUrl":"https:\/\/lasentahotel.com\/wp-content\/uploads\/sites\/82\/2020\/02\/Deluxe-Grand-View.jpg","width":1200,"height":800},{"@type":"BreadcrumbList","@id":"https:\/\/lasentahotel.com\/vi\/phong-o\/deluxe-grand-view\/#breadcrumb","itemListElement":[{"@type":"ListItem","position":1,"name":"Home","item":"https:\/\/lasentahotel.com\/vi\/"},{"@type":"ListItem","position":2,"name":"Ph\u00f2ng \u1edf","item":"https:\/\/lasentahotel.com\/vi\/phong-o\/"},{"@type":"ListItem","position":3,"name":"DELUXE GRAND VIEW"}]},{"@type":"WebSite","@id":"https:\/\/lasentahotel.com\/vi\/#website","url":"https:\/\/lasentahotel.com\/vi\/","name":"Lasenta Boutique Hotel Hoi An","description":"Just another D-EDGE CMS Asia Pacific site","potentialAction":[{"@type":"SearchAction","target":{"@type":"EntryPoint","urlTemplate":"https:\/\/lasentahotel.com\/vi\/?s={search_term_string}"},"query-input":"required name=search_term_string"}],"inLanguage":"vi-VN"}]}},"_links":{"self":[{"href":"https:\/\/lasentahotel.com\/vi\/wp-json\/wp\/v2\/pages\/389"}],"collection":[{"href":"https:\/\/lasentahotel.com\/vi\/wp-json\/wp\/v2\/pages"}],"about":[{"href":"https:\/\/lasentahotel.com\/vi\/wp-json\/wp\/v2\/types\/page"}],"author":[{"embeddable":true,"href":"https:\/\/lasentahotel.com\/vi\/wp-json\/wp\/v2\/users\/124"}],"replies":[{"embeddable":true,"href":"https:\/\/lasentahotel.com\/vi\/wp-json\/wp\/v2\/comments?post=389"}],"version-history":[{"count":0,"href":"https:\/\/lasentahotel.com\/vi\/wp-json\/wp\/v2\/pages\/389\/revisions"}],"up":[{"embeddable":true,"href":"https:\/\/lasentahotel.com\/vi\/wp-json\/wp\/v2\/pages\/349"}],"wp:featuredmedia":[{"embeddable":true,"href":"https:\/\/lasentahotel.com\/vi\/wp-json\/wp\/v2\/media\/390"}],"wp:attachment":[{"href":"https:\/\/lasentahotel.com\/vi\/wp-json\/wp\/v2\/media?parent=389"}],"curies":[{"name":"wp","href":"https:\/\/api.w.org\/{rel}","templated":true}]}}