{"id":350,"date":"2020-02-24T09:55:48","date_gmt":"2020-02-24T09:55:48","guid":{"rendered":"http:\/\/lasentaboutiquehotelhoian.ms.decms.asia\/?page_id=350"},"modified":"2020-04-09T03:42:19","modified_gmt":"2020-04-09T03:42:19","slug":"vi-tri","status":"publish","type":"page","link":"https:\/\/lasentahotel.com\/vi\/vi-tri\/","title":{"rendered":"V\u1ecb tr\u00ed"},"content":{"rendered":"<p>N\u1eb1m tr\u00ean con \u0111\u01b0\u1eddng di s\u1ea3n th\u1ebf gi\u1edbi \u1edf mi\u1ec1n Trung Vi\u1ec7t Nam v\u1edbi 2 \u0111\u1ecba \u0111i\u1ec3m n\u1ed5i ti\u1ebfng th\u1ebf gi\u1edbi bao g\u1ed3m ph\u1ed1 c\u1ed5 H\u1ed9i An v\u00e0 Th\u00e1nh \u0111\u1ecba M\u1ef9 S\u01a1n, ch\u1ec9 c\u00e1ch ph\u1ed1 c\u1ed5 H\u1ed9i An 1,5 km v\u00e0 c\u00e1ch c\u00e1c b\u00e3i bi\u1ec3n 4 km, Lasenta Boutique Hotel Hoi An l\u00e0 s\u1ef1 l\u1ef1a ch\u1ecdn ho\u00e0n h\u1ea3o cho kh\u00e1ch du l\u1ecbch mu\u1ed1n k\u1ebft h\u1ee3p k\u1ef3 ngh\u1ec9 \u1edf b\u00e3i bi\u1ec3n v\u1edbi chuy\u1ebfn th\u0103m c\u00e1c \u0111i\u1ec3m \u0111\u1ebfn l\u1ecbch s\u1eed v\u00e0 v\u0103n h\u00f3a.<\/p>\n<p>C\u00e1c s\u00e2n bay g\u1ea7n nh\u1ea5t *<br \/>\nS\u00e2n bay Qu\u1ed1c t\u1ebf \u0110\u00e0 N\u1eb5ng: 23,5 km<br \/>\nS\u00e2n bay Chu Lai: 65 km<br \/>\nS\u00e2n bay Ph\u00fa B\u00e0i: 89,4 km<\/p>\n<p>C\u00e1c \u0111\u1ecba danh n\u1ed5i ti\u1ebfng:<br \/>\nPh\u1ed1 c\u1ed5 H\u1ed9i An: 1.5 km<br \/>\nBi\u1ec3n C\u1eeda \u0110\u1ea1i: 4 km<br \/>\nCh\u1ee3 H\u1ed9i An: 1.1 km<br \/>\nL\u00e0ng m\u1ed9c Kim B\u1ed3ng: 2.5 km<br \/>\nL\u00e0ng g\u1ed1m Thanh H\u00e0: 4 km<br \/>\nNg\u0169 H\u00e0nh S\u01a1n: 15.9 km<br \/>\nB\u00e0 N\u00e0 Hills: 40 km<\/p>\n","protected":false},"excerpt":{"rendered":"<p>N\u1eb1m tr\u00ean con \u0111\u01b0\u1eddng di s\u1ea3n th\u1ebf gi\u1edbi \u1edf mi\u1ec1n Trung Vi\u1ec7t Nam v\u1edbi 2 \u0111\u1ecba \u0111i\u1ec3m n\u1ed5i ti\u1ebfng th\u1ebf gi\u1edbi bao g\u1ed3m ph\u1ed1 c\u1ed5 H\u1ed9i An v\u00e0 Th\u00e1nh \u0111\u1ecba M\u1ef9 S\u01a1n, ch\u1ec9 c\u00e1ch ph\u1ed1 c\u1ed5 H\u1ed9i An 1,5 km v\u00e0 c\u00e1ch c\u00e1c b\u00e3i bi\u1ec3n 4 km, Lasenta Boutique Hotel Hoi An l\u00e0 s\u1ef1 l\u1ef1a [&hellip;]<\/p>\n","protected":false},"author":124,"featured_media":0,"parent":0,"menu_order":0,"comment_status":"closed","ping_status":"closed","template":"template-location.php","meta":{"footnotes":""},"yoast_head":"<!-- This site is optimized with the Yoast SEO plugin v22.3 - https:\/\/yoast.com\/wordpress\/plugins\/seo\/ -->\n<title>V\u1ecb tr\u00ed - Lasenta Boutique Hotel Hoi An<\/title>\n<meta name=\"robots\" content=\"index, follow, max-snippet:-1, max-image-preview:large, max-video-preview:-1\" \/>\n<link rel=\"canonical\" href=\"https:\/\/lasentahotel.com\/vi\/vi-tri\/\" \/>\n<meta property=\"og:locale\" content=\"vi_VN\" \/>\n<meta property=\"og:type\" content=\"article\" \/>\n<meta property=\"og:title\" content=\"V\u1ecb tr\u00ed - Lasenta Boutique Hotel Hoi An\" \/>\n<meta property=\"og:description\" content=\"N\u1eb1m tr\u00ean con \u0111\u01b0\u1eddng di s\u1ea3n th\u1ebf gi\u1edbi \u1edf mi\u1ec1n Trung Vi\u1ec7t Nam v\u1edbi 2 \u0111\u1ecba \u0111i\u1ec3m n\u1ed5i ti\u1ebfng th\u1ebf gi\u1edbi bao g\u1ed3m ph\u1ed1 c\u1ed5 H\u1ed9i An v\u00e0 Th\u00e1nh \u0111\u1ecba M\u1ef9 S\u01a1n, ch\u1ec9 c\u00e1ch ph\u1ed1 c\u1ed5 H\u1ed9i An 1,5 km v\u00e0 c\u00e1ch c\u00e1c b\u00e3i bi\u1ec3n 4 km, Lasenta Boutique Hotel Hoi An l\u00e0 s\u1ef1 l\u1ef1a [&hellip;]\" \/>\n<meta property=\"og:url\" content=\"https:\/\/lasentahotel.com\/vi\/vi-tri\/\" \/>\n<meta property=\"og:site_name\" content=\"Lasenta Boutique Hotel Hoi An\" \/>\n<meta property=\"article:modified_time\" content=\"2020-04-09T03:42:19+00:00\" \/>\n<meta name=\"twitter:card\" content=\"summary_large_image\" \/>\n<meta name=\"twitter:label1\" content=\"Est. reading time\" \/>\n\t<meta name=\"twitter:data1\" content=\"1 minute\" \/>\n<script type=\"application\/ld+json\" class=\"yoast-schema-graph\">{\"@context\":\"https:\/\/schema.org\",\"@graph\":[{\"@type\":\"WebPage\",\"@id\":\"https:\/\/lasentahotel.com\/vi\/vi-tri\/\",\"url\":\"https:\/\/lasentahotel.com\/vi\/vi-tri\/\",\"name\":\"V\u1ecb tr\u00ed - Lasenta Boutique Hotel Hoi An\",\"isPartOf\":{\"@id\":\"https:\/\/lasentahotel.com\/vi\/#website\"},\"datePublished\":\"2020-02-24T09:55:48+00:00\",\"dateModified\":\"2020-04-09T03:42:19+00:00\",\"breadcrumb\":{\"@id\":\"https:\/\/lasentahotel.com\/vi\/vi-tri\/#breadcrumb\"},\"inLanguage\":\"vi-VN\",\"potentialAction\":[{\"@type\":\"ReadAction\",\"target\":[\"https:\/\/lasentahotel.com\/vi\/vi-tri\/\"]}]},{\"@type\":\"BreadcrumbList\",\"@id\":\"https:\/\/lasentahotel.com\/vi\/vi-tri\/#breadcrumb\",\"itemListElement\":[{\"@type\":\"ListItem\",\"position\":1,\"name\":\"Home\",\"item\":\"https:\/\/lasentahotel.com\/vi\/\"},{\"@type\":\"ListItem\",\"position\":2,\"name\":\"V\u1ecb tr\u00ed\"}]},{\"@type\":\"WebSite\",\"@id\":\"https:\/\/lasentahotel.com\/vi\/#website\",\"url\":\"https:\/\/lasentahotel.com\/vi\/\",\"name\":\"Lasenta Boutique Hotel Hoi An\",\"description\":\"Just another D-EDGE CMS Asia Pacific site\",\"potentialAction\":[{\"@type\":\"SearchAction\",\"target\":{\"@type\":\"EntryPoint\",\"urlTemplate\":\"https:\/\/lasentahotel.com\/vi\/?s={search_term_string}\"},\"query-input\":\"required name=search_term_string\"}],\"inLanguage\":\"vi-VN\"}]}<\/script>\n<!-- \/ Yoast SEO plugin. -->","yoast_head_json":{"title":"V\u1ecb tr\u00ed - Lasenta Boutique Hotel Hoi An","robots":{"index":"index","follow":"follow","max-snippet":"max-snippet:-1","max-image-preview":"max-image-preview:large","max-video-preview":"max-video-preview:-1"},"canonical":"https:\/\/lasentahotel.com\/vi\/vi-tri\/","og_locale":"vi_VN","og_type":"article","og_title":"V\u1ecb tr\u00ed - Lasenta Boutique Hotel Hoi An","og_description":"N\u1eb1m tr\u00ean con \u0111\u01b0\u1eddng di s\u1ea3n th\u1ebf gi\u1edbi \u1edf mi\u1ec1n Trung Vi\u1ec7t Nam v\u1edbi 2 \u0111\u1ecba \u0111i\u1ec3m n\u1ed5i ti\u1ebfng th\u1ebf gi\u1edbi bao g\u1ed3m ph\u1ed1 c\u1ed5 H\u1ed9i An v\u00e0 Th\u00e1nh \u0111\u1ecba M\u1ef9 S\u01a1n, ch\u1ec9 c\u00e1ch ph\u1ed1 c\u1ed5 H\u1ed9i An 1,5 km v\u00e0 c\u00e1ch c\u00e1c b\u00e3i bi\u1ec3n 4 km, Lasenta Boutique Hotel Hoi An l\u00e0 s\u1ef1 l\u1ef1a [&hellip;]","og_url":"https:\/\/lasentahotel.com\/vi\/vi-tri\/","og_site_name":"Lasenta Boutique Hotel Hoi An","article_modified_time":"2020-04-09T03:42:19+00:00","twitter_card":"summary_large_image","twitter_misc":{"Est. reading time":"1 minute"},"schema":{"@context":"https:\/\/schema.org","@graph":[{"@type":"WebPage","@id":"https:\/\/lasentahotel.com\/vi\/vi-tri\/","url":"https:\/\/lasentahotel.com\/vi\/vi-tri\/","name":"V\u1ecb tr\u00ed - Lasenta Boutique Hotel Hoi An","isPartOf":{"@id":"https:\/\/lasentahotel.com\/vi\/#website"},"datePublished":"2020-02-24T09:55:48+00:00","dateModified":"2020-04-09T03:42:19+00:00","breadcrumb":{"@id":"https:\/\/lasentahotel.com\/vi\/vi-tri\/#breadcrumb"},"inLanguage":"vi-VN","potentialAction":[{"@type":"ReadAction","target":["https:\/\/lasentahotel.com\/vi\/vi-tri\/"]}]},{"@type":"BreadcrumbList","@id":"https:\/\/lasentahotel.com\/vi\/vi-tri\/#breadcrumb","itemListElement":[{"@type":"ListItem","position":1,"name":"Home","item":"https:\/\/lasentahotel.com\/vi\/"},{"@type":"ListItem","position":2,"name":"V\u1ecb tr\u00ed"}]},{"@type":"WebSite","@id":"https:\/\/lasentahotel.com\/vi\/#website","url":"https:\/\/lasentahotel.com\/vi\/","name":"Lasenta Boutique Hotel Hoi An","description":"Just another D-EDGE CMS Asia Pacific site","potentialAction":[{"@type":"SearchAction","target":{"@type":"EntryPoint","urlTemplate":"https:\/\/lasentahotel.com\/vi\/?s={search_term_string}"},"query-input":"required name=search_term_string"}],"inLanguage":"vi-VN"}]}},"_links":{"self":[{"href":"https:\/\/lasentahotel.com\/vi\/wp-json\/wp\/v2\/pages\/350"}],"collection":[{"href":"https:\/\/lasentahotel.com\/vi\/wp-json\/wp\/v2\/pages"}],"about":[{"href":"https:\/\/lasentahotel.com\/vi\/wp-json\/wp\/v2\/types\/page"}],"author":[{"embeddable":true,"href":"https:\/\/lasentahotel.com\/vi\/wp-json\/wp\/v2\/users\/124"}],"replies":[{"embeddable":true,"href":"https:\/\/lasentahotel.com\/vi\/wp-json\/wp\/v2\/comments?post=350"}],"version-history":[{"count":0,"href":"https:\/\/lasentahotel.com\/vi\/wp-json\/wp\/v2\/pages\/350\/revisions"}],"wp:attachment":[{"href":"https:\/\/lasentahotel.com\/vi\/wp-json\/wp\/v2\/media?parent=350"}],"curies":[{"name":"wp","href":"https:\/\/api.w.org\/{rel}","templated":true}]}}