{"id":344,"date":"2020-02-24T09:54:03","date_gmt":"2020-02-24T09:54:03","guid":{"rendered":"http:\/\/lasentaboutiquehotelhoian.ms.decms.asia\/?page_id=344"},"modified":"2025-10-07T01:04:47","modified_gmt":"2025-10-07T01:04:47","slug":"chao-don-ban-den-hoi-an","status":"publish","type":"page","link":"https:\/\/lasentahotel.com\/vi\/","title":{"rendered":"Lasenta Boutique Hotel"},"content":{"rendered":"<h6>57 L\u00fd Th\u01b0\u1eddng Ki\u1ec7t \u2013 Ph\u01b0\u01a1\u0300ng H\u1ed9i An \u0110\u00f4ng \u2013 Th\u00e0nh Ph\u1ed1 \u0110\u00e0 N\u1eb5ng \u2013 Vi\u1ec7t Nam<\/h6>\n<p>&nbsp;<\/p>\n<p style=\"justify-content: center\">T\u1eeb l\u00fac \u0111\u1ebfn t\u1edbi l\u00fac b\u1ea1n r\u1eddi \u0111i, Lasenta Boutique Hotel Hoi An s\u1ebd \u0111\u1ea3m b\u1ea3o cho k\u00ec ngh\u1ec9 c\u1ee7a b\u1ea1n \u1edf ph\u1ed1 c\u1ed5 H\u1ed9i An t\u1ecda l\u1ea1c \u1edf v\u00f9ng \u0111\u1ea5t y\u00ean b\u00ecnh c\u1ee7a ph\u1ed1 c\u1ed5, nh\u00ecn ra ru\u1ed9ng l\u00faa xanh t\u01b0\u01a1i tr\u1ea3i d\u00e0i xu\u1ed1ng d\u00f2ng s\u00f4ng v\u00e0 h\u01b0\u1edbng t\u1ea7m nh\u00ecn ra v\u00f9ng l\u00e0ng qu\u00ea b\u00ean b\u1edd s\u00f4ng c\u1eeda \u0110\u1ea1i.<\/p>\n<p><iframe loading=\"lazy\" title=\"Lasenta Boutique Hotel in Hoi An\" width=\"500\" height=\"281\" src=\"https:\/\/www.youtube.com\/embed\/raivwKuAkBY?feature=oembed\" frameborder=\"0\" allow=\"accelerometer; autoplay; clipboard-write; encrypted-media; gyroscope; picture-in-picture; web-share\" referrerpolicy=\"strict-origin-when-cross-origin\" allowfullscreen><\/iframe><\/p>\n","protected":false},"excerpt":{"rendered":"<p>57 L\u00fd Th\u01b0\u1eddng Ki\u1ec7t \u2013 Ph\u01b0\u01a1\u0300ng H\u1ed9i An \u0110\u00f4ng \u2013 Th\u00e0nh Ph\u1ed1 \u0110\u00e0 N\u1eb5ng \u2013 Vi\u1ec7t Nam &nbsp; T\u1eeb l\u00fac \u0111\u1ebfn t\u1edbi l\u00fac b\u1ea1n r\u1eddi \u0111i, Lasenta Boutique Hotel Hoi An s\u1ebd \u0111\u1ea3m b\u1ea3o cho k\u00ec ngh\u1ec9 c\u1ee7a b\u1ea1n \u1edf ph\u1ed1 c\u1ed5 H\u1ed9i An t\u1ecda l\u1ea1c \u1edf v\u00f9ng \u0111\u1ea5t y\u00ean b\u00ecnh c\u1ee7a ph\u1ed1 c\u1ed5, nh\u00ecn [&hellip;]<\/p>\n","protected":false},"author":124,"featured_media":1267,"parent":0,"menu_order":0,"comment_status":"closed","ping_status":"closed","template":"","meta":{"footnotes":""},"yoast_head":"<!-- This site is optimized with the Yoast SEO plugin v22.3 - https:\/\/yoast.com\/wordpress\/plugins\/seo\/ -->\n<title>Lasenta Boutique Hotel - Lasenta Boutique Hotel Hoi An<\/title>\n<meta name=\"robots\" content=\"index, follow, max-snippet:-1, max-image-preview:large, max-video-preview:-1\" \/>\n<link rel=\"canonical\" href=\"https:\/\/lasentahotel.com\/vi\/\" \/>\n<meta property=\"og:locale\" content=\"vi_VN\" \/>\n<meta property=\"og:type\" content=\"article\" \/>\n<meta property=\"og:title\" content=\"Lasenta Boutique Hotel - Lasenta Boutique Hotel Hoi An\" \/>\n<meta property=\"og:description\" content=\"57 L\u00fd Th\u01b0\u1eddng Ki\u1ec7t \u2013 Ph\u01b0\u01a1\u0300ng H\u1ed9i An \u0110\u00f4ng \u2013 Th\u00e0nh Ph\u1ed1 \u0110\u00e0 N\u1eb5ng \u2013 Vi\u1ec7t Nam &nbsp; T\u1eeb l\u00fac \u0111\u1ebfn t\u1edbi l\u00fac b\u1ea1n r\u1eddi \u0111i, Lasenta Boutique Hotel Hoi An s\u1ebd \u0111\u1ea3m b\u1ea3o cho k\u00ec ngh\u1ec9 c\u1ee7a b\u1ea1n \u1edf ph\u1ed1 c\u1ed5 H\u1ed9i An t\u1ecda l\u1ea1c \u1edf v\u00f9ng \u0111\u1ea5t y\u00ean b\u00ecnh c\u1ee7a ph\u1ed1 c\u1ed5, nh\u00ecn [&hellip;]\" \/>\n<meta property=\"og:url\" content=\"https:\/\/lasentahotel.com\/vi\/\" \/>\n<meta property=\"og:site_name\" content=\"Lasenta Boutique Hotel Hoi An\" \/>\n<meta property=\"article:modified_time\" content=\"2025-10-07T01:04:47+00:00\" \/>\n<meta property=\"og:image\" content=\"https:\/\/lasentahotel.com\/wp-content\/uploads\/sites\/82\/2024\/04\/DJI_0114.jpg\" \/>\n\t<meta property=\"og:image:width\" content=\"2000\" \/>\n\t<meta property=\"og:image:height\" content=\"1124\" \/>\n\t<meta property=\"og:image:type\" content=\"image\/jpeg\" \/>\n<meta name=\"twitter:card\" content=\"summary_large_image\" \/>\n<meta name=\"twitter:label1\" content=\"Est. reading time\" \/>\n\t<meta name=\"twitter:data1\" content=\"1 minute\" \/>\n<script type=\"application\/ld+json\" class=\"yoast-schema-graph\">{\"@context\":\"https:\/\/schema.org\",\"@graph\":[{\"@type\":\"WebPage\",\"@id\":\"https:\/\/lasentahotel.com\/vi\/\",\"url\":\"https:\/\/lasentahotel.com\/vi\/\",\"name\":\"Lasenta Boutique Hotel - Lasenta Boutique Hotel Hoi An\",\"isPartOf\":{\"@id\":\"https:\/\/lasentahotel.com\/vi\/#website\"},\"primaryImageOfPage\":{\"@id\":\"https:\/\/lasentahotel.com\/vi\/#primaryimage\"},\"image\":{\"@id\":\"https:\/\/lasentahotel.com\/vi\/#primaryimage\"},\"thumbnailUrl\":\"https:\/\/lasentahotel.com\/wp-content\/uploads\/sites\/82\/2024\/04\/DJI_0114.jpg\",\"datePublished\":\"2020-02-24T09:54:03+00:00\",\"dateModified\":\"2025-10-07T01:04:47+00:00\",\"breadcrumb\":{\"@id\":\"https:\/\/lasentahotel.com\/vi\/#breadcrumb\"},\"inLanguage\":\"vi-VN\",\"potentialAction\":[{\"@type\":\"ReadAction\",\"target\":[\"https:\/\/lasentahotel.com\/vi\/\"]}]},{\"@type\":\"ImageObject\",\"inLanguage\":\"vi-VN\",\"@id\":\"https:\/\/lasentahotel.com\/vi\/#primaryimage\",\"url\":\"https:\/\/lasentahotel.com\/wp-content\/uploads\/sites\/82\/2024\/04\/DJI_0114.jpg\",\"contentUrl\":\"https:\/\/lasentahotel.com\/wp-content\/uploads\/sites\/82\/2024\/04\/DJI_0114.jpg\",\"width\":2000,\"height\":1124},{\"@type\":\"BreadcrumbList\",\"@id\":\"https:\/\/lasentahotel.com\/vi\/#breadcrumb\",\"itemListElement\":[{\"@type\":\"ListItem\",\"position\":1,\"name\":\"Home\",\"item\":\"https:\/\/lasentahotel.com\/vi\/\"},{\"@type\":\"ListItem\",\"position\":2,\"name\":\"Lasenta Boutique Hotel\"}]},{\"@type\":\"WebSite\",\"@id\":\"https:\/\/lasentahotel.com\/vi\/#website\",\"url\":\"https:\/\/lasentahotel.com\/vi\/\",\"name\":\"Lasenta Boutique Hotel Hoi An\",\"description\":\"Just another D-EDGE CMS Asia Pacific site\",\"potentialAction\":[{\"@type\":\"SearchAction\",\"target\":{\"@type\":\"EntryPoint\",\"urlTemplate\":\"https:\/\/lasentahotel.com\/vi\/?s={search_term_string}\"},\"query-input\":\"required name=search_term_string\"}],\"inLanguage\":\"vi-VN\"}]}<\/script>\n<!-- \/ Yoast SEO plugin. -->","yoast_head_json":{"title":"Lasenta Boutique Hotel - Lasenta Boutique Hotel Hoi An","robots":{"index":"index","follow":"follow","max-snippet":"max-snippet:-1","max-image-preview":"max-image-preview:large","max-video-preview":"max-video-preview:-1"},"canonical":"https:\/\/lasentahotel.com\/vi\/","og_locale":"vi_VN","og_type":"article","og_title":"Lasenta Boutique Hotel - Lasenta Boutique Hotel Hoi An","og_description":"57 L\u00fd Th\u01b0\u1eddng Ki\u1ec7t \u2013 Ph\u01b0\u01a1\u0300ng H\u1ed9i An \u0110\u00f4ng \u2013 Th\u00e0nh Ph\u1ed1 \u0110\u00e0 N\u1eb5ng \u2013 Vi\u1ec7t Nam &nbsp; T\u1eeb l\u00fac \u0111\u1ebfn t\u1edbi l\u00fac b\u1ea1n r\u1eddi \u0111i, Lasenta Boutique Hotel Hoi An s\u1ebd \u0111\u1ea3m b\u1ea3o cho k\u00ec ngh\u1ec9 c\u1ee7a b\u1ea1n \u1edf ph\u1ed1 c\u1ed5 H\u1ed9i An t\u1ecda l\u1ea1c \u1edf v\u00f9ng \u0111\u1ea5t y\u00ean b\u00ecnh c\u1ee7a ph\u1ed1 c\u1ed5, nh\u00ecn [&hellip;]","og_url":"https:\/\/lasentahotel.com\/vi\/","og_site_name":"Lasenta Boutique Hotel Hoi An","article_modified_time":"2025-10-07T01:04:47+00:00","og_image":[{"width":2000,"height":1124,"url":"https:\/\/lasentahotel.com\/wp-content\/uploads\/sites\/82\/2024\/04\/DJI_0114.jpg","type":"image\/jpeg"}],"twitter_card":"summary_large_image","twitter_misc":{"Est. reading time":"1 minute"},"schema":{"@context":"https:\/\/schema.org","@graph":[{"@type":"WebPage","@id":"https:\/\/lasentahotel.com\/vi\/","url":"https:\/\/lasentahotel.com\/vi\/","name":"Lasenta Boutique Hotel - Lasenta Boutique Hotel Hoi An","isPartOf":{"@id":"https:\/\/lasentahotel.com\/vi\/#website"},"primaryImageOfPage":{"@id":"https:\/\/lasentahotel.com\/vi\/#primaryimage"},"image":{"@id":"https:\/\/lasentahotel.com\/vi\/#primaryimage"},"thumbnailUrl":"https:\/\/lasentahotel.com\/wp-content\/uploads\/sites\/82\/2024\/04\/DJI_0114.jpg","datePublished":"2020-02-24T09:54:03+00:00","dateModified":"2025-10-07T01:04:47+00:00","breadcrumb":{"@id":"https:\/\/lasentahotel.com\/vi\/#breadcrumb"},"inLanguage":"vi-VN","potentialAction":[{"@type":"ReadAction","target":["https:\/\/lasentahotel.com\/vi\/"]}]},{"@type":"ImageObject","inLanguage":"vi-VN","@id":"https:\/\/lasentahotel.com\/vi\/#primaryimage","url":"https:\/\/lasentahotel.com\/wp-content\/uploads\/sites\/82\/2024\/04\/DJI_0114.jpg","contentUrl":"https:\/\/lasentahotel.com\/wp-content\/uploads\/sites\/82\/2024\/04\/DJI_0114.jpg","width":2000,"height":1124},{"@type":"BreadcrumbList","@id":"https:\/\/lasentahotel.com\/vi\/#breadcrumb","itemListElement":[{"@type":"ListItem","position":1,"name":"Home","item":"https:\/\/lasentahotel.com\/vi\/"},{"@type":"ListItem","position":2,"name":"Lasenta Boutique Hotel"}]},{"@type":"WebSite","@id":"https:\/\/lasentahotel.com\/vi\/#website","url":"https:\/\/lasentahotel.com\/vi\/","name":"Lasenta Boutique Hotel Hoi An","description":"Just another D-EDGE CMS Asia Pacific site","potentialAction":[{"@type":"SearchAction","target":{"@type":"EntryPoint","urlTemplate":"https:\/\/lasentahotel.com\/vi\/?s={search_term_string}"},"query-input":"required name=search_term_string"}],"inLanguage":"vi-VN"}]}},"_links":{"self":[{"href":"https:\/\/lasentahotel.com\/vi\/wp-json\/wp\/v2\/pages\/344"}],"collection":[{"href":"https:\/\/lasentahotel.com\/vi\/wp-json\/wp\/v2\/pages"}],"about":[{"href":"https:\/\/lasentahotel.com\/vi\/wp-json\/wp\/v2\/types\/page"}],"author":[{"embeddable":true,"href":"https:\/\/lasentahotel.com\/vi\/wp-json\/wp\/v2\/users\/124"}],"replies":[{"embeddable":true,"href":"https:\/\/lasentahotel.com\/vi\/wp-json\/wp\/v2\/comments?post=344"}],"version-history":[{"count":0,"href":"https:\/\/lasentahotel.com\/vi\/wp-json\/wp\/v2\/pages\/344\/revisions"}],"wp:featuredmedia":[{"embeddable":true,"href":"https:\/\/lasentahotel.com\/vi\/wp-json\/wp\/v2\/media\/1267"}],"wp:attachment":[{"href":"https:\/\/lasentahotel.com\/vi\/wp-json\/wp\/v2\/media?parent=344"}],"curies":[{"name":"wp","href":"https:\/\/api.w.org\/{rel}","templated":true}]}}