{"id":1687,"date":"2025-10-06T10:01:09","date_gmt":"2025-10-06T10:01:09","guid":{"rendered":"https:\/\/lasentahotel.com\/?page_id=1687"},"modified":"2025-10-06T10:05:30","modified_gmt":"2025-10-06T10:05:30","slug":"ke-hoach-hanh-dong-phat-trien-ben-vung","status":"publish","type":"page","link":"https:\/\/lasentahotel.com\/vi\/du-lich-ben-vung\/cam-ket-va-muc-tieu-cua-chung-toi\/ke-hoach-hanh-dong-phat-trien-ben-vung\/","title":{"rendered":"K\u1ebf ho\u1ea1ch h\u00e0nh \u0111\u1ed9ng ph\u00e1t tri\u1ec3n b\u1ec1n v\u1eefng"},"content":{"rendered":"<table>\n<tbody>\n<tr>\n<td colspan=\"8\" width=\"863\"><strong><em>M\u1ee4C TI\u00caU B\u1ec0N V\u1eeeNG<\/em><\/strong><\/td>\n<\/tr>\n<tr>\n<td colspan=\"6\" width=\"702\"><strong><em>Gi\u1ea3m ph\u00e1t kh\u00ed th\u1ea3i nh\u00e0 k\u00ednh \u2013 A18<\/em><\/strong><\/td>\n<td colspan=\"2\" width=\"162\"><strong><em>Th\u1eddi h\u1ea1n<\/em><\/strong><\/td>\n<\/tr>\n<tr>\n<td colspan=\"6\" width=\"702\">&nbsp;<\/td>\n<td colspan=\"2\" width=\"162\">&nbsp;<\/td>\n<\/tr>\n<tr>\n<td colspan=\"8\" width=\"863\"><strong><em>H\u00e0nh \u0111\u1ed9ng\/Ho\u1ea1t \u0111\u1ed9ng<\/em><\/strong><\/td>\n<\/tr>\n<tr>\n<td rowspan=\"3\" width=\"37\"><strong>1.<\/strong><\/td>\n<td rowspan=\"3\" width=\"454\"><strong>Chuy\u1ec3n \u0111\u1ed5i n\u0103ng l\u01b0\u1ee3ng t\u00e1i t\u1ea1o:<\/strong><\/p>\n<p>L\u1eafp \u0111\u1eb7t h\u1ec7 th\u1ed1ng n\u0103ng l\u01b0\u1ee3ng m\u1eb7t tr\u1eddi (d\u1ef1 ki\u1ebfn gi\u1ea3m 10% c\u00f4ng su\u1ea5t \u0111i\u1ec7n).<\/p>\n<p>1.\u00a0<strong>Nghi\u00ean c\u1ee9u v\u00e0 L\u1ef1a ch\u1ecdn<\/strong><\/p>\n<p>T\u00ecm hi\u1ec3u v\u1ec1 c\u00e1c lo\u1ea1i pin n\u0103ng l\u01b0\u1ee3ng m\u1eb7t tr\u1eddi, c\u00f4ng su\u1ea5t ph\u00f9 h\u1ee3p v\u1edbi nhu c\u1ea7u s\u1eed d\u1ee5ng \u0111i\u1ec7n v\u00e0 c\u00e1c nh\u00e0 cung c\u1ea5p uy t\u00edn.<\/p>\n<p>2.\u00a0<strong>Kh\u1ea3o s\u00e1t v\u00e0 Thi\u1ebft k\u1ebf<\/strong><\/p>\n<p>Thu\u00ea m\u1ed9t \u0111\u01a1n v\u1ecb chuy\u00ean nghi\u1ec7p \u0111\u1ec3 kh\u1ea3o s\u00e1t v\u00e0 thi\u1ebft k\u1ebf h\u1ec7 th\u1ed1ng pin n\u0103ng l\u01b0\u1ee3ng m\u1eb7t tr\u1eddi ph\u00f9 h\u1ee3p v\u1edbi kh\u00f4ng gian v\u00e0 \u0111i\u1ec1u ki\u1ec7n c\u1ee7a b\u1ea1n.<\/p>\n<p>3.\u00a0<strong>L\u1eafp \u0111\u1eb7t<\/strong><\/p>\n<p>Thi c\u00f4ng l\u1eafp \u0111\u1eb7t h\u1ec7 th\u1ed1ng pin n\u0103ng l\u01b0\u1ee3ng m\u1eb7t tr\u1eddi theo \u0111\u00fang thi\u1ebft k\u1ebf v\u00e0 ti\u00eau chu\u1ea9n k\u1ef9 thu\u1eadt.<\/p>\n<p>4.\u00a0<strong>K\u1ebft n\u1ed1i v\u00e0 V\u1eadn h\u00e0nh<\/strong><\/p>\n<p>K\u1ebft n\u1ed1i h\u1ec7 th\u1ed1ng v\u1edbi l\u01b0\u1edbi \u0111i\u1ec7n (n\u1ebfu c\u00f3) v\u00e0 b\u1eaft \u0111\u1ea7u s\u1eed d\u1ee5ng \u0111i\u1ec7n n\u0103ng l\u01b0\u1ee3ng m\u1eb7t tr\u1eddi.<\/p>\n<p>5.\u00a0<strong>B\u1ea3o tr\u00ec v\u00e0 Gi\u00e1m s\u00e1t<\/strong><\/p>\n<p>Th\u1ef1c hi\u1ec7n b\u1ea3o tr\u00ec \u0111\u1ecbnh k\u1ef3 v\u00e0 gi\u00e1m s\u00e1t hi\u1ec7u su\u1ea5t ho\u1ea1t \u0111\u1ed9ng c\u1ee7a h\u1ec7 th\u1ed1ng \u0111\u1ec3 \u0111\u1ea3m b\u1ea3o h\u1ec7 th\u1ed1ng ho\u1ea1t \u0111\u1ed9ng \u1ed5n \u0111\u1ecbnh v\u00e0 hi\u1ec7u qu\u1ea3.<\/td>\n<td colspan=\"2\" width=\"129\"><strong>Deadline<\/strong><\/td>\n<td colspan=\"4\" width=\"243\">2025-2026<\/td>\n<\/tr>\n<tr>\n<td colspan=\"2\" width=\"129\"><strong>Coordinator<\/strong><\/td>\n<td colspan=\"4\" width=\"243\">Engineer<\/td>\n<\/tr>\n<tr>\n<td colspan=\"2\" width=\"129\"><strong>Title\/designation<\/strong><\/td>\n<td colspan=\"4\" width=\"243\">&nbsp;<\/td>\n<\/tr>\n<tr>\n<td rowspan=\"3\" width=\"37\"><strong>2.<\/strong><\/td>\n<td rowspan=\"3\" width=\"454\"><strong>Ti\u1ebft ki\u1ec7m \u0111i\u1ec7n:<\/strong><\/p>\n<p>Thay th\u1ebf 100% \u0111\u00e8n LED, l\u1eafp c\u1ea3m bi\u1ebfn chuy\u1ec3n \u0111\u1ed9ng h\u01a1i ng\u01b0\u1eddi \u00a0khu v\u1ef1c toilet c\u00f4ng c\u1ed9ng v\u00e0 nh\u00e2n vi\u00ean. \u0110\u1ed1i v\u1edbi ph\u00f2ng kh\u00e1ch th\u00ec t\u00e1ch ri\u00eang c\u00f4ng t\u1eafc m\u00e1y h\u00fat v\u1edbi c\u00f4ng t\u1eafc \u0111i\u1ec7n<\/td>\n<td colspan=\"2\" width=\"129\"><strong>Deadline<\/strong><\/td>\n<td colspan=\"4\" width=\"243\">01+02+03\/2025<\/td>\n<\/tr>\n<tr>\n<td colspan=\"2\" width=\"129\"><strong>Coordinator<\/strong><\/td>\n<td colspan=\"4\" width=\"243\">Engineer<\/td>\n<\/tr>\n<tr>\n<td colspan=\"2\" width=\"129\"><strong>Title\/designation<\/strong><\/td>\n<td colspan=\"4\" width=\"243\">&nbsp;<\/td>\n<\/tr>\n<tr>\n<td rowspan=\"3\" width=\"37\"><strong>3.<\/strong><\/td>\n<td rowspan=\"3\" width=\"454\"><strong>L\u1eafp \u0111\u1eb7t m\u00e1y x\u1eed l\u00fd r\u00e1c sinh ho\u1ea1t<\/strong><\/td>\n<td colspan=\"2\" width=\"129\"><strong>Deadline<\/strong><\/td>\n<td colspan=\"4\" width=\"243\">01 year.<\/td>\n<\/tr>\n<tr>\n<td colspan=\"2\" width=\"129\"><strong>Coordinator<\/strong><\/td>\n<td colspan=\"4\" width=\"243\">Accountant<\/p>\n<p>&nbsp;<\/td>\n<\/tr>\n<tr>\n<td colspan=\"2\" width=\"129\"><strong>Title\/designation<\/strong><\/td>\n<td colspan=\"4\" width=\"243\">&nbsp;<\/td>\n<\/tr>\n<tr>\n<td rowspan=\"3\" width=\"37\"><strong>4.<\/strong><\/td>\n<td rowspan=\"3\" width=\"454\"><strong>\u0110\u00e0o t\u1ea1o nh\u00e2n vi\u00ean v\u1ec1 ti\u1ebft ki\u1ec7m n\u0103ng l\u01b0\u1ee3ng<\/strong><\/td>\n<td colspan=\"2\" width=\"129\"><strong>Deadline<\/strong><\/td>\n<td colspan=\"4\" width=\"243\">Yearly<\/td>\n<\/tr>\n<tr>\n<td colspan=\"2\" width=\"129\"><strong>Coordinator<\/strong><\/td>\n<td colspan=\"4\" width=\"243\">Hods<\/td>\n<\/tr>\n<tr>\n<td colspan=\"2\" width=\"129\"><strong>Title\/designation<\/strong><\/td>\n<td colspan=\"4\" width=\"243\">&nbsp;<\/td>\n<\/tr>\n<tr>\n<td colspan=\"7\" width=\"703\"><strong><em>M\u1ee5c ti\u00eau \u0111a d\u1ea1ng sinh h\u1ecdc 1- A19<\/em><\/strong><\/td>\n<td width=\"160\"><strong>Deadline<\/strong><\/td>\n<\/tr>\n<tr>\n<td colspan=\"7\" width=\"703\">&nbsp;<\/td>\n<td width=\"160\">&nbsp;<\/td>\n<\/tr>\n<tr>\n<td colspan=\"8\" width=\"863\"><strong>Actions\/Activities<\/strong><\/td>\n<\/tr>\n<tr>\n<td rowspan=\"3\" width=\"37\"><strong>1.<\/strong><\/td>\n<td colspan=\"2\" rowspan=\"3\" width=\"456\">M\u1ed7i \u0111\u00eam l\u01b0u tr\u00fa, kh\u00e1ch s\u1ea1n s\u1ebd \u0111\u00f3ng g\u00f3p 1.000 \u0111\u1ed3ng v\u00e0o qu\u1ef9 B\u1ea3o v\u1ec7 v\u00e0 ph\u00e1t tri\u1ec3n r\u1eebng Vi\u1ec7t Nam<\/td>\n<td colspan=\"2\" width=\"129\"><strong>Deadline<\/strong><\/td>\n<td colspan=\"3\" width=\"242\">12\/2025<\/td>\n<\/tr>\n<tr>\n<td colspan=\"2\" width=\"129\"><strong>Coordinator<\/strong><\/td>\n<td colspan=\"3\" width=\"242\">Accountant<\/td>\n<\/tr>\n<tr>\n<td colspan=\"2\" width=\"129\"><strong>Title\/designation<\/strong><\/td>\n<td colspan=\"3\" width=\"242\">&nbsp;<\/td>\n<\/tr>\n<tr>\n<td rowspan=\"3\" width=\"37\"><strong>2.<\/strong><\/td>\n<td colspan=\"2\" rowspan=\"3\" width=\"456\">Mua th\u1ef1c ph\u1ea9m h\u1eefu c\u01a1, kh\u00f4ng s\u1eed d\u1ee5ng c\u00e1c th\u1ef1c ph\u1ea9m c\u00f3 ngu\u1ed3n g\u1ed1c t\u1eeb \u0111\u1ed9ng v\u1eadt hoang d\u00e3<\/td>\n<td colspan=\"2\" width=\"129\"><strong>Deadline<\/strong><\/td>\n<td colspan=\"3\" width=\"242\">2025<\/td>\n<\/tr>\n<tr>\n<td colspan=\"2\" width=\"129\"><strong>Coordinator<\/strong><\/td>\n<td colspan=\"3\" width=\"242\">Accountant<\/td>\n<\/tr>\n<tr>\n<td colspan=\"2\" width=\"129\"><strong>Title\/designation<\/strong><\/td>\n<td colspan=\"3\" width=\"242\">&nbsp;<\/td>\n<\/tr>\n<tr>\n<td rowspan=\"3\" width=\"37\"><strong>3.<\/strong><\/td>\n<td colspan=\"2\" rowspan=\"3\" width=\"456\">Lo\u1ea1i b\u1ecf c\u00e1c s\u1ea3n ph\u1ea9m ch\u1ee9a d\u1ea7u c\u1ecd kh\u00f4ng r\u00f5 ngu\u1ed3n g\u1ed1c<\/td>\n<td colspan=\"2\" width=\"129\"><strong>Deadline<\/strong><\/td>\n<td colspan=\"3\" width=\"242\">2025<\/td>\n<\/tr>\n<tr>\n<td colspan=\"2\" width=\"129\"><strong>Coordinator<\/strong><\/td>\n<td colspan=\"3\" width=\"242\">Accountant<\/td>\n<\/tr>\n<tr>\n<td colspan=\"2\" width=\"129\"><strong>Title\/designation<\/strong><\/td>\n<td colspan=\"3\" width=\"242\">&nbsp;<\/td>\n<\/tr>\n<\/tbody>\n<\/table>\n","protected":false},"excerpt":{"rendered":"<p>M\u1ee4C TI\u00caU B\u1ec0N V\u1eeeNG Gi\u1ea3m ph\u00e1t kh\u00ed th\u1ea3i nh\u00e0 k\u00ednh \u2013 A18 Th\u1eddi h\u1ea1n &nbsp; &nbsp; H\u00e0nh \u0111\u1ed9ng\/Ho\u1ea1t \u0111\u1ed9ng 1. Chuy\u1ec3n \u0111\u1ed5i n\u0103ng l\u01b0\u1ee3ng t\u00e1i t\u1ea1o: L\u1eafp \u0111\u1eb7t h\u1ec7 th\u1ed1ng n\u0103ng l\u01b0\u1ee3ng m\u1eb7t tr\u1eddi (d\u1ef1 ki\u1ebfn gi\u1ea3m 10% c\u00f4ng su\u1ea5t \u0111i\u1ec7n). 1.\u00a0Nghi\u00ean c\u1ee9u v\u00e0 L\u1ef1a ch\u1ecdn T\u00ecm hi\u1ec3u v\u1ec1 c\u00e1c lo\u1ea1i pin n\u0103ng l\u01b0\u1ee3ng m\u1eb7t [&hellip;]<\/p>\n","protected":false},"author":206,"featured_media":0,"parent":1624,"menu_order":0,"comment_status":"closed","ping_status":"closed","template":"","meta":{"footnotes":""},"yoast_head":"<!-- This site is optimized with the Yoast SEO plugin v22.3 - https:\/\/yoast.com\/wordpress\/plugins\/seo\/ -->\n<title>K\u1ebf ho\u1ea1ch h\u00e0nh \u0111\u1ed9ng ph\u00e1t tri\u1ec3n b\u1ec1n v\u1eefng - Lasenta Boutique Hotel Hoi An<\/title>\n<meta name=\"robots\" content=\"index, follow, max-snippet:-1, max-image-preview:large, max-video-preview:-1\" \/>\n<link rel=\"canonical\" href=\"https:\/\/lasentahotel.com\/vi\/du-lich-ben-vung\/cam-ket-va-muc-tieu-cua-chung-toi\/ke-hoach-hanh-dong-phat-trien-ben-vung\/\" \/>\n<meta property=\"og:locale\" content=\"vi_VN\" \/>\n<meta property=\"og:type\" content=\"article\" \/>\n<meta property=\"og:title\" content=\"K\u1ebf ho\u1ea1ch h\u00e0nh \u0111\u1ed9ng ph\u00e1t tri\u1ec3n b\u1ec1n v\u1eefng - Lasenta Boutique Hotel Hoi An\" \/>\n<meta property=\"og:description\" content=\"M\u1ee4C TI\u00caU B\u1ec0N V\u1eeeNG Gi\u1ea3m ph\u00e1t kh\u00ed th\u1ea3i nh\u00e0 k\u00ednh \u2013 A18 Th\u1eddi h\u1ea1n &nbsp; &nbsp; H\u00e0nh \u0111\u1ed9ng\/Ho\u1ea1t \u0111\u1ed9ng 1. Chuy\u1ec3n \u0111\u1ed5i n\u0103ng l\u01b0\u1ee3ng t\u00e1i t\u1ea1o: L\u1eafp \u0111\u1eb7t h\u1ec7 th\u1ed1ng n\u0103ng l\u01b0\u1ee3ng m\u1eb7t tr\u1eddi (d\u1ef1 ki\u1ebfn gi\u1ea3m 10% c\u00f4ng su\u1ea5t \u0111i\u1ec7n). 1.\u00a0Nghi\u00ean c\u1ee9u v\u00e0 L\u1ef1a ch\u1ecdn T\u00ecm hi\u1ec3u v\u1ec1 c\u00e1c lo\u1ea1i pin n\u0103ng l\u01b0\u1ee3ng m\u1eb7t [&hellip;]\" \/>\n<meta property=\"og:url\" content=\"https:\/\/lasentahotel.com\/vi\/du-lich-ben-vung\/cam-ket-va-muc-tieu-cua-chung-toi\/ke-hoach-hanh-dong-phat-trien-ben-vung\/\" \/>\n<meta property=\"og:site_name\" content=\"Lasenta Boutique Hotel Hoi An\" \/>\n<meta property=\"article:modified_time\" content=\"2025-10-06T10:05:30+00:00\" \/>\n<meta name=\"twitter:card\" content=\"summary_large_image\" \/>\n<meta name=\"twitter:label1\" content=\"Est. reading time\" \/>\n\t<meta name=\"twitter:data1\" content=\"2 minutes\" \/>\n<script type=\"application\/ld+json\" class=\"yoast-schema-graph\">{\"@context\":\"https:\/\/schema.org\",\"@graph\":[{\"@type\":\"WebPage\",\"@id\":\"https:\/\/lasentahotel.com\/vi\/du-lich-ben-vung\/cam-ket-va-muc-tieu-cua-chung-toi\/ke-hoach-hanh-dong-phat-trien-ben-vung\/\",\"url\":\"https:\/\/lasentahotel.com\/vi\/du-lich-ben-vung\/cam-ket-va-muc-tieu-cua-chung-toi\/ke-hoach-hanh-dong-phat-trien-ben-vung\/\",\"name\":\"K\u1ebf ho\u1ea1ch h\u00e0nh \u0111\u1ed9ng ph\u00e1t tri\u1ec3n b\u1ec1n v\u1eefng - Lasenta Boutique Hotel Hoi An\",\"isPartOf\":{\"@id\":\"https:\/\/lasentahotel.com\/vi\/#website\"},\"datePublished\":\"2025-10-06T10:01:09+00:00\",\"dateModified\":\"2025-10-06T10:05:30+00:00\",\"breadcrumb\":{\"@id\":\"https:\/\/lasentahotel.com\/vi\/du-lich-ben-vung\/cam-ket-va-muc-tieu-cua-chung-toi\/ke-hoach-hanh-dong-phat-trien-ben-vung\/#breadcrumb\"},\"inLanguage\":\"vi-VN\",\"potentialAction\":[{\"@type\":\"ReadAction\",\"target\":[\"https:\/\/lasentahotel.com\/vi\/du-lich-ben-vung\/cam-ket-va-muc-tieu-cua-chung-toi\/ke-hoach-hanh-dong-phat-trien-ben-vung\/\"]}]},{\"@type\":\"BreadcrumbList\",\"@id\":\"https:\/\/lasentahotel.com\/vi\/du-lich-ben-vung\/cam-ket-va-muc-tieu-cua-chung-toi\/ke-hoach-hanh-dong-phat-trien-ben-vung\/#breadcrumb\",\"itemListElement\":[{\"@type\":\"ListItem\",\"position\":1,\"name\":\"Home\",\"item\":\"https:\/\/lasentahotel.com\/vi\/\"},{\"@type\":\"ListItem\",\"position\":2,\"name\":\"Du L\u1ecbch B\u1ec1n V\u1eefng\",\"item\":\"https:\/\/lasentahotel.com\/vi\/du-lich-ben-vung\/\"},{\"@type\":\"ListItem\",\"position\":3,\"name\":\"CAM K\u1ebeT V\u00c0 M\u1ee4C TI\u00caU C\u1ee6A CH\u00daNG T\u00d4I\",\"item\":\"https:\/\/lasentahotel.com\/vi\/du-lich-ben-vung\/cam-ket-va-muc-tieu-cua-chung-toi\/\"},{\"@type\":\"ListItem\",\"position\":4,\"name\":\"K\u1ebf ho\u1ea1ch h\u00e0nh \u0111\u1ed9ng ph\u00e1t tri\u1ec3n b\u1ec1n v\u1eefng\"}]},{\"@type\":\"WebSite\",\"@id\":\"https:\/\/lasentahotel.com\/vi\/#website\",\"url\":\"https:\/\/lasentahotel.com\/vi\/\",\"name\":\"Lasenta Boutique Hotel Hoi An\",\"description\":\"Just another D-EDGE CMS Asia Pacific site\",\"potentialAction\":[{\"@type\":\"SearchAction\",\"target\":{\"@type\":\"EntryPoint\",\"urlTemplate\":\"https:\/\/lasentahotel.com\/vi\/?s={search_term_string}\"},\"query-input\":\"required name=search_term_string\"}],\"inLanguage\":\"vi-VN\"}]}<\/script>\n<!-- \/ Yoast SEO plugin. -->","yoast_head_json":{"title":"K\u1ebf ho\u1ea1ch h\u00e0nh \u0111\u1ed9ng ph\u00e1t tri\u1ec3n b\u1ec1n v\u1eefng - Lasenta Boutique Hotel Hoi An","robots":{"index":"index","follow":"follow","max-snippet":"max-snippet:-1","max-image-preview":"max-image-preview:large","max-video-preview":"max-video-preview:-1"},"canonical":"https:\/\/lasentahotel.com\/vi\/du-lich-ben-vung\/cam-ket-va-muc-tieu-cua-chung-toi\/ke-hoach-hanh-dong-phat-trien-ben-vung\/","og_locale":"vi_VN","og_type":"article","og_title":"K\u1ebf ho\u1ea1ch h\u00e0nh \u0111\u1ed9ng ph\u00e1t tri\u1ec3n b\u1ec1n v\u1eefng - Lasenta Boutique Hotel Hoi An","og_description":"M\u1ee4C TI\u00caU B\u1ec0N V\u1eeeNG Gi\u1ea3m ph\u00e1t kh\u00ed th\u1ea3i nh\u00e0 k\u00ednh \u2013 A18 Th\u1eddi h\u1ea1n &nbsp; &nbsp; H\u00e0nh \u0111\u1ed9ng\/Ho\u1ea1t \u0111\u1ed9ng 1. Chuy\u1ec3n \u0111\u1ed5i n\u0103ng l\u01b0\u1ee3ng t\u00e1i t\u1ea1o: L\u1eafp \u0111\u1eb7t h\u1ec7 th\u1ed1ng n\u0103ng l\u01b0\u1ee3ng m\u1eb7t tr\u1eddi (d\u1ef1 ki\u1ebfn gi\u1ea3m 10% c\u00f4ng su\u1ea5t \u0111i\u1ec7n). 1.\u00a0Nghi\u00ean c\u1ee9u v\u00e0 L\u1ef1a ch\u1ecdn T\u00ecm hi\u1ec3u v\u1ec1 c\u00e1c lo\u1ea1i pin n\u0103ng l\u01b0\u1ee3ng m\u1eb7t [&hellip;]","og_url":"https:\/\/lasentahotel.com\/vi\/du-lich-ben-vung\/cam-ket-va-muc-tieu-cua-chung-toi\/ke-hoach-hanh-dong-phat-trien-ben-vung\/","og_site_name":"Lasenta Boutique Hotel Hoi An","article_modified_time":"2025-10-06T10:05:30+00:00","twitter_card":"summary_large_image","twitter_misc":{"Est. reading time":"2 minutes"},"schema":{"@context":"https:\/\/schema.org","@graph":[{"@type":"WebPage","@id":"https:\/\/lasentahotel.com\/vi\/du-lich-ben-vung\/cam-ket-va-muc-tieu-cua-chung-toi\/ke-hoach-hanh-dong-phat-trien-ben-vung\/","url":"https:\/\/lasentahotel.com\/vi\/du-lich-ben-vung\/cam-ket-va-muc-tieu-cua-chung-toi\/ke-hoach-hanh-dong-phat-trien-ben-vung\/","name":"K\u1ebf ho\u1ea1ch h\u00e0nh \u0111\u1ed9ng ph\u00e1t tri\u1ec3n b\u1ec1n v\u1eefng - Lasenta Boutique Hotel Hoi An","isPartOf":{"@id":"https:\/\/lasentahotel.com\/vi\/#website"},"datePublished":"2025-10-06T10:01:09+00:00","dateModified":"2025-10-06T10:05:30+00:00","breadcrumb":{"@id":"https:\/\/lasentahotel.com\/vi\/du-lich-ben-vung\/cam-ket-va-muc-tieu-cua-chung-toi\/ke-hoach-hanh-dong-phat-trien-ben-vung\/#breadcrumb"},"inLanguage":"vi-VN","potentialAction":[{"@type":"ReadAction","target":["https:\/\/lasentahotel.com\/vi\/du-lich-ben-vung\/cam-ket-va-muc-tieu-cua-chung-toi\/ke-hoach-hanh-dong-phat-trien-ben-vung\/"]}]},{"@type":"BreadcrumbList","@id":"https:\/\/lasentahotel.com\/vi\/du-lich-ben-vung\/cam-ket-va-muc-tieu-cua-chung-toi\/ke-hoach-hanh-dong-phat-trien-ben-vung\/#breadcrumb","itemListElement":[{"@type":"ListItem","position":1,"name":"Home","item":"https:\/\/lasentahotel.com\/vi\/"},{"@type":"ListItem","position":2,"name":"Du L\u1ecbch B\u1ec1n V\u1eefng","item":"https:\/\/lasentahotel.com\/vi\/du-lich-ben-vung\/"},{"@type":"ListItem","position":3,"name":"CAM K\u1ebeT V\u00c0 M\u1ee4C TI\u00caU C\u1ee6A CH\u00daNG T\u00d4I","item":"https:\/\/lasentahotel.com\/vi\/du-lich-ben-vung\/cam-ket-va-muc-tieu-cua-chung-toi\/"},{"@type":"ListItem","position":4,"name":"K\u1ebf ho\u1ea1ch h\u00e0nh \u0111\u1ed9ng ph\u00e1t tri\u1ec3n b\u1ec1n v\u1eefng"}]},{"@type":"WebSite","@id":"https:\/\/lasentahotel.com\/vi\/#website","url":"https:\/\/lasentahotel.com\/vi\/","name":"Lasenta Boutique Hotel Hoi An","description":"Just another D-EDGE CMS Asia Pacific site","potentialAction":[{"@type":"SearchAction","target":{"@type":"EntryPoint","urlTemplate":"https:\/\/lasentahotel.com\/vi\/?s={search_term_string}"},"query-input":"required name=search_term_string"}],"inLanguage":"vi-VN"}]}},"_links":{"self":[{"href":"https:\/\/lasentahotel.com\/vi\/wp-json\/wp\/v2\/pages\/1687"}],"collection":[{"href":"https:\/\/lasentahotel.com\/vi\/wp-json\/wp\/v2\/pages"}],"about":[{"href":"https:\/\/lasentahotel.com\/vi\/wp-json\/wp\/v2\/types\/page"}],"author":[{"embeddable":true,"href":"https:\/\/lasentahotel.com\/vi\/wp-json\/wp\/v2\/users\/206"}],"replies":[{"embeddable":true,"href":"https:\/\/lasentahotel.com\/vi\/wp-json\/wp\/v2\/comments?post=1687"}],"version-history":[{"count":0,"href":"https:\/\/lasentahotel.com\/vi\/wp-json\/wp\/v2\/pages\/1687\/revisions"}],"up":[{"embeddable":true,"href":"https:\/\/lasentahotel.com\/vi\/wp-json\/wp\/v2\/pages\/1624"}],"wp:attachment":[{"href":"https:\/\/lasentahotel.com\/vi\/wp-json\/wp\/v2\/media?parent=1687"}],"curies":[{"name":"wp","href":"https:\/\/api.w.org\/{rel}","templated":true}]}}