{"id":1648,"date":"2025-10-05T04:46:53","date_gmt":"2025-10-05T04:46:53","guid":{"rendered":"https:\/\/lasentahotel.com\/?page_id=1648"},"modified":"2025-10-05T04:50:38","modified_gmt":"2025-10-05T04:50:38","slug":"cam-ket-tro-thanh-thanh-vien-co-trach-nhiem-trong-cong-dong","status":"publish","type":"page","link":"https:\/\/lasentahotel.com\/vi\/du-lich-ben-vung\/cam-ket-va-muc-tieu-cua-chung-toi\/cam-ket-tro-thanh-thanh-vien-co-trach-nhiem-trong-cong-dong\/","title":{"rendered":"CAM K\u1ebeT TR\u1ede TH\u00c0NH TH\u00c0NH VI\u00caN C\u00d3 TR\u00c1CH NHI\u1ec6M TRONG C\u1ed8NG \u0110\u1ed2NG"},"content":{"rendered":"<p>Kh\u00e1ch s\u1ea1n Lasenta Boutique Hotel Hoi An cam k\u1ebft tr\u1edf th\u00e0nh m\u1ed9t th\u00e0nh vi\u00ean t\u00edch c\u1ef1c, c\u00f3 tr\u00e1ch nhi\u1ec7m trong c\u1ed9ng \u0111\u1ed3ng, \u0111\u00f3ng g\u00f3p v\u00e0o vi\u1ec7c b\u1ea3o t\u1ed3n v\u00e0 ph\u00e1t tri\u1ec3n di s\u1ea3n v\u0103n h\u00f3a, l\u1ed1i s\u1ed1ng \u0111\u1ecba ph\u01b0\u01a1ng th\u00f4ng qua nh\u1eefng h\u00e0nh \u0111\u1ed9ng c\u1ee5 th\u1ec3 sau:<\/p>\n<ol>\n<li>\n<h4><strong>B\u1ea3o t\u1ed3n di s\u1ea3n v\u0103n h\u00f3a<\/strong><\/h4>\n<\/li>\n<\/ol>\n<ul>\n<li>T\u00edch c\u1ef1c tham gia c\u00e1c ho\u1ea1t \u0111\u1ed9ng b\u1ea3o v\u1ec7 di t\u00edch l\u1ecbch s\u1eed, danh lam th\u1eafng c\u1ea3nh c\u1ee7a \u0111\u1ecba ph\u01b0\u01a1ng.<\/li>\n<li>Tuy\u00ean truy\u1ec1n, n\u00e2ng cao nh\u1eadn th\u1ee9c v\u1ec1 gi\u00e1 tr\u1ecb di s\u1ea3n cho m\u1ecdi ng\u01b0\u1eddi, \u0111\u1eb7c bi\u1ec7t l\u00e0 th\u1ebf h\u1ec7 tr\u1ebb.<\/li>\n<li>H\u1ed7 tr\u1ee3 c\u00e1c d\u1ef1 \u00e1n ph\u1ee5c d\u1ef1ng ho\u1eb7c g\u00ecn gi\u1eef ngh\u1ec1 truy\u1ec1n th\u1ed1ng (n\u1ebfu c\u00f3).<\/li>\n<\/ul>\n<ol start=\"2\">\n<li>\n<h4><strong>Duy tr\u00ec l\u1ed1i s\u1ed1ng \u0111\u1ecba ph\u01b0\u01a1ng<\/strong><\/h4>\n<\/li>\n<\/ol>\n<ul>\n<li>\u1ee8ng x\u1eed v\u0103n minh, th\u00e2n thi\u1ec7n, ph\u00e1t huy tinh th\u1ea7n \u0111o\u00e0n k\u1ebft trong c\u1ed9ng \u0111\u1ed3ng.<\/li>\n<li>Tham gia ho\u1eb7c t\u1ed5 ch\u1ee9c c\u00e1c s\u1ef1 ki\u1ec7n v\u0103n h\u00f3a (l\u1ec5 h\u1ed9i, h\u1ed9i ch\u1ee3, tri\u1ec3n l\u00e3m) \u0111\u1ec3 qu\u1ea3ng b\u00e1 n\u00e9t \u0111\u1eb9p \u0111\u1ecba ph\u01b0\u01a1ng.<\/li>\n<li>H\u1ea1n ch\u1ebf c\u00e1c h\u00e0nh vi g\u00e2y \u1ea3nh h\u01b0\u1edfng ti\u00eau c\u1ef1c \u0111\u1ebfn m\u00f4i tr\u01b0\u1eddng v\u00e0 v\u0103n h\u00f3a b\u1ea3n \u0111\u1ecba.<\/li>\n<\/ul>\n<ol start=\"3\">\n<li>\n<h4><strong>\u0110\u00f3ng g\u00f3p ph\u00e1t tri\u1ec3n c\u1ed9ng \u0111\u1ed3ng<\/strong><\/h4>\n<\/li>\n<\/ol>\n<ul>\n<li>Ch\u1ee7 \u0111\u1ed9ng \u0111\u1ec1 xu\u1ea5t \u00fd t\u01b0\u1edfng ho\u1eb7c tham gia t\u00ecnh nguy\u1ec7n trong c\u00e1c ch\u01b0\u01a1ng tr\u00ecnh v\u00ec c\u1ed9ng \u0111\u1ed3ng.<\/li>\n<li>H\u1ed7 tr\u1ee3 ng\u01b0\u1eddi gi\u00e0, tr\u1ebb em, gia \u0111\u00ecnh c\u00f3 ho\u00e0n c\u1ea3nh kh\u00f3 kh\u0103n \u0111\u1ec3 x\u00e2y d\u1ef1ng c\u1ed9ng \u0111\u1ed3ng b\u1ec1n v\u1eefng.<\/li>\n<li>Khuy\u1ebfn kh\u00edch s\u1eed d\u1ee5ng s\u1ea3n ph\u1ea9m \u0111\u1ecba ph\u01b0\u01a1ng, \u1ee7ng h\u1ed9 kinh t\u1ebf \u0111\u1ecba ph\u01b0\u01a1ng.<\/li>\n<\/ul>\n<p>Ch\u00fang T\u00f4i tin r\u1eb1ng b\u1eb1ng s\u1ef1 nhi\u1ec7t huy\u1ebft v\u00e0 h\u00e0nh \u0111\u1ed9ng thi\u1ebft th\u1ef1c, t\u00f4i c\u00f3 th\u1ec3 g\u00f3p ph\u1ea7n lan t\u1ecfa nh\u1eefng gi\u00e1 tr\u1ecb t\u1ed1t \u0111\u1eb9p c\u1ee7a c\u1ed9ng \u0111\u1ed3ng, \u0111\u1ed3ng th\u1eddi truy\u1ec1n c\u1ea3m h\u1ee9ng cho ng\u01b0\u1eddi kh\u00e1c c\u00f9ng chung tay.<\/p>\n","protected":false},"excerpt":{"rendered":"<p>Kh\u00e1ch s\u1ea1n Lasenta Boutique Hotel Hoi An cam k\u1ebft tr\u1edf th\u00e0nh m\u1ed9t th\u00e0nh vi\u00ean t\u00edch c\u1ef1c, c\u00f3 tr\u00e1ch nhi\u1ec7m trong c\u1ed9ng \u0111\u1ed3ng, \u0111\u00f3ng g\u00f3p v\u00e0o vi\u1ec7c b\u1ea3o t\u1ed3n v\u00e0 ph\u00e1t tri\u1ec3n di s\u1ea3n v\u0103n h\u00f3a, l\u1ed1i s\u1ed1ng \u0111\u1ecba ph\u01b0\u01a1ng th\u00f4ng qua nh\u1eefng h\u00e0nh \u0111\u1ed9ng c\u1ee5 th\u1ec3 sau: B\u1ea3o t\u1ed3n di s\u1ea3n v\u0103n h\u00f3a T\u00edch c\u1ef1c [&hellip;]<\/p>\n","protected":false},"author":206,"featured_media":0,"parent":1624,"menu_order":0,"comment_status":"closed","ping_status":"closed","template":"","meta":{"footnotes":""},"yoast_head":"<!-- This site is optimized with the Yoast SEO plugin v22.3 - https:\/\/yoast.com\/wordpress\/plugins\/seo\/ -->\n<title>CAM K\u1ebeT TR\u1ede TH\u00c0NH TH\u00c0NH VI\u00caN C\u00d3 TR\u00c1CH NHI\u1ec6M TRONG C\u1ed8NG \u0110\u1ed2NG - Lasenta Boutique Hotel Hoi An<\/title>\n<meta name=\"robots\" content=\"index, follow, max-snippet:-1, max-image-preview:large, max-video-preview:-1\" \/>\n<link rel=\"canonical\" href=\"https:\/\/lasentahotel.com\/vi\/du-lich-ben-vung\/cam-ket-va-muc-tieu-cua-chung-toi\/cam-ket-tro-thanh-thanh-vien-co-trach-nhiem-trong-cong-dong\/\" \/>\n<meta property=\"og:locale\" content=\"vi_VN\" \/>\n<meta property=\"og:type\" content=\"article\" \/>\n<meta property=\"og:title\" content=\"CAM K\u1ebeT TR\u1ede TH\u00c0NH TH\u00c0NH VI\u00caN C\u00d3 TR\u00c1CH NHI\u1ec6M TRONG C\u1ed8NG \u0110\u1ed2NG - Lasenta Boutique Hotel Hoi An\" \/>\n<meta property=\"og:description\" content=\"Kh\u00e1ch s\u1ea1n Lasenta Boutique Hotel Hoi An cam k\u1ebft tr\u1edf th\u00e0nh m\u1ed9t th\u00e0nh vi\u00ean t\u00edch c\u1ef1c, c\u00f3 tr\u00e1ch nhi\u1ec7m trong c\u1ed9ng \u0111\u1ed3ng, \u0111\u00f3ng g\u00f3p v\u00e0o vi\u1ec7c b\u1ea3o t\u1ed3n v\u00e0 ph\u00e1t tri\u1ec3n di s\u1ea3n v\u0103n h\u00f3a, l\u1ed1i s\u1ed1ng \u0111\u1ecba ph\u01b0\u01a1ng th\u00f4ng qua nh\u1eefng h\u00e0nh \u0111\u1ed9ng c\u1ee5 th\u1ec3 sau: B\u1ea3o t\u1ed3n di s\u1ea3n v\u0103n h\u00f3a T\u00edch c\u1ef1c [&hellip;]\" \/>\n<meta property=\"og:url\" content=\"https:\/\/lasentahotel.com\/vi\/du-lich-ben-vung\/cam-ket-va-muc-tieu-cua-chung-toi\/cam-ket-tro-thanh-thanh-vien-co-trach-nhiem-trong-cong-dong\/\" \/>\n<meta property=\"og:site_name\" content=\"Lasenta Boutique Hotel Hoi An\" \/>\n<meta property=\"article:modified_time\" content=\"2025-10-05T04:50:38+00:00\" \/>\n<meta name=\"twitter:card\" content=\"summary_large_image\" \/>\n<meta name=\"twitter:label1\" content=\"Est. reading time\" \/>\n\t<meta name=\"twitter:data1\" content=\"2 minutes\" \/>\n<script type=\"application\/ld+json\" class=\"yoast-schema-graph\">{\"@context\":\"https:\/\/schema.org\",\"@graph\":[{\"@type\":\"WebPage\",\"@id\":\"https:\/\/lasentahotel.com\/vi\/du-lich-ben-vung\/cam-ket-va-muc-tieu-cua-chung-toi\/cam-ket-tro-thanh-thanh-vien-co-trach-nhiem-trong-cong-dong\/\",\"url\":\"https:\/\/lasentahotel.com\/vi\/du-lich-ben-vung\/cam-ket-va-muc-tieu-cua-chung-toi\/cam-ket-tro-thanh-thanh-vien-co-trach-nhiem-trong-cong-dong\/\",\"name\":\"CAM K\u1ebeT TR\u1ede TH\u00c0NH TH\u00c0NH VI\u00caN C\u00d3 TR\u00c1CH NHI\u1ec6M TRONG C\u1ed8NG \u0110\u1ed2NG - Lasenta Boutique Hotel Hoi An\",\"isPartOf\":{\"@id\":\"https:\/\/lasentahotel.com\/vi\/#website\"},\"datePublished\":\"2025-10-05T04:46:53+00:00\",\"dateModified\":\"2025-10-05T04:50:38+00:00\",\"breadcrumb\":{\"@id\":\"https:\/\/lasentahotel.com\/vi\/du-lich-ben-vung\/cam-ket-va-muc-tieu-cua-chung-toi\/cam-ket-tro-thanh-thanh-vien-co-trach-nhiem-trong-cong-dong\/#breadcrumb\"},\"inLanguage\":\"vi-VN\",\"potentialAction\":[{\"@type\":\"ReadAction\",\"target\":[\"https:\/\/lasentahotel.com\/vi\/du-lich-ben-vung\/cam-ket-va-muc-tieu-cua-chung-toi\/cam-ket-tro-thanh-thanh-vien-co-trach-nhiem-trong-cong-dong\/\"]}]},{\"@type\":\"BreadcrumbList\",\"@id\":\"https:\/\/lasentahotel.com\/vi\/du-lich-ben-vung\/cam-ket-va-muc-tieu-cua-chung-toi\/cam-ket-tro-thanh-thanh-vien-co-trach-nhiem-trong-cong-dong\/#breadcrumb\",\"itemListElement\":[{\"@type\":\"ListItem\",\"position\":1,\"name\":\"Home\",\"item\":\"https:\/\/lasentahotel.com\/vi\/\"},{\"@type\":\"ListItem\",\"position\":2,\"name\":\"Du L\u1ecbch B\u1ec1n V\u1eefng\",\"item\":\"https:\/\/lasentahotel.com\/vi\/du-lich-ben-vung\/\"},{\"@type\":\"ListItem\",\"position\":3,\"name\":\"CAM K\u1ebeT V\u00c0 M\u1ee4C TI\u00caU C\u1ee6A CH\u00daNG T\u00d4I\",\"item\":\"https:\/\/lasentahotel.com\/vi\/du-lich-ben-vung\/cam-ket-va-muc-tieu-cua-chung-toi\/\"},{\"@type\":\"ListItem\",\"position\":4,\"name\":\"CAM K\u1ebeT TR\u1ede TH\u00c0NH TH\u00c0NH VI\u00caN C\u00d3 TR\u00c1CH NHI\u1ec6M TRONG C\u1ed8NG \u0110\u1ed2NG\"}]},{\"@type\":\"WebSite\",\"@id\":\"https:\/\/lasentahotel.com\/vi\/#website\",\"url\":\"https:\/\/lasentahotel.com\/vi\/\",\"name\":\"Lasenta Boutique Hotel Hoi An\",\"description\":\"Just another D-EDGE CMS Asia Pacific site\",\"potentialAction\":[{\"@type\":\"SearchAction\",\"target\":{\"@type\":\"EntryPoint\",\"urlTemplate\":\"https:\/\/lasentahotel.com\/vi\/?s={search_term_string}\"},\"query-input\":\"required name=search_term_string\"}],\"inLanguage\":\"vi-VN\"}]}<\/script>\n<!-- \/ Yoast SEO plugin. -->","yoast_head_json":{"title":"CAM K\u1ebeT TR\u1ede TH\u00c0NH TH\u00c0NH VI\u00caN C\u00d3 TR\u00c1CH NHI\u1ec6M TRONG C\u1ed8NG \u0110\u1ed2NG - Lasenta Boutique Hotel Hoi An","robots":{"index":"index","follow":"follow","max-snippet":"max-snippet:-1","max-image-preview":"max-image-preview:large","max-video-preview":"max-video-preview:-1"},"canonical":"https:\/\/lasentahotel.com\/vi\/du-lich-ben-vung\/cam-ket-va-muc-tieu-cua-chung-toi\/cam-ket-tro-thanh-thanh-vien-co-trach-nhiem-trong-cong-dong\/","og_locale":"vi_VN","og_type":"article","og_title":"CAM K\u1ebeT TR\u1ede TH\u00c0NH TH\u00c0NH VI\u00caN C\u00d3 TR\u00c1CH NHI\u1ec6M TRONG C\u1ed8NG \u0110\u1ed2NG - Lasenta Boutique Hotel Hoi An","og_description":"Kh\u00e1ch s\u1ea1n Lasenta Boutique Hotel Hoi An cam k\u1ebft tr\u1edf th\u00e0nh m\u1ed9t th\u00e0nh vi\u00ean t\u00edch c\u1ef1c, c\u00f3 tr\u00e1ch nhi\u1ec7m trong c\u1ed9ng \u0111\u1ed3ng, \u0111\u00f3ng g\u00f3p v\u00e0o vi\u1ec7c b\u1ea3o t\u1ed3n v\u00e0 ph\u00e1t tri\u1ec3n di s\u1ea3n v\u0103n h\u00f3a, l\u1ed1i s\u1ed1ng \u0111\u1ecba ph\u01b0\u01a1ng th\u00f4ng qua nh\u1eefng h\u00e0nh \u0111\u1ed9ng c\u1ee5 th\u1ec3 sau: B\u1ea3o t\u1ed3n di s\u1ea3n v\u0103n h\u00f3a T\u00edch c\u1ef1c [&hellip;]","og_url":"https:\/\/lasentahotel.com\/vi\/du-lich-ben-vung\/cam-ket-va-muc-tieu-cua-chung-toi\/cam-ket-tro-thanh-thanh-vien-co-trach-nhiem-trong-cong-dong\/","og_site_name":"Lasenta Boutique Hotel Hoi An","article_modified_time":"2025-10-05T04:50:38+00:00","twitter_card":"summary_large_image","twitter_misc":{"Est. reading time":"2 minutes"},"schema":{"@context":"https:\/\/schema.org","@graph":[{"@type":"WebPage","@id":"https:\/\/lasentahotel.com\/vi\/du-lich-ben-vung\/cam-ket-va-muc-tieu-cua-chung-toi\/cam-ket-tro-thanh-thanh-vien-co-trach-nhiem-trong-cong-dong\/","url":"https:\/\/lasentahotel.com\/vi\/du-lich-ben-vung\/cam-ket-va-muc-tieu-cua-chung-toi\/cam-ket-tro-thanh-thanh-vien-co-trach-nhiem-trong-cong-dong\/","name":"CAM K\u1ebeT TR\u1ede TH\u00c0NH TH\u00c0NH VI\u00caN C\u00d3 TR\u00c1CH NHI\u1ec6M TRONG C\u1ed8NG \u0110\u1ed2NG - Lasenta Boutique Hotel Hoi An","isPartOf":{"@id":"https:\/\/lasentahotel.com\/vi\/#website"},"datePublished":"2025-10-05T04:46:53+00:00","dateModified":"2025-10-05T04:50:38+00:00","breadcrumb":{"@id":"https:\/\/lasentahotel.com\/vi\/du-lich-ben-vung\/cam-ket-va-muc-tieu-cua-chung-toi\/cam-ket-tro-thanh-thanh-vien-co-trach-nhiem-trong-cong-dong\/#breadcrumb"},"inLanguage":"vi-VN","potentialAction":[{"@type":"ReadAction","target":["https:\/\/lasentahotel.com\/vi\/du-lich-ben-vung\/cam-ket-va-muc-tieu-cua-chung-toi\/cam-ket-tro-thanh-thanh-vien-co-trach-nhiem-trong-cong-dong\/"]}]},{"@type":"BreadcrumbList","@id":"https:\/\/lasentahotel.com\/vi\/du-lich-ben-vung\/cam-ket-va-muc-tieu-cua-chung-toi\/cam-ket-tro-thanh-thanh-vien-co-trach-nhiem-trong-cong-dong\/#breadcrumb","itemListElement":[{"@type":"ListItem","position":1,"name":"Home","item":"https:\/\/lasentahotel.com\/vi\/"},{"@type":"ListItem","position":2,"name":"Du L\u1ecbch B\u1ec1n V\u1eefng","item":"https:\/\/lasentahotel.com\/vi\/du-lich-ben-vung\/"},{"@type":"ListItem","position":3,"name":"CAM K\u1ebeT V\u00c0 M\u1ee4C TI\u00caU C\u1ee6A CH\u00daNG T\u00d4I","item":"https:\/\/lasentahotel.com\/vi\/du-lich-ben-vung\/cam-ket-va-muc-tieu-cua-chung-toi\/"},{"@type":"ListItem","position":4,"name":"CAM K\u1ebeT TR\u1ede TH\u00c0NH TH\u00c0NH VI\u00caN C\u00d3 TR\u00c1CH NHI\u1ec6M TRONG C\u1ed8NG \u0110\u1ed2NG"}]},{"@type":"WebSite","@id":"https:\/\/lasentahotel.com\/vi\/#website","url":"https:\/\/lasentahotel.com\/vi\/","name":"Lasenta Boutique Hotel Hoi An","description":"Just another D-EDGE CMS Asia Pacific site","potentialAction":[{"@type":"SearchAction","target":{"@type":"EntryPoint","urlTemplate":"https:\/\/lasentahotel.com\/vi\/?s={search_term_string}"},"query-input":"required name=search_term_string"}],"inLanguage":"vi-VN"}]}},"_links":{"self":[{"href":"https:\/\/lasentahotel.com\/vi\/wp-json\/wp\/v2\/pages\/1648"}],"collection":[{"href":"https:\/\/lasentahotel.com\/vi\/wp-json\/wp\/v2\/pages"}],"about":[{"href":"https:\/\/lasentahotel.com\/vi\/wp-json\/wp\/v2\/types\/page"}],"author":[{"embeddable":true,"href":"https:\/\/lasentahotel.com\/vi\/wp-json\/wp\/v2\/users\/206"}],"replies":[{"embeddable":true,"href":"https:\/\/lasentahotel.com\/vi\/wp-json\/wp\/v2\/comments?post=1648"}],"version-history":[{"count":0,"href":"https:\/\/lasentahotel.com\/vi\/wp-json\/wp\/v2\/pages\/1648\/revisions"}],"up":[{"embeddable":true,"href":"https:\/\/lasentahotel.com\/vi\/wp-json\/wp\/v2\/pages\/1624"}],"wp:attachment":[{"href":"https:\/\/lasentahotel.com\/vi\/wp-json\/wp\/v2\/media?parent=1648"}],"curies":[{"name":"wp","href":"https:\/\/api.w.org\/{rel}","templated":true}]}}