{"id":1643,"date":"2025-10-05T04:44:41","date_gmt":"2025-10-05T04:44:41","guid":{"rendered":"https:\/\/lasentahotel.com\/?page_id=1643"},"modified":"2025-10-05T04:46:19","modified_gmt":"2025-10-05T04:46:19","slug":"cam-ket-chung-tay-bao-ve-tre-em","status":"publish","type":"page","link":"https:\/\/lasentahotel.com\/vi\/du-lich-ben-vung\/cam-ket-va-muc-tieu-cua-chung-toi\/cam-ket-chung-tay-bao-ve-tre-em\/","title":{"rendered":"CAM K\u1ebeT CHUNG TAY B\u1ea2O V\u1ec6 TR\u1eba EM"},"content":{"rendered":"<p><strong>Cam k\u1ebft th\u1ef1c hi\u1ec7n c\u00e1c bi\u1ec7n ph\u00e1p ph\u00f9 h\u1ee3p \u0111\u1ec3 b\u1ea3o \u0111\u1ea3m tr\u1ebb em \u0111\u01b0\u1ee3c s\u1ed1ng an to\u00e0n, l\u00e0nh m\u1ea1nh; ph\u00f2ng ng\u1eeba, ng\u0103n ch\u1eb7n v\u00e0 x\u1eed l\u00fd c\u00e1c h\u00e0nh vi x\u00e2m h\u1ea1i tr\u1ebb em; tr\u1ee3 gi\u00fap tr\u1ebb em c\u00f3 ho\u00e0n c\u1ea3nh \u0111\u1eb7c bi\u1ec7t b\u1eb1ng c\u00e1c h\u00e0nh \u0111\u1ed9ng sau:<\/strong><\/p>\n<ul>\n<li>\n<h5><strong>KH\u00d4NG<\/strong><strong> \u00a0s\u1eed d\u1ee5ng lao \u0111\u1ed9ng d\u01b0\u1edbi 18 tu\u1ed5i;<\/strong><\/h5>\n<\/li>\n<li>\n<h5><strong>KH\u00d4NG<\/strong><strong> \u00a0tham gia v\u00e0o c\u00e1c ho\u1ea1t \u0111\u1ed9ng \u1ea3nh h\u01b0\u1edfng \u0111\u1ebfn quy\u1ec1n l\u1ee3i c\u1ee7a tr\u1ebb em;<\/strong><\/h5>\n<\/li>\n<li>\n<h5><strong>THAM GIA<\/strong><strong>\u00a0 c\u00e1c ho\u1ea1t \u0111\u1ed9ng gi\u00fap \u0111\u1ee1 tr\u1ebb em t\u1ea1i \u0111\u1ecba ph\u01b0\u01a1ng;<\/strong><\/h5>\n<\/li>\n<li>\n<h5><strong>TUY\u00caN TRUY<\/strong><strong>\u1ec0<\/strong><strong>N <\/strong><strong>cho ng\u01b0\u1eddi th\u00e2n v\u00e0 du kh\u00e1ch v\u1ec1 vi\u1ec7c b\u1ea3o v\u1ec7 tr\u1ebb em, kh\u00f4ng c\u1ea3n tr\u1edf tr\u1ebb em th\u1ef1c hi\u1ec7n quy\u1ec1n v\u00e0 b\u1ed5n ph\u1eadn c\u1ee7a m\u00ecnh;<\/strong><\/h5>\n<\/li>\n<li>\n<h5><strong>B\u00c1O C\u00c1O<\/strong> <strong>cho c\u01a1 quan ch\u1ee9c n\u0103ng v\u00e0 ch\u00ednh quy\u1ec1n \u0111\u1ecba ph\u01b0\u01a1ng khi ph\u00e1t hi\u1ec7n c\u00e1c h\u00e0nh vi vi ph\u1ea1m ph\u00e1t lu\u1eadt v\u1ec1 b\u1ea3o v\u1ec7 tr\u1ebb em.<\/strong><\/h5>\n<\/li>\n<\/ul>\n","protected":false},"excerpt":{"rendered":"<p>Cam k\u1ebft th\u1ef1c hi\u1ec7n c\u00e1c bi\u1ec7n ph\u00e1p ph\u00f9 h\u1ee3p \u0111\u1ec3 b\u1ea3o \u0111\u1ea3m tr\u1ebb em \u0111\u01b0\u1ee3c s\u1ed1ng an to\u00e0n, l\u00e0nh m\u1ea1nh; ph\u00f2ng ng\u1eeba, ng\u0103n ch\u1eb7n v\u00e0 x\u1eed l\u00fd c\u00e1c h\u00e0nh vi x\u00e2m h\u1ea1i tr\u1ebb em; tr\u1ee3 gi\u00fap tr\u1ebb em c\u00f3 ho\u00e0n c\u1ea3nh \u0111\u1eb7c bi\u1ec7t b\u1eb1ng c\u00e1c h\u00e0nh \u0111\u1ed9ng sau: KH\u00d4NG \u00a0s\u1eed d\u1ee5ng lao \u0111\u1ed9ng d\u01b0\u1edbi 18 [&hellip;]<\/p>\n","protected":false},"author":206,"featured_media":0,"parent":1624,"menu_order":0,"comment_status":"closed","ping_status":"closed","template":"","meta":{"footnotes":""},"yoast_head":"<!-- This site is optimized with the Yoast SEO plugin v22.3 - https:\/\/yoast.com\/wordpress\/plugins\/seo\/ -->\n<title>CAM K\u1ebeT CHUNG TAY B\u1ea2O V\u1ec6 TR\u1eba EM - Lasenta Boutique Hotel Hoi An<\/title>\n<meta name=\"robots\" content=\"index, follow, max-snippet:-1, max-image-preview:large, max-video-preview:-1\" \/>\n<link rel=\"canonical\" href=\"https:\/\/lasentahotel.com\/vi\/du-lich-ben-vung\/cam-ket-va-muc-tieu-cua-chung-toi\/cam-ket-chung-tay-bao-ve-tre-em\/\" \/>\n<meta property=\"og:locale\" content=\"vi_VN\" \/>\n<meta property=\"og:type\" content=\"article\" \/>\n<meta property=\"og:title\" content=\"CAM K\u1ebeT CHUNG TAY B\u1ea2O V\u1ec6 TR\u1eba EM - Lasenta Boutique Hotel Hoi An\" \/>\n<meta property=\"og:description\" content=\"Cam k\u1ebft th\u1ef1c hi\u1ec7n c\u00e1c bi\u1ec7n ph\u00e1p ph\u00f9 h\u1ee3p \u0111\u1ec3 b\u1ea3o \u0111\u1ea3m tr\u1ebb em \u0111\u01b0\u1ee3c s\u1ed1ng an to\u00e0n, l\u00e0nh m\u1ea1nh; ph\u00f2ng ng\u1eeba, ng\u0103n ch\u1eb7n v\u00e0 x\u1eed l\u00fd c\u00e1c h\u00e0nh vi x\u00e2m h\u1ea1i tr\u1ebb em; tr\u1ee3 gi\u00fap tr\u1ebb em c\u00f3 ho\u00e0n c\u1ea3nh \u0111\u1eb7c bi\u1ec7t b\u1eb1ng c\u00e1c h\u00e0nh \u0111\u1ed9ng sau: KH\u00d4NG \u00a0s\u1eed d\u1ee5ng lao \u0111\u1ed9ng d\u01b0\u1edbi 18 [&hellip;]\" \/>\n<meta property=\"og:url\" content=\"https:\/\/lasentahotel.com\/vi\/du-lich-ben-vung\/cam-ket-va-muc-tieu-cua-chung-toi\/cam-ket-chung-tay-bao-ve-tre-em\/\" \/>\n<meta property=\"og:site_name\" content=\"Lasenta Boutique Hotel Hoi An\" \/>\n<meta property=\"article:modified_time\" content=\"2025-10-05T04:46:19+00:00\" \/>\n<meta name=\"twitter:card\" content=\"summary_large_image\" \/>\n<meta name=\"twitter:label1\" content=\"Est. reading time\" \/>\n\t<meta name=\"twitter:data1\" content=\"1 minute\" \/>\n<script type=\"application\/ld+json\" class=\"yoast-schema-graph\">{\"@context\":\"https:\/\/schema.org\",\"@graph\":[{\"@type\":\"WebPage\",\"@id\":\"https:\/\/lasentahotel.com\/vi\/du-lich-ben-vung\/cam-ket-va-muc-tieu-cua-chung-toi\/cam-ket-chung-tay-bao-ve-tre-em\/\",\"url\":\"https:\/\/lasentahotel.com\/vi\/du-lich-ben-vung\/cam-ket-va-muc-tieu-cua-chung-toi\/cam-ket-chung-tay-bao-ve-tre-em\/\",\"name\":\"CAM K\u1ebeT CHUNG TAY B\u1ea2O V\u1ec6 TR\u1eba EM - Lasenta Boutique Hotel Hoi An\",\"isPartOf\":{\"@id\":\"https:\/\/lasentahotel.com\/vi\/#website\"},\"datePublished\":\"2025-10-05T04:44:41+00:00\",\"dateModified\":\"2025-10-05T04:46:19+00:00\",\"breadcrumb\":{\"@id\":\"https:\/\/lasentahotel.com\/vi\/du-lich-ben-vung\/cam-ket-va-muc-tieu-cua-chung-toi\/cam-ket-chung-tay-bao-ve-tre-em\/#breadcrumb\"},\"inLanguage\":\"vi-VN\",\"potentialAction\":[{\"@type\":\"ReadAction\",\"target\":[\"https:\/\/lasentahotel.com\/vi\/du-lich-ben-vung\/cam-ket-va-muc-tieu-cua-chung-toi\/cam-ket-chung-tay-bao-ve-tre-em\/\"]}]},{\"@type\":\"BreadcrumbList\",\"@id\":\"https:\/\/lasentahotel.com\/vi\/du-lich-ben-vung\/cam-ket-va-muc-tieu-cua-chung-toi\/cam-ket-chung-tay-bao-ve-tre-em\/#breadcrumb\",\"itemListElement\":[{\"@type\":\"ListItem\",\"position\":1,\"name\":\"Home\",\"item\":\"https:\/\/lasentahotel.com\/vi\/\"},{\"@type\":\"ListItem\",\"position\":2,\"name\":\"Du L\u1ecbch B\u1ec1n V\u1eefng\",\"item\":\"https:\/\/lasentahotel.com\/vi\/du-lich-ben-vung\/\"},{\"@type\":\"ListItem\",\"position\":3,\"name\":\"CAM K\u1ebeT V\u00c0 M\u1ee4C TI\u00caU C\u1ee6A CH\u00daNG T\u00d4I\",\"item\":\"https:\/\/lasentahotel.com\/vi\/du-lich-ben-vung\/cam-ket-va-muc-tieu-cua-chung-toi\/\"},{\"@type\":\"ListItem\",\"position\":4,\"name\":\"CAM K\u1ebeT CHUNG TAY B\u1ea2O V\u1ec6 TR\u1eba EM\"}]},{\"@type\":\"WebSite\",\"@id\":\"https:\/\/lasentahotel.com\/vi\/#website\",\"url\":\"https:\/\/lasentahotel.com\/vi\/\",\"name\":\"Lasenta Boutique Hotel Hoi An\",\"description\":\"Just another D-EDGE CMS Asia Pacific site\",\"potentialAction\":[{\"@type\":\"SearchAction\",\"target\":{\"@type\":\"EntryPoint\",\"urlTemplate\":\"https:\/\/lasentahotel.com\/vi\/?s={search_term_string}\"},\"query-input\":\"required name=search_term_string\"}],\"inLanguage\":\"vi-VN\"}]}<\/script>\n<!-- \/ Yoast SEO plugin. -->","yoast_head_json":{"title":"CAM K\u1ebeT CHUNG TAY B\u1ea2O V\u1ec6 TR\u1eba EM - Lasenta Boutique Hotel Hoi An","robots":{"index":"index","follow":"follow","max-snippet":"max-snippet:-1","max-image-preview":"max-image-preview:large","max-video-preview":"max-video-preview:-1"},"canonical":"https:\/\/lasentahotel.com\/vi\/du-lich-ben-vung\/cam-ket-va-muc-tieu-cua-chung-toi\/cam-ket-chung-tay-bao-ve-tre-em\/","og_locale":"vi_VN","og_type":"article","og_title":"CAM K\u1ebeT CHUNG TAY B\u1ea2O V\u1ec6 TR\u1eba EM - Lasenta Boutique Hotel Hoi An","og_description":"Cam k\u1ebft th\u1ef1c hi\u1ec7n c\u00e1c bi\u1ec7n ph\u00e1p ph\u00f9 h\u1ee3p \u0111\u1ec3 b\u1ea3o \u0111\u1ea3m tr\u1ebb em \u0111\u01b0\u1ee3c s\u1ed1ng an to\u00e0n, l\u00e0nh m\u1ea1nh; ph\u00f2ng ng\u1eeba, ng\u0103n ch\u1eb7n v\u00e0 x\u1eed l\u00fd c\u00e1c h\u00e0nh vi x\u00e2m h\u1ea1i tr\u1ebb em; tr\u1ee3 gi\u00fap tr\u1ebb em c\u00f3 ho\u00e0n c\u1ea3nh \u0111\u1eb7c bi\u1ec7t b\u1eb1ng c\u00e1c h\u00e0nh \u0111\u1ed9ng sau: KH\u00d4NG \u00a0s\u1eed d\u1ee5ng lao \u0111\u1ed9ng d\u01b0\u1edbi 18 [&hellip;]","og_url":"https:\/\/lasentahotel.com\/vi\/du-lich-ben-vung\/cam-ket-va-muc-tieu-cua-chung-toi\/cam-ket-chung-tay-bao-ve-tre-em\/","og_site_name":"Lasenta Boutique Hotel Hoi An","article_modified_time":"2025-10-05T04:46:19+00:00","twitter_card":"summary_large_image","twitter_misc":{"Est. reading time":"1 minute"},"schema":{"@context":"https:\/\/schema.org","@graph":[{"@type":"WebPage","@id":"https:\/\/lasentahotel.com\/vi\/du-lich-ben-vung\/cam-ket-va-muc-tieu-cua-chung-toi\/cam-ket-chung-tay-bao-ve-tre-em\/","url":"https:\/\/lasentahotel.com\/vi\/du-lich-ben-vung\/cam-ket-va-muc-tieu-cua-chung-toi\/cam-ket-chung-tay-bao-ve-tre-em\/","name":"CAM K\u1ebeT CHUNG TAY B\u1ea2O V\u1ec6 TR\u1eba EM - Lasenta Boutique Hotel Hoi An","isPartOf":{"@id":"https:\/\/lasentahotel.com\/vi\/#website"},"datePublished":"2025-10-05T04:44:41+00:00","dateModified":"2025-10-05T04:46:19+00:00","breadcrumb":{"@id":"https:\/\/lasentahotel.com\/vi\/du-lich-ben-vung\/cam-ket-va-muc-tieu-cua-chung-toi\/cam-ket-chung-tay-bao-ve-tre-em\/#breadcrumb"},"inLanguage":"vi-VN","potentialAction":[{"@type":"ReadAction","target":["https:\/\/lasentahotel.com\/vi\/du-lich-ben-vung\/cam-ket-va-muc-tieu-cua-chung-toi\/cam-ket-chung-tay-bao-ve-tre-em\/"]}]},{"@type":"BreadcrumbList","@id":"https:\/\/lasentahotel.com\/vi\/du-lich-ben-vung\/cam-ket-va-muc-tieu-cua-chung-toi\/cam-ket-chung-tay-bao-ve-tre-em\/#breadcrumb","itemListElement":[{"@type":"ListItem","position":1,"name":"Home","item":"https:\/\/lasentahotel.com\/vi\/"},{"@type":"ListItem","position":2,"name":"Du L\u1ecbch B\u1ec1n V\u1eefng","item":"https:\/\/lasentahotel.com\/vi\/du-lich-ben-vung\/"},{"@type":"ListItem","position":3,"name":"CAM K\u1ebeT V\u00c0 M\u1ee4C TI\u00caU C\u1ee6A CH\u00daNG T\u00d4I","item":"https:\/\/lasentahotel.com\/vi\/du-lich-ben-vung\/cam-ket-va-muc-tieu-cua-chung-toi\/"},{"@type":"ListItem","position":4,"name":"CAM K\u1ebeT CHUNG TAY B\u1ea2O V\u1ec6 TR\u1eba EM"}]},{"@type":"WebSite","@id":"https:\/\/lasentahotel.com\/vi\/#website","url":"https:\/\/lasentahotel.com\/vi\/","name":"Lasenta Boutique Hotel Hoi An","description":"Just another D-EDGE CMS Asia Pacific site","potentialAction":[{"@type":"SearchAction","target":{"@type":"EntryPoint","urlTemplate":"https:\/\/lasentahotel.com\/vi\/?s={search_term_string}"},"query-input":"required name=search_term_string"}],"inLanguage":"vi-VN"}]}},"_links":{"self":[{"href":"https:\/\/lasentahotel.com\/vi\/wp-json\/wp\/v2\/pages\/1643"}],"collection":[{"href":"https:\/\/lasentahotel.com\/vi\/wp-json\/wp\/v2\/pages"}],"about":[{"href":"https:\/\/lasentahotel.com\/vi\/wp-json\/wp\/v2\/types\/page"}],"author":[{"embeddable":true,"href":"https:\/\/lasentahotel.com\/vi\/wp-json\/wp\/v2\/users\/206"}],"replies":[{"embeddable":true,"href":"https:\/\/lasentahotel.com\/vi\/wp-json\/wp\/v2\/comments?post=1643"}],"version-history":[{"count":0,"href":"https:\/\/lasentahotel.com\/vi\/wp-json\/wp\/v2\/pages\/1643\/revisions"}],"up":[{"embeddable":true,"href":"https:\/\/lasentahotel.com\/vi\/wp-json\/wp\/v2\/pages\/1624"}],"wp:attachment":[{"href":"https:\/\/lasentahotel.com\/vi\/wp-json\/wp\/v2\/media?parent=1643"}],"curies":[{"name":"wp","href":"https:\/\/api.w.org\/{rel}","templated":true}]}}