{"id":1635,"date":"2025-10-05T04:39:50","date_gmt":"2025-10-05T04:39:50","guid":{"rendered":"https:\/\/lasentahotel.com\/?page_id=1635"},"modified":"2025-10-05T04:43:35","modified_gmt":"2025-10-05T04:43:35","slug":"cam-ket-ve-doi-xu-cong-bang-va-moi-truong-lam-viec-ton-trong-nhan-quyen","status":"publish","type":"page","link":"https:\/\/lasentahotel.com\/vi\/du-lich-ben-vung\/cam-ket-va-muc-tieu-cua-chung-toi\/cam-ket-ve-doi-xu-cong-bang-va-moi-truong-lam-viec-ton-trong-nhan-quyen\/","title":{"rendered":"CAM K\u1ebeT V\u1ec0 \u0110\u1ed0I X\u1eec C\u00d4NG B\u1eb0NG V\u00c0 M\u00d4I TR\u01af\u1edcNG L\u00c0M VI\u1ec6C T\u00d4N TR\u1eccNG NH\u00c2N QUY\u1ec0N"},"content":{"rendered":"<h3><strong>1. Nguy\u00ean t\u1eafc C\u01a1 b\u1ea3n<\/strong><\/h3>\n<ol>\n<li>Ch\u00fang t\u00f4i cam k\u1ebft t\u00f4n tr\u1ecdng\u00a0<strong>quy\u1ec1n con ng\u01b0\u1eddi<\/strong>v\u00e0 tu\u00e2n th\u1ee7 c\u00e1c ti\u00eau chu\u1ea9n qu\u1ed1c t\u1ebf nh\u01b0 Tuy\u00ean ng\u00f4n Nh\u00e2n quy\u1ec1n c\u1ee7a Li\u00ean H\u1ee3p Qu\u1ed1c v\u00e0 C\u00f4ng \u01b0\u1edbc ILO.<\/li>\n<li>M\u1ecdi nh\u00e2n vi\u00ean \u0111\u1ec1u \u0111\u01b0\u1ee3c \u0111\u1ed1i x\u1eed c\u00f4ng b\u1eb1ng, kh\u00f4ng ph\u00e2n bi\u1ec7t \u0111\u1ed1i x\u1eed d\u1ef1a tr\u00ean ch\u1ee7ng t\u1ed9c, gi\u1edbi t\u00ednh, t\u00f4n gi\u00e1o, tu\u1ed5i t\u00e1c, khuy\u1ebft t\u1eadt ho\u1eb7c xu h\u01b0\u1edbng t\u00ednh d\u1ee5c.<\/li>\n<li>Kh\u00f4ng khoan nh\u01b0\u1ee3ng v\u1edbi\u00a0<strong>qu\u1ea5y r\u1ed1i, b\u1ea1o l\u1ef1c, lao \u0111\u1ed9ng c\u01b0\u1ee1ng b\u1ee9c ho\u1eb7c lao \u0111\u1ed9ng tr\u1ebb em<\/strong>.<\/li>\n<\/ol>\n<h3><strong>2. M\u00f4i tr\u01b0\u1eddng L\u00e0m vi\u1ec7c C\u00f4ng b\u1eb1ng<\/strong><\/h3>\n<ul>\n<li>\u0110\u1ea3m b\u1ea3o\u00a0<strong>l\u01b0\u01a1ng th\u01b0\u1edfng v\u00e0 ph\u00fac l\u1ee3i<\/strong>c\u1ea1nh tranh, tu\u00e2n th\u1ee7 lu\u1eadt lao \u0111\u1ed9ng.<\/li>\n<li>Cung c\u1ea5p\u00a0<strong>c\u01a1 h\u1ed9i ph\u00e1t tri\u1ec3n b\u00ecnh \u0111\u1eb3ng<\/strong>v\u00e0 \u0111\u00e1nh gi\u00e1 d\u1ef1a tr\u00ean n\u0103ng l\u1ef1c.<\/li>\n<li>B\u1ea3o v\u1ec7\u00a0<strong>quy\u1ec1n ri\u00eang t\u01b0<\/strong>v\u00e0 th\u00f4ng tin c\u00e1 nh\u00e2n c\u1ee7a nh\u00e2n vi\u00ean.<\/li>\n<\/ul>\n<h3><strong>3. Khi\u1ebfu n\u1ea1i v\u00e0 Gi\u1ea3i quy\u1ebft M\u00e2u thu\u1eabn<\/strong><\/h3>\n<ul>\n<li>Thi\u1ebft l\u1eadp\u00a0<strong>k\u00eanh b\u00e1o c\u00e1o an to\u00e0n<\/strong>(h\u1ed9p th\u01b0 g\u00f3p \u00fd) \u0111\u1ec3 nh\u00e2n vi\u00ean ph\u1ea3n \u00e1nh.<\/li>\n<li>Gi\u1ea3i quy\u1ebft minh b\u1ea1ch m\u1ecdi khi\u1ebfu n\u1ea1i v\u00e0\u00a0<strong>c\u1ea5m tr\u1ea3 th\u00f9 ng\u01b0\u1eddi t\u1ed1 c\u00e1o<\/strong>.<\/li>\n<\/ul>\n<h3><strong>4. Tr\u00e1ch nhi\u1ec7m c\u1ee7a C\u00f4ng ty<\/strong><\/h3>\n<ul>\n<li>\u0110\u00e0o t\u1ea1o \u0111\u1ecbnh k\u1ef3 v\u1ec1\u00a0<strong>quy\u1ec1n con ng\u01b0\u1eddi, \u0111a d\u1ea1ng &amp; h\u00f2a nh\u1eadp<\/strong>.<\/li>\n<li>H\u1ee3p t\u00e1c v\u1edbi c\u00f4ng \u0111o\u00e0n, t\u1ed5 ch\u1ee9c nh\u00e2n quy\u1ec1n \u0111\u1ec3 c\u1ea3i thi\u1ec7n \u0111i\u1ec1u ki\u1ec7n l\u00e0m vi\u1ec7c.<\/li>\n<li>R\u00e0 so\u00e1t ch\u00ednh s\u00e1ch h\u00e0ng n\u0103m \u0111\u1ec3 \u0111\u1ea3m b\u1ea3o tu\u00e2n th\u1ee7 ph\u00e1p lu\u1eadt.<\/li>\n<\/ul>\n<h3><strong>5. Tu\u00e2n th\u1ee7 Ph\u00e1p lu\u1eadt<\/strong><\/h3>\n<ul>\n<li>Tu\u00e2n th\u1ee7 \u0111\u1ea7y \u0111\u1ee7\u00a0<strong>lu\u1eadt lao \u0111\u1ed9ng Vi\u1ec7t Nam <\/strong>v\u00e0 ti\u00eau chu\u1ea9n qu\u1ed1c t\u1ebf.<\/li>\n<\/ul>\n","protected":false},"excerpt":{"rendered":"<p>1. Nguy\u00ean t\u1eafc C\u01a1 b\u1ea3n Ch\u00fang t\u00f4i cam k\u1ebft t\u00f4n tr\u1ecdng\u00a0quy\u1ec1n con ng\u01b0\u1eddiv\u00e0 tu\u00e2n th\u1ee7 c\u00e1c ti\u00eau chu\u1ea9n qu\u1ed1c t\u1ebf nh\u01b0 Tuy\u00ean ng\u00f4n Nh\u00e2n quy\u1ec1n c\u1ee7a Li\u00ean H\u1ee3p Qu\u1ed1c v\u00e0 C\u00f4ng \u01b0\u1edbc ILO. M\u1ecdi nh\u00e2n vi\u00ean \u0111\u1ec1u \u0111\u01b0\u1ee3c \u0111\u1ed1i x\u1eed c\u00f4ng b\u1eb1ng, kh\u00f4ng ph\u00e2n bi\u1ec7t \u0111\u1ed1i x\u1eed d\u1ef1a tr\u00ean ch\u1ee7ng t\u1ed9c, gi\u1edbi t\u00ednh, t\u00f4n gi\u00e1o, [&hellip;]<\/p>\n","protected":false},"author":206,"featured_media":0,"parent":1624,"menu_order":0,"comment_status":"closed","ping_status":"closed","template":"","meta":{"footnotes":""},"yoast_head":"<!-- This site is optimized with the Yoast SEO plugin v22.3 - https:\/\/yoast.com\/wordpress\/plugins\/seo\/ -->\n<title>CAM K\u1ebeT V\u1ec0 \u0110\u1ed0I X\u1eec C\u00d4NG B\u1eb0NG V\u00c0 M\u00d4I TR\u01af\u1edcNG L\u00c0M VI\u1ec6C T\u00d4N TR\u1eccNG NH\u00c2N QUY\u1ec0N - Lasenta Boutique Hotel Hoi An<\/title>\n<meta name=\"robots\" content=\"index, follow, max-snippet:-1, max-image-preview:large, max-video-preview:-1\" \/>\n<link rel=\"canonical\" href=\"https:\/\/lasentahotel.com\/vi\/du-lich-ben-vung\/cam-ket-va-muc-tieu-cua-chung-toi\/cam-ket-ve-doi-xu-cong-bang-va-moi-truong-lam-viec-ton-trong-nhan-quyen\/\" \/>\n<meta property=\"og:locale\" content=\"vi_VN\" \/>\n<meta property=\"og:type\" content=\"article\" \/>\n<meta property=\"og:title\" content=\"CAM K\u1ebeT V\u1ec0 \u0110\u1ed0I X\u1eec C\u00d4NG B\u1eb0NG V\u00c0 M\u00d4I TR\u01af\u1edcNG L\u00c0M VI\u1ec6C T\u00d4N TR\u1eccNG NH\u00c2N QUY\u1ec0N - Lasenta Boutique Hotel Hoi An\" \/>\n<meta property=\"og:description\" content=\"1. Nguy\u00ean t\u1eafc C\u01a1 b\u1ea3n Ch\u00fang t\u00f4i cam k\u1ebft t\u00f4n tr\u1ecdng\u00a0quy\u1ec1n con ng\u01b0\u1eddiv\u00e0 tu\u00e2n th\u1ee7 c\u00e1c ti\u00eau chu\u1ea9n qu\u1ed1c t\u1ebf nh\u01b0 Tuy\u00ean ng\u00f4n Nh\u00e2n quy\u1ec1n c\u1ee7a Li\u00ean H\u1ee3p Qu\u1ed1c v\u00e0 C\u00f4ng \u01b0\u1edbc ILO. M\u1ecdi nh\u00e2n vi\u00ean \u0111\u1ec1u \u0111\u01b0\u1ee3c \u0111\u1ed1i x\u1eed c\u00f4ng b\u1eb1ng, kh\u00f4ng ph\u00e2n bi\u1ec7t \u0111\u1ed1i x\u1eed d\u1ef1a tr\u00ean ch\u1ee7ng t\u1ed9c, gi\u1edbi t\u00ednh, t\u00f4n gi\u00e1o, [&hellip;]\" \/>\n<meta property=\"og:url\" content=\"https:\/\/lasentahotel.com\/vi\/du-lich-ben-vung\/cam-ket-va-muc-tieu-cua-chung-toi\/cam-ket-ve-doi-xu-cong-bang-va-moi-truong-lam-viec-ton-trong-nhan-quyen\/\" \/>\n<meta property=\"og:site_name\" content=\"Lasenta Boutique Hotel Hoi An\" \/>\n<meta property=\"article:modified_time\" content=\"2025-10-05T04:43:35+00:00\" \/>\n<meta name=\"twitter:card\" content=\"summary_large_image\" \/>\n<meta name=\"twitter:label1\" content=\"Est. reading time\" \/>\n\t<meta name=\"twitter:data1\" content=\"2 minutes\" \/>\n<script type=\"application\/ld+json\" class=\"yoast-schema-graph\">{\"@context\":\"https:\/\/schema.org\",\"@graph\":[{\"@type\":\"WebPage\",\"@id\":\"https:\/\/lasentahotel.com\/vi\/du-lich-ben-vung\/cam-ket-va-muc-tieu-cua-chung-toi\/cam-ket-ve-doi-xu-cong-bang-va-moi-truong-lam-viec-ton-trong-nhan-quyen\/\",\"url\":\"https:\/\/lasentahotel.com\/vi\/du-lich-ben-vung\/cam-ket-va-muc-tieu-cua-chung-toi\/cam-ket-ve-doi-xu-cong-bang-va-moi-truong-lam-viec-ton-trong-nhan-quyen\/\",\"name\":\"CAM K\u1ebeT V\u1ec0 \u0110\u1ed0I X\u1eec C\u00d4NG B\u1eb0NG V\u00c0 M\u00d4I TR\u01af\u1edcNG L\u00c0M VI\u1ec6C T\u00d4N TR\u1eccNG NH\u00c2N QUY\u1ec0N - Lasenta Boutique Hotel Hoi An\",\"isPartOf\":{\"@id\":\"https:\/\/lasentahotel.com\/vi\/#website\"},\"datePublished\":\"2025-10-05T04:39:50+00:00\",\"dateModified\":\"2025-10-05T04:43:35+00:00\",\"breadcrumb\":{\"@id\":\"https:\/\/lasentahotel.com\/vi\/du-lich-ben-vung\/cam-ket-va-muc-tieu-cua-chung-toi\/cam-ket-ve-doi-xu-cong-bang-va-moi-truong-lam-viec-ton-trong-nhan-quyen\/#breadcrumb\"},\"inLanguage\":\"vi-VN\",\"potentialAction\":[{\"@type\":\"ReadAction\",\"target\":[\"https:\/\/lasentahotel.com\/vi\/du-lich-ben-vung\/cam-ket-va-muc-tieu-cua-chung-toi\/cam-ket-ve-doi-xu-cong-bang-va-moi-truong-lam-viec-ton-trong-nhan-quyen\/\"]}]},{\"@type\":\"BreadcrumbList\",\"@id\":\"https:\/\/lasentahotel.com\/vi\/du-lich-ben-vung\/cam-ket-va-muc-tieu-cua-chung-toi\/cam-ket-ve-doi-xu-cong-bang-va-moi-truong-lam-viec-ton-trong-nhan-quyen\/#breadcrumb\",\"itemListElement\":[{\"@type\":\"ListItem\",\"position\":1,\"name\":\"Home\",\"item\":\"https:\/\/lasentahotel.com\/vi\/\"},{\"@type\":\"ListItem\",\"position\":2,\"name\":\"Du L\u1ecbch B\u1ec1n V\u1eefng\",\"item\":\"https:\/\/lasentahotel.com\/vi\/du-lich-ben-vung\/\"},{\"@type\":\"ListItem\",\"position\":3,\"name\":\"CAM K\u1ebeT V\u00c0 M\u1ee4C TI\u00caU C\u1ee6A CH\u00daNG T\u00d4I\",\"item\":\"https:\/\/lasentahotel.com\/vi\/du-lich-ben-vung\/cam-ket-va-muc-tieu-cua-chung-toi\/\"},{\"@type\":\"ListItem\",\"position\":4,\"name\":\"CAM K\u1ebeT V\u1ec0 \u0110\u1ed0I X\u1eec C\u00d4NG B\u1eb0NG V\u00c0 M\u00d4I TR\u01af\u1edcNG L\u00c0M VI\u1ec6C T\u00d4N TR\u1eccNG NH\u00c2N QUY\u1ec0N\"}]},{\"@type\":\"WebSite\",\"@id\":\"https:\/\/lasentahotel.com\/vi\/#website\",\"url\":\"https:\/\/lasentahotel.com\/vi\/\",\"name\":\"Lasenta Boutique Hotel Hoi An\",\"description\":\"Just another D-EDGE CMS Asia Pacific site\",\"potentialAction\":[{\"@type\":\"SearchAction\",\"target\":{\"@type\":\"EntryPoint\",\"urlTemplate\":\"https:\/\/lasentahotel.com\/vi\/?s={search_term_string}\"},\"query-input\":\"required name=search_term_string\"}],\"inLanguage\":\"vi-VN\"}]}<\/script>\n<!-- \/ Yoast SEO plugin. -->","yoast_head_json":{"title":"CAM K\u1ebeT V\u1ec0 \u0110\u1ed0I X\u1eec C\u00d4NG B\u1eb0NG V\u00c0 M\u00d4I TR\u01af\u1edcNG L\u00c0M VI\u1ec6C T\u00d4N TR\u1eccNG NH\u00c2N QUY\u1ec0N - Lasenta Boutique Hotel Hoi An","robots":{"index":"index","follow":"follow","max-snippet":"max-snippet:-1","max-image-preview":"max-image-preview:large","max-video-preview":"max-video-preview:-1"},"canonical":"https:\/\/lasentahotel.com\/vi\/du-lich-ben-vung\/cam-ket-va-muc-tieu-cua-chung-toi\/cam-ket-ve-doi-xu-cong-bang-va-moi-truong-lam-viec-ton-trong-nhan-quyen\/","og_locale":"vi_VN","og_type":"article","og_title":"CAM K\u1ebeT V\u1ec0 \u0110\u1ed0I X\u1eec C\u00d4NG B\u1eb0NG V\u00c0 M\u00d4I TR\u01af\u1edcNG L\u00c0M VI\u1ec6C T\u00d4N TR\u1eccNG NH\u00c2N QUY\u1ec0N - Lasenta Boutique Hotel Hoi An","og_description":"1. Nguy\u00ean t\u1eafc C\u01a1 b\u1ea3n Ch\u00fang t\u00f4i cam k\u1ebft t\u00f4n tr\u1ecdng\u00a0quy\u1ec1n con ng\u01b0\u1eddiv\u00e0 tu\u00e2n th\u1ee7 c\u00e1c ti\u00eau chu\u1ea9n qu\u1ed1c t\u1ebf nh\u01b0 Tuy\u00ean ng\u00f4n Nh\u00e2n quy\u1ec1n c\u1ee7a Li\u00ean H\u1ee3p Qu\u1ed1c v\u00e0 C\u00f4ng \u01b0\u1edbc ILO. M\u1ecdi nh\u00e2n vi\u00ean \u0111\u1ec1u \u0111\u01b0\u1ee3c \u0111\u1ed1i x\u1eed c\u00f4ng b\u1eb1ng, kh\u00f4ng ph\u00e2n bi\u1ec7t \u0111\u1ed1i x\u1eed d\u1ef1a tr\u00ean ch\u1ee7ng t\u1ed9c, gi\u1edbi t\u00ednh, t\u00f4n gi\u00e1o, [&hellip;]","og_url":"https:\/\/lasentahotel.com\/vi\/du-lich-ben-vung\/cam-ket-va-muc-tieu-cua-chung-toi\/cam-ket-ve-doi-xu-cong-bang-va-moi-truong-lam-viec-ton-trong-nhan-quyen\/","og_site_name":"Lasenta Boutique Hotel Hoi An","article_modified_time":"2025-10-05T04:43:35+00:00","twitter_card":"summary_large_image","twitter_misc":{"Est. reading time":"2 minutes"},"schema":{"@context":"https:\/\/schema.org","@graph":[{"@type":"WebPage","@id":"https:\/\/lasentahotel.com\/vi\/du-lich-ben-vung\/cam-ket-va-muc-tieu-cua-chung-toi\/cam-ket-ve-doi-xu-cong-bang-va-moi-truong-lam-viec-ton-trong-nhan-quyen\/","url":"https:\/\/lasentahotel.com\/vi\/du-lich-ben-vung\/cam-ket-va-muc-tieu-cua-chung-toi\/cam-ket-ve-doi-xu-cong-bang-va-moi-truong-lam-viec-ton-trong-nhan-quyen\/","name":"CAM K\u1ebeT V\u1ec0 \u0110\u1ed0I X\u1eec C\u00d4NG B\u1eb0NG V\u00c0 M\u00d4I TR\u01af\u1edcNG L\u00c0M VI\u1ec6C T\u00d4N TR\u1eccNG NH\u00c2N QUY\u1ec0N - Lasenta Boutique Hotel Hoi An","isPartOf":{"@id":"https:\/\/lasentahotel.com\/vi\/#website"},"datePublished":"2025-10-05T04:39:50+00:00","dateModified":"2025-10-05T04:43:35+00:00","breadcrumb":{"@id":"https:\/\/lasentahotel.com\/vi\/du-lich-ben-vung\/cam-ket-va-muc-tieu-cua-chung-toi\/cam-ket-ve-doi-xu-cong-bang-va-moi-truong-lam-viec-ton-trong-nhan-quyen\/#breadcrumb"},"inLanguage":"vi-VN","potentialAction":[{"@type":"ReadAction","target":["https:\/\/lasentahotel.com\/vi\/du-lich-ben-vung\/cam-ket-va-muc-tieu-cua-chung-toi\/cam-ket-ve-doi-xu-cong-bang-va-moi-truong-lam-viec-ton-trong-nhan-quyen\/"]}]},{"@type":"BreadcrumbList","@id":"https:\/\/lasentahotel.com\/vi\/du-lich-ben-vung\/cam-ket-va-muc-tieu-cua-chung-toi\/cam-ket-ve-doi-xu-cong-bang-va-moi-truong-lam-viec-ton-trong-nhan-quyen\/#breadcrumb","itemListElement":[{"@type":"ListItem","position":1,"name":"Home","item":"https:\/\/lasentahotel.com\/vi\/"},{"@type":"ListItem","position":2,"name":"Du L\u1ecbch B\u1ec1n V\u1eefng","item":"https:\/\/lasentahotel.com\/vi\/du-lich-ben-vung\/"},{"@type":"ListItem","position":3,"name":"CAM K\u1ebeT V\u00c0 M\u1ee4C TI\u00caU C\u1ee6A CH\u00daNG T\u00d4I","item":"https:\/\/lasentahotel.com\/vi\/du-lich-ben-vung\/cam-ket-va-muc-tieu-cua-chung-toi\/"},{"@type":"ListItem","position":4,"name":"CAM K\u1ebeT V\u1ec0 \u0110\u1ed0I X\u1eec C\u00d4NG B\u1eb0NG V\u00c0 M\u00d4I TR\u01af\u1edcNG L\u00c0M VI\u1ec6C T\u00d4N TR\u1eccNG NH\u00c2N QUY\u1ec0N"}]},{"@type":"WebSite","@id":"https:\/\/lasentahotel.com\/vi\/#website","url":"https:\/\/lasentahotel.com\/vi\/","name":"Lasenta Boutique Hotel Hoi An","description":"Just another D-EDGE CMS Asia Pacific site","potentialAction":[{"@type":"SearchAction","target":{"@type":"EntryPoint","urlTemplate":"https:\/\/lasentahotel.com\/vi\/?s={search_term_string}"},"query-input":"required name=search_term_string"}],"inLanguage":"vi-VN"}]}},"_links":{"self":[{"href":"https:\/\/lasentahotel.com\/vi\/wp-json\/wp\/v2\/pages\/1635"}],"collection":[{"href":"https:\/\/lasentahotel.com\/vi\/wp-json\/wp\/v2\/pages"}],"about":[{"href":"https:\/\/lasentahotel.com\/vi\/wp-json\/wp\/v2\/types\/page"}],"author":[{"embeddable":true,"href":"https:\/\/lasentahotel.com\/vi\/wp-json\/wp\/v2\/users\/206"}],"replies":[{"embeddable":true,"href":"https:\/\/lasentahotel.com\/vi\/wp-json\/wp\/v2\/comments?post=1635"}],"version-history":[{"count":0,"href":"https:\/\/lasentahotel.com\/vi\/wp-json\/wp\/v2\/pages\/1635\/revisions"}],"up":[{"embeddable":true,"href":"https:\/\/lasentahotel.com\/vi\/wp-json\/wp\/v2\/pages\/1624"}],"wp:attachment":[{"href":"https:\/\/lasentahotel.com\/vi\/wp-json\/wp\/v2\/media?parent=1635"}],"curies":[{"name":"wp","href":"https:\/\/api.w.org\/{rel}","templated":true}]}}