{"id":1631,"date":"2025-10-05T04:37:06","date_gmt":"2025-10-05T04:37:06","guid":{"rendered":"https:\/\/lasentahotel.com\/?page_id=1631"},"modified":"2025-10-05T04:39:03","modified_gmt":"2025-10-05T04:39:03","slug":"cam-ket-bao-ve-da-dang-sinh-hoc","status":"publish","type":"page","link":"https:\/\/lasentahotel.com\/vi\/du-lich-ben-vung\/cam-ket-va-muc-tieu-cua-chung-toi\/cam-ket-bao-ve-da-dang-sinh-hoc\/","title":{"rendered":"CAM K\u1ebeT B\u1ea2O V\u1ec6 \u0110A D\u1ea0NG SINH H\u1eccC"},"content":{"rendered":"<p>Nh\u1eadn th\u1ee9c r\u00f5 vai tr\u00f2 c\u1ee7a \u0111a d\u1ea1ng sinh h\u1ecdc \u0111\u1ed1i v\u1edbi h\u1ec7 sinh th\u00e1i v\u00e0 gi\u00e1 tr\u1ecb du l\u1ecbch<strong>, Lasenta Boutique Hotel Hoi An<\/strong> cam k\u1ebft th\u1ef1c hi\u1ec7n c\u00e1c bi\u1ec7n ph\u00e1p b\u1ea3o v\u1ec7 m\u00f4i tr\u01b0\u1eddng t\u1ef1 nhi\u00ean, gi\u1ea3m \u00f4 nhi\u1ec5m v\u00e0 h\u1ed7 tr\u1ee3 b\u1ea3o t\u1ed3n \u0111\u1ed9ng th\u1ef1c v\u1eadt hoang d\u00e3. Ch\u00fang t\u00f4i tu\u00e2n th\u1ee7 nguy\u00ean t\u1eafc\u00a0<strong>&#8220;kh\u00f4ng g\u00e2y h\u1ea1i&#8221;<\/strong>\u00a0v\u00e0 h\u01b0\u1edbng t\u1edbi \u0111\u00f3ng g\u00f3p t\u00edch c\u1ef1c cho c\u00e1c h\u1ec7 sinh th\u00e1i \u0111\u1ecba ph\u01b0\u01a1ng.<\/p>\n<h3><strong>1. M\u1ee5c ti\u00eau ch\u00ednh<\/strong><\/h3>\n<ul>\n<li>Gi\u1ea3m\u00a0<strong>\u00f4 nhi\u1ec5m m\u00f4i tr\u01b0\u1eddng<\/strong>(n\u01b0\u1edbc, \u0111\u1ea5t, kh\u00f4ng kh\u00ed) t\u1eeb ho\u1ea1t \u0111\u1ed9ng kinh doanh.<\/li>\n<\/ul>\n<ul>\n<li><strong>Kh\u00f4ng khuy\u1ebfn kh\u00edch<\/strong>ho\u1ea1t \u0111\u1ed9ng g\u00e2y h\u1ea1i \u0111\u1ebfn \u0111\u1ed9ng v\u1eadt hoang d\u00e3.b<\/li>\n<\/ul>\n<ul>\n<li>H\u1ed7 tr\u1ee3 c\u00e1c d\u1ef1 \u00e1n <strong>b\u1ea3o t\u1ed3n thi\u00ean nhi\u00ean<\/strong>t\u1ea1i \u0111\u1ecba ph\u01b0\u01a1ng.<\/li>\n<\/ul>\n<h3><strong>2. Bi\u1ec7n ph\u00e1p c\u1ee5 th\u1ec3<\/strong><\/h3>\n<h4><strong>a) Gi\u1ea3m \u00f4 nhi\u1ec5m m\u00f4i tr\u01b0\u1eddng<\/strong><\/h4>\n<ul>\n<li>S\u1eed d\u1ee5ng\u00a0<strong>h\u00f3a ch\u1ea5t ph\u00e2n h\u1ee7y sinh h\u1ecdc<\/strong>(d\u1ea7u g\u1ed9i, x\u00e0 ph\u00f2ng, ch\u1ea5t t\u1ea9y r\u1eeda) \u0111\u1ec3 tr\u00e1nh g\u00e2y h\u1ea1i cho th\u1ee7y sinh.<\/li>\n<\/ul>\n<ul>\n<li>Lo\u1ea1i b\u1ecf <strong>t\u00fai ni-l\u00f4ng, \u1ed1ng h\u00fat nh\u1ef1a<\/strong>\u00a0v\u00e0 thay th\u1ebf b\u1eb1ng v\u1eadt li\u1ec7u th\u00e2n thi\u1ec7n (gi\u1ea5y, tre, l\u00e1 chu\u1ed1i).<\/li>\n<\/ul>\n<ul>\n<li>Kh\u00f4ng s\u1eed d\u1ee5ng <strong>thu\u1ed1c tr\u1eeb s\u00e2u<\/strong>trong c\u1ea3nh quan (\u01b0u ti\u00ean ph\u01b0\u01a1ng ph\u00e1p sinh h\u1ecdc).<\/li>\n<\/ul>\n<h4><strong>b) B\u1ea3o v\u1ec7 \u0111\u1ed9ng v\u1eadt hoang d\u00e3<\/strong><\/h4>\n<ul>\n<li>Kh\u00f4ng ph\u1ee5c v\u1ee5\u00a0m\u00f3n \u0103n t\u1eeb \u0111\u1ed9ng v\u1eadt qu\u00fd hi\u1ebfm ho\u1eb7c c\u00f3 nguy c\u01a1 tuy\u1ec7t ch\u1ee7ng.<\/li>\n<li>Kh\u00f4ng h\u1ee3p t\u00e1c\u00a0v\u1edbi c\u00e1c \u0111i\u1ec3m tham quan khai th\u00e1c \u0111\u1ed9ng v\u1eadt hoang d\u00e3 (c\u01b0\u1ee1i voi, ch\u1ee5p \u1ea3nh v\u1edbi th\u00fa nu\u00f4i nh\u1ed1t).<\/li>\n<li>H\u1ed7 tr\u1ee3\u00a0trung t\u00e2m c\u1ee9u h\u1ed9 \u0111\u1ed9ng v\u1eadt\u00a0\u0111\u1ecba ph\u01b0\u01a1ng (quy\u00ean g\u00f3p, t\u00ecnh nguy\u1ec7n) \u2013 n\u1ebfu c\u00f3<\/li>\n<\/ul>\n<h4><strong>c) B\u1ea3o t\u1ed3n h\u1ec7 sinh th\u00e1i<\/strong><\/h4>\n<ul>\n<li>Tr\u1ed3ng c\u00e2y b\u1ea3n \u0111\u1ecba trong khu\u00f4n vi\u00ean \u0111\u1ec3\u00a0<strong>t\u1ea1o m\u00f4i tr\u01b0\u1eddng s\u1ed1ng<\/strong>cho chim, c\u00f4n tr\u00f9ng.<\/li>\n<\/ul>\n<ul>\n<li>T\u1ed5 ch\u1ee9c <strong>ho\u1ea1t \u0111\u1ed9ng d\u1ecdn r\u00e1c<\/strong>\u00a0\u0111\u1ecbnh k\u1ef3 t\u1ea1i c\u00e1c khu v\u1ef1c t\u1ef1 nhi\u00ean l\u00e2n c\u1eadn.<\/li>\n<li>Gi\u00e1o d\u1ee5c kh\u00e1ch h\u00e0ng v\u1ec1\u00a0<strong>t\u1ea7m quan tr\u1ecdng c\u1ee7a \u0111a d\u1ea1ng sinh h\u1ecdc<\/strong>qua \u00e1p ph\u00edch, t\u00e0i li\u1ec7u.<\/li>\n<\/ul>\n<h3><strong>3. H\u1ee3p t\u00e1c &amp; Gi\u00e1m s\u00e1t<\/strong><\/h3>\n<ul>\n<li>H\u01b0\u1edfng \u1ee9ng tham gia c\u00e1c h\u1ed9i th\u1ea3o li\u00ean quan v\u1ec1 Du l\u1ecbch b\u1ec1n v\u1eefng, du l\u1ecbch xanh, m\u00f4i tr\u01b0\u1eddng xanh do c\u00e1c hi\u1ec7p h\u1ed9i, c\u01a1 quan ban ng\u00e0nh t\u1ed5 ch\u1ee9c.<\/li>\n<li>K\u00fd k\u1ebft v\u1edbi c\u00e1c \u0111\u01a1n v\u1ecb cung c\u1ea5p tour C\u00f9 Lao Ch\u00e0m \u0111\u1ea3m b\u1ea3o kh\u00f4ng l\u00e0m t\u1ed5n h\u1ea1i v\u00e0 b\u1ea3o v\u1ec7 r\u1eb7n San H\u00f4<\/li>\n<li>Khuy\u1ebfn kh\u00edch nh\u00e2n vi\u00ean, kh\u00e1ch h\u00e0ng \u0111\u00f3ng g\u00f3p \u00fd t\u01b0\u1edfng b\u1ea3o t\u1ed3n.<\/li>\n<\/ul>\n<h3><strong>4. Cam k\u1ebft th\u1ef1c hi\u1ec7n<\/strong><\/h3>\n<p>Ch\u00fang t\u00f4i coi \u0111\u00e2y l\u00e0 m\u1ed9t ph\u1ea7n tr\u00e1ch nhi\u1ec7m kh\u00f4ng th\u1ec3 t\u00e1ch r\u1eddi trong ho\u1ea1t \u0111\u1ed9ng kinh doanh. Ch\u00fang t\u00f4i s\u1eb5n s\u00e0ng \u0111i\u1ec1u ch\u1ec9nh \u0111\u1ec3 \u0111\u1ea1t hi\u1ec7u qu\u1ea3 cao nh\u1ea5t.<\/p>\n","protected":false},"excerpt":{"rendered":"<p>Nh\u1eadn th\u1ee9c r\u00f5 vai tr\u00f2 c\u1ee7a \u0111a d\u1ea1ng sinh h\u1ecdc \u0111\u1ed1i v\u1edbi h\u1ec7 sinh th\u00e1i v\u00e0 gi\u00e1 tr\u1ecb du l\u1ecbch, Lasenta Boutique Hotel Hoi An cam k\u1ebft th\u1ef1c hi\u1ec7n c\u00e1c bi\u1ec7n ph\u00e1p b\u1ea3o v\u1ec7 m\u00f4i tr\u01b0\u1eddng t\u1ef1 nhi\u00ean, gi\u1ea3m \u00f4 nhi\u1ec5m v\u00e0 h\u1ed7 tr\u1ee3 b\u1ea3o t\u1ed3n \u0111\u1ed9ng th\u1ef1c v\u1eadt hoang d\u00e3. Ch\u00fang t\u00f4i tu\u00e2n th\u1ee7 [&hellip;]<\/p>\n","protected":false},"author":206,"featured_media":0,"parent":1624,"menu_order":0,"comment_status":"closed","ping_status":"closed","template":"","meta":{"footnotes":""},"yoast_head":"<!-- This site is optimized with the Yoast SEO plugin v22.3 - https:\/\/yoast.com\/wordpress\/plugins\/seo\/ -->\n<title>CAM K\u1ebeT B\u1ea2O V\u1ec6 \u0110A D\u1ea0NG SINH H\u1eccC - Lasenta Boutique Hotel Hoi An<\/title>\n<meta name=\"robots\" content=\"index, follow, max-snippet:-1, max-image-preview:large, max-video-preview:-1\" \/>\n<link rel=\"canonical\" href=\"https:\/\/lasentahotel.com\/vi\/du-lich-ben-vung\/cam-ket-va-muc-tieu-cua-chung-toi\/cam-ket-bao-ve-da-dang-sinh-hoc\/\" \/>\n<meta property=\"og:locale\" content=\"vi_VN\" \/>\n<meta property=\"og:type\" content=\"article\" \/>\n<meta property=\"og:title\" content=\"CAM K\u1ebeT B\u1ea2O V\u1ec6 \u0110A D\u1ea0NG SINH H\u1eccC - Lasenta Boutique Hotel Hoi An\" \/>\n<meta property=\"og:description\" content=\"Nh\u1eadn th\u1ee9c r\u00f5 vai tr\u00f2 c\u1ee7a \u0111a d\u1ea1ng sinh h\u1ecdc \u0111\u1ed1i v\u1edbi h\u1ec7 sinh th\u00e1i v\u00e0 gi\u00e1 tr\u1ecb du l\u1ecbch, Lasenta Boutique Hotel Hoi An cam k\u1ebft th\u1ef1c hi\u1ec7n c\u00e1c bi\u1ec7n ph\u00e1p b\u1ea3o v\u1ec7 m\u00f4i tr\u01b0\u1eddng t\u1ef1 nhi\u00ean, gi\u1ea3m \u00f4 nhi\u1ec5m v\u00e0 h\u1ed7 tr\u1ee3 b\u1ea3o t\u1ed3n \u0111\u1ed9ng th\u1ef1c v\u1eadt hoang d\u00e3. Ch\u00fang t\u00f4i tu\u00e2n th\u1ee7 [&hellip;]\" \/>\n<meta property=\"og:url\" content=\"https:\/\/lasentahotel.com\/vi\/du-lich-ben-vung\/cam-ket-va-muc-tieu-cua-chung-toi\/cam-ket-bao-ve-da-dang-sinh-hoc\/\" \/>\n<meta property=\"og:site_name\" content=\"Lasenta Boutique Hotel Hoi An\" \/>\n<meta property=\"article:modified_time\" content=\"2025-10-05T04:39:03+00:00\" \/>\n<meta name=\"twitter:card\" content=\"summary_large_image\" \/>\n<meta name=\"twitter:label1\" content=\"Est. reading time\" \/>\n\t<meta name=\"twitter:data1\" content=\"3 minutes\" \/>\n<script type=\"application\/ld+json\" class=\"yoast-schema-graph\">{\"@context\":\"https:\/\/schema.org\",\"@graph\":[{\"@type\":\"WebPage\",\"@id\":\"https:\/\/lasentahotel.com\/vi\/du-lich-ben-vung\/cam-ket-va-muc-tieu-cua-chung-toi\/cam-ket-bao-ve-da-dang-sinh-hoc\/\",\"url\":\"https:\/\/lasentahotel.com\/vi\/du-lich-ben-vung\/cam-ket-va-muc-tieu-cua-chung-toi\/cam-ket-bao-ve-da-dang-sinh-hoc\/\",\"name\":\"CAM K\u1ebeT B\u1ea2O V\u1ec6 \u0110A D\u1ea0NG SINH H\u1eccC - Lasenta Boutique Hotel Hoi An\",\"isPartOf\":{\"@id\":\"https:\/\/lasentahotel.com\/vi\/#website\"},\"datePublished\":\"2025-10-05T04:37:06+00:00\",\"dateModified\":\"2025-10-05T04:39:03+00:00\",\"breadcrumb\":{\"@id\":\"https:\/\/lasentahotel.com\/vi\/du-lich-ben-vung\/cam-ket-va-muc-tieu-cua-chung-toi\/cam-ket-bao-ve-da-dang-sinh-hoc\/#breadcrumb\"},\"inLanguage\":\"vi-VN\",\"potentialAction\":[{\"@type\":\"ReadAction\",\"target\":[\"https:\/\/lasentahotel.com\/vi\/du-lich-ben-vung\/cam-ket-va-muc-tieu-cua-chung-toi\/cam-ket-bao-ve-da-dang-sinh-hoc\/\"]}]},{\"@type\":\"BreadcrumbList\",\"@id\":\"https:\/\/lasentahotel.com\/vi\/du-lich-ben-vung\/cam-ket-va-muc-tieu-cua-chung-toi\/cam-ket-bao-ve-da-dang-sinh-hoc\/#breadcrumb\",\"itemListElement\":[{\"@type\":\"ListItem\",\"position\":1,\"name\":\"Home\",\"item\":\"https:\/\/lasentahotel.com\/vi\/\"},{\"@type\":\"ListItem\",\"position\":2,\"name\":\"Du L\u1ecbch B\u1ec1n V\u1eefng\",\"item\":\"https:\/\/lasentahotel.com\/vi\/du-lich-ben-vung\/\"},{\"@type\":\"ListItem\",\"position\":3,\"name\":\"CAM K\u1ebeT V\u00c0 M\u1ee4C TI\u00caU C\u1ee6A CH\u00daNG T\u00d4I\",\"item\":\"https:\/\/lasentahotel.com\/vi\/du-lich-ben-vung\/cam-ket-va-muc-tieu-cua-chung-toi\/\"},{\"@type\":\"ListItem\",\"position\":4,\"name\":\"CAM K\u1ebeT B\u1ea2O V\u1ec6 \u0110A D\u1ea0NG SINH H\u1eccC\"}]},{\"@type\":\"WebSite\",\"@id\":\"https:\/\/lasentahotel.com\/vi\/#website\",\"url\":\"https:\/\/lasentahotel.com\/vi\/\",\"name\":\"Lasenta Boutique Hotel Hoi An\",\"description\":\"Just another D-EDGE CMS Asia Pacific site\",\"potentialAction\":[{\"@type\":\"SearchAction\",\"target\":{\"@type\":\"EntryPoint\",\"urlTemplate\":\"https:\/\/lasentahotel.com\/vi\/?s={search_term_string}\"},\"query-input\":\"required name=search_term_string\"}],\"inLanguage\":\"vi-VN\"}]}<\/script>\n<!-- \/ Yoast SEO plugin. -->","yoast_head_json":{"title":"CAM K\u1ebeT B\u1ea2O V\u1ec6 \u0110A D\u1ea0NG SINH H\u1eccC - Lasenta Boutique Hotel Hoi An","robots":{"index":"index","follow":"follow","max-snippet":"max-snippet:-1","max-image-preview":"max-image-preview:large","max-video-preview":"max-video-preview:-1"},"canonical":"https:\/\/lasentahotel.com\/vi\/du-lich-ben-vung\/cam-ket-va-muc-tieu-cua-chung-toi\/cam-ket-bao-ve-da-dang-sinh-hoc\/","og_locale":"vi_VN","og_type":"article","og_title":"CAM K\u1ebeT B\u1ea2O V\u1ec6 \u0110A D\u1ea0NG SINH H\u1eccC - Lasenta Boutique Hotel Hoi An","og_description":"Nh\u1eadn th\u1ee9c r\u00f5 vai tr\u00f2 c\u1ee7a \u0111a d\u1ea1ng sinh h\u1ecdc \u0111\u1ed1i v\u1edbi h\u1ec7 sinh th\u00e1i v\u00e0 gi\u00e1 tr\u1ecb du l\u1ecbch, Lasenta Boutique Hotel Hoi An cam k\u1ebft th\u1ef1c hi\u1ec7n c\u00e1c bi\u1ec7n ph\u00e1p b\u1ea3o v\u1ec7 m\u00f4i tr\u01b0\u1eddng t\u1ef1 nhi\u00ean, gi\u1ea3m \u00f4 nhi\u1ec5m v\u00e0 h\u1ed7 tr\u1ee3 b\u1ea3o t\u1ed3n \u0111\u1ed9ng th\u1ef1c v\u1eadt hoang d\u00e3. Ch\u00fang t\u00f4i tu\u00e2n th\u1ee7 [&hellip;]","og_url":"https:\/\/lasentahotel.com\/vi\/du-lich-ben-vung\/cam-ket-va-muc-tieu-cua-chung-toi\/cam-ket-bao-ve-da-dang-sinh-hoc\/","og_site_name":"Lasenta Boutique Hotel Hoi An","article_modified_time":"2025-10-05T04:39:03+00:00","twitter_card":"summary_large_image","twitter_misc":{"Est. reading time":"3 minutes"},"schema":{"@context":"https:\/\/schema.org","@graph":[{"@type":"WebPage","@id":"https:\/\/lasentahotel.com\/vi\/du-lich-ben-vung\/cam-ket-va-muc-tieu-cua-chung-toi\/cam-ket-bao-ve-da-dang-sinh-hoc\/","url":"https:\/\/lasentahotel.com\/vi\/du-lich-ben-vung\/cam-ket-va-muc-tieu-cua-chung-toi\/cam-ket-bao-ve-da-dang-sinh-hoc\/","name":"CAM K\u1ebeT B\u1ea2O V\u1ec6 \u0110A D\u1ea0NG SINH H\u1eccC - Lasenta Boutique Hotel Hoi An","isPartOf":{"@id":"https:\/\/lasentahotel.com\/vi\/#website"},"datePublished":"2025-10-05T04:37:06+00:00","dateModified":"2025-10-05T04:39:03+00:00","breadcrumb":{"@id":"https:\/\/lasentahotel.com\/vi\/du-lich-ben-vung\/cam-ket-va-muc-tieu-cua-chung-toi\/cam-ket-bao-ve-da-dang-sinh-hoc\/#breadcrumb"},"inLanguage":"vi-VN","potentialAction":[{"@type":"ReadAction","target":["https:\/\/lasentahotel.com\/vi\/du-lich-ben-vung\/cam-ket-va-muc-tieu-cua-chung-toi\/cam-ket-bao-ve-da-dang-sinh-hoc\/"]}]},{"@type":"BreadcrumbList","@id":"https:\/\/lasentahotel.com\/vi\/du-lich-ben-vung\/cam-ket-va-muc-tieu-cua-chung-toi\/cam-ket-bao-ve-da-dang-sinh-hoc\/#breadcrumb","itemListElement":[{"@type":"ListItem","position":1,"name":"Home","item":"https:\/\/lasentahotel.com\/vi\/"},{"@type":"ListItem","position":2,"name":"Du L\u1ecbch B\u1ec1n V\u1eefng","item":"https:\/\/lasentahotel.com\/vi\/du-lich-ben-vung\/"},{"@type":"ListItem","position":3,"name":"CAM K\u1ebeT V\u00c0 M\u1ee4C TI\u00caU C\u1ee6A CH\u00daNG T\u00d4I","item":"https:\/\/lasentahotel.com\/vi\/du-lich-ben-vung\/cam-ket-va-muc-tieu-cua-chung-toi\/"},{"@type":"ListItem","position":4,"name":"CAM K\u1ebeT B\u1ea2O V\u1ec6 \u0110A D\u1ea0NG SINH H\u1eccC"}]},{"@type":"WebSite","@id":"https:\/\/lasentahotel.com\/vi\/#website","url":"https:\/\/lasentahotel.com\/vi\/","name":"Lasenta Boutique Hotel Hoi An","description":"Just another D-EDGE CMS Asia Pacific site","potentialAction":[{"@type":"SearchAction","target":{"@type":"EntryPoint","urlTemplate":"https:\/\/lasentahotel.com\/vi\/?s={search_term_string}"},"query-input":"required name=search_term_string"}],"inLanguage":"vi-VN"}]}},"_links":{"self":[{"href":"https:\/\/lasentahotel.com\/vi\/wp-json\/wp\/v2\/pages\/1631"}],"collection":[{"href":"https:\/\/lasentahotel.com\/vi\/wp-json\/wp\/v2\/pages"}],"about":[{"href":"https:\/\/lasentahotel.com\/vi\/wp-json\/wp\/v2\/types\/page"}],"author":[{"embeddable":true,"href":"https:\/\/lasentahotel.com\/vi\/wp-json\/wp\/v2\/users\/206"}],"replies":[{"embeddable":true,"href":"https:\/\/lasentahotel.com\/vi\/wp-json\/wp\/v2\/comments?post=1631"}],"version-history":[{"count":0,"href":"https:\/\/lasentahotel.com\/vi\/wp-json\/wp\/v2\/pages\/1631\/revisions"}],"up":[{"embeddable":true,"href":"https:\/\/lasentahotel.com\/vi\/wp-json\/wp\/v2\/pages\/1624"}],"wp:attachment":[{"href":"https:\/\/lasentahotel.com\/vi\/wp-json\/wp\/v2\/media?parent=1631"}],"curies":[{"name":"wp","href":"https:\/\/api.w.org\/{rel}","templated":true}]}}