{"id":1627,"date":"2025-10-05T04:31:13","date_gmt":"2025-10-05T04:31:13","guid":{"rendered":"https:\/\/lasentahotel.com\/?page_id=1627"},"modified":"2025-10-07T09:56:55","modified_gmt":"2025-10-07T09:56:55","slug":"cam-ket-giam-phat-thai-khi-nha-kinh","status":"publish","type":"page","link":"https:\/\/lasentahotel.com\/vi\/du-lich-ben-vung\/cam-ket-va-muc-tieu-cua-chung-toi\/cam-ket-giam-phat-thai-khi-nha-kinh\/","title":{"rendered":"CAM K\u1ebeT GI\u1ea2M PH\u00c1T TH\u1ea2I KH\u00cd NH\u00c0 K\u00cdNH"},"content":{"rendered":"<p><strong>Kh\u00e1ch s\u1ea1n Lasenta Boutique Hotel Hoi An<\/strong> cam k\u1ebft ho\u1ea1t \u0111\u1ed9ng theo nguy\u00ean t\u1eafc\u00a0<strong>ph\u00e1t tri\u1ec3n b\u1ec1n v\u1eefng<\/strong>, gi\u1ea3m thi\u1ec3u t\u00e1c \u0111\u1ed9ng \u0111\u1ebfn m\u00f4i tr\u01b0\u1eddng v\u00e0 \u1ee9ng ph\u00f3 v\u1edbi bi\u1ebfn \u0111\u1ed5i kh\u00ed h\u1eadu. Ch\u00fang t\u00f4i nh\u1eadn th\u1ee9c r\u00f5 tr\u00e1ch nhi\u1ec7m trong vi\u1ec7c gi\u1ea3m ph\u00e1t th\u1ea3i kh\u00ed nh\u00e0 k\u00ednh (CO\u2082 v\u00e0 c\u00e1c kh\u00ed g\u00e2y hi\u1ec7u \u1ee9ng nh\u00e0 k\u00ednh kh\u00e1c) th\u00f4ng qua c\u00e1c bi\u1ec7n ph\u00e1p qu\u1ea3n l\u00fd\u00a0<strong>n\u0103ng l\u01b0\u1ee3ng, n\u01b0\u1edbc v\u00e0 ch\u1ea5t th\u1ea3i<\/strong>\u00a0hi\u1ec7u qu\u1ea3.<\/p>\n<h3>1. M\u1ee5c ti\u00eau<\/h3>\n<h3>Lasenta cam k\u1ebft ch\u1ed1ng l\u1ea1i bi\u1ebfn \u0111\u1ed5i kh\u00ed h\u1eadu b\u1eb1ng c\u00e1ch: th\u1ef1c hi\u1ec7n c\u00e1c h\u00e0nh \u0111\u1ed9ng gi\u1ea3m l\u01b0\u1ee3ng kh\u00ed th\u1ea3i nh\u00e0 k\u00ednh trong v\u00f2ng 05 n\u0103m t\u1edb<\/h3>\n<ul>\n<li>L\u0129nh v\u1ef1c n\u0103ng l\u01b0\u1ee3ng: Gi\u1ea3m\u00a0 5% m\u1ee9c ti\u00eau th\u1ee5 n\u0103ng l\u01b0\u1ee3ng<\/li>\n<li>L\u0129nh v\u1ef1c n\u01b0\u1edbc: Gi\u1ea3m\u00a0 5% m\u1ee9c ti\u00eau th\u1ee5 n\u01b0\u1edbc<\/li>\n<li>L\u0129nh v\u1ef1c ch\u1ea5t th\u1ea3i: Gi\u1ea3m\u00a0 8% l\u01b0\u1ee3ng r\u00e1c th\u1ea3i.<\/li>\n<li>L\u01b0\u1ee3ng kh\u00ed th\u1ea3i carbon: Gi\u1ea3m 7%<\/li>\n<\/ul>\n<h3>2. Bi\u1ec7n ph\u00e1p th\u1ef1c hi\u1ec7n<\/h3>\n<h4><strong>a) Gi\u1ea3m ti\u00eau th\u1ee5 n\u0103ng l\u01b0\u1ee3ng<\/strong><\/h4>\n<ul>\n<li>S\u1eed d\u1ee5ng <strong>thi\u1ebft b\u1ecb ti\u1ebft ki\u1ec7m \u0111i\u1ec7n<\/strong>\u00a0(\u0111\u00e8n LED, \u0111i\u1ec1u h\u00f2a Inverter, thi\u1ebft b\u1ecb \u0111i\u1ec7n hi\u1ec7u su\u1ea5t cao).<\/li>\n<li>L\u1eafp \u0111\u1eb7t h\u1ec7 th\u1ed1ng n\u0103ng l\u01b0\u1ee3ng m\u1eb7t tr\u1eddi h\u1ea1n ch\u1ebf ti\u00eau th\u1ee5 \u0111i\u1ec7n n\u0103ng.<\/li>\n<li>\u00c1p d\u1ee5ng quy tr\u00ecnh t\u1eaft thi\u1ebft b\u1ecb khi kh\u00f4ng s\u1eed d\u1ee5ng v\u00e0 s\u1eed d\u1ee5ng h\u1ec7 th\u1ed1ng c\u1ea3m bi\u1ebfn \u00e1nh s\u00e1ng\/t\u1ef1 \u0111\u1ed9ng.<\/li>\n<li>\u0110\u00e0o t\u1ea1o nh\u00e2n vi\u00ean v\u1ec1 ti\u1ebft ki\u1ec7m n\u0103ng l\u01b0\u1ee3ng v\u00e0 khuy\u1ebfn kh\u00edch kh\u00e1ch h\u00e0ng c\u00f9ng tham gia.<\/li>\n<\/ul>\n<h4><strong>b) B\u1ea3o t\u1ed3n t\u00e0i nguy\u00ean n\u01b0\u1edbc<\/strong><\/h4>\n<ul>\n<li>L\u1eafp \u0111\u1eb7t <strong>thi\u1ebft b\u1ecb ti\u1ebft ki\u1ec7m n\u01b0\u1edbc<\/strong>\u00a0(v\u00f2i sen, v\u00f2i n\u01b0\u1edbc, b\u1ed3n c\u1ea7u ti\u1ebft ki\u1ec7m n\u01b0\u1edbc).<\/li>\n<li>T\u00e1i s\u1eed d\u1ee5ng n\u01b0\u1edbc m\u01b0a \u00a0cho t\u01b0\u1edbi ti\u00eau<\/li>\n<li>Ki\u1ec3m tra \u0111\u1ecbnh k\u1ef3 h\u1ec7 th\u1ed1ng \u1ed1ng n\u01b0\u1edbc \u0111\u1ec3 <strong>ph\u00e1t hi\u1ec7n v\u00e0 s\u1eeda ch\u1eefa r\u00f2 r\u1ec9<\/strong>.<\/li>\n<li>Khuy\u1ebfn kh\u00edch kh\u00e1ch <strong>s\u1eed d\u1ee5ng l\u1ea1i kh\u0103n t\u1eafm, ga gi\u01b0\u1eddng<\/strong>\u00a0\u0111\u1ec3 gi\u1ea3m l\u01b0\u1ee3ng n\u01b0\u1edbc gi\u1eb7t.<\/li>\n<\/ul>\n<h4><strong>c) Gi\u1ea3m thi\u1ec3u ch\u1ea5t th\u1ea3i &amp; T\u0103ng c\u01b0\u1eddng t\u00e1i ch\u1ebf<\/strong><\/h4>\n<ul>\n<li><strong>Ph\u00e2n lo\u1ea1i r\u00e1c t\u1ea1i ngu\u1ed3n<\/strong>\u00a0(r\u00e1c h\u1eefu c\u01a1, t\u00e1i ch\u1ebf, r\u00e1c th\u1ea3i nguy h\u1ea1i).<\/li>\n<li><strong>Lo\u1ea1i b\u1ecf \u0111\u1ed3 nh\u1ef1a d\u00f9ng m\u1ed9t l\u1ea7n (\u1ed1ng h\u00fat, chai nh\u1ef1a, t\u00fai ni-l\u00f4ng) v\u00e0 thay th\u1ebf b\u1eb1ng v\u1eadt li\u1ec7u th\u00e2n thi\u1ec7n m\u00f4i tr\u01b0\u1eddng<\/strong>\u00a0(tre, gi\u1ea5y, th\u1ee7y tinh).<\/li>\n<li>\u01afu ti\u00ean mua s\u1eafm <strong>s\u1ea3n ph\u1ea9m t\u00e1i ch\u1ebf ho\u1eb7c ph\u00e2n h\u1ee7y sinh h\u1ecdc<\/strong>.<\/li>\n<li>H\u1ee3p t\u00e1c v\u1edbi \u0111\u01a1n v\u1ecb thu gom r\u00e1c <strong>c\u00f3 tr\u00e1ch nhi\u1ec7m<\/strong>\u00a0\u0111\u1ec3 x\u1eed l\u00fd ch\u1ea5t th\u1ea3i \u0111\u00fang c\u00e1ch.<\/li>\n<\/ul>\n<h3>3. Gi\u00e1m s\u00e1t &amp; C\u1ea3i ti\u1ebfn<\/h3>\n<p>&#8211; \u0110\u1ecbnh k\u1ef3\u00a0<strong>\u0111o l\u01b0\u1eddng &amp; b\u00e1o c\u00e1o<\/strong>\u00a0l\u01b0\u1ee3ng ti\u00eau th\u1ee5 \u0111i\u1ec7n, n\u01b0\u1edbc v\u00e0 ch\u1ea5t th\u1ea3i.<\/p>\n<p>&#8211; \u0110\u1eb7t m\u1ee5c ti\u00eau gi\u1ea3m ph\u00e1t th\u1ea3i <strong>h\u00e0ng n\u0103m<\/strong>\u00a0v\u00e0 c\u00f4ng khai k\u1ebft qu\u1ea3.<\/p>\n<p>&#8211; Khuy\u1ebfn kh\u00edch nh\u00e2n vi\u00ean, kh\u00e1ch h\u00e0ng \u0111\u00f3ng g\u00f3p \u00fd t\u01b0\u1edfng <strong>xanh<\/strong>.<\/p>\n<h3>4. Cam k\u1ebft th\u1ef1c hi\u1ec7n<\/h3>\n<p>Kh\u00e1ch s\u1ea1n Lasenta Boutique Hotel Hoi An cam k\u1ebft\u00a0<strong>tu\u00e2n th\u1ee7 nghi\u00eam t\u00fac<\/strong>\u00a0c\u00e1c bi\u1ec7n ph\u00e1p tr\u00ean v\u00e0 kh\u00f4ng ng\u1eebng c\u1ea3i ti\u1ebfn \u0111\u1ec3 \u0111\u1ea1t\u00a0<strong>nh\u1eefng m\u1ee5c ti\u00eau \u0111\u1ec1 ra cho gi\u1ea3m ph\u00e1t kh\u00ed th\u1ea3i nh\u00e0 k\u00ednh<\/strong>, g\u00f3p ph\u1ea7n v\u00e0o s\u1ef1 ph\u00e1t tri\u1ec3n b\u1ec1n v\u1eefng c\u1ee7a ng\u00e0nh du l\u1ecbch.<\/p>\n","protected":false},"excerpt":{"rendered":"<p>Kh\u00e1ch s\u1ea1n Lasenta Boutique Hotel Hoi An cam k\u1ebft ho\u1ea1t \u0111\u1ed9ng theo nguy\u00ean t\u1eafc\u00a0ph\u00e1t tri\u1ec3n b\u1ec1n v\u1eefng, gi\u1ea3m thi\u1ec3u t\u00e1c \u0111\u1ed9ng \u0111\u1ebfn m\u00f4i tr\u01b0\u1eddng v\u00e0 \u1ee9ng ph\u00f3 v\u1edbi bi\u1ebfn \u0111\u1ed5i kh\u00ed h\u1eadu. Ch\u00fang t\u00f4i nh\u1eadn th\u1ee9c r\u00f5 tr\u00e1ch nhi\u1ec7m trong vi\u1ec7c gi\u1ea3m ph\u00e1t th\u1ea3i kh\u00ed nh\u00e0 k\u00ednh (CO\u2082 v\u00e0 c\u00e1c kh\u00ed g\u00e2y hi\u1ec7u \u1ee9ng nh\u00e0 [&hellip;]<\/p>\n","protected":false},"author":206,"featured_media":0,"parent":1624,"menu_order":0,"comment_status":"closed","ping_status":"closed","template":"","meta":{"footnotes":""},"yoast_head":"<!-- This site is optimized with the Yoast SEO plugin v22.3 - https:\/\/yoast.com\/wordpress\/plugins\/seo\/ -->\n<title>CAM K\u1ebeT GI\u1ea2M PH\u00c1T TH\u1ea2I KH\u00cd NH\u00c0 K\u00cdNH - Lasenta Boutique Hotel Hoi An<\/title>\n<meta name=\"robots\" content=\"index, follow, max-snippet:-1, max-image-preview:large, max-video-preview:-1\" \/>\n<link rel=\"canonical\" href=\"https:\/\/lasentahotel.com\/vi\/du-lich-ben-vung\/cam-ket-va-muc-tieu-cua-chung-toi\/cam-ket-giam-phat-thai-khi-nha-kinh\/\" \/>\n<meta property=\"og:locale\" content=\"vi_VN\" \/>\n<meta property=\"og:type\" content=\"article\" \/>\n<meta property=\"og:title\" content=\"CAM K\u1ebeT GI\u1ea2M PH\u00c1T TH\u1ea2I KH\u00cd NH\u00c0 K\u00cdNH - Lasenta Boutique Hotel Hoi An\" \/>\n<meta property=\"og:description\" content=\"Kh\u00e1ch s\u1ea1n Lasenta Boutique Hotel Hoi An cam k\u1ebft ho\u1ea1t \u0111\u1ed9ng theo nguy\u00ean t\u1eafc\u00a0ph\u00e1t tri\u1ec3n b\u1ec1n v\u1eefng, gi\u1ea3m thi\u1ec3u t\u00e1c \u0111\u1ed9ng \u0111\u1ebfn m\u00f4i tr\u01b0\u1eddng v\u00e0 \u1ee9ng ph\u00f3 v\u1edbi bi\u1ebfn \u0111\u1ed5i kh\u00ed h\u1eadu. Ch\u00fang t\u00f4i nh\u1eadn th\u1ee9c r\u00f5 tr\u00e1ch nhi\u1ec7m trong vi\u1ec7c gi\u1ea3m ph\u00e1t th\u1ea3i kh\u00ed nh\u00e0 k\u00ednh (CO\u2082 v\u00e0 c\u00e1c kh\u00ed g\u00e2y hi\u1ec7u \u1ee9ng nh\u00e0 [&hellip;]\" \/>\n<meta property=\"og:url\" content=\"https:\/\/lasentahotel.com\/vi\/du-lich-ben-vung\/cam-ket-va-muc-tieu-cua-chung-toi\/cam-ket-giam-phat-thai-khi-nha-kinh\/\" \/>\n<meta property=\"og:site_name\" content=\"Lasenta Boutique Hotel Hoi An\" \/>\n<meta property=\"article:modified_time\" content=\"2025-10-07T09:56:55+00:00\" \/>\n<meta name=\"twitter:card\" content=\"summary_large_image\" \/>\n<meta name=\"twitter:label1\" content=\"Est. reading time\" \/>\n\t<meta name=\"twitter:data1\" content=\"3 minutes\" \/>\n<script type=\"application\/ld+json\" class=\"yoast-schema-graph\">{\"@context\":\"https:\/\/schema.org\",\"@graph\":[{\"@type\":\"WebPage\",\"@id\":\"https:\/\/lasentahotel.com\/vi\/du-lich-ben-vung\/cam-ket-va-muc-tieu-cua-chung-toi\/cam-ket-giam-phat-thai-khi-nha-kinh\/\",\"url\":\"https:\/\/lasentahotel.com\/vi\/du-lich-ben-vung\/cam-ket-va-muc-tieu-cua-chung-toi\/cam-ket-giam-phat-thai-khi-nha-kinh\/\",\"name\":\"CAM K\u1ebeT GI\u1ea2M PH\u00c1T TH\u1ea2I KH\u00cd NH\u00c0 K\u00cdNH - Lasenta Boutique Hotel Hoi An\",\"isPartOf\":{\"@id\":\"https:\/\/lasentahotel.com\/vi\/#website\"},\"datePublished\":\"2025-10-05T04:31:13+00:00\",\"dateModified\":\"2025-10-07T09:56:55+00:00\",\"breadcrumb\":{\"@id\":\"https:\/\/lasentahotel.com\/vi\/du-lich-ben-vung\/cam-ket-va-muc-tieu-cua-chung-toi\/cam-ket-giam-phat-thai-khi-nha-kinh\/#breadcrumb\"},\"inLanguage\":\"vi-VN\",\"potentialAction\":[{\"@type\":\"ReadAction\",\"target\":[\"https:\/\/lasentahotel.com\/vi\/du-lich-ben-vung\/cam-ket-va-muc-tieu-cua-chung-toi\/cam-ket-giam-phat-thai-khi-nha-kinh\/\"]}]},{\"@type\":\"BreadcrumbList\",\"@id\":\"https:\/\/lasentahotel.com\/vi\/du-lich-ben-vung\/cam-ket-va-muc-tieu-cua-chung-toi\/cam-ket-giam-phat-thai-khi-nha-kinh\/#breadcrumb\",\"itemListElement\":[{\"@type\":\"ListItem\",\"position\":1,\"name\":\"Home\",\"item\":\"https:\/\/lasentahotel.com\/vi\/\"},{\"@type\":\"ListItem\",\"position\":2,\"name\":\"Du L\u1ecbch B\u1ec1n V\u1eefng\",\"item\":\"https:\/\/lasentahotel.com\/vi\/du-lich-ben-vung\/\"},{\"@type\":\"ListItem\",\"position\":3,\"name\":\"CAM K\u1ebeT V\u00c0 M\u1ee4C TI\u00caU C\u1ee6A CH\u00daNG T\u00d4I\",\"item\":\"https:\/\/lasentahotel.com\/vi\/du-lich-ben-vung\/cam-ket-va-muc-tieu-cua-chung-toi\/\"},{\"@type\":\"ListItem\",\"position\":4,\"name\":\"CAM K\u1ebeT GI\u1ea2M PH\u00c1T TH\u1ea2I KH\u00cd NH\u00c0 K\u00cdNH\"}]},{\"@type\":\"WebSite\",\"@id\":\"https:\/\/lasentahotel.com\/vi\/#website\",\"url\":\"https:\/\/lasentahotel.com\/vi\/\",\"name\":\"Lasenta Boutique Hotel Hoi An\",\"description\":\"Just another D-EDGE CMS Asia Pacific site\",\"potentialAction\":[{\"@type\":\"SearchAction\",\"target\":{\"@type\":\"EntryPoint\",\"urlTemplate\":\"https:\/\/lasentahotel.com\/vi\/?s={search_term_string}\"},\"query-input\":\"required name=search_term_string\"}],\"inLanguage\":\"vi-VN\"}]}<\/script>\n<!-- \/ Yoast SEO plugin. -->","yoast_head_json":{"title":"CAM K\u1ebeT GI\u1ea2M PH\u00c1T TH\u1ea2I KH\u00cd NH\u00c0 K\u00cdNH - Lasenta Boutique Hotel Hoi An","robots":{"index":"index","follow":"follow","max-snippet":"max-snippet:-1","max-image-preview":"max-image-preview:large","max-video-preview":"max-video-preview:-1"},"canonical":"https:\/\/lasentahotel.com\/vi\/du-lich-ben-vung\/cam-ket-va-muc-tieu-cua-chung-toi\/cam-ket-giam-phat-thai-khi-nha-kinh\/","og_locale":"vi_VN","og_type":"article","og_title":"CAM K\u1ebeT GI\u1ea2M PH\u00c1T TH\u1ea2I KH\u00cd NH\u00c0 K\u00cdNH - Lasenta Boutique Hotel Hoi An","og_description":"Kh\u00e1ch s\u1ea1n Lasenta Boutique Hotel Hoi An cam k\u1ebft ho\u1ea1t \u0111\u1ed9ng theo nguy\u00ean t\u1eafc\u00a0ph\u00e1t tri\u1ec3n b\u1ec1n v\u1eefng, gi\u1ea3m thi\u1ec3u t\u00e1c \u0111\u1ed9ng \u0111\u1ebfn m\u00f4i tr\u01b0\u1eddng v\u00e0 \u1ee9ng ph\u00f3 v\u1edbi bi\u1ebfn \u0111\u1ed5i kh\u00ed h\u1eadu. Ch\u00fang t\u00f4i nh\u1eadn th\u1ee9c r\u00f5 tr\u00e1ch nhi\u1ec7m trong vi\u1ec7c gi\u1ea3m ph\u00e1t th\u1ea3i kh\u00ed nh\u00e0 k\u00ednh (CO\u2082 v\u00e0 c\u00e1c kh\u00ed g\u00e2y hi\u1ec7u \u1ee9ng nh\u00e0 [&hellip;]","og_url":"https:\/\/lasentahotel.com\/vi\/du-lich-ben-vung\/cam-ket-va-muc-tieu-cua-chung-toi\/cam-ket-giam-phat-thai-khi-nha-kinh\/","og_site_name":"Lasenta Boutique Hotel Hoi An","article_modified_time":"2025-10-07T09:56:55+00:00","twitter_card":"summary_large_image","twitter_misc":{"Est. reading time":"3 minutes"},"schema":{"@context":"https:\/\/schema.org","@graph":[{"@type":"WebPage","@id":"https:\/\/lasentahotel.com\/vi\/du-lich-ben-vung\/cam-ket-va-muc-tieu-cua-chung-toi\/cam-ket-giam-phat-thai-khi-nha-kinh\/","url":"https:\/\/lasentahotel.com\/vi\/du-lich-ben-vung\/cam-ket-va-muc-tieu-cua-chung-toi\/cam-ket-giam-phat-thai-khi-nha-kinh\/","name":"CAM K\u1ebeT GI\u1ea2M PH\u00c1T TH\u1ea2I KH\u00cd NH\u00c0 K\u00cdNH - Lasenta Boutique Hotel Hoi An","isPartOf":{"@id":"https:\/\/lasentahotel.com\/vi\/#website"},"datePublished":"2025-10-05T04:31:13+00:00","dateModified":"2025-10-07T09:56:55+00:00","breadcrumb":{"@id":"https:\/\/lasentahotel.com\/vi\/du-lich-ben-vung\/cam-ket-va-muc-tieu-cua-chung-toi\/cam-ket-giam-phat-thai-khi-nha-kinh\/#breadcrumb"},"inLanguage":"vi-VN","potentialAction":[{"@type":"ReadAction","target":["https:\/\/lasentahotel.com\/vi\/du-lich-ben-vung\/cam-ket-va-muc-tieu-cua-chung-toi\/cam-ket-giam-phat-thai-khi-nha-kinh\/"]}]},{"@type":"BreadcrumbList","@id":"https:\/\/lasentahotel.com\/vi\/du-lich-ben-vung\/cam-ket-va-muc-tieu-cua-chung-toi\/cam-ket-giam-phat-thai-khi-nha-kinh\/#breadcrumb","itemListElement":[{"@type":"ListItem","position":1,"name":"Home","item":"https:\/\/lasentahotel.com\/vi\/"},{"@type":"ListItem","position":2,"name":"Du L\u1ecbch B\u1ec1n V\u1eefng","item":"https:\/\/lasentahotel.com\/vi\/du-lich-ben-vung\/"},{"@type":"ListItem","position":3,"name":"CAM K\u1ebeT V\u00c0 M\u1ee4C TI\u00caU C\u1ee6A CH\u00daNG T\u00d4I","item":"https:\/\/lasentahotel.com\/vi\/du-lich-ben-vung\/cam-ket-va-muc-tieu-cua-chung-toi\/"},{"@type":"ListItem","position":4,"name":"CAM K\u1ebeT GI\u1ea2M PH\u00c1T TH\u1ea2I KH\u00cd NH\u00c0 K\u00cdNH"}]},{"@type":"WebSite","@id":"https:\/\/lasentahotel.com\/vi\/#website","url":"https:\/\/lasentahotel.com\/vi\/","name":"Lasenta Boutique Hotel Hoi An","description":"Just another D-EDGE CMS Asia Pacific site","potentialAction":[{"@type":"SearchAction","target":{"@type":"EntryPoint","urlTemplate":"https:\/\/lasentahotel.com\/vi\/?s={search_term_string}"},"query-input":"required name=search_term_string"}],"inLanguage":"vi-VN"}]}},"_links":{"self":[{"href":"https:\/\/lasentahotel.com\/vi\/wp-json\/wp\/v2\/pages\/1627"}],"collection":[{"href":"https:\/\/lasentahotel.com\/vi\/wp-json\/wp\/v2\/pages"}],"about":[{"href":"https:\/\/lasentahotel.com\/vi\/wp-json\/wp\/v2\/types\/page"}],"author":[{"embeddable":true,"href":"https:\/\/lasentahotel.com\/vi\/wp-json\/wp\/v2\/users\/206"}],"replies":[{"embeddable":true,"href":"https:\/\/lasentahotel.com\/vi\/wp-json\/wp\/v2\/comments?post=1627"}],"version-history":[{"count":0,"href":"https:\/\/lasentahotel.com\/vi\/wp-json\/wp\/v2\/pages\/1627\/revisions"}],"up":[{"embeddable":true,"href":"https:\/\/lasentahotel.com\/vi\/wp-json\/wp\/v2\/pages\/1624"}],"wp:attachment":[{"href":"https:\/\/lasentahotel.com\/vi\/wp-json\/wp\/v2\/media?parent=1627"}],"curies":[{"name":"wp","href":"https:\/\/api.w.org\/{rel}","templated":true}]}}