{"id":1624,"date":"2025-10-05T04:28:51","date_gmt":"2025-10-05T04:28:51","guid":{"rendered":"https:\/\/lasentahotel.com\/?page_id=1624"},"modified":"2025-10-06T10:40:40","modified_gmt":"2025-10-06T10:40:40","slug":"cam-ket-va-muc-tieu-cua-chung-toi","status":"publish","type":"page","link":"https:\/\/lasentahotel.com\/vi\/du-lich-ben-vung\/cam-ket-va-muc-tieu-cua-chung-toi\/","title":{"rendered":"CAM K\u1ebeT V\u00c0 M\u1ee4C TI\u00caU C\u1ee6A CH\u00daNG T\u00d4I"},"content":{"rendered":"<p>Ngh\u1ec9 ng\u01a1i, t\u1eadn h\u01b0\u1edfng v\u00e0 c\u00f9ng chung tay. Ch\u00fang t\u00f4i cam k\u1ebft mang \u0111\u1ebfn nh\u1eefng tr\u1ea3i nghi\u1ec7m tuy\u1ec7t v\u1eddi v\u00e0 v\u1eb9n to\u00e0n cho h\u00e0nh tinh xanh.<\/p>\n","protected":false},"excerpt":{"rendered":"<p>Ngh\u1ec9 ng\u01a1i, t\u1eadn h\u01b0\u1edfng v\u00e0 c\u00f9ng chung tay. Ch\u00fang t\u00f4i cam k\u1ebft mang \u0111\u1ebfn nh\u1eefng tr\u1ea3i nghi\u1ec7m tuy\u1ec7t v\u1eddi v\u00e0 v\u1eb9n to\u00e0n cho h\u00e0nh tinh xanh.<\/p>\n","protected":false},"author":206,"featured_media":0,"parent":1517,"menu_order":0,"comment_status":"closed","ping_status":"closed","template":"","meta":{"footnotes":""},"yoast_head":"<!-- This site is optimized with the Yoast SEO plugin v22.3 - https:\/\/yoast.com\/wordpress\/plugins\/seo\/ -->\n<title>CAM K\u1ebeT V\u00c0 M\u1ee4C TI\u00caU C\u1ee6A CH\u00daNG T\u00d4I - Lasenta Boutique Hotel Hoi An<\/title>\n<meta name=\"robots\" content=\"index, follow, max-snippet:-1, max-image-preview:large, max-video-preview:-1\" \/>\n<link rel=\"canonical\" href=\"https:\/\/lasentahotel.com\/vi\/du-lich-ben-vung\/cam-ket-va-muc-tieu-cua-chung-toi\/\" \/>\n<meta property=\"og:locale\" content=\"vi_VN\" \/>\n<meta property=\"og:type\" content=\"article\" \/>\n<meta property=\"og:title\" content=\"CAM K\u1ebeT V\u00c0 M\u1ee4C TI\u00caU C\u1ee6A CH\u00daNG T\u00d4I - Lasenta Boutique Hotel Hoi An\" \/>\n<meta property=\"og:description\" content=\"Ngh\u1ec9 ng\u01a1i, t\u1eadn h\u01b0\u1edfng v\u00e0 c\u00f9ng chung tay. Ch\u00fang t\u00f4i cam k\u1ebft mang \u0111\u1ebfn nh\u1eefng tr\u1ea3i nghi\u1ec7m tuy\u1ec7t v\u1eddi v\u00e0 v\u1eb9n to\u00e0n cho h\u00e0nh tinh xanh.\" \/>\n<meta property=\"og:url\" content=\"https:\/\/lasentahotel.com\/vi\/du-lich-ben-vung\/cam-ket-va-muc-tieu-cua-chung-toi\/\" \/>\n<meta property=\"og:site_name\" content=\"Lasenta Boutique Hotel Hoi An\" \/>\n<meta property=\"article:modified_time\" content=\"2025-10-06T10:40:40+00:00\" \/>\n<meta name=\"twitter:card\" content=\"summary_large_image\" \/>\n<meta name=\"twitter:label1\" content=\"Est. reading time\" \/>\n\t<meta name=\"twitter:data1\" content=\"1 minute\" \/>\n<script type=\"application\/ld+json\" class=\"yoast-schema-graph\">{\"@context\":\"https:\/\/schema.org\",\"@graph\":[{\"@type\":\"WebPage\",\"@id\":\"https:\/\/lasentahotel.com\/vi\/du-lich-ben-vung\/cam-ket-va-muc-tieu-cua-chung-toi\/\",\"url\":\"https:\/\/lasentahotel.com\/vi\/du-lich-ben-vung\/cam-ket-va-muc-tieu-cua-chung-toi\/\",\"name\":\"CAM K\u1ebeT V\u00c0 M\u1ee4C TI\u00caU C\u1ee6A CH\u00daNG T\u00d4I - Lasenta Boutique Hotel Hoi An\",\"isPartOf\":{\"@id\":\"https:\/\/lasentahotel.com\/vi\/#website\"},\"datePublished\":\"2025-10-05T04:28:51+00:00\",\"dateModified\":\"2025-10-06T10:40:40+00:00\",\"breadcrumb\":{\"@id\":\"https:\/\/lasentahotel.com\/vi\/du-lich-ben-vung\/cam-ket-va-muc-tieu-cua-chung-toi\/#breadcrumb\"},\"inLanguage\":\"vi-VN\",\"potentialAction\":[{\"@type\":\"ReadAction\",\"target\":[\"https:\/\/lasentahotel.com\/vi\/du-lich-ben-vung\/cam-ket-va-muc-tieu-cua-chung-toi\/\"]}]},{\"@type\":\"BreadcrumbList\",\"@id\":\"https:\/\/lasentahotel.com\/vi\/du-lich-ben-vung\/cam-ket-va-muc-tieu-cua-chung-toi\/#breadcrumb\",\"itemListElement\":[{\"@type\":\"ListItem\",\"position\":1,\"name\":\"Home\",\"item\":\"https:\/\/lasentahotel.com\/vi\/\"},{\"@type\":\"ListItem\",\"position\":2,\"name\":\"Du L\u1ecbch B\u1ec1n V\u1eefng\",\"item\":\"https:\/\/lasentahotel.com\/vi\/du-lich-ben-vung\/\"},{\"@type\":\"ListItem\",\"position\":3,\"name\":\"CAM K\u1ebeT V\u00c0 M\u1ee4C TI\u00caU C\u1ee6A CH\u00daNG T\u00d4I\"}]},{\"@type\":\"WebSite\",\"@id\":\"https:\/\/lasentahotel.com\/vi\/#website\",\"url\":\"https:\/\/lasentahotel.com\/vi\/\",\"name\":\"Lasenta Boutique Hotel Hoi An\",\"description\":\"Just another D-EDGE CMS Asia Pacific site\",\"potentialAction\":[{\"@type\":\"SearchAction\",\"target\":{\"@type\":\"EntryPoint\",\"urlTemplate\":\"https:\/\/lasentahotel.com\/vi\/?s={search_term_string}\"},\"query-input\":\"required name=search_term_string\"}],\"inLanguage\":\"vi-VN\"}]}<\/script>\n<!-- \/ Yoast SEO plugin. -->","yoast_head_json":{"title":"CAM K\u1ebeT V\u00c0 M\u1ee4C TI\u00caU C\u1ee6A CH\u00daNG T\u00d4I - Lasenta Boutique Hotel Hoi An","robots":{"index":"index","follow":"follow","max-snippet":"max-snippet:-1","max-image-preview":"max-image-preview:large","max-video-preview":"max-video-preview:-1"},"canonical":"https:\/\/lasentahotel.com\/vi\/du-lich-ben-vung\/cam-ket-va-muc-tieu-cua-chung-toi\/","og_locale":"vi_VN","og_type":"article","og_title":"CAM K\u1ebeT V\u00c0 M\u1ee4C TI\u00caU C\u1ee6A CH\u00daNG T\u00d4I - Lasenta Boutique Hotel Hoi An","og_description":"Ngh\u1ec9 ng\u01a1i, t\u1eadn h\u01b0\u1edfng v\u00e0 c\u00f9ng chung tay. Ch\u00fang t\u00f4i cam k\u1ebft mang \u0111\u1ebfn nh\u1eefng tr\u1ea3i nghi\u1ec7m tuy\u1ec7t v\u1eddi v\u00e0 v\u1eb9n to\u00e0n cho h\u00e0nh tinh xanh.","og_url":"https:\/\/lasentahotel.com\/vi\/du-lich-ben-vung\/cam-ket-va-muc-tieu-cua-chung-toi\/","og_site_name":"Lasenta Boutique Hotel Hoi An","article_modified_time":"2025-10-06T10:40:40+00:00","twitter_card":"summary_large_image","twitter_misc":{"Est. reading time":"1 minute"},"schema":{"@context":"https:\/\/schema.org","@graph":[{"@type":"WebPage","@id":"https:\/\/lasentahotel.com\/vi\/du-lich-ben-vung\/cam-ket-va-muc-tieu-cua-chung-toi\/","url":"https:\/\/lasentahotel.com\/vi\/du-lich-ben-vung\/cam-ket-va-muc-tieu-cua-chung-toi\/","name":"CAM K\u1ebeT V\u00c0 M\u1ee4C TI\u00caU C\u1ee6A CH\u00daNG T\u00d4I - Lasenta Boutique Hotel Hoi An","isPartOf":{"@id":"https:\/\/lasentahotel.com\/vi\/#website"},"datePublished":"2025-10-05T04:28:51+00:00","dateModified":"2025-10-06T10:40:40+00:00","breadcrumb":{"@id":"https:\/\/lasentahotel.com\/vi\/du-lich-ben-vung\/cam-ket-va-muc-tieu-cua-chung-toi\/#breadcrumb"},"inLanguage":"vi-VN","potentialAction":[{"@type":"ReadAction","target":["https:\/\/lasentahotel.com\/vi\/du-lich-ben-vung\/cam-ket-va-muc-tieu-cua-chung-toi\/"]}]},{"@type":"BreadcrumbList","@id":"https:\/\/lasentahotel.com\/vi\/du-lich-ben-vung\/cam-ket-va-muc-tieu-cua-chung-toi\/#breadcrumb","itemListElement":[{"@type":"ListItem","position":1,"name":"Home","item":"https:\/\/lasentahotel.com\/vi\/"},{"@type":"ListItem","position":2,"name":"Du L\u1ecbch B\u1ec1n V\u1eefng","item":"https:\/\/lasentahotel.com\/vi\/du-lich-ben-vung\/"},{"@type":"ListItem","position":3,"name":"CAM K\u1ebeT V\u00c0 M\u1ee4C TI\u00caU C\u1ee6A CH\u00daNG T\u00d4I"}]},{"@type":"WebSite","@id":"https:\/\/lasentahotel.com\/vi\/#website","url":"https:\/\/lasentahotel.com\/vi\/","name":"Lasenta Boutique Hotel Hoi An","description":"Just another D-EDGE CMS Asia Pacific site","potentialAction":[{"@type":"SearchAction","target":{"@type":"EntryPoint","urlTemplate":"https:\/\/lasentahotel.com\/vi\/?s={search_term_string}"},"query-input":"required name=search_term_string"}],"inLanguage":"vi-VN"}]}},"_links":{"self":[{"href":"https:\/\/lasentahotel.com\/vi\/wp-json\/wp\/v2\/pages\/1624"}],"collection":[{"href":"https:\/\/lasentahotel.com\/vi\/wp-json\/wp\/v2\/pages"}],"about":[{"href":"https:\/\/lasentahotel.com\/vi\/wp-json\/wp\/v2\/types\/page"}],"author":[{"embeddable":true,"href":"https:\/\/lasentahotel.com\/vi\/wp-json\/wp\/v2\/users\/206"}],"replies":[{"embeddable":true,"href":"https:\/\/lasentahotel.com\/vi\/wp-json\/wp\/v2\/comments?post=1624"}],"version-history":[{"count":0,"href":"https:\/\/lasentahotel.com\/vi\/wp-json\/wp\/v2\/pages\/1624\/revisions"}],"up":[{"embeddable":true,"href":"https:\/\/lasentahotel.com\/vi\/wp-json\/wp\/v2\/pages\/1517"}],"wp:attachment":[{"href":"https:\/\/lasentahotel.com\/vi\/wp-json\/wp\/v2\/media?parent=1624"}],"curies":[{"name":"wp","href":"https:\/\/api.w.org\/{rel}","templated":true}]}}