{"id":1530,"date":"2025-09-20T01:37:47","date_gmt":"2025-09-20T01:37:47","guid":{"rendered":"https:\/\/lasentahotel.com\/?page_id=1530"},"modified":"2025-09-20T01:38:45","modified_gmt":"2025-09-20T01:38:45","slug":"lao-dong-xanh","status":"publish","type":"page","link":"https:\/\/lasentahotel.com\/vi\/du-lich-ben-vung\/lao-dong-xanh\/","title":{"rendered":"Lao \u0110\u1ed9ng Xanh"},"content":{"rendered":"<p>Kh\u00f4ng ch\u1ec9 l\u00e0 \u0111i\u1ec3m d\u1eebng ch\u00e2n l\u00fd t\u01b0\u1edfng v\u1edbi d\u1ecbch v\u1ee5 ti\u1ec7n \u00edch, ch\u00fang t\u00f4i lu\u00f4n \u00fd th\u1ee9c s\u00e2u s\u1eafc v\u1ec1 tr\u00e1ch nhi\u1ec7m x\u00e3 h\u1ed9i v\u00e0 b\u1ea3o v\u1ec7 m\u00f4i tr\u01b0\u1eddng. Ch\u00fang t\u00f4i tin r\u1eb1ng nh\u1eefng h\u00e0nh \u0111\u1ed9ng t\u1eed t\u1ebf, d\u00f9 nh\u1ecf b\u00e9, c\u0169ng g\u00f3p ph\u1ea7n x\u00e2y d\u1ef1ng m\u1ed9t c\u1ed9ng \u0111\u1ed3ng t\u1ed1t \u0111\u1eb9p h\u01a1n.<\/p>\n","protected":false},"excerpt":{"rendered":"<p>Kh\u00f4ng ch\u1ec9 l\u00e0 \u0111i\u1ec3m d\u1eebng ch\u00e2n l\u00fd t\u01b0\u1edfng v\u1edbi d\u1ecbch v\u1ee5 ti\u1ec7n \u00edch, ch\u00fang t\u00f4i lu\u00f4n \u00fd th\u1ee9c s\u00e2u s\u1eafc v\u1ec1 tr\u00e1ch nhi\u1ec7m x\u00e3 h\u1ed9i v\u00e0 b\u1ea3o v\u1ec7 m\u00f4i tr\u01b0\u1eddng. Ch\u00fang t\u00f4i tin r\u1eb1ng nh\u1eefng h\u00e0nh \u0111\u1ed9ng t\u1eed t\u1ebf, d\u00f9 nh\u1ecf b\u00e9, c\u0169ng g\u00f3p ph\u1ea7n x\u00e2y d\u1ef1ng m\u1ed9t c\u1ed9ng \u0111\u1ed3ng t\u1ed1t \u0111\u1eb9p h\u01a1n.<\/p>\n","protected":false},"author":206,"featured_media":0,"parent":1517,"menu_order":0,"comment_status":"closed","ping_status":"closed","template":"","meta":{"footnotes":""},"yoast_head":"<!-- This site is optimized with the Yoast SEO plugin v22.3 - https:\/\/yoast.com\/wordpress\/plugins\/seo\/ -->\n<title>Lao \u0110\u1ed9ng Xanh - Lasenta Boutique Hotel Hoi An<\/title>\n<meta name=\"robots\" content=\"index, follow, max-snippet:-1, max-image-preview:large, max-video-preview:-1\" \/>\n<link rel=\"canonical\" href=\"https:\/\/lasentahotel.com\/vi\/du-lich-ben-vung\/lao-dong-xanh\/\" \/>\n<meta property=\"og:locale\" content=\"vi_VN\" \/>\n<meta property=\"og:type\" content=\"article\" \/>\n<meta property=\"og:title\" content=\"Lao \u0110\u1ed9ng Xanh - Lasenta Boutique Hotel Hoi An\" \/>\n<meta property=\"og:description\" content=\"Kh\u00f4ng ch\u1ec9 l\u00e0 \u0111i\u1ec3m d\u1eebng ch\u00e2n l\u00fd t\u01b0\u1edfng v\u1edbi d\u1ecbch v\u1ee5 ti\u1ec7n \u00edch, ch\u00fang t\u00f4i lu\u00f4n \u00fd th\u1ee9c s\u00e2u s\u1eafc v\u1ec1 tr\u00e1ch nhi\u1ec7m x\u00e3 h\u1ed9i v\u00e0 b\u1ea3o v\u1ec7 m\u00f4i tr\u01b0\u1eddng. Ch\u00fang t\u00f4i tin r\u1eb1ng nh\u1eefng h\u00e0nh \u0111\u1ed9ng t\u1eed t\u1ebf, d\u00f9 nh\u1ecf b\u00e9, c\u0169ng g\u00f3p ph\u1ea7n x\u00e2y d\u1ef1ng m\u1ed9t c\u1ed9ng \u0111\u1ed3ng t\u1ed1t \u0111\u1eb9p h\u01a1n.\" \/>\n<meta property=\"og:url\" content=\"https:\/\/lasentahotel.com\/vi\/du-lich-ben-vung\/lao-dong-xanh\/\" \/>\n<meta property=\"og:site_name\" content=\"Lasenta Boutique Hotel Hoi An\" \/>\n<meta property=\"article:modified_time\" content=\"2025-09-20T01:38:45+00:00\" \/>\n<meta name=\"twitter:card\" content=\"summary_large_image\" \/>\n<script type=\"application\/ld+json\" class=\"yoast-schema-graph\">{\"@context\":\"https:\/\/schema.org\",\"@graph\":[{\"@type\":\"WebPage\",\"@id\":\"https:\/\/lasentahotel.com\/vi\/du-lich-ben-vung\/lao-dong-xanh\/\",\"url\":\"https:\/\/lasentahotel.com\/vi\/du-lich-ben-vung\/lao-dong-xanh\/\",\"name\":\"Lao \u0110\u1ed9ng Xanh - Lasenta Boutique Hotel Hoi An\",\"isPartOf\":{\"@id\":\"https:\/\/lasentahotel.com\/vi\/#website\"},\"datePublished\":\"2025-09-20T01:37:47+00:00\",\"dateModified\":\"2025-09-20T01:38:45+00:00\",\"breadcrumb\":{\"@id\":\"https:\/\/lasentahotel.com\/vi\/du-lich-ben-vung\/lao-dong-xanh\/#breadcrumb\"},\"inLanguage\":\"vi-VN\",\"potentialAction\":[{\"@type\":\"ReadAction\",\"target\":[\"https:\/\/lasentahotel.com\/vi\/du-lich-ben-vung\/lao-dong-xanh\/\"]}]},{\"@type\":\"BreadcrumbList\",\"@id\":\"https:\/\/lasentahotel.com\/vi\/du-lich-ben-vung\/lao-dong-xanh\/#breadcrumb\",\"itemListElement\":[{\"@type\":\"ListItem\",\"position\":1,\"name\":\"Home\",\"item\":\"https:\/\/lasentahotel.com\/vi\/\"},{\"@type\":\"ListItem\",\"position\":2,\"name\":\"Du L\u1ecbch B\u1ec1n V\u1eefng\",\"item\":\"https:\/\/lasentahotel.com\/vi\/du-lich-ben-vung\/\"},{\"@type\":\"ListItem\",\"position\":3,\"name\":\"Lao \u0110\u1ed9ng Xanh\"}]},{\"@type\":\"WebSite\",\"@id\":\"https:\/\/lasentahotel.com\/vi\/#website\",\"url\":\"https:\/\/lasentahotel.com\/vi\/\",\"name\":\"Lasenta Boutique Hotel Hoi An\",\"description\":\"Just another D-EDGE CMS Asia Pacific site\",\"potentialAction\":[{\"@type\":\"SearchAction\",\"target\":{\"@type\":\"EntryPoint\",\"urlTemplate\":\"https:\/\/lasentahotel.com\/vi\/?s={search_term_string}\"},\"query-input\":\"required name=search_term_string\"}],\"inLanguage\":\"vi-VN\"}]}<\/script>\n<!-- \/ Yoast SEO plugin. -->","yoast_head_json":{"title":"Lao \u0110\u1ed9ng Xanh - Lasenta Boutique Hotel Hoi An","robots":{"index":"index","follow":"follow","max-snippet":"max-snippet:-1","max-image-preview":"max-image-preview:large","max-video-preview":"max-video-preview:-1"},"canonical":"https:\/\/lasentahotel.com\/vi\/du-lich-ben-vung\/lao-dong-xanh\/","og_locale":"vi_VN","og_type":"article","og_title":"Lao \u0110\u1ed9ng Xanh - Lasenta Boutique Hotel Hoi An","og_description":"Kh\u00f4ng ch\u1ec9 l\u00e0 \u0111i\u1ec3m d\u1eebng ch\u00e2n l\u00fd t\u01b0\u1edfng v\u1edbi d\u1ecbch v\u1ee5 ti\u1ec7n \u00edch, ch\u00fang t\u00f4i lu\u00f4n \u00fd th\u1ee9c s\u00e2u s\u1eafc v\u1ec1 tr\u00e1ch nhi\u1ec7m x\u00e3 h\u1ed9i v\u00e0 b\u1ea3o v\u1ec7 m\u00f4i tr\u01b0\u1eddng. Ch\u00fang t\u00f4i tin r\u1eb1ng nh\u1eefng h\u00e0nh \u0111\u1ed9ng t\u1eed t\u1ebf, d\u00f9 nh\u1ecf b\u00e9, c\u0169ng g\u00f3p ph\u1ea7n x\u00e2y d\u1ef1ng m\u1ed9t c\u1ed9ng \u0111\u1ed3ng t\u1ed1t \u0111\u1eb9p h\u01a1n.","og_url":"https:\/\/lasentahotel.com\/vi\/du-lich-ben-vung\/lao-dong-xanh\/","og_site_name":"Lasenta Boutique Hotel Hoi An","article_modified_time":"2025-09-20T01:38:45+00:00","twitter_card":"summary_large_image","schema":{"@context":"https:\/\/schema.org","@graph":[{"@type":"WebPage","@id":"https:\/\/lasentahotel.com\/vi\/du-lich-ben-vung\/lao-dong-xanh\/","url":"https:\/\/lasentahotel.com\/vi\/du-lich-ben-vung\/lao-dong-xanh\/","name":"Lao \u0110\u1ed9ng Xanh - Lasenta Boutique Hotel Hoi An","isPartOf":{"@id":"https:\/\/lasentahotel.com\/vi\/#website"},"datePublished":"2025-09-20T01:37:47+00:00","dateModified":"2025-09-20T01:38:45+00:00","breadcrumb":{"@id":"https:\/\/lasentahotel.com\/vi\/du-lich-ben-vung\/lao-dong-xanh\/#breadcrumb"},"inLanguage":"vi-VN","potentialAction":[{"@type":"ReadAction","target":["https:\/\/lasentahotel.com\/vi\/du-lich-ben-vung\/lao-dong-xanh\/"]}]},{"@type":"BreadcrumbList","@id":"https:\/\/lasentahotel.com\/vi\/du-lich-ben-vung\/lao-dong-xanh\/#breadcrumb","itemListElement":[{"@type":"ListItem","position":1,"name":"Home","item":"https:\/\/lasentahotel.com\/vi\/"},{"@type":"ListItem","position":2,"name":"Du L\u1ecbch B\u1ec1n V\u1eefng","item":"https:\/\/lasentahotel.com\/vi\/du-lich-ben-vung\/"},{"@type":"ListItem","position":3,"name":"Lao \u0110\u1ed9ng Xanh"}]},{"@type":"WebSite","@id":"https:\/\/lasentahotel.com\/vi\/#website","url":"https:\/\/lasentahotel.com\/vi\/","name":"Lasenta Boutique Hotel Hoi An","description":"Just another D-EDGE CMS Asia Pacific site","potentialAction":[{"@type":"SearchAction","target":{"@type":"EntryPoint","urlTemplate":"https:\/\/lasentahotel.com\/vi\/?s={search_term_string}"},"query-input":"required name=search_term_string"}],"inLanguage":"vi-VN"}]}},"_links":{"self":[{"href":"https:\/\/lasentahotel.com\/vi\/wp-json\/wp\/v2\/pages\/1530"}],"collection":[{"href":"https:\/\/lasentahotel.com\/vi\/wp-json\/wp\/v2\/pages"}],"about":[{"href":"https:\/\/lasentahotel.com\/vi\/wp-json\/wp\/v2\/types\/page"}],"author":[{"embeddable":true,"href":"https:\/\/lasentahotel.com\/vi\/wp-json\/wp\/v2\/users\/206"}],"replies":[{"embeddable":true,"href":"https:\/\/lasentahotel.com\/vi\/wp-json\/wp\/v2\/comments?post=1530"}],"version-history":[{"count":0,"href":"https:\/\/lasentahotel.com\/vi\/wp-json\/wp\/v2\/pages\/1530\/revisions"}],"up":[{"embeddable":true,"href":"https:\/\/lasentahotel.com\/vi\/wp-json\/wp\/v2\/pages\/1517"}],"wp:attachment":[{"href":"https:\/\/lasentahotel.com\/vi\/wp-json\/wp\/v2\/media?parent=1530"}],"curies":[{"name":"wp","href":"https:\/\/api.w.org\/{rel}","templated":true}]}}