{"id":1527,"date":"2025-09-20T01:36:21","date_gmt":"2025-09-20T01:36:21","guid":{"rendered":"https:\/\/lasentahotel.com\/?page_id=1527"},"modified":"2025-09-20T01:42:10","modified_gmt":"2025-09-20T01:42:10","slug":"hoat-dong-xa-hoi","status":"publish","type":"page","link":"https:\/\/lasentahotel.com\/vi\/du-lich-ben-vung\/hoat-dong-xa-hoi\/","title":{"rendered":"Ho\u1ea1t \u0111\u1ed9ng X\u00e3 H\u1ed9i"},"content":{"rendered":"<p>Ch\u00fang t\u00f4i kh\u00f4ng ng\u1eebng n\u1ed7 l\u1ef1c ki\u1ebfn \u200b\u200bt\u1ea1o nh\u1eefng kh\u00f4ng gian s\u1ed1ng tuy\u1ec7t v\u1eddi, \u0111\u1ed3ng th\u1eddi \u0111\u1ea3m b\u1ea3o tr\u00e1ch nhi\u1ec7m v\u1edbi m\u00f4i tr\u01b0\u1eddng. Theo \u0111u\u1ed5i m\u00f4 h\u00ecnh ph\u00e1t tri\u1ec3n b\u1ec1n v\u1eefng l\u00e0 kim ch\u1ec9 nam cho m\u1ecdi ho\u1ea1t \u0111\u1ed9ng c\u1ee7a ch\u00fang t\u00f4i. Ch\u00fang t\u00f4i t\u00edch c\u1ef1c tham gia c\u00e1c di\u1ec5n \u0111\u00e0n, h\u1ed9i ngh\u1ecb trong n\u01b0\u1edbc v\u00e0 qu\u1ed1c t\u1ebf v\u1ec1 c\u00e1c v\u1ea5n \u0111\u1ec1 m\u00f4i tr\u01b0\u1eddng \u0111\u1ec3 kh\u00f4ng ng\u1eebng \u0111\u1eb7t c\u00e2u h\u1ecfi, c\u1eadp nh\u1eadt xu h\u01b0\u1edbng v\u00e0 chia s\u1ebb kinh nghi\u1ec7m.<\/p>\n<p>Tham gia c\u00e1c ho\u1ea1t \u0111\u1ed9ng t\u1eeb thi\u1ec7n, \u0111\u00f3ng g\u00f3p cho c\u1ed9ng \u0111\u1ed3ng \u0111\u1ecba ph\u01b0\u01a1ng.<\/p>\n","protected":false},"excerpt":{"rendered":"<p>Ch\u00fang t\u00f4i kh\u00f4ng ng\u1eebng n\u1ed7 l\u1ef1c ki\u1ebfn \u200b\u200bt\u1ea1o nh\u1eefng kh\u00f4ng gian s\u1ed1ng tuy\u1ec7t v\u1eddi, \u0111\u1ed3ng th\u1eddi \u0111\u1ea3m b\u1ea3o tr\u00e1ch nhi\u1ec7m v\u1edbi m\u00f4i tr\u01b0\u1eddng. Theo \u0111u\u1ed5i m\u00f4 h\u00ecnh ph\u00e1t tri\u1ec3n b\u1ec1n v\u1eefng l\u00e0 kim ch\u1ec9 nam cho m\u1ecdi ho\u1ea1t \u0111\u1ed9ng c\u1ee7a ch\u00fang t\u00f4i. Ch\u00fang t\u00f4i t\u00edch c\u1ef1c tham gia c\u00e1c di\u1ec5n \u0111\u00e0n, h\u1ed9i ngh\u1ecb trong n\u01b0\u1edbc [&hellip;]<\/p>\n","protected":false},"author":206,"featured_media":0,"parent":1517,"menu_order":0,"comment_status":"closed","ping_status":"closed","template":"","meta":{"footnotes":""},"yoast_head":"<!-- This site is optimized with the Yoast SEO plugin v22.3 - https:\/\/yoast.com\/wordpress\/plugins\/seo\/ -->\n<title>Ho\u1ea1t \u0111\u1ed9ng X\u00e3 H\u1ed9i - Lasenta Boutique Hotel Hoi An<\/title>\n<meta name=\"robots\" content=\"index, follow, max-snippet:-1, max-image-preview:large, max-video-preview:-1\" \/>\n<link rel=\"canonical\" href=\"https:\/\/lasentahotel.com\/vi\/du-lich-ben-vung\/hoat-dong-xa-hoi\/\" \/>\n<meta property=\"og:locale\" content=\"vi_VN\" \/>\n<meta property=\"og:type\" content=\"article\" \/>\n<meta property=\"og:title\" content=\"Ho\u1ea1t \u0111\u1ed9ng X\u00e3 H\u1ed9i - Lasenta Boutique Hotel Hoi An\" \/>\n<meta property=\"og:description\" content=\"Ch\u00fang t\u00f4i kh\u00f4ng ng\u1eebng n\u1ed7 l\u1ef1c ki\u1ebfn \u200b\u200bt\u1ea1o nh\u1eefng kh\u00f4ng gian s\u1ed1ng tuy\u1ec7t v\u1eddi, \u0111\u1ed3ng th\u1eddi \u0111\u1ea3m b\u1ea3o tr\u00e1ch nhi\u1ec7m v\u1edbi m\u00f4i tr\u01b0\u1eddng. Theo \u0111u\u1ed5i m\u00f4 h\u00ecnh ph\u00e1t tri\u1ec3n b\u1ec1n v\u1eefng l\u00e0 kim ch\u1ec9 nam cho m\u1ecdi ho\u1ea1t \u0111\u1ed9ng c\u1ee7a ch\u00fang t\u00f4i. Ch\u00fang t\u00f4i t\u00edch c\u1ef1c tham gia c\u00e1c di\u1ec5n \u0111\u00e0n, h\u1ed9i ngh\u1ecb trong n\u01b0\u1edbc [&hellip;]\" \/>\n<meta property=\"og:url\" content=\"https:\/\/lasentahotel.com\/vi\/du-lich-ben-vung\/hoat-dong-xa-hoi\/\" \/>\n<meta property=\"og:site_name\" content=\"Lasenta Boutique Hotel Hoi An\" \/>\n<meta property=\"article:modified_time\" content=\"2025-09-20T01:42:10+00:00\" \/>\n<meta name=\"twitter:card\" content=\"summary_large_image\" \/>\n<meta name=\"twitter:label1\" content=\"Est. reading time\" \/>\n\t<meta name=\"twitter:data1\" content=\"1 minute\" \/>\n<script type=\"application\/ld+json\" class=\"yoast-schema-graph\">{\"@context\":\"https:\/\/schema.org\",\"@graph\":[{\"@type\":\"WebPage\",\"@id\":\"https:\/\/lasentahotel.com\/vi\/du-lich-ben-vung\/hoat-dong-xa-hoi\/\",\"url\":\"https:\/\/lasentahotel.com\/vi\/du-lich-ben-vung\/hoat-dong-xa-hoi\/\",\"name\":\"Ho\u1ea1t \u0111\u1ed9ng X\u00e3 H\u1ed9i - Lasenta Boutique Hotel Hoi An\",\"isPartOf\":{\"@id\":\"https:\/\/lasentahotel.com\/vi\/#website\"},\"datePublished\":\"2025-09-20T01:36:21+00:00\",\"dateModified\":\"2025-09-20T01:42:10+00:00\",\"breadcrumb\":{\"@id\":\"https:\/\/lasentahotel.com\/vi\/du-lich-ben-vung\/hoat-dong-xa-hoi\/#breadcrumb\"},\"inLanguage\":\"vi-VN\",\"potentialAction\":[{\"@type\":\"ReadAction\",\"target\":[\"https:\/\/lasentahotel.com\/vi\/du-lich-ben-vung\/hoat-dong-xa-hoi\/\"]}]},{\"@type\":\"BreadcrumbList\",\"@id\":\"https:\/\/lasentahotel.com\/vi\/du-lich-ben-vung\/hoat-dong-xa-hoi\/#breadcrumb\",\"itemListElement\":[{\"@type\":\"ListItem\",\"position\":1,\"name\":\"Home\",\"item\":\"https:\/\/lasentahotel.com\/vi\/\"},{\"@type\":\"ListItem\",\"position\":2,\"name\":\"Du L\u1ecbch B\u1ec1n V\u1eefng\",\"item\":\"https:\/\/lasentahotel.com\/vi\/du-lich-ben-vung\/\"},{\"@type\":\"ListItem\",\"position\":3,\"name\":\"Ho\u1ea1t \u0111\u1ed9ng X\u00e3 H\u1ed9i\"}]},{\"@type\":\"WebSite\",\"@id\":\"https:\/\/lasentahotel.com\/vi\/#website\",\"url\":\"https:\/\/lasentahotel.com\/vi\/\",\"name\":\"Lasenta Boutique Hotel Hoi An\",\"description\":\"Just another D-EDGE CMS Asia Pacific site\",\"potentialAction\":[{\"@type\":\"SearchAction\",\"target\":{\"@type\":\"EntryPoint\",\"urlTemplate\":\"https:\/\/lasentahotel.com\/vi\/?s={search_term_string}\"},\"query-input\":\"required name=search_term_string\"}],\"inLanguage\":\"vi-VN\"}]}<\/script>\n<!-- \/ Yoast SEO plugin. -->","yoast_head_json":{"title":"Ho\u1ea1t \u0111\u1ed9ng X\u00e3 H\u1ed9i - Lasenta Boutique Hotel Hoi An","robots":{"index":"index","follow":"follow","max-snippet":"max-snippet:-1","max-image-preview":"max-image-preview:large","max-video-preview":"max-video-preview:-1"},"canonical":"https:\/\/lasentahotel.com\/vi\/du-lich-ben-vung\/hoat-dong-xa-hoi\/","og_locale":"vi_VN","og_type":"article","og_title":"Ho\u1ea1t \u0111\u1ed9ng X\u00e3 H\u1ed9i - Lasenta Boutique Hotel Hoi An","og_description":"Ch\u00fang t\u00f4i kh\u00f4ng ng\u1eebng n\u1ed7 l\u1ef1c ki\u1ebfn \u200b\u200bt\u1ea1o nh\u1eefng kh\u00f4ng gian s\u1ed1ng tuy\u1ec7t v\u1eddi, \u0111\u1ed3ng th\u1eddi \u0111\u1ea3m b\u1ea3o tr\u00e1ch nhi\u1ec7m v\u1edbi m\u00f4i tr\u01b0\u1eddng. Theo \u0111u\u1ed5i m\u00f4 h\u00ecnh ph\u00e1t tri\u1ec3n b\u1ec1n v\u1eefng l\u00e0 kim ch\u1ec9 nam cho m\u1ecdi ho\u1ea1t \u0111\u1ed9ng c\u1ee7a ch\u00fang t\u00f4i. Ch\u00fang t\u00f4i t\u00edch c\u1ef1c tham gia c\u00e1c di\u1ec5n \u0111\u00e0n, h\u1ed9i ngh\u1ecb trong n\u01b0\u1edbc [&hellip;]","og_url":"https:\/\/lasentahotel.com\/vi\/du-lich-ben-vung\/hoat-dong-xa-hoi\/","og_site_name":"Lasenta Boutique Hotel Hoi An","article_modified_time":"2025-09-20T01:42:10+00:00","twitter_card":"summary_large_image","twitter_misc":{"Est. reading time":"1 minute"},"schema":{"@context":"https:\/\/schema.org","@graph":[{"@type":"WebPage","@id":"https:\/\/lasentahotel.com\/vi\/du-lich-ben-vung\/hoat-dong-xa-hoi\/","url":"https:\/\/lasentahotel.com\/vi\/du-lich-ben-vung\/hoat-dong-xa-hoi\/","name":"Ho\u1ea1t \u0111\u1ed9ng X\u00e3 H\u1ed9i - Lasenta Boutique Hotel Hoi An","isPartOf":{"@id":"https:\/\/lasentahotel.com\/vi\/#website"},"datePublished":"2025-09-20T01:36:21+00:00","dateModified":"2025-09-20T01:42:10+00:00","breadcrumb":{"@id":"https:\/\/lasentahotel.com\/vi\/du-lich-ben-vung\/hoat-dong-xa-hoi\/#breadcrumb"},"inLanguage":"vi-VN","potentialAction":[{"@type":"ReadAction","target":["https:\/\/lasentahotel.com\/vi\/du-lich-ben-vung\/hoat-dong-xa-hoi\/"]}]},{"@type":"BreadcrumbList","@id":"https:\/\/lasentahotel.com\/vi\/du-lich-ben-vung\/hoat-dong-xa-hoi\/#breadcrumb","itemListElement":[{"@type":"ListItem","position":1,"name":"Home","item":"https:\/\/lasentahotel.com\/vi\/"},{"@type":"ListItem","position":2,"name":"Du L\u1ecbch B\u1ec1n V\u1eefng","item":"https:\/\/lasentahotel.com\/vi\/du-lich-ben-vung\/"},{"@type":"ListItem","position":3,"name":"Ho\u1ea1t \u0111\u1ed9ng X\u00e3 H\u1ed9i"}]},{"@type":"WebSite","@id":"https:\/\/lasentahotel.com\/vi\/#website","url":"https:\/\/lasentahotel.com\/vi\/","name":"Lasenta Boutique Hotel Hoi An","description":"Just another D-EDGE CMS Asia Pacific site","potentialAction":[{"@type":"SearchAction","target":{"@type":"EntryPoint","urlTemplate":"https:\/\/lasentahotel.com\/vi\/?s={search_term_string}"},"query-input":"required name=search_term_string"}],"inLanguage":"vi-VN"}]}},"_links":{"self":[{"href":"https:\/\/lasentahotel.com\/vi\/wp-json\/wp\/v2\/pages\/1527"}],"collection":[{"href":"https:\/\/lasentahotel.com\/vi\/wp-json\/wp\/v2\/pages"}],"about":[{"href":"https:\/\/lasentahotel.com\/vi\/wp-json\/wp\/v2\/types\/page"}],"author":[{"embeddable":true,"href":"https:\/\/lasentahotel.com\/vi\/wp-json\/wp\/v2\/users\/206"}],"replies":[{"embeddable":true,"href":"https:\/\/lasentahotel.com\/vi\/wp-json\/wp\/v2\/comments?post=1527"}],"version-history":[{"count":0,"href":"https:\/\/lasentahotel.com\/vi\/wp-json\/wp\/v2\/pages\/1527\/revisions"}],"up":[{"embeddable":true,"href":"https:\/\/lasentahotel.com\/vi\/wp-json\/wp\/v2\/pages\/1517"}],"wp:attachment":[{"href":"https:\/\/lasentahotel.com\/vi\/wp-json\/wp\/v2\/media?parent=1527"}],"curies":[{"name":"wp","href":"https:\/\/api.w.org\/{rel}","templated":true}]}}