{"id":1524,"date":"2025-09-20T01:33:52","date_gmt":"2025-09-20T01:33:52","guid":{"rendered":"https:\/\/lasentahotel.com\/?page_id=1524"},"modified":"2025-09-20T01:41:16","modified_gmt":"2025-09-20T01:41:16","slug":"chung-nhan-xanh","status":"publish","type":"page","link":"https:\/\/lasentahotel.com\/vi\/du-lich-ben-vung\/chung-nhan-xanh\/","title":{"rendered":"Ch\u1ee9ng Nh\u1eadn Xanh"},"content":{"rendered":"<p>V\u1edbi ni\u1ec1m t\u1ef1 h\u00e0o v\u00e0 cam k\u1ebft kh\u00f4ng ng\u1eebng ngh\u1ec9 h\u01b0\u1edbng \u0111\u1ebfn m\u1ed9t t\u01b0\u01a1ng lai b\u1ec1n v\u1eefng, ch\u00fang t\u00f4i r\u1ea5t vinh d\u1ef1 \u0111\u01b0\u1ee3c trao t\u1eb7ng Gi\u1ea3i th\u01b0\u1edfng Kh\u00e1ch s\u1ea1n Xanh Th\u00e2n thi\u1ec7n v\u1edbi M\u00f4i tr\u01b0\u1eddng Qu\u1ed1c gia &#8211; minh ch\u1ee9ng cho nh\u1eefng n\u1ed7 l\u1ef1c kh\u00f4ng ng\u1eebng c\u1ee7a ch\u00fang t\u00f4i trong vi\u1ec7c k\u1ebft h\u1ee3p d\u1ecbch v\u1ee5 kh\u00e1ch s\u1ea1n \u0111\u1eb3ng c\u1ea5p th\u1ebf gi\u1edbi v\u1edbi tr\u00e1ch nhi\u1ec7m b\u1ea3o v\u1ec7 m\u00f4i tr\u01b0\u1eddng.<\/p>\n<p>\u0110\u00e3 \u0111\u1ea1t \u0111\u01b0\u1ee3c c\u00e1c y\u00eau c\u1ea7u c\u1ee7a Th\u1ef1c h\u00e0nh Du l\u1ecbch Xanh, c\u1ea5p \u0111\u1ed9 3\/3. H\u1ea1ng m\u1ee5c: Kh\u00e1ch s\u1ea1n<\/p>\n","protected":false},"excerpt":{"rendered":"<p>V\u1edbi ni\u1ec1m t\u1ef1 h\u00e0o v\u00e0 cam k\u1ebft kh\u00f4ng ng\u1eebng ngh\u1ec9 h\u01b0\u1edbng \u0111\u1ebfn m\u1ed9t t\u01b0\u01a1ng lai b\u1ec1n v\u1eefng, ch\u00fang t\u00f4i r\u1ea5t vinh d\u1ef1 \u0111\u01b0\u1ee3c trao t\u1eb7ng Gi\u1ea3i th\u01b0\u1edfng Kh\u00e1ch s\u1ea1n Xanh Th\u00e2n thi\u1ec7n v\u1edbi M\u00f4i tr\u01b0\u1eddng Qu\u1ed1c gia &#8211; minh ch\u1ee9ng cho nh\u1eefng n\u1ed7 l\u1ef1c kh\u00f4ng ng\u1eebng c\u1ee7a ch\u00fang t\u00f4i trong vi\u1ec7c k\u1ebft h\u1ee3p d\u1ecbch v\u1ee5 [&hellip;]<\/p>\n","protected":false},"author":206,"featured_media":0,"parent":1517,"menu_order":0,"comment_status":"closed","ping_status":"closed","template":"","meta":{"footnotes":""},"yoast_head":"<!-- This site is optimized with the Yoast SEO plugin v22.3 - https:\/\/yoast.com\/wordpress\/plugins\/seo\/ -->\n<title>Ch\u1ee9ng Nh\u1eadn Xanh - Lasenta Boutique Hotel Hoi An<\/title>\n<meta name=\"robots\" content=\"index, follow, max-snippet:-1, max-image-preview:large, max-video-preview:-1\" \/>\n<link rel=\"canonical\" href=\"https:\/\/lasentahotel.com\/vi\/du-lich-ben-vung\/chung-nhan-xanh\/\" \/>\n<meta property=\"og:locale\" content=\"vi_VN\" \/>\n<meta property=\"og:type\" content=\"article\" \/>\n<meta property=\"og:title\" content=\"Ch\u1ee9ng Nh\u1eadn Xanh - Lasenta Boutique Hotel Hoi An\" \/>\n<meta property=\"og:description\" content=\"V\u1edbi ni\u1ec1m t\u1ef1 h\u00e0o v\u00e0 cam k\u1ebft kh\u00f4ng ng\u1eebng ngh\u1ec9 h\u01b0\u1edbng \u0111\u1ebfn m\u1ed9t t\u01b0\u01a1ng lai b\u1ec1n v\u1eefng, ch\u00fang t\u00f4i r\u1ea5t vinh d\u1ef1 \u0111\u01b0\u1ee3c trao t\u1eb7ng Gi\u1ea3i th\u01b0\u1edfng Kh\u00e1ch s\u1ea1n Xanh Th\u00e2n thi\u1ec7n v\u1edbi M\u00f4i tr\u01b0\u1eddng Qu\u1ed1c gia &#8211; minh ch\u1ee9ng cho nh\u1eefng n\u1ed7 l\u1ef1c kh\u00f4ng ng\u1eebng c\u1ee7a ch\u00fang t\u00f4i trong vi\u1ec7c k\u1ebft h\u1ee3p d\u1ecbch v\u1ee5 [&hellip;]\" \/>\n<meta property=\"og:url\" content=\"https:\/\/lasentahotel.com\/vi\/du-lich-ben-vung\/chung-nhan-xanh\/\" \/>\n<meta property=\"og:site_name\" content=\"Lasenta Boutique Hotel Hoi An\" \/>\n<meta property=\"article:modified_time\" content=\"2025-09-20T01:41:16+00:00\" \/>\n<meta name=\"twitter:card\" content=\"summary_large_image\" \/>\n<meta name=\"twitter:label1\" content=\"Est. reading time\" \/>\n\t<meta name=\"twitter:data1\" content=\"1 minute\" \/>\n<script type=\"application\/ld+json\" class=\"yoast-schema-graph\">{\"@context\":\"https:\/\/schema.org\",\"@graph\":[{\"@type\":\"WebPage\",\"@id\":\"https:\/\/lasentahotel.com\/vi\/du-lich-ben-vung\/chung-nhan-xanh\/\",\"url\":\"https:\/\/lasentahotel.com\/vi\/du-lich-ben-vung\/chung-nhan-xanh\/\",\"name\":\"Ch\u1ee9ng Nh\u1eadn Xanh - Lasenta Boutique Hotel Hoi An\",\"isPartOf\":{\"@id\":\"https:\/\/lasentahotel.com\/vi\/#website\"},\"datePublished\":\"2025-09-20T01:33:52+00:00\",\"dateModified\":\"2025-09-20T01:41:16+00:00\",\"breadcrumb\":{\"@id\":\"https:\/\/lasentahotel.com\/vi\/du-lich-ben-vung\/chung-nhan-xanh\/#breadcrumb\"},\"inLanguage\":\"vi-VN\",\"potentialAction\":[{\"@type\":\"ReadAction\",\"target\":[\"https:\/\/lasentahotel.com\/vi\/du-lich-ben-vung\/chung-nhan-xanh\/\"]}]},{\"@type\":\"BreadcrumbList\",\"@id\":\"https:\/\/lasentahotel.com\/vi\/du-lich-ben-vung\/chung-nhan-xanh\/#breadcrumb\",\"itemListElement\":[{\"@type\":\"ListItem\",\"position\":1,\"name\":\"Home\",\"item\":\"https:\/\/lasentahotel.com\/vi\/\"},{\"@type\":\"ListItem\",\"position\":2,\"name\":\"Du L\u1ecbch B\u1ec1n V\u1eefng\",\"item\":\"https:\/\/lasentahotel.com\/vi\/du-lich-ben-vung\/\"},{\"@type\":\"ListItem\",\"position\":3,\"name\":\"Ch\u1ee9ng Nh\u1eadn Xanh\"}]},{\"@type\":\"WebSite\",\"@id\":\"https:\/\/lasentahotel.com\/vi\/#website\",\"url\":\"https:\/\/lasentahotel.com\/vi\/\",\"name\":\"Lasenta Boutique Hotel Hoi An\",\"description\":\"Just another D-EDGE CMS Asia Pacific site\",\"potentialAction\":[{\"@type\":\"SearchAction\",\"target\":{\"@type\":\"EntryPoint\",\"urlTemplate\":\"https:\/\/lasentahotel.com\/vi\/?s={search_term_string}\"},\"query-input\":\"required name=search_term_string\"}],\"inLanguage\":\"vi-VN\"}]}<\/script>\n<!-- \/ Yoast SEO plugin. -->","yoast_head_json":{"title":"Ch\u1ee9ng Nh\u1eadn Xanh - Lasenta Boutique Hotel Hoi An","robots":{"index":"index","follow":"follow","max-snippet":"max-snippet:-1","max-image-preview":"max-image-preview:large","max-video-preview":"max-video-preview:-1"},"canonical":"https:\/\/lasentahotel.com\/vi\/du-lich-ben-vung\/chung-nhan-xanh\/","og_locale":"vi_VN","og_type":"article","og_title":"Ch\u1ee9ng Nh\u1eadn Xanh - Lasenta Boutique Hotel Hoi An","og_description":"V\u1edbi ni\u1ec1m t\u1ef1 h\u00e0o v\u00e0 cam k\u1ebft kh\u00f4ng ng\u1eebng ngh\u1ec9 h\u01b0\u1edbng \u0111\u1ebfn m\u1ed9t t\u01b0\u01a1ng lai b\u1ec1n v\u1eefng, ch\u00fang t\u00f4i r\u1ea5t vinh d\u1ef1 \u0111\u01b0\u1ee3c trao t\u1eb7ng Gi\u1ea3i th\u01b0\u1edfng Kh\u00e1ch s\u1ea1n Xanh Th\u00e2n thi\u1ec7n v\u1edbi M\u00f4i tr\u01b0\u1eddng Qu\u1ed1c gia &#8211; minh ch\u1ee9ng cho nh\u1eefng n\u1ed7 l\u1ef1c kh\u00f4ng ng\u1eebng c\u1ee7a ch\u00fang t\u00f4i trong vi\u1ec7c k\u1ebft h\u1ee3p d\u1ecbch v\u1ee5 [&hellip;]","og_url":"https:\/\/lasentahotel.com\/vi\/du-lich-ben-vung\/chung-nhan-xanh\/","og_site_name":"Lasenta Boutique Hotel Hoi An","article_modified_time":"2025-09-20T01:41:16+00:00","twitter_card":"summary_large_image","twitter_misc":{"Est. reading time":"1 minute"},"schema":{"@context":"https:\/\/schema.org","@graph":[{"@type":"WebPage","@id":"https:\/\/lasentahotel.com\/vi\/du-lich-ben-vung\/chung-nhan-xanh\/","url":"https:\/\/lasentahotel.com\/vi\/du-lich-ben-vung\/chung-nhan-xanh\/","name":"Ch\u1ee9ng Nh\u1eadn Xanh - Lasenta Boutique Hotel Hoi An","isPartOf":{"@id":"https:\/\/lasentahotel.com\/vi\/#website"},"datePublished":"2025-09-20T01:33:52+00:00","dateModified":"2025-09-20T01:41:16+00:00","breadcrumb":{"@id":"https:\/\/lasentahotel.com\/vi\/du-lich-ben-vung\/chung-nhan-xanh\/#breadcrumb"},"inLanguage":"vi-VN","potentialAction":[{"@type":"ReadAction","target":["https:\/\/lasentahotel.com\/vi\/du-lich-ben-vung\/chung-nhan-xanh\/"]}]},{"@type":"BreadcrumbList","@id":"https:\/\/lasentahotel.com\/vi\/du-lich-ben-vung\/chung-nhan-xanh\/#breadcrumb","itemListElement":[{"@type":"ListItem","position":1,"name":"Home","item":"https:\/\/lasentahotel.com\/vi\/"},{"@type":"ListItem","position":2,"name":"Du L\u1ecbch B\u1ec1n V\u1eefng","item":"https:\/\/lasentahotel.com\/vi\/du-lich-ben-vung\/"},{"@type":"ListItem","position":3,"name":"Ch\u1ee9ng Nh\u1eadn Xanh"}]},{"@type":"WebSite","@id":"https:\/\/lasentahotel.com\/vi\/#website","url":"https:\/\/lasentahotel.com\/vi\/","name":"Lasenta Boutique Hotel Hoi An","description":"Just another D-EDGE CMS Asia Pacific site","potentialAction":[{"@type":"SearchAction","target":{"@type":"EntryPoint","urlTemplate":"https:\/\/lasentahotel.com\/vi\/?s={search_term_string}"},"query-input":"required name=search_term_string"}],"inLanguage":"vi-VN"}]}},"_links":{"self":[{"href":"https:\/\/lasentahotel.com\/vi\/wp-json\/wp\/v2\/pages\/1524"}],"collection":[{"href":"https:\/\/lasentahotel.com\/vi\/wp-json\/wp\/v2\/pages"}],"about":[{"href":"https:\/\/lasentahotel.com\/vi\/wp-json\/wp\/v2\/types\/page"}],"author":[{"embeddable":true,"href":"https:\/\/lasentahotel.com\/vi\/wp-json\/wp\/v2\/users\/206"}],"replies":[{"embeddable":true,"href":"https:\/\/lasentahotel.com\/vi\/wp-json\/wp\/v2\/comments?post=1524"}],"version-history":[{"count":0,"href":"https:\/\/lasentahotel.com\/vi\/wp-json\/wp\/v2\/pages\/1524\/revisions"}],"up":[{"embeddable":true,"href":"https:\/\/lasentahotel.com\/vi\/wp-json\/wp\/v2\/pages\/1517"}],"wp:attachment":[{"href":"https:\/\/lasentahotel.com\/vi\/wp-json\/wp\/v2\/media?parent=1524"}],"curies":[{"name":"wp","href":"https:\/\/api.w.org\/{rel}","templated":true}]}}