{"id":1520,"date":"2025-09-20T01:29:59","date_gmt":"2025-09-20T01:29:59","guid":{"rendered":"https:\/\/lasentahotel.com\/?page_id=1520"},"modified":"2025-09-20T01:39:59","modified_gmt":"2025-09-20T01:39:59","slug":"than-thien-moi-truong","status":"publish","type":"page","link":"https:\/\/lasentahotel.com\/vi\/du-lich-ben-vung\/than-thien-moi-truong\/","title":{"rendered":"Th\u00e2n Thi\u1ec7n M\u00f4i Tr\u01b0\u1eddng"},"content":{"rendered":"<p>Vi\u1ec7c s\u1eed d\u1ee5ng c\u00e1c v\u1eadt d\u1ee5ng th\u00e2n thi\u1ec7n v\u1edbi m\u00f4i tr\u01b0\u1eddng trong kh\u00e1ch s\u1ea1n kh\u00f4ng c\u00f2n l\u00e0 xu h\u01b0\u1edbng n\u1eefa m\u00e0 \u0111\u00e3 tr\u1edf th\u00e0nh m\u1ed9t ti\u00eau chu\u1ea9n quan tr\u1ecdng, th\u1ec3 hi\u1ec7n tr\u00e1ch nhi\u1ec7m x\u00e3 h\u1ed9i v\u00e0 thu h\u00fat \u0111\u00f4ng \u0111\u1ea3o du kh\u00e1ch c\u00f3 \u00fd th\u1ee9c b\u1ea3o v\u1ec7 m\u00f4i tr\u01b0\u1eddng.<\/p>\n<p><em>Thay v\u00ec s\u1eed d\u1ee5ng s\u1ea3n ph\u1ea9m nh\u1ef1a d\u00f9ng m\u1ed9t l\u1ea7n, kh\u00e1ch s\u1ea1n \u01b0u ti\u00ean s\u1eed d\u1ee5ng c\u00e1c v\u1eadt li\u1ec7u ph\u00e2n h\u1ee7y sinh h\u1ecdc nh\u01b0 \u1ed1ng h\u00fat gi\u1ea5y, b\u00e0n ch\u1ea3i \u0111\u00e1nh r\u0103ng tre, t\u00fai gi\u1ea5y t\u00e1i ch\u1ebf v\u00e0 chai d\u1ea7u g\u1ed9i th\u1ee7y tinh. H\u00e0nh \u0111\u1ed9ng n\u00e0y kh\u00f4ng ch\u1ec9 gi\u1ea3m thi\u1ec3u \u0111\u00e1ng k\u1ec3 l\u01b0\u1ee3ng r\u00e1c th\u1ea3i ra m\u00f4i tr\u01b0\u1eddng m\u00e0 c\u00f2n g\u00f3p ph\u1ea7n n\u00e2ng cao nh\u1eadn th\u1ee9c v\u00e0 khuy\u1ebfn kh\u00edch du kh\u00e1ch chung tay b\u1ea3o v\u1ec7 h\u00e0nh tinh. \u0110\u00e2y kh\u00f4ng ch\u1ec9 l\u00e0 m\u1ed9t xu h\u01b0\u1edbng m\u00e0 c\u00f2n l\u00e0 cam k\u1ebft c\u1ee7a ng\u00e0nh kh\u00e1ch s\u1ea1n h\u01b0\u1edbng t\u1edbi m\u1ed9t t\u01b0\u01a1ng lai xanh h\u01a1n v\u00e0 b\u1ec1n v\u1eefng h\u01a1n.<\/em><\/p>\n","protected":false},"excerpt":{"rendered":"<p>Vi\u1ec7c s\u1eed d\u1ee5ng c\u00e1c v\u1eadt d\u1ee5ng th\u00e2n thi\u1ec7n v\u1edbi m\u00f4i tr\u01b0\u1eddng trong kh\u00e1ch s\u1ea1n kh\u00f4ng c\u00f2n l\u00e0 xu h\u01b0\u1edbng n\u1eefa m\u00e0 \u0111\u00e3 tr\u1edf th\u00e0nh m\u1ed9t ti\u00eau chu\u1ea9n quan tr\u1ecdng, th\u1ec3 hi\u1ec7n tr\u00e1ch nhi\u1ec7m x\u00e3 h\u1ed9i v\u00e0 thu h\u00fat \u0111\u00f4ng \u0111\u1ea3o du kh\u00e1ch c\u00f3 \u00fd th\u1ee9c b\u1ea3o v\u1ec7 m\u00f4i tr\u01b0\u1eddng. Thay v\u00ec s\u1eed d\u1ee5ng s\u1ea3n ph\u1ea9m [&hellip;]<\/p>\n","protected":false},"author":206,"featured_media":0,"parent":1517,"menu_order":0,"comment_status":"closed","ping_status":"closed","template":"","meta":{"footnotes":""},"yoast_head":"<!-- This site is optimized with the Yoast SEO plugin v22.3 - https:\/\/yoast.com\/wordpress\/plugins\/seo\/ -->\n<title>Th\u00e2n Thi\u1ec7n M\u00f4i Tr\u01b0\u1eddng - Lasenta Boutique Hotel Hoi An<\/title>\n<meta name=\"robots\" content=\"index, follow, max-snippet:-1, max-image-preview:large, max-video-preview:-1\" \/>\n<link rel=\"canonical\" href=\"https:\/\/lasentahotel.com\/vi\/du-lich-ben-vung\/than-thien-moi-truong\/\" \/>\n<meta property=\"og:locale\" content=\"vi_VN\" \/>\n<meta property=\"og:type\" content=\"article\" \/>\n<meta property=\"og:title\" content=\"Th\u00e2n Thi\u1ec7n M\u00f4i Tr\u01b0\u1eddng - Lasenta Boutique Hotel Hoi An\" \/>\n<meta property=\"og:description\" content=\"Vi\u1ec7c s\u1eed d\u1ee5ng c\u00e1c v\u1eadt d\u1ee5ng th\u00e2n thi\u1ec7n v\u1edbi m\u00f4i tr\u01b0\u1eddng trong kh\u00e1ch s\u1ea1n kh\u00f4ng c\u00f2n l\u00e0 xu h\u01b0\u1edbng n\u1eefa m\u00e0 \u0111\u00e3 tr\u1edf th\u00e0nh m\u1ed9t ti\u00eau chu\u1ea9n quan tr\u1ecdng, th\u1ec3 hi\u1ec7n tr\u00e1ch nhi\u1ec7m x\u00e3 h\u1ed9i v\u00e0 thu h\u00fat \u0111\u00f4ng \u0111\u1ea3o du kh\u00e1ch c\u00f3 \u00fd th\u1ee9c b\u1ea3o v\u1ec7 m\u00f4i tr\u01b0\u1eddng. Thay v\u00ec s\u1eed d\u1ee5ng s\u1ea3n ph\u1ea9m [&hellip;]\" \/>\n<meta property=\"og:url\" content=\"https:\/\/lasentahotel.com\/vi\/du-lich-ben-vung\/than-thien-moi-truong\/\" \/>\n<meta property=\"og:site_name\" content=\"Lasenta Boutique Hotel Hoi An\" \/>\n<meta property=\"article:modified_time\" content=\"2025-09-20T01:39:59+00:00\" \/>\n<meta name=\"twitter:card\" content=\"summary_large_image\" \/>\n<meta name=\"twitter:label1\" content=\"Est. reading time\" \/>\n\t<meta name=\"twitter:data1\" content=\"1 minute\" \/>\n<script type=\"application\/ld+json\" class=\"yoast-schema-graph\">{\"@context\":\"https:\/\/schema.org\",\"@graph\":[{\"@type\":\"WebPage\",\"@id\":\"https:\/\/lasentahotel.com\/vi\/du-lich-ben-vung\/than-thien-moi-truong\/\",\"url\":\"https:\/\/lasentahotel.com\/vi\/du-lich-ben-vung\/than-thien-moi-truong\/\",\"name\":\"Th\u00e2n Thi\u1ec7n M\u00f4i Tr\u01b0\u1eddng - Lasenta Boutique Hotel Hoi An\",\"isPartOf\":{\"@id\":\"https:\/\/lasentahotel.com\/vi\/#website\"},\"datePublished\":\"2025-09-20T01:29:59+00:00\",\"dateModified\":\"2025-09-20T01:39:59+00:00\",\"breadcrumb\":{\"@id\":\"https:\/\/lasentahotel.com\/vi\/du-lich-ben-vung\/than-thien-moi-truong\/#breadcrumb\"},\"inLanguage\":\"vi-VN\",\"potentialAction\":[{\"@type\":\"ReadAction\",\"target\":[\"https:\/\/lasentahotel.com\/vi\/du-lich-ben-vung\/than-thien-moi-truong\/\"]}]},{\"@type\":\"BreadcrumbList\",\"@id\":\"https:\/\/lasentahotel.com\/vi\/du-lich-ben-vung\/than-thien-moi-truong\/#breadcrumb\",\"itemListElement\":[{\"@type\":\"ListItem\",\"position\":1,\"name\":\"Home\",\"item\":\"https:\/\/lasentahotel.com\/vi\/\"},{\"@type\":\"ListItem\",\"position\":2,\"name\":\"Du L\u1ecbch B\u1ec1n V\u1eefng\",\"item\":\"https:\/\/lasentahotel.com\/vi\/du-lich-ben-vung\/\"},{\"@type\":\"ListItem\",\"position\":3,\"name\":\"Th\u00e2n Thi\u1ec7n M\u00f4i Tr\u01b0\u1eddng\"}]},{\"@type\":\"WebSite\",\"@id\":\"https:\/\/lasentahotel.com\/vi\/#website\",\"url\":\"https:\/\/lasentahotel.com\/vi\/\",\"name\":\"Lasenta Boutique Hotel Hoi An\",\"description\":\"Just another D-EDGE CMS Asia Pacific site\",\"potentialAction\":[{\"@type\":\"SearchAction\",\"target\":{\"@type\":\"EntryPoint\",\"urlTemplate\":\"https:\/\/lasentahotel.com\/vi\/?s={search_term_string}\"},\"query-input\":\"required name=search_term_string\"}],\"inLanguage\":\"vi-VN\"}]}<\/script>\n<!-- \/ Yoast SEO plugin. -->","yoast_head_json":{"title":"Th\u00e2n Thi\u1ec7n M\u00f4i Tr\u01b0\u1eddng - Lasenta Boutique Hotel Hoi An","robots":{"index":"index","follow":"follow","max-snippet":"max-snippet:-1","max-image-preview":"max-image-preview:large","max-video-preview":"max-video-preview:-1"},"canonical":"https:\/\/lasentahotel.com\/vi\/du-lich-ben-vung\/than-thien-moi-truong\/","og_locale":"vi_VN","og_type":"article","og_title":"Th\u00e2n Thi\u1ec7n M\u00f4i Tr\u01b0\u1eddng - Lasenta Boutique Hotel Hoi An","og_description":"Vi\u1ec7c s\u1eed d\u1ee5ng c\u00e1c v\u1eadt d\u1ee5ng th\u00e2n thi\u1ec7n v\u1edbi m\u00f4i tr\u01b0\u1eddng trong kh\u00e1ch s\u1ea1n kh\u00f4ng c\u00f2n l\u00e0 xu h\u01b0\u1edbng n\u1eefa m\u00e0 \u0111\u00e3 tr\u1edf th\u00e0nh m\u1ed9t ti\u00eau chu\u1ea9n quan tr\u1ecdng, th\u1ec3 hi\u1ec7n tr\u00e1ch nhi\u1ec7m x\u00e3 h\u1ed9i v\u00e0 thu h\u00fat \u0111\u00f4ng \u0111\u1ea3o du kh\u00e1ch c\u00f3 \u00fd th\u1ee9c b\u1ea3o v\u1ec7 m\u00f4i tr\u01b0\u1eddng. Thay v\u00ec s\u1eed d\u1ee5ng s\u1ea3n ph\u1ea9m [&hellip;]","og_url":"https:\/\/lasentahotel.com\/vi\/du-lich-ben-vung\/than-thien-moi-truong\/","og_site_name":"Lasenta Boutique Hotel Hoi An","article_modified_time":"2025-09-20T01:39:59+00:00","twitter_card":"summary_large_image","twitter_misc":{"Est. reading time":"1 minute"},"schema":{"@context":"https:\/\/schema.org","@graph":[{"@type":"WebPage","@id":"https:\/\/lasentahotel.com\/vi\/du-lich-ben-vung\/than-thien-moi-truong\/","url":"https:\/\/lasentahotel.com\/vi\/du-lich-ben-vung\/than-thien-moi-truong\/","name":"Th\u00e2n Thi\u1ec7n M\u00f4i Tr\u01b0\u1eddng - Lasenta Boutique Hotel Hoi An","isPartOf":{"@id":"https:\/\/lasentahotel.com\/vi\/#website"},"datePublished":"2025-09-20T01:29:59+00:00","dateModified":"2025-09-20T01:39:59+00:00","breadcrumb":{"@id":"https:\/\/lasentahotel.com\/vi\/du-lich-ben-vung\/than-thien-moi-truong\/#breadcrumb"},"inLanguage":"vi-VN","potentialAction":[{"@type":"ReadAction","target":["https:\/\/lasentahotel.com\/vi\/du-lich-ben-vung\/than-thien-moi-truong\/"]}]},{"@type":"BreadcrumbList","@id":"https:\/\/lasentahotel.com\/vi\/du-lich-ben-vung\/than-thien-moi-truong\/#breadcrumb","itemListElement":[{"@type":"ListItem","position":1,"name":"Home","item":"https:\/\/lasentahotel.com\/vi\/"},{"@type":"ListItem","position":2,"name":"Du L\u1ecbch B\u1ec1n V\u1eefng","item":"https:\/\/lasentahotel.com\/vi\/du-lich-ben-vung\/"},{"@type":"ListItem","position":3,"name":"Th\u00e2n Thi\u1ec7n M\u00f4i Tr\u01b0\u1eddng"}]},{"@type":"WebSite","@id":"https:\/\/lasentahotel.com\/vi\/#website","url":"https:\/\/lasentahotel.com\/vi\/","name":"Lasenta Boutique Hotel Hoi An","description":"Just another D-EDGE CMS Asia Pacific site","potentialAction":[{"@type":"SearchAction","target":{"@type":"EntryPoint","urlTemplate":"https:\/\/lasentahotel.com\/vi\/?s={search_term_string}"},"query-input":"required name=search_term_string"}],"inLanguage":"vi-VN"}]}},"_links":{"self":[{"href":"https:\/\/lasentahotel.com\/vi\/wp-json\/wp\/v2\/pages\/1520"}],"collection":[{"href":"https:\/\/lasentahotel.com\/vi\/wp-json\/wp\/v2\/pages"}],"about":[{"href":"https:\/\/lasentahotel.com\/vi\/wp-json\/wp\/v2\/types\/page"}],"author":[{"embeddable":true,"href":"https:\/\/lasentahotel.com\/vi\/wp-json\/wp\/v2\/users\/206"}],"replies":[{"embeddable":true,"href":"https:\/\/lasentahotel.com\/vi\/wp-json\/wp\/v2\/comments?post=1520"}],"version-history":[{"count":0,"href":"https:\/\/lasentahotel.com\/vi\/wp-json\/wp\/v2\/pages\/1520\/revisions"}],"up":[{"embeddable":true,"href":"https:\/\/lasentahotel.com\/vi\/wp-json\/wp\/v2\/pages\/1517"}],"wp:attachment":[{"href":"https:\/\/lasentahotel.com\/vi\/wp-json\/wp\/v2\/media?parent=1520"}],"curies":[{"name":"wp","href":"https:\/\/api.w.org\/{rel}","templated":true}]}}