{"id":1438,"date":"2025-07-14T04:02:11","date_gmt":"2025-07-14T04:02:11","guid":{"rendered":"https:\/\/lasentahotel.com\/?page_id=1438"},"modified":"2025-07-16T05:12:47","modified_gmt":"2025-07-16T05:12:47","slug":"inhouse-golf-lasenta-hoi-an","status":"publish","type":"page","link":"https:\/\/lasentahotel.com\/vi\/services-faclities\/giaitri\/inhouse-golf-lasenta-hoi-an\/","title":{"rendered":"Inhouse Golf Lasenta Hoi An"},"content":{"rendered":"<h3 data-start=\"119\" data-end=\"218\"><strong data-start=\"123\" data-end=\"218\">Ph\u00f2ng Golf 3D t\u1ea1i Kh\u00e1ch s\u1ea1n Lasenta H\u1ed9i An \u2013 Tr\u1ea3i nghi\u1ec7m th\u1ec3 thao \u0111\u1ec9nh cao gi\u1eefa l\u00f2ng ph\u1ed1 c\u1ed5<\/strong><\/h3>\n<p data-start=\"220\" data-end=\"574\">T\u1ecda l\u1ea1c trong kh\u00f4ng gian sang tr\u1ecdng v\u00e0 y\u00ean b\u00ecnh c\u1ee7a Lasenta H\u1ed9i An, ph\u00f2ng Golf 3D mang \u0111\u1ebfn tr\u1ea3i nghi\u1ec7m th\u1ec3 thao hi\u1ec7n \u0111\u1ea1i, k\u1ebft h\u1ee3p gi\u1eefa c\u00f4ng ngh\u1ec7 m\u00f4 ph\u1ecfng ti\u00ean ti\u1ebfn v\u00e0 kh\u00f4ng gian \u0111\u1eb3ng c\u1ea5p. V\u1edbi h\u1ec7 th\u1ed1ng gi\u1ea3 l\u1eadp golf 3D ch\u00e2n th\u1ef1c, qu\u00fd kh\u00e1ch c\u00f3 th\u1ec3 th\u1ecfa s\u1ee9c chinh ph\u1ee5c h\u00e0ng tr\u0103m s\u00e2n golf n\u1ed5i ti\u1ebfng th\u1ebf gi\u1edbi ngay t\u1ea1i kh\u00e1ch s\u1ea1n, b\u1ea5t k\u1ec3 th\u1eddi ti\u1ebft hay th\u1eddi gian.<\/p>\n<p data-start=\"576\" data-end=\"913\">Ph\u00f2ng Golf 3D m\u1edf c\u1eeda \u0111\u00f3n kh\u00e1ch h\u00e0ng ng\u00e0y t\u1eeb <strong data-start=\"620\" data-end=\"638\">9:00 \u0111\u1ebfn 19:00<\/strong>, l\u00fd t\u01b0\u1edfng cho nh\u1eefng bu\u1ed5i luy\u1ec7n t\u1eadp bu\u1ed5i s\u00e1ng nh\u1eb9 nh\u00e0ng hay nh\u1eefng tr\u1eadn \u0111\u1ea5u th\u01b0 gi\u00e3n sau m\u1ed9t ng\u00e0y kh\u00e1m ph\u00e1 H\u1ed9i An. D\u00f9 b\u1ea1n l\u00e0 ng\u01b0\u1eddi m\u1edbi b\u1eaft \u0111\u1ea7u hay m\u1ed9t golfer d\u00e0y d\u1eb7n kinh nghi\u1ec7m, \u0111\u00e2y ch\u00ednh l\u00e0 n\u01a1i l\u00fd t\u01b0\u1edfng \u0111\u1ec3 r\u00e8n luy\u1ec7n k\u1ef9 n\u0103ng, th\u01b0 gi\u00e3n v\u00e0 t\u1eadn h\u01b0\u1edfng k\u1ef3 ngh\u1ec9 m\u1ed9t c\u00e1ch kh\u00e1c bi\u1ec7t.<\/p>\n<p data-start=\"915\" data-end=\"996\">H\u00e3y \u0111\u1ebfn v\u00e0 tr\u1ea3i nghi\u1ec7m phong c\u00e1ch golf ho\u00e0n to\u00e0n m\u1edbi \u2013 ch\u1ec9 c\u00f3 t\u1ea1i Lasenta H\u1ed9i An.<\/p>\n","protected":false},"excerpt":{"rendered":"<p>Ph\u00f2ng Golf 3D t\u1ea1i Kh\u00e1ch s\u1ea1n Lasenta H\u1ed9i An \u2013 Tr\u1ea3i nghi\u1ec7m th\u1ec3 thao \u0111\u1ec9nh cao gi\u1eefa l\u00f2ng ph\u1ed1 c\u1ed5 T\u1ecda l\u1ea1c trong kh\u00f4ng gian sang tr\u1ecdng v\u00e0 y\u00ean b\u00ecnh c\u1ee7a Lasenta H\u1ed9i An, ph\u00f2ng Golf 3D mang \u0111\u1ebfn tr\u1ea3i nghi\u1ec7m th\u1ec3 thao hi\u1ec7n \u0111\u1ea1i, k\u1ebft h\u1ee3p gi\u1eefa c\u00f4ng ngh\u1ec7 m\u00f4 ph\u1ecfng ti\u00ean ti\u1ebfn v\u00e0 [&hellip;]<\/p>\n","protected":false},"author":206,"featured_media":1428,"parent":1435,"menu_order":0,"comment_status":"closed","ping_status":"closed","template":"template-services.php","meta":{"footnotes":""},"yoast_head":"<!-- This site is optimized with the Yoast SEO plugin v22.3 - https:\/\/yoast.com\/wordpress\/plugins\/seo\/ -->\n<title>Inhouse Golf Lasenta Hoi An - Lasenta Boutique Hotel Hoi An<\/title>\n<meta name=\"robots\" content=\"index, follow, max-snippet:-1, max-image-preview:large, max-video-preview:-1\" \/>\n<link rel=\"canonical\" href=\"https:\/\/lasentahotel.com\/vi\/services-faclities\/giaitri\/inhouse-golf-lasenta-hoi-an\/\" \/>\n<meta property=\"og:locale\" content=\"vi_VN\" \/>\n<meta property=\"og:type\" content=\"article\" \/>\n<meta property=\"og:title\" content=\"Inhouse Golf Lasenta Hoi An - Lasenta Boutique Hotel Hoi An\" \/>\n<meta property=\"og:description\" content=\"Ph\u00f2ng Golf 3D t\u1ea1i Kh\u00e1ch s\u1ea1n Lasenta H\u1ed9i An \u2013 Tr\u1ea3i nghi\u1ec7m th\u1ec3 thao \u0111\u1ec9nh cao gi\u1eefa l\u00f2ng ph\u1ed1 c\u1ed5 T\u1ecda l\u1ea1c trong kh\u00f4ng gian sang tr\u1ecdng v\u00e0 y\u00ean b\u00ecnh c\u1ee7a Lasenta H\u1ed9i An, ph\u00f2ng Golf 3D mang \u0111\u1ebfn tr\u1ea3i nghi\u1ec7m th\u1ec3 thao hi\u1ec7n \u0111\u1ea1i, k\u1ebft h\u1ee3p gi\u1eefa c\u00f4ng ngh\u1ec7 m\u00f4 ph\u1ecfng ti\u00ean ti\u1ebfn v\u00e0 [&hellip;]\" \/>\n<meta property=\"og:url\" content=\"https:\/\/lasentahotel.com\/vi\/services-faclities\/giaitri\/inhouse-golf-lasenta-hoi-an\/\" \/>\n<meta property=\"og:site_name\" content=\"Lasenta Boutique Hotel Hoi An\" \/>\n<meta property=\"article:modified_time\" content=\"2025-07-16T05:12:47+00:00\" \/>\n<meta property=\"og:image\" content=\"https:\/\/lasentahotel.com\/wp-content\/uploads\/sites\/82\/2025\/07\/DHP_1289-Edit-3.jpg\" \/>\n\t<meta property=\"og:image:width\" content=\"1800\" \/>\n\t<meta property=\"og:image:height\" content=\"1200\" \/>\n\t<meta property=\"og:image:type\" content=\"image\/jpeg\" \/>\n<meta name=\"twitter:card\" content=\"summary_large_image\" \/>\n<meta name=\"twitter:label1\" content=\"Est. reading time\" \/>\n\t<meta name=\"twitter:data1\" content=\"2 minutes\" \/>\n<script type=\"application\/ld+json\" class=\"yoast-schema-graph\">{\"@context\":\"https:\/\/schema.org\",\"@graph\":[{\"@type\":\"WebPage\",\"@id\":\"https:\/\/lasentahotel.com\/vi\/services-faclities\/giaitri\/inhouse-golf-lasenta-hoi-an\/\",\"url\":\"https:\/\/lasentahotel.com\/vi\/services-faclities\/giaitri\/inhouse-golf-lasenta-hoi-an\/\",\"name\":\"Inhouse Golf Lasenta Hoi An - Lasenta Boutique Hotel Hoi An\",\"isPartOf\":{\"@id\":\"https:\/\/lasentahotel.com\/vi\/#website\"},\"primaryImageOfPage\":{\"@id\":\"https:\/\/lasentahotel.com\/vi\/services-faclities\/giaitri\/inhouse-golf-lasenta-hoi-an\/#primaryimage\"},\"image\":{\"@id\":\"https:\/\/lasentahotel.com\/vi\/services-faclities\/giaitri\/inhouse-golf-lasenta-hoi-an\/#primaryimage\"},\"thumbnailUrl\":\"https:\/\/lasentahotel.com\/wp-content\/uploads\/sites\/82\/2025\/07\/DHP_1289-Edit-3.jpg\",\"datePublished\":\"2025-07-14T04:02:11+00:00\",\"dateModified\":\"2025-07-16T05:12:47+00:00\",\"breadcrumb\":{\"@id\":\"https:\/\/lasentahotel.com\/vi\/services-faclities\/giaitri\/inhouse-golf-lasenta-hoi-an\/#breadcrumb\"},\"inLanguage\":\"vi-VN\",\"potentialAction\":[{\"@type\":\"ReadAction\",\"target\":[\"https:\/\/lasentahotel.com\/vi\/services-faclities\/giaitri\/inhouse-golf-lasenta-hoi-an\/\"]}]},{\"@type\":\"ImageObject\",\"inLanguage\":\"vi-VN\",\"@id\":\"https:\/\/lasentahotel.com\/vi\/services-faclities\/giaitri\/inhouse-golf-lasenta-hoi-an\/#primaryimage\",\"url\":\"https:\/\/lasentahotel.com\/wp-content\/uploads\/sites\/82\/2025\/07\/DHP_1289-Edit-3.jpg\",\"contentUrl\":\"https:\/\/lasentahotel.com\/wp-content\/uploads\/sites\/82\/2025\/07\/DHP_1289-Edit-3.jpg\",\"width\":1800,\"height\":1200},{\"@type\":\"BreadcrumbList\",\"@id\":\"https:\/\/lasentahotel.com\/vi\/services-faclities\/giaitri\/inhouse-golf-lasenta-hoi-an\/#breadcrumb\",\"itemListElement\":[{\"@type\":\"ListItem\",\"position\":1,\"name\":\"Home\",\"item\":\"https:\/\/lasentahotel.com\/vi\/\"},{\"@type\":\"ListItem\",\"position\":2,\"name\":\"D\u1ecbch v\u1ee5 &#038; Ti\u1ec7n nghi\",\"item\":\"https:\/\/lasentahotel.com\/vi\/services-faclities\/\"},{\"@type\":\"ListItem\",\"position\":3,\"name\":\"Gi\u1ea3i Tr\u00ed\",\"item\":\"https:\/\/lasentahotel.com\/vi\/services-faclities\/giaitri\/\"},{\"@type\":\"ListItem\",\"position\":4,\"name\":\"Inhouse Golf Lasenta Hoi An\"}]},{\"@type\":\"WebSite\",\"@id\":\"https:\/\/lasentahotel.com\/vi\/#website\",\"url\":\"https:\/\/lasentahotel.com\/vi\/\",\"name\":\"Lasenta Boutique Hotel Hoi An\",\"description\":\"Just another D-EDGE CMS Asia Pacific site\",\"potentialAction\":[{\"@type\":\"SearchAction\",\"target\":{\"@type\":\"EntryPoint\",\"urlTemplate\":\"https:\/\/lasentahotel.com\/vi\/?s={search_term_string}\"},\"query-input\":\"required name=search_term_string\"}],\"inLanguage\":\"vi-VN\"}]}<\/script>\n<!-- \/ Yoast SEO plugin. -->","yoast_head_json":{"title":"Inhouse Golf Lasenta Hoi An - Lasenta Boutique Hotel Hoi An","robots":{"index":"index","follow":"follow","max-snippet":"max-snippet:-1","max-image-preview":"max-image-preview:large","max-video-preview":"max-video-preview:-1"},"canonical":"https:\/\/lasentahotel.com\/vi\/services-faclities\/giaitri\/inhouse-golf-lasenta-hoi-an\/","og_locale":"vi_VN","og_type":"article","og_title":"Inhouse Golf Lasenta Hoi An - Lasenta Boutique Hotel Hoi An","og_description":"Ph\u00f2ng Golf 3D t\u1ea1i Kh\u00e1ch s\u1ea1n Lasenta H\u1ed9i An \u2013 Tr\u1ea3i nghi\u1ec7m th\u1ec3 thao \u0111\u1ec9nh cao gi\u1eefa l\u00f2ng ph\u1ed1 c\u1ed5 T\u1ecda l\u1ea1c trong kh\u00f4ng gian sang tr\u1ecdng v\u00e0 y\u00ean b\u00ecnh c\u1ee7a Lasenta H\u1ed9i An, ph\u00f2ng Golf 3D mang \u0111\u1ebfn tr\u1ea3i nghi\u1ec7m th\u1ec3 thao hi\u1ec7n \u0111\u1ea1i, k\u1ebft h\u1ee3p gi\u1eefa c\u00f4ng ngh\u1ec7 m\u00f4 ph\u1ecfng ti\u00ean ti\u1ebfn v\u00e0 [&hellip;]","og_url":"https:\/\/lasentahotel.com\/vi\/services-faclities\/giaitri\/inhouse-golf-lasenta-hoi-an\/","og_site_name":"Lasenta Boutique Hotel Hoi An","article_modified_time":"2025-07-16T05:12:47+00:00","og_image":[{"width":1800,"height":1200,"url":"https:\/\/lasentahotel.com\/wp-content\/uploads\/sites\/82\/2025\/07\/DHP_1289-Edit-3.jpg","type":"image\/jpeg"}],"twitter_card":"summary_large_image","twitter_misc":{"Est. reading time":"2 minutes"},"schema":{"@context":"https:\/\/schema.org","@graph":[{"@type":"WebPage","@id":"https:\/\/lasentahotel.com\/vi\/services-faclities\/giaitri\/inhouse-golf-lasenta-hoi-an\/","url":"https:\/\/lasentahotel.com\/vi\/services-faclities\/giaitri\/inhouse-golf-lasenta-hoi-an\/","name":"Inhouse Golf Lasenta Hoi An - Lasenta Boutique Hotel Hoi An","isPartOf":{"@id":"https:\/\/lasentahotel.com\/vi\/#website"},"primaryImageOfPage":{"@id":"https:\/\/lasentahotel.com\/vi\/services-faclities\/giaitri\/inhouse-golf-lasenta-hoi-an\/#primaryimage"},"image":{"@id":"https:\/\/lasentahotel.com\/vi\/services-faclities\/giaitri\/inhouse-golf-lasenta-hoi-an\/#primaryimage"},"thumbnailUrl":"https:\/\/lasentahotel.com\/wp-content\/uploads\/sites\/82\/2025\/07\/DHP_1289-Edit-3.jpg","datePublished":"2025-07-14T04:02:11+00:00","dateModified":"2025-07-16T05:12:47+00:00","breadcrumb":{"@id":"https:\/\/lasentahotel.com\/vi\/services-faclities\/giaitri\/inhouse-golf-lasenta-hoi-an\/#breadcrumb"},"inLanguage":"vi-VN","potentialAction":[{"@type":"ReadAction","target":["https:\/\/lasentahotel.com\/vi\/services-faclities\/giaitri\/inhouse-golf-lasenta-hoi-an\/"]}]},{"@type":"ImageObject","inLanguage":"vi-VN","@id":"https:\/\/lasentahotel.com\/vi\/services-faclities\/giaitri\/inhouse-golf-lasenta-hoi-an\/#primaryimage","url":"https:\/\/lasentahotel.com\/wp-content\/uploads\/sites\/82\/2025\/07\/DHP_1289-Edit-3.jpg","contentUrl":"https:\/\/lasentahotel.com\/wp-content\/uploads\/sites\/82\/2025\/07\/DHP_1289-Edit-3.jpg","width":1800,"height":1200},{"@type":"BreadcrumbList","@id":"https:\/\/lasentahotel.com\/vi\/services-faclities\/giaitri\/inhouse-golf-lasenta-hoi-an\/#breadcrumb","itemListElement":[{"@type":"ListItem","position":1,"name":"Home","item":"https:\/\/lasentahotel.com\/vi\/"},{"@type":"ListItem","position":2,"name":"D\u1ecbch v\u1ee5 &#038; Ti\u1ec7n nghi","item":"https:\/\/lasentahotel.com\/vi\/services-faclities\/"},{"@type":"ListItem","position":3,"name":"Gi\u1ea3i Tr\u00ed","item":"https:\/\/lasentahotel.com\/vi\/services-faclities\/giaitri\/"},{"@type":"ListItem","position":4,"name":"Inhouse Golf Lasenta Hoi An"}]},{"@type":"WebSite","@id":"https:\/\/lasentahotel.com\/vi\/#website","url":"https:\/\/lasentahotel.com\/vi\/","name":"Lasenta Boutique Hotel Hoi An","description":"Just another D-EDGE CMS Asia Pacific site","potentialAction":[{"@type":"SearchAction","target":{"@type":"EntryPoint","urlTemplate":"https:\/\/lasentahotel.com\/vi\/?s={search_term_string}"},"query-input":"required name=search_term_string"}],"inLanguage":"vi-VN"}]}},"_links":{"self":[{"href":"https:\/\/lasentahotel.com\/vi\/wp-json\/wp\/v2\/pages\/1438"}],"collection":[{"href":"https:\/\/lasentahotel.com\/vi\/wp-json\/wp\/v2\/pages"}],"about":[{"href":"https:\/\/lasentahotel.com\/vi\/wp-json\/wp\/v2\/types\/page"}],"author":[{"embeddable":true,"href":"https:\/\/lasentahotel.com\/vi\/wp-json\/wp\/v2\/users\/206"}],"replies":[{"embeddable":true,"href":"https:\/\/lasentahotel.com\/vi\/wp-json\/wp\/v2\/comments?post=1438"}],"version-history":[{"count":0,"href":"https:\/\/lasentahotel.com\/vi\/wp-json\/wp\/v2\/pages\/1438\/revisions"}],"up":[{"embeddable":true,"href":"https:\/\/lasentahotel.com\/vi\/wp-json\/wp\/v2\/pages\/1435"}],"wp:featuredmedia":[{"embeddable":true,"href":"https:\/\/lasentahotel.com\/vi\/wp-json\/wp\/v2\/media\/1428"}],"wp:attachment":[{"href":"https:\/\/lasentahotel.com\/vi\/wp-json\/wp\/v2\/media?parent=1438"}],"curies":[{"name":"wp","href":"https:\/\/api.w.org\/{rel}","templated":true}]}}